{"id":7719,"date":"2025-05-07T11:14:00","date_gmt":"2025-05-07T09:14:00","guid":{"rendered":"https:\/\/seico.fr\/anwendungen-die-maerkte-von-cofidur-seico\/"},"modified":"2025-09-10T12:09:31","modified_gmt":"2025-09-10T10:09:31","slug":"anwendungen-die-maerkte-von-cofidur-seico","status":"publish","type":"page","link":"https:\/\/seico.fr\/de\/anwendungen-die-maerkte-von-cofidur-seico\/","title":{"rendered":"Anwendungen \u2013 Die M\u00e4rkte von Cofidur SEICO"},"content":{"rendered":"<section class=\"banner_page \"><div class=\"inner\"><div class=\"banner_page_container banner_width \"><h1 class=\"title-deco \">Anwendungen \u2013 Die M\u00e4rkte von Cofidur SEICO<\/h1><p class=\"\"><b>Cofidur SEICO ist in der Lage, zahlreiche spezifische Anforderungen zu erf\u00fcllen.<br \/>\r\n<br \/>\r\nOb im Bereich Industrieelektronik, Energie, Sicherheit, Transport oder Medizintechnik \u2013 Cofidur SEICO begegnet diesen Anforderungen mit qualitativ hochwertigen Produkten, die den jeweiligen Anspr\u00fcchen gerecht werden.<br \/>\r\n<\/b><\/p><\/div><\/div><\/section>\n\n<div class=\"inner\">\n    <\/div>\n<section id=\"\" class=\"txtImg_container  no-circle reverse_bloc ModelB  no-bg blau\">\n\n    <div class=\"txtImg_content_text\">\n        <h2 class=\"title-deco h1\" style=\"color:#3D559A\">Industrieelektronik<br> <\/h2><div class=\"text-container\"><p>Dies ist der erste gro\u00dfe Bereich, in dem Cofidur SEICO seine Kompetenzen einsetzt. Er macht 47 % seiner T\u00e4tigkeiten aus.<\/p>\n<p>Die Anwendungsbereiche sind extrem vielf\u00e4ltig: <strong>Kontroll-, Wiege- oder Pumpsysteme, Regulierung und Automatisierung, Terminals und vernetzte Ger\u00e4te, interaktive Terminals, Leuchttafeln, Audioger\u00e4te, Drucker&#8230;<\/strong> Alle diese Systeme erfordern eine fundierte und bew\u00e4hrte Fachkompetenz.<\/p>\n<\/div>    <\/div>\n    <div class=\"txtImg_content_image bg-blau\">\n        <img decoding=\"async\" src=\"https:\/\/seico.fr\/wp-content\/uploads\/2025\/05\/seico-electronique-e1747731543203.jpg\" alt=\"seico electronique\" title=\"seico electronique\">    <\/div>\n<\/section>\n\n\n<div class=\"inner\">\n    <\/div>\n<section id=\"\" class=\"txtImg_container  no-circle  ModelB  no-bg cyan\">\n\n    <div class=\"txtImg_content_text\">\n        <h2 class=\"title-deco h1\" style=\"color:\">Energie- und Umweltsektor<\/h2><div class=\"text-container\"><p>Dieser Bereich macht 26\u202f% des Auftragsvolumens von Cofidur SEICO aus.<\/p>\n<p>Von der Energieumwandlung \u00fcber Batterieladeger\u00e4te, Heizkessel und W\u00e4rmepumpen bis hin zur \u00d6lforschung \u2014 die Vielzahl der Anwendungen erfordert auch hier eine hervorragende Anpassungsf\u00e4higkeit.<\/p>\n<\/div>    <\/div>\n    <div class=\"txtImg_content_image bg-cyan\">\n        <img decoding=\"async\" src=\"https:\/\/seico.fr\/wp-content\/uploads\/2025\/05\/seico-energie.jpg\" alt=\"seico energie\" title=\"seico energie\">    <\/div>\n<\/section>\n\n\n<div class=\"inner\">\n    <\/div>\n<section id=\"\" class=\"txtImg_container  no-circle reverse_bloc ModelB  no-bg gr\u00fcn\">\n\n    <div class=\"txtImg_content_text\">\n        <h2 class=\"title-deco h1\" style=\"color:\">Verteidigung und Sicherheit<\/h2><div class=\"text-container\"><p>machen 13\u202f% der Gesch\u00e4ftst\u00e4tigkeit des Unternehmens aus.<\/p>\n<p>Die Auftr\u00e4ge betreffen<strong> Zugangskontrollsysteme,<\/strong> Zeiterfassungseinrichtungen oder Brandmeldetechnik, ebenso wie Gegensprechanlagen, <strong>Diebstahlschutz- und Verteidigungssysteme<\/strong>. Dreh- und Angelpunkt all dieser \u00dcberwachungs- und Schutzvorrichtungen ist eine herausragende Zuverl\u00e4ssigkeit.<\/p>\n\n<\/div>    <\/div>\n    <div class=\"txtImg_content_image bg-gr\u00fcn\">\n        <img decoding=\"async\" src=\"https:\/\/seico.fr\/wp-content\/uploads\/2025\/05\/seico-securite.jpg\" alt=\"seico securite\" title=\"seico securite\">    <\/div>\n<\/section>\n\n\n<section\n    class=\"block block-cta  pt-50 align  \"\n    id=\"\"\n    style=\"background-image:url(https:\/\/seico.fr\/wp-content\/uploads\/2025\/05\/cofidur-bg-cta.jpg)\">\n    <div class=\"container pt-50 pb-10\">\n        <div class=\"row\">\n            <div class=\"col-12 d-flex x-y-center flex-column\">\n                                <h2 class=\"not-lined   em text-center\">Schneiden, Abisolieren, Crimpen und Markieren von Leitungen und Kabeln in Litzen- oder Flachbandausf\u00fchrung<\/h2>\n                                <p class=\"ptb-30 text-center h2 light uppercase\">Die Spezialisten von Cofidur SEICO stehen zu Ihrer Verf\u00fcgung!\r\n<\/p>\n                                <a href=\"https:\/\/seico.fr\/de\/kontakt\/\"\n                    class=\"bouton primary vert\">Ich ben\u00f6tige eine Projektstudie<\/a>\n            <\/div>\n        <\/div>\n    <\/div>\n\n<\/section>\n\n\n<div class=\"inner\">\n    <\/div>\n<section id=\"\" class=\"txtImg_container  no-circle  ModelB  no-bg gelb\">\n\n    <div class=\"txtImg_content_text\">\n        <h2 class=\"title-deco h1\" style=\"color:#FFB237\">Medizin<\/h2><div class=\"text-container\"><p><strong>Ultraschall- und Infrarot-Thermographiesysteme, Ger\u00e4te f\u00fcr bakteriologische und biotechnologische Analysen, spezielle Ausstattungen f\u00fcr Pflegebetten&#8230;<\/strong> 7% der Auftr\u00e4ge kommen aus dem medizinischen Bereich.<\/p>\n<p>Cofidur SEICO erf\u00fcllt diese Anforderungen mit qualitativ hochwertigen Produkten, die mit modernster Technologie ausgestattet sind und den gestellten Anforderungen gerecht werden.<\/p>\n<\/div>    <\/div>\n    <div class=\"txtImg_content_image bg-gelb\">\n        <img decoding=\"async\" src=\"https:\/\/seico.fr\/wp-content\/uploads\/2025\/05\/seico-medical.jpg\" alt=\"seico medical\" title=\"seico medical\">    <\/div>\n<\/section>\n\n\n<div class=\"inner\">\n    <\/div>\n<section id=\"\" class=\"txtImg_container  no-circle reverse_bloc ModelB  no-bg darkgrey\">\n\n    <div class=\"txtImg_content_text\">\n        <h2 class=\"title-deco h1\" style=\"color:#0F1C39\">Transport und Spezialfahrzeuge<\/h2><div class=\"text-container\"><p>(7\u202f% des Umsatzes) macht das f\u00fcnfte Segment im Kundenportfolio von Cofidur SEICO aus.<\/p>\n<p>Ob es sich um <strong>Material<\/strong> handelt, das <strong>f\u00fcr den Schienenverkehr<\/strong> oder den <strong>Motorsport<\/strong><strong>geeignet<\/strong> ist, oder um<strong>Nachr\u00fcstger\u00e4te f\u00fcr die Navigation<\/strong>, alle diese Anwendungen unterliegen einer klaren Ergebnispflicht im Hinblick auf die vom Kunden definierten Anforderungen.<\/p>\n<\/div>    <\/div>\n    <div class=\"txtImg_content_image bg-darkgrey\">\n        <img decoding=\"async\" src=\"https:\/\/seico.fr\/wp-content\/uploads\/2025\/05\/seico-transport.jpg\" alt=\"seico transport\" title=\"seico transport\">    <\/div>\n<\/section>\n\n\n<section class=\"banner_page section\"><div class=\"inner\"><div class=\"banner_page_container  \"><h2 class=\"title-deco \">Ein partnerschaftlicher Ansatz <br>mit Beratungsleistungen<\/h2><p class=\"\"><b>Um den unterschiedlichsten Anforderungen gen\u00fcgen zu k\u00f6nnen, hat Cofidur SEICO sein Innovationspotenzial konsequent weiterentwickelt.<\/b><br \/>\r\n<br \/>\r\nDank der gesammelten Erfahrung ist das Unternehmen zu einem echten Berater und Impulsgeber geworden. Im Sinne einer partnerschaftlichen Zusammenarbeit setzt Cofidur SEICO alles daran, die Produkte seiner Kunden weiterzuentwickeln und dabei deren Kosten-Nutzen-Verh\u00e4ltnis zu optimieren.<\/p><\/div><\/div><\/section>\n\n\n<script src=\"https:\/\/cdn.jsdelivr.net\/npm\/chart.js\"><\/script>\n<script src=\"https:\/\/cdn.jsdelivr.net\/npm\/chartjs-plugin-datalabels\"><\/script>\n<section class=\"block block-chart container-fluid chart_left\">\n    <div class=\"inner row\">\n                <div class=\"col-lg-6 col-md-12\">\n                                                <div style=\"position: relative; height:50vh; width:100%\">\n                <!-- Ajustez les dimensions ici -->\n                <canvas id=\"chart-block_be4c17d820db49f9221b7dc6beefcee0\"><\/canvas>\n            <\/div>\n            \n        <\/div>\n        <div class=\"col-lg-6 col-md-12 d-flex y-center\">\n                <!-- Section pour la l\u00e9gende personnalis\u00e9e -->\n                <div id=\"custom-legend-chart-block_be4c17d820db49f9221b7dc6beefcee0\" class=\"custom-legend\">\n                                            <div style=\"display: flex; align-items: center; margin-bottom: 8px;\">\n                            <span style=\"display: inline-block; width: 12px; height: 12px; border-radius: 50%; background-color: #3d559a; margin-right: 8px;\"><\/span>\n                            <span style=\"flex-grow: 1;\">Industrieelektronik<\/span>\n                            <span class=\"ml-3\">47%<\/span>\n                        <\/div>\n                                            <div style=\"display: flex; align-items: center; margin-bottom: 8px;\">\n                            <span style=\"display: inline-block; width: 12px; height: 12px; border-radius: 50%; background-color: #46c1db; margin-right: 8px;\"><\/span>\n                            <span style=\"flex-grow: 1;\">Energie<\/span>\n                            <span class=\"ml-3\">26%<\/span>\n                        <\/div>\n                                            <div style=\"display: flex; align-items: center; margin-bottom: 8px;\">\n                            <span style=\"display: inline-block; width: 12px; height: 12px; border-radius: 50%; background-color: #bac800; margin-right: 8px;\"><\/span>\n                            <span style=\"flex-grow: 1;\">Verteidigung, Sicherheit<\/span>\n                            <span class=\"ml-3\">16%<\/span>\n                        <\/div>\n                                            <div style=\"display: flex; align-items: center; margin-bottom: 8px;\">\n                            <span style=\"display: inline-block; width: 12px; height: 12px; border-radius: 50%; background-color: #f8b814; margin-right: 8px;\"><\/span>\n                            <span style=\"flex-grow: 1;\">Medizin<\/span>\n                            <span class=\"ml-3\">7%<\/span>\n                        <\/div>\n                                            <div style=\"display: flex; align-items: center; margin-bottom: 8px;\">\n                            <span style=\"display: inline-block; width: 12px; height: 12px; border-radius: 50%; background-color: #707070; margin-right: 8px;\"><\/span>\n                            <span style=\"flex-grow: 1;\">Transport<\/span>\n                            <span class=\"ml-3\">7%<\/span>\n                        <\/div>\n                                    <\/div>\n            <\/div>\n\n        <script>\n        document.addEventListener('DOMContentLoaded', function() {\n            const canvas = document.getElementById('chart-block_be4c17d820db49f9221b7dc6beefcee0');\n            const ctx = canvas.getContext('2d');\n\n            const data = {\n                labels: [\"Industrieelektronik\",\"Energie\",\"Verteidigung, Sicherheit\",\"Medizin\",\"Transport\"],\n                datasets: [{\n                    data: [47,26,16,7,7], \/\/ Les pourcentages\n                    backgroundColor: [\"#3d559a\",\"#46c1db\",\"#bac800\",\"#f8b814\",\"#707070\"],\n                    hoverOffset: 4,\n                    borderWidth: 0 \/\/ Supprimer les bordures entre chaque partie du donut\n                }]\n            };\n\n            function getLegendPosition() {\n                if (window.innerWidth < 768) {\n                    return 'bottom';\n                } else {\n                    return 'right';\n                }\n            }\n            function getFontSize() {\n                if (window.innerWidth < 768) {\n                    return '11';\n                } else {\n                    return '14';\n                }\n            }\n            function getLegendAlign() {\n                if (window.innerWidth < 768) {\n                    return 'start';\n                } else {\n                    return 'center';\n                }\n            }\n            function getBoxWidth() {\n                if (window.innerWidth < 768) {\n                    return 20;\n                } else {\n                    return 40;\n                }\n            }\n\n            const options = {\n                responsive: true,\n                cutout: '70%', \/\/ Ajustez cette valeur pour rendre les segments moins larges\n                maintainAspectRatio: false, \/\/ Permet de contr\u00f4ler les dimensions du canvas\n                plugins: {\n                    legend: {\n                        display: false,\n                        position: getLegendPosition(), \/\/ Position de la l\u00e9gende\n                        align: getLegendAlign(),\n                        labels: {\n                            font: {\n                                family: 'WorkSans', \/\/ Changez la famille de polices ici\n                                size: getFontSize(), \/\/ Changez la taille de la police ici\n                            },\n                            boxWidth: getBoxWidth(),\n                            generateLabels: function(chart) {\n                                const data = chart.data;\n                                if (data.labels.length) {\n                                    if (data.datasets.length) {\n                                        return data.labels.map((label, i) => {\n                                            const ds = data.datasets[0];\n                                            const value = ds.data[i];\n                                            \/\/const percentage = (value * 100 \/ ds.data.reduce((a, b) => a + b, 0)).toFixed(2) + '%';\n                                            const percentage = ((value * 100 \/ ds.data.reduce((a, b) => a + b, 0)).toFixed(2)) + '%'; \/\/ Ne pas arrondir les pourcentages\n                                            \/\/const percentage = Math.round(value * 100 \/ ds.data.reduce((a, b) => a + b, 0)) + '%'; \/\/ Arrondir les pourcentages\n\n                                            return {\n                                                text: label + ': ' + percentage,\n                                                fillStyle: ds.backgroundColor[i],\n                                                strokeStyle: ds.backgroundColor[i], \/\/ Utiliser la m\u00eame couleur pour la bordure\n                                                lineWidth: 0, \/\/ Supprimer la bordure\n                                                hidden: isNaN(ds.data[i]),\n                                                index: i\n                                            };\n                                        });\n                                    }\n                                }\n                                return [];\n                            },\n                            padding: 10,\n                            textAlign: 'left'\n                        }\n                    },\n                    tooltip: {\n                        enabled: false \/\/ D\u00e9sactiver les tooltips\n                        \/\/ callbacks: {\n                        \/\/     label: function(tooltipItem) {\n                        \/\/         return `${tooltipItem.label}: ${tooltipItem.raw}%`;\n                        \/\/     }\n                        \/\/ }\n                    }\n                },\n                hover: {\n                    mode: null \/\/ D\u00e9sactiver le hover\n                },\n                onClick: null,\n                events: [] \n            };\n\n            const observer = new IntersectionObserver((entries) => {\n                entries.forEach(entry => {\n                    if (entry.isIntersecting) {\n                        new Chart(ctx, {\n                            type: 'doughnut', \/\/ Type de graphique dynamique\n                            data: data,\n                            options: options\n                        });\n                        observer.unobserve(canvas); \/\/ Arr\u00eater d'observer une fois le graphique initialis\u00e9\n                    }\n                });\n            },{ rootMargin: '0px 0px -50% 0px' });\n\n            observer.observe(canvas);\n        });\n        <\/script>\n            <\/div>\n<\/section>\n\n\n<div style=\"height:100px\" aria-hidden=\"true\" class=\"wp-block-spacer\"><\/div>\n","protected":false},"excerpt":{"rendered":"","protected":false},"author":2,"featured_media":0,"parent":0,"menu_order":0,"comment_status":"closed","ping_status":"closed","template":"","meta":{"_acf_changed":false,"footnotes":""},"class_list":["post-7719","page","type-page","status-publish","hentry"],"acf":[],"_links":{"self":[{"href":"https:\/\/seico.fr\/de\/wp-json\/wp\/v2\/pages\/7719","targetHints":{"allow":["GET"]}}],"collection":[{"href":"https:\/\/seico.fr\/de\/wp-json\/wp\/v2\/pages"}],"about":[{"href":"https:\/\/seico.fr\/de\/wp-json\/wp\/v2\/types\/page"}],"author":[{"embeddable":true,"href":"https:\/\/seico.fr\/de\/wp-json\/wp\/v2\/users\/2"}],"replies":[{"embeddable":true,"href":"https:\/\/seico.fr\/de\/wp-json\/wp\/v2\/comments?post=7719"}],"version-history":[{"count":6,"href":"https:\/\/seico.fr\/de\/wp-json\/wp\/v2\/pages\/7719\/revisions"}],"predecessor-version":[{"id":8158,"href":"https:\/\/seico.fr\/de\/wp-json\/wp\/v2\/pages\/7719\/revisions\/8158"}],"wp:attachment":[{"href":"https:\/\/seico.fr\/de\/wp-json\/wp\/v2\/media?parent=7719"}],"curies":[{"name":"wp","href":"https:\/\/api.w.org\/{rel}","templated":true}]}}