{"id":7730,"date":"2025-05-07T12:09:03","date_gmt":"2025-05-07T10:09:03","guid":{"rendered":"https:\/\/seico.fr\/kabel-und-verkabelungen-die-loesungen-von-cofidur-seico\/"},"modified":"2025-09-10T12:12:39","modified_gmt":"2025-09-10T10:12:39","slug":"kabel-und-verkabelungen-die-loesungen-von-cofidur-seico","status":"publish","type":"page","link":"https:\/\/seico.fr\/de\/die-loesungen-von-cofidur-seico\/kabel-und-verkabelungen-die-loesungen-von-cofidur-seico\/","title":{"rendered":"Kabel und Verkabelungen: die L\u00f6sungen von Cofidur SEICO"},"content":{"rendered":"<section class=\"banner_page \"><div class=\"inner\"><div class=\"banner_page_container banner_width \"><h1 class=\"title-deco title-default\">Kabel und Verkabelungen&nbsp;: <br \/>\r\ndie L\u00f6sungen von Cofidur SEICO<\/h1><\/div><\/div><\/section>\n\n<div class=\"inner\">\n    <\/div>\n<section id=\"\" class=\"txtImg_container  no-circle  ModelB  gelb\">\n\n    <div class=\"txtImg_content_text\">\n        <h2 class=\"title-deco h1\" style=\"color:#3D559A\">Ein konsequenter,<br>durch Effizienzpr\u00fcfungen<br>abgesicherter Ansatz<br>.<\/h2><div class=\"text-container\"><p>Bis zu 2.500 Komponenten pro Produkt \u2013 da versteht es sich von selbst, dass die Verbindung der Leiter in elektrischen oder elektronischen Systemen eine Aufgabe f\u00fcr Spezialisten ist, die methodisches Vorgehen und h\u00f6chste Pr\u00e4zision erfordert. Mit gr\u00f6\u00dfter Sorgfalt f\u00fchrt Cofidur SEICO die automatische Vorbereitung der Abl\u00e4ufe zum Schneiden, Abisolieren, Crimpen und Kennzeichnen von Leitungen und Kabeln in Litzen oder Flachbandkabeln durch. Diese Schritte gehen der Fertigung von Geh\u00e4usen, Schaltschr\u00e4nken und spezifischen Verkabelungen voraus, bei denen auch Techniken wie Nachverdrahtung, Wickelverbindungen, Tropenlackierung und Verguss zur Anwendung kommen.<\/p>\n<p>Gem\u00e4\u00df den kundenspezifischen Spezifikationen und zur Kontrolle der einwandfreien Funktion der produzierten Einheiten werden Durchgangspr\u00fcfungen und Isolationstests durchgef\u00fchrt.<\/p>\n<\/div>    <\/div>\n    <div class=\"txtImg_content_image bg-gelb\">\n        <img decoding=\"async\" src=\"https:\/\/seico.fr\/wp-content\/uploads\/2025\/06\/1903-SEICO-01_1.jpg\" alt=\"1903 SEICO 01 (1)\" title=\"1903 SEICO 01 (1)\">    <\/div>\n<\/section>\n\n\n<section\n    class=\"block block-cta  pt-50 align  \"\n    id=\"\"\n    style=\"background-image:url(https:\/\/seico.fr\/wp-content\/uploads\/2025\/05\/cofidur-bg-cta.jpg)\">\n    <div class=\"container pt-50 pb-10\">\n        <div class=\"row\">\n            <div class=\"col-12 d-flex x-y-center flex-column\">\n                                <h2 class=\"not-lined   em text-center\">Schneiden, Abisolieren, Crimpen und Markieren von Leitungen und Kabeln in Litzen- oder Flachbandausf\u00fchrung<\/h2>\n                                <p class=\"ptb-30 text-center h2 light uppercase\">Die Spezialisten von Cofidur SEICO stehen zu Ihrer Verf\u00fcgung!<\/p>\n                                <a href=\"https:\/\/seico.fr\/de\/kontakt\/\"\n                    class=\"bouton primary vert\">Ich ben\u00f6tige eine Projektstudie<\/a>\n            <\/div>\n        <\/div>\n    <\/div>\n\n<\/section>\n\n\n<section class=\"banner_page section\"><div class=\"inner\"><div class=\"banner_page_container  \"><h2 class=\"title-deco \">Verf\u00fcgbare Ressourcen<\/h2><p class=\"\">Neben den spezifischen Werkzeugen und Vorrichtungen (manuelles Wrapping, Crimpzangen usw.) stehen den Werkst\u00e4tten und spezialisierten Fertigungszellen folgende Mittel zur Verf\u00fcgung:<br \/>\r\n<br \/>\r\n&#8211; 6 automatische Vorbereitungsmaschinen (Schneiden, Abisolieren, Crimpen und Markieren)<br \/>\r\n&#8211; 2 Pr\u00fcfger\u00e4te f\u00fcr Durchgangs- und Isolationspr\u00fcfung: SYNOR 4200 und 5000.<\/p><\/div><\/div><\/section>\n\n\n<section class=\"block block-galerie \">\n    <div class=\"container-fluid inner\">\n        <div class=\"row\">\n            <div class=\"col-12\">\n                <span class=\"light uppercase legend text-center\">\n                                    <\/span>\n            <\/div>\n        <\/div>\n    <\/div>\n            <div class=\"galerie-grid grid-col-4\">\n                                <div class=\"galerie-item\">\n                        <a href=\"https:\/\/seico.fr\/wp-content\/uploads\/2025\/05\/seico-cablage-1.jpg\" data-lightbox=\"galerie\" data-title=\"seico cablage 1\">\n                            <img decoding=\"async\" src=\"https:\/\/seico.fr\/wp-content\/uploads\/2025\/05\/seico-cablage-1.jpg\" alt=\"seico cablage 1\" class=\"img-fluid\" \/>\n                        <\/a>\n                    <\/div>\n                                                <div class=\"galerie-item\">\n                        <a href=\"https:\/\/seico.fr\/wp-content\/uploads\/2025\/05\/seico-cablage-2.jpg\" data-lightbox=\"galerie\" data-title=\"seico cablage 2\">\n                            <img decoding=\"async\" src=\"https:\/\/seico.fr\/wp-content\/uploads\/2025\/05\/seico-cablage-2.jpg\" alt=\"seico cablage 2\" class=\"img-fluid\" \/>\n                        <\/a>\n                    <\/div>\n                                                <div class=\"galerie-item\">\n                        <a href=\"https:\/\/seico.fr\/wp-content\/uploads\/2025\/05\/seico-cablage-3.jpg\" data-lightbox=\"galerie\" data-title=\"seico cablage 3\">\n                            <img decoding=\"async\" src=\"https:\/\/seico.fr\/wp-content\/uploads\/2025\/05\/seico-cablage-3.jpg\" alt=\"seico cablage 3\" class=\"img-fluid\" \/>\n                        <\/a>\n                    <\/div>\n                                                <div class=\"galerie-item\">\n                        <a href=\"https:\/\/seico.fr\/wp-content\/uploads\/2025\/05\/seico-cablage-4.jpg\" data-lightbox=\"galerie\" data-title=\"seico cablage 4\">\n                            <img decoding=\"async\" src=\"https:\/\/seico.fr\/wp-content\/uploads\/2025\/05\/seico-cablage-4.jpg\" alt=\"seico cablage 4\" class=\"img-fluid\" \/>\n                        <\/a>\n                    <\/div>\n                                    <\/div>\n    <\/section>\n\n<style>\n    .legend {\n        font-size: 25px;\n        line-height: 25px;\n        padding-top: 30px;\n        padding-bottom: 30px;\n        display: block;\n    }\n\n    .block-galerie .inner {\n        padding: 2rem 0;\n    }\n\n    \/* Classes de grille bas\u00e9es sur le nombre d'images *\/\n    .block-galerie .galerie-grid {\n        display: grid;\n        gap: 15px;\n    }\n    \n    .block-galerie .grid-col-1 {\n        grid-template-columns: 1fr;\n    }\n    \n    .block-galerie .grid-col-2 {\n        grid-template-columns: repeat(2, 1fr);\n    }\n    \n    .block-galerie .grid-col-3 {\n        grid-template-columns: repeat(3, 1fr);\n    }\n    \n    .block-galerie .grid-col-4 {\n        grid-template-columns: repeat(4, 1fr);\n    }\n\n    .block-galerie .galerie-item {\n        overflow: hidden;\n        position: relative;\n        height: 0;\n        padding-bottom: 75%; \/* Ratio 4:3 pour les images *\/\n        background-color: #f0f0f0;\n        transform: scale(1.05);\n        border-left: 10px solid white;\n    }\n\n    .block-galerie .galerie-item:hover {\n        transform: scale(1.05);\n        transition: transform 0.3s ease;\n    }\n\n    .block-galerie .galerie-item a {\n        position: absolute;\n        width: 100%;\n        height: 100%;\n        display: block;\n    }\n\n    .block-galerie .galerie-item img {\n        width: 100%;\n        height: 100%;\n        object-fit: cover;\n        transition: transform 0.3s ease;\n    }\n\n    .block-galerie .galerie-item:hover img {\n        transform: scale(1.05);\n    }\n\n    \/* Personnalisation du lightbox *\/\n    .lb-data .lb-caption {\n        font-weight: bold;\n        font-size: 16px;\n    }\n\n    @media (max-width: 768px) {\n        .block-galerie .grid-col-4 {\n            grid-template-columns: repeat(2, 1fr);\n        }\n    }\n\n    @media (max-width: 580px){\n        .block-galerie .grid-col-3 {\n            grid-template-columns: repeat(1, 1fr);\n        }\n\n    }\n\n    @media (max-width: 480px) {\n        .block-galerie .grid-col-2,\n        .block-galerie .grid-col-3,\n        .block-galerie .grid-col-4 {\n            grid-template-columns: 1fr;\n        }\n    }\n<\/style>","protected":false},"excerpt":{"rendered":"","protected":false},"author":2,"featured_media":0,"parent":7748,"menu_order":0,"comment_status":"closed","ping_status":"closed","template":"","meta":{"_acf_changed":false,"footnotes":""},"class_list":["post-7730","page","type-page","status-publish","hentry"],"acf":[],"_links":{"self":[{"href":"https:\/\/seico.fr\/de\/wp-json\/wp\/v2\/pages\/7730","targetHints":{"allow":["GET"]}}],"collection":[{"href":"https:\/\/seico.fr\/de\/wp-json\/wp\/v2\/pages"}],"about":[{"href":"https:\/\/seico.fr\/de\/wp-json\/wp\/v2\/types\/page"}],"author":[{"embeddable":true,"href":"https:\/\/seico.fr\/de\/wp-json\/wp\/v2\/users\/2"}],"replies":[{"embeddable":true,"href":"https:\/\/seico.fr\/de\/wp-json\/wp\/v2\/comments?post=7730"}],"version-history":[{"count":6,"href":"https:\/\/seico.fr\/de\/wp-json\/wp\/v2\/pages\/7730\/revisions"}],"predecessor-version":[{"id":8161,"href":"https:\/\/seico.fr\/de\/wp-json\/wp\/v2\/pages\/7730\/revisions\/8161"}],"up":[{"embeddable":true,"href":"https:\/\/seico.fr\/de\/wp-json\/wp\/v2\/pages\/7748"}],"wp:attachment":[{"href":"https:\/\/seico.fr\/de\/wp-json\/wp\/v2\/media?parent=7730"}],"curies":[{"name":"wp","href":"https:\/\/api.w.org\/{rel}","templated":true}]}}