{"id":7735,"date":"2025-05-07T12:31:12","date_gmt":"2025-05-07T10:31:12","guid":{"rendered":"https:\/\/seico.fr\/praezisionsmontage-die-loesungen-von-cofidur-seico\/"},"modified":"2025-09-10T12:13:27","modified_gmt":"2025-09-10T10:13:27","slug":"praezisionsmontage-die-loesungen-von-cofidur-seico","status":"publish","type":"page","link":"https:\/\/seico.fr\/de\/die-loesungen-von-cofidur-seico\/praezisionsmontage-die-loesungen-von-cofidur-seico\/","title":{"rendered":"Pr\u00e4zisionsmontage: die L\u00f6sungen von Cofidur SEICO"},"content":{"rendered":"<section class=\"banner_page \"><div class=\"inner\"><div class=\"banner_page_container banner_width \"><h1 class=\"title-deco title-default\">Pr\u00e4zisionsmontage: <br \/>\r\ndie L\u00f6sungen von Cofidur SEICO<\/h1><\/div><\/div><\/section>\n\n<div class=\"inner\">\n    <\/div>\n<section id=\"\" class=\"txtImg_container  no-circle  ModelB  gr\u00fcn\">\n\n    <div class=\"txtImg_content_text\">\n        <h2 class=\"title-deco h1\" style=\"color:#3D559A\">Systematische<br> Analyse von <br>Widerstandsf\u00e4higkeit und Zuverl\u00e4ssigkeit<\/h2><div class=\"text-container\"><p>F\u00fcr eine pr\u00e4zise mechanische Integration m\u00fcssen verschiedene auf die jeweiligen Anforderungen abgestimmte Kompetenzen zusammenwirken: die Montage-, Einstell- und Justierwerkst\u00e4tten, die Integration der Leiterplatten und die Temperatur- und Funktionstests erg\u00e4nzen sich gegenseitig.<\/p>\n<p>Je nach Anfrage werden spezielle Verpackungsl\u00f6sungen angeboten.<\/p>\n<p>Z\u00f6gern Sie nicht, uns zu kontaktieren!<\/p>\n<\/div>    <\/div>\n    <div class=\"txtImg_content_image bg-gr\u00fcn\">\n        <img decoding=\"async\" src=\"https:\/\/seico.fr\/wp-content\/uploads\/2025\/06\/1903-SEICO-14.jpg\" alt=\"1903 SEICO 14\" title=\"1903 SEICO 14\">    <\/div>\n<\/section>\n\n\n<section\n    class=\"block block-cta  pt-50 align  \"\n    id=\"\"\n    style=\"background-image:url(https:\/\/seico.fr\/wp-content\/uploads\/2025\/05\/cofidur-bg-cta.jpg)\">\n    <div class=\"container pt-50 pb-10\">\n        <div class=\"row\">\n            <div class=\"col-12 d-flex x-y-center flex-column\">\n                                <h2 class=\"not-lined   em text-center\">Bei Cofidur SEICO begeistert uns das Besondere&nbsp;!<\/h2>\n                                <p class=\"ptb-30 text-center h2 light uppercase\">Kontaktieren Sie uns, wir helfen Ihnen gerne \r\nweiter&nbsp;<\/p>\n                                <a href=\"https:\/\/seico.fr\/de\/kontakt\/\"\n                    class=\"bouton primary vert\">Ich habe eine Anfrage<\/a>\n            <\/div>\n        <\/div>\n    <\/div>\n\n<\/section>\n\n\n\n<section class=\"block block-galerie \">\n    <div class=\"container-fluid inner\">\n        <div class=\"row\">\n            <div class=\"col-12\">\n                <span class=\"light uppercase legend text-center\">\n                    Integration                <\/span>\n            <\/div>\n        <\/div>\n    <\/div>\n            <div class=\"galerie-grid grid-col-3\">\n                                <div class=\"galerie-item\">\n                        <a href=\"https:\/\/seico.fr\/wp-content\/uploads\/2025\/05\/seico-integration-1.jpg\" data-lightbox=\"galerie\" data-title=\"seico integration 1\">\n                            <img decoding=\"async\" src=\"https:\/\/seico.fr\/wp-content\/uploads\/2025\/05\/seico-integration-1.jpg\" alt=\"seico integration 1\" class=\"img-fluid\" \/>\n                        <\/a>\n                    <\/div>\n                                                <div class=\"galerie-item\">\n                        <a href=\"https:\/\/seico.fr\/wp-content\/uploads\/2025\/05\/seico-integration-2.jpg\" data-lightbox=\"galerie\" data-title=\"seico integration 2\">\n                            <img decoding=\"async\" src=\"https:\/\/seico.fr\/wp-content\/uploads\/2025\/05\/seico-integration-2.jpg\" alt=\"seico integration 2\" class=\"img-fluid\" \/>\n                        <\/a>\n                    <\/div>\n                                                <div class=\"galerie-item\">\n                        <a href=\"https:\/\/seico.fr\/wp-content\/uploads\/2025\/05\/seico-integration-3.jpg\" data-lightbox=\"galerie\" data-title=\"seico integration 3\">\n                            <img decoding=\"async\" src=\"https:\/\/seico.fr\/wp-content\/uploads\/2025\/05\/seico-integration-3.jpg\" alt=\"seico integration 3\" class=\"img-fluid\" \/>\n                        <\/a>\n                    <\/div>\n                                    <\/div>\n    <\/section>\n\n<style>\n    .legend {\n        font-size: 25px;\n        line-height: 25px;\n        padding-top: 30px;\n        padding-bottom: 30px;\n        display: block;\n    }\n\n    .block-galerie .inner {\n        padding: 2rem 0;\n    }\n\n    \/* Classes de grille bas\u00e9es sur le nombre d'images *\/\n    .block-galerie .galerie-grid {\n        display: grid;\n        gap: 15px;\n    }\n    \n    .block-galerie .grid-col-1 {\n        grid-template-columns: 1fr;\n    }\n    \n    .block-galerie .grid-col-2 {\n        grid-template-columns: repeat(2, 1fr);\n    }\n    \n    .block-galerie .grid-col-3 {\n        grid-template-columns: repeat(3, 1fr);\n    }\n    \n    .block-galerie .grid-col-4 {\n        grid-template-columns: repeat(4, 1fr);\n    }\n\n    .block-galerie .galerie-item {\n        overflow: hidden;\n        position: relative;\n        height: 0;\n        padding-bottom: 75%; \/* Ratio 4:3 pour les images *\/\n        background-color: #f0f0f0;\n        transform: scale(1.05);\n        border-left: 10px solid white;\n    }\n\n    .block-galerie .galerie-item:hover {\n        transform: scale(1.05);\n        transition: transform 0.3s ease;\n    }\n\n    .block-galerie .galerie-item a {\n        position: absolute;\n        width: 100%;\n        height: 100%;\n        display: block;\n    }\n\n    .block-galerie .galerie-item img {\n        width: 100%;\n        height: 100%;\n        object-fit: cover;\n        transition: transform 0.3s ease;\n    }\n\n    .block-galerie .galerie-item:hover img {\n        transform: scale(1.05);\n    }\n\n    \/* Personnalisation du lightbox *\/\n    .lb-data .lb-caption {\n        font-weight: bold;\n        font-size: 16px;\n    }\n\n    @media (max-width: 768px) {\n        .block-galerie .grid-col-4 {\n            grid-template-columns: repeat(2, 1fr);\n        }\n    }\n\n    @media (max-width: 580px){\n        .block-galerie .grid-col-3 {\n            grid-template-columns: repeat(1, 1fr);\n        }\n\n    }\n\n    @media (max-width: 480px) {\n        .block-galerie .grid-col-2,\n        .block-galerie .grid-col-3,\n        .block-galerie .grid-col-4 {\n            grid-template-columns: 1fr;\n        }\n    }\n<\/style>\n\n<section class=\"banner_page section\"><div class=\"inner\"><div class=\"banner_page_container  \"><h2 class=\"title-deco \">Pr\u00e4zisionsmontage und -integration: verf\u00fcgbare Ressourcen<\/h2><p class=\"\">Jedes der Teams verwendet spezielle Werkzeuge und Hilfsmittel.<br \/>\r\n<b>Temperaturpr\u00fcfkammern<\/b> erm\u00f6glichen die Kontrolle der Widerstandsf\u00e4higkeit der Produkte. Spezielle Pr\u00fcfinseln f\u00fcr Funktionstests sichern die Zuverl\u00e4ssigkeit der integrierten Systeme.<br \/>\r\n<\/p><\/div><\/div><\/section>","protected":false},"excerpt":{"rendered":"","protected":false},"author":2,"featured_media":0,"parent":7748,"menu_order":0,"comment_status":"closed","ping_status":"closed","template":"","meta":{"_acf_changed":false,"footnotes":""},"class_list":["post-7735","page","type-page","status-publish","hentry"],"acf":[],"_links":{"self":[{"href":"https:\/\/seico.fr\/de\/wp-json\/wp\/v2\/pages\/7735","targetHints":{"allow":["GET"]}}],"collection":[{"href":"https:\/\/seico.fr\/de\/wp-json\/wp\/v2\/pages"}],"about":[{"href":"https:\/\/seico.fr\/de\/wp-json\/wp\/v2\/types\/page"}],"author":[{"embeddable":true,"href":"https:\/\/seico.fr\/de\/wp-json\/wp\/v2\/users\/2"}],"replies":[{"embeddable":true,"href":"https:\/\/seico.fr\/de\/wp-json\/wp\/v2\/comments?post=7735"}],"version-history":[{"count":6,"href":"https:\/\/seico.fr\/de\/wp-json\/wp\/v2\/pages\/7735\/revisions"}],"predecessor-version":[{"id":8162,"href":"https:\/\/seico.fr\/de\/wp-json\/wp\/v2\/pages\/7735\/revisions\/8162"}],"up":[{"embeddable":true,"href":"https:\/\/seico.fr\/de\/wp-json\/wp\/v2\/pages\/7748"}],"wp:attachment":[{"href":"https:\/\/seico.fr\/de\/wp-json\/wp\/v2\/media?parent=7735"}],"curies":[{"name":"wp","href":"https:\/\/api.w.org\/{rel}","templated":true}]}}