{"id":7739,"date":"2025-05-07T10:23:19","date_gmt":"2025-05-07T08:23:19","guid":{"rendered":"https:\/\/seico.fr\/qualitaetsansatz\/"},"modified":"2025-09-10T12:16:51","modified_gmt":"2025-09-10T10:16:51","slug":"qualitaetsansatz","status":"publish","type":"page","link":"https:\/\/seico.fr\/de\/uber-uns\/qualitaetsansatz\/","title":{"rendered":"Qualit\u00e4tsansatz"},"content":{"rendered":"<section class=\"banner_page \"><div class=\"inner\"><div class=\"banner_page_container banner_width \"><h1 class=\"title-deco \">Qualit\u00e4tsansatz<\/h1><p class=\"\"><b>Als treibende Kraft der Kundenzufriedenheit best\u00e4tigt die internationale Norm ISO 9001 in 175 L\u00e4ndern die F\u00e4higkeit von Managementsystemen, ein wirksames Qualit\u00e4tsmanagement nachhaltig sicherzustellen.<\/b><br \/>\r\n<br \/>\r\nBereits seit 2003 beantragt und erh\u00e4lt Cofidur SEICO diese Zertifizierung. Um die Koh\u00e4renz mit der f\u00fcr Umweltmanagementsysteme geltenden Norm ISO 14001 zu gew\u00e4hrleisten, wurden 2008 neue Anforderungen eingef\u00fchrt, die die ersten erg\u00e4nzen. Die \u00dcbereinstimmung der Verfahren von Cofidur SEICO mit den Standards der ISO 9001:2008 unterstreicht das Engagement des Unternehmens f\u00fcr eine kontinuierliche Optimierung der Qualit\u00e4t.<\/p><\/div><\/div><\/section>\n\n<div class=\"inner\">\n    <\/div>\n<section id=\"\" class=\"txtImg_container  no-circle reverse_bloc ModelB  no-bg gr\u00fcn\">\n\n    <div class=\"txtImg_content_text\">\n        <h2 class=\"title-deco h1\" style=\"color:\">Anerkannte Arbeitsmethoden bei Cofidur SEICO<\/h2><div class=\"text-container\"><p>So wurden unter anderem folgende erfolgreiche Arbeitsmethoden anerkannt:<\/p>\n<ul>\n<li><strong>Verbesserungspl\u00e4ne<\/strong>, die durch formalisierte Prozesse und sichtbare Kennzahlen gest\u00fctzt werden,<\/li>\n<li><strong>die Analyse der Leistung<\/strong> von Produkten und Prozessen,<\/li>\n<li>eine <strong>Mehrfachkompetenz-Matrix<\/strong> zur gezielten Ermittlung des Schulungsbedarfs der Mitarbeiter, die durch ein Qualit\u00e4tsmonitoring der internen und externen Fehlerquoten (PPM) und der Ausschussraten unterst\u00fctzt wird.<\/li>\n<\/ul>\n<\/div>    <\/div>\n    <div class=\"txtImg_content_image bg-gr\u00fcn\">\n        <img decoding=\"async\" src=\"https:\/\/seico.fr\/wp-content\/uploads\/2025\/05\/seico-modes-operatoires.jpg\" alt=\"seico modes operatoires\" title=\"seico modes operatoires\">    <\/div>\n<\/section>\n\n\n<div class=\"inner\">\n    <\/div>\n<section id=\"\" class=\"txtImg_container  no-circle  ModelB  no-bg blau\">\n\n    <div class=\"txtImg_content_text\">\n        <h2 class=\"title-deco h1\" style=\"color:#3D559A\">Die elektronischen Baugruppen von SEICO entsprechen der Norm IPC A610. <br><br> <br> <\/h2><div class=\"text-container\"><p>Ebenso ist<strong> die Einhaltung der f\u00fcr die Branche geltenden Vorgaben<\/strong> ein unverr\u00fcckbares Prinzip, das zur <strong> Erh\u00f6hung der Produktzuverl\u00e4ssigkeit <\/strong> und zum <strong> Schutz der Mitarbeiter<\/strong> beitr\u00e4gt.<\/p>\n<p><strong>SEICOs elektronische Baugruppen entsprechen der IPC-Norm A610 (Klassen 2 und 3),<\/strong> und ihre Komponenten sind gem\u00e4\u00df UL-Zertifizierung auf Entflammbarkeit und Feuerbest\u00e4ndigkeit gepr\u00fcft. Dar\u00fcber hinaus werden Risiken im Zusammenhang mit Explosionen dadurch abgedeckt, dass die Anlagen den ATEX-Vorschriften entsprechen.<\/p>\n<p>Und f\u00fcr Bereiche mit besonders hohen Anforderungen gelten spezielle Vorgaben, deren Einhaltung unsere Kunden von uns verlangen.<\/p>\n<\/div><div class=\"row\"><div class=\"col-md-12\"><a href=\"https:\/\/seico.fr\/wp-content\/uploads\/2025\/05\/SEICO_Certificat-AFAQ-21393.9_ISO-9001-2015_Validite-280212_.pdf\" class=\"button outline pdf\" target=\"_blank\">ISO-Zertifikat<\/a><\/div><\/div>    <\/div>\n    <div class=\"txtImg_content_image bg-blau\">\n        <img decoding=\"async\" src=\"https:\/\/seico.fr\/wp-content\/uploads\/2025\/05\/seico-conformite-e1746606026695.jpg\" alt=\"seico conformite\" title=\"seico conformite\">    <\/div>\n<\/section>\n\n\n<section\n    class=\"block block-cta  pt-50 align  \"\n    id=\"\"\n    style=\"background-image:url(https:\/\/seico.fr\/wp-content\/uploads\/2025\/05\/cofidur-bg-cta.jpg)\">\n    <div class=\"container pt-50 pb-10\">\n        <div class=\"row\">\n            <div class=\"col-12 d-flex x-y-center flex-column\">\n                                <h2 class=\"not-lined  pb-30   em text-center\">40 Jahre Expertise<br> im Dienste der kontinuierlichen <br> Leistungssteigerung<\/h2>\n                                <a href=\"https:\/\/seico.fr\/de\/uber-uns\/cofidur-seico-40-jahre-expertise\/\"\n                    class=\"bouton primary vert\">Entdecken Sie unsere Ziele<\/a>\n            <\/div>\n        <\/div>\n    <\/div>\n\n<\/section>\n","protected":false},"excerpt":{"rendered":"","protected":false},"author":2,"featured_media":0,"parent":8024,"menu_order":0,"comment_status":"closed","ping_status":"closed","template":"","meta":{"_acf_changed":false,"footnotes":""},"class_list":["post-7739","page","type-page","status-publish","hentry"],"acf":[],"_links":{"self":[{"href":"https:\/\/seico.fr\/de\/wp-json\/wp\/v2\/pages\/7739","targetHints":{"allow":["GET"]}}],"collection":[{"href":"https:\/\/seico.fr\/de\/wp-json\/wp\/v2\/pages"}],"about":[{"href":"https:\/\/seico.fr\/de\/wp-json\/wp\/v2\/types\/page"}],"author":[{"embeddable":true,"href":"https:\/\/seico.fr\/de\/wp-json\/wp\/v2\/users\/2"}],"replies":[{"embeddable":true,"href":"https:\/\/seico.fr\/de\/wp-json\/wp\/v2\/comments?post=7739"}],"version-history":[{"count":4,"href":"https:\/\/seico.fr\/de\/wp-json\/wp\/v2\/pages\/7739\/revisions"}],"predecessor-version":[{"id":8168,"href":"https:\/\/seico.fr\/de\/wp-json\/wp\/v2\/pages\/7739\/revisions\/8168"}],"up":[{"embeddable":true,"href":"https:\/\/seico.fr\/de\/wp-json\/wp\/v2\/pages\/8024"}],"wp:attachment":[{"href":"https:\/\/seico.fr\/de\/wp-json\/wp\/v2\/media?parent=7739"}],"curies":[{"name":"wp","href":"https:\/\/api.w.org\/{rel}","templated":true}]}}