{"id":7748,"date":"2025-05-07T11:46:46","date_gmt":"2025-05-07T09:46:46","guid":{"rendered":"https:\/\/seico.fr\/die-loesungen-von-cofidur-seico\/"},"modified":"2025-09-10T12:12:18","modified_gmt":"2025-09-10T10:12:18","slug":"die-loesungen-von-cofidur-seico","status":"publish","type":"page","link":"https:\/\/seico.fr\/de\/die-loesungen-von-cofidur-seico\/","title":{"rendered":"Die L\u00f6sungen von Cofidur SEICO"},"content":{"rendered":"<section class=\"banner_page \"><div class=\"inner\"><div class=\"banner_page_container banner_width \"><h1 class=\"title-deco title-default\">\u00dcber Cofidur SEICO<\/h1><p class=\"\"><b>SEICO ist sowohl auf den Markt f\u00fcr Prototypen als auch f\u00fcr kleine und mittlere Serien (bis zu 5 000 St\u00fcck pro Monat) ausgerichtet und begleitet den Kunden beim Ausbau seines Gesch\u00e4fts und der Steigerung seiner Produktion.<\/b><\/p><\/div><\/div><\/section>\n\n\n<section class=\"block block-ressources-humaines block-politique  pt-10 container-fluid\">\n    <div class=\"inner\">\n                <div class=\"row\">\n                                                <div class=\"job col-md-6 col-lg-3  even\"\n                style=\"background-image: url('https:\/\/seico.fr\/wp-content\/uploads\/2025\/05\/seico-cartes.jpg')\">\n                <a href=\"https:\/\/seico.fr\/de\/die-loesungen-von-cofidur-seico\/leiterplatten-die-loesungen-von-seico\/\" class=\"overlay\" style=\"background-color:#3d559a\" title=\"Mehr erfahren\"><\/a>\n                <div class=\"overlay overlay-anim\"><\/div>\n\n                <div class=\"col-12 title\">\n                    <h3>Leiterplatten<\/h3>\n                <\/div>\n                <div class=\"overlay-text\">\n                    \n                    <a href=\"https:\/\/seico.fr\/de\/die-loesungen-von-cofidur-seico\/leiterplatten-die-loesungen-von-seico\/\" class=\"bold uppercase\" title=\"Mehr erfahren\">\n                        Erfahren Sie mehr                    <\/a>                \n                <\/div>\n            <\/div>\n                                    <div class=\"job col-md-6 col-lg-3  odd\"\n                style=\"background-image: url('https:\/\/seico.fr\/wp-content\/uploads\/2025\/05\/seico-cablages.jpg')\">\n                <a href=\"https:\/\/seico.fr\/de\/die-loesungen-von-cofidur-seico\/kabel-und-verkabelungen-die-loesungen-von-cofidur-seico\/\" class=\"overlay\" style=\"background-color:#ffb237\" title=\"Mehr erfahren\"><\/a>\n                <div class=\"overlay overlay-anim\"><\/div>\n\n                <div class=\"col-12 title\">\n                    <h3>Kabel und Verkabelungen<\/h3>\n                <\/div>\n                <div class=\"overlay-text\">\n                    \n                    <a href=\"https:\/\/seico.fr\/de\/die-loesungen-von-cofidur-seico\/kabel-und-verkabelungen-die-loesungen-von-cofidur-seico\/\" class=\"bold uppercase\" title=\"Mehr erfahren\">\n                        Erfahren Sie mehr                    <\/a>                \n                <\/div>\n            <\/div>\n                                    <div class=\"job col-md-6 col-lg-3  even\"\n                style=\"background-image: url('https:\/\/seico.fr\/wp-content\/uploads\/2025\/05\/seico-integration.jpg')\">\n                <a href=\"https:\/\/seico.fr\/de\/die-loesungen-von-cofidur-seico\/praezisionsmontage-die-loesungen-von-cofidur-seico\/\" class=\"overlay\" style=\"background-color:#a7bb38\" title=\"Mehr erfahren\"><\/a>\n                <div class=\"overlay overlay-anim\"><\/div>\n\n                <div class=\"col-12 title\">\n                    <h3>Pr\u00e4zisionsmontage<\/h3>\n                <\/div>\n                <div class=\"overlay-text\">\n                    \n                    <a href=\"https:\/\/seico.fr\/de\/die-loesungen-von-cofidur-seico\/praezisionsmontage-die-loesungen-von-cofidur-seico\/\" class=\"bold uppercase\" title=\"Mehr erfahren\">\n                        Erfahren Sie mehr                    <\/a>                \n                <\/div>\n            <\/div>\n                                    <div class=\"job col-md-6 col-lg-3  odd\"\n                style=\"background-image: url('https:\/\/seico.fr\/wp-content\/uploads\/2025\/05\/seico-outillage-test.jpg')\">\n                <a href=\"https:\/\/seico.fr\/de\/die-loesungen-von-cofidur-seico\/schnittstellen-und-pruefstaende\/\" class=\"overlay\" style=\"background-color:#46c1db\" title=\"Mehr erfahren\"><\/a>\n                <div class=\"overlay overlay-anim\"><\/div>\n\n                <div class=\"col-12 title\">\n                    <h3>Test-Tools<\/h3>\n                <\/div>\n                <div class=\"overlay-text\">\n                    \n                    <a href=\"https:\/\/seico.fr\/de\/die-loesungen-von-cofidur-seico\/schnittstellen-und-pruefstaende\/\" class=\"bold uppercase\" title=\"Mehr erfahren\">\n                        Erfahren Sie mehr                    <\/a>                \n                <\/div>\n            <\/div>\n                                            <\/div>\n            <\/div>\n\n<\/section>\n\n\n<div style=\"height:100px\" aria-hidden=\"true\" class=\"wp-block-spacer\"><\/div>\n\n\n<div class=\"inner\">\n    <\/div>\n<section id=\"\" class=\"txtImg_container  no-circle  ModelB  blau\">\n\n    <div class=\"txtImg_content_text\">\n        <h2 class=\"title-deco h1\" style=\"color:#3D559A\">Ein vielf\u00e4ltiges <br>Serviceangebot f\u00fcr eine <br>umfassende Produktion<\/h2><div class=\"text-container\"><p>Durch die Beherrschung der gesamten Zulieferkette integriert das Unternehmen in seine T\u00e4tigkeit <strong>die Projektbegleitung bei der Entwicklung und die Unterst\u00fctzung bei der Systementwicklung,<\/strong> mit:<\/p>\n<p>&#8211; der M\u00f6glichkeit zur Gesamtprojektleitung,<br \/>\n&#8211; der Industrialisierung der Produkte,<br \/>\n&#8211; dem Einkauf und der Lagerung von Komponenten,<br \/>\n&#8211; der endg\u00fcltigen Logistik,<br \/>\n&#8211; und dem Kundendienst.<\/p>\n<p>Alle diese Leistungen werden auf dem 4.500 m\u00b2 gro\u00dfen Firmengel\u00e4nde erbracht, das somit Produktion und Engineering miteinander vereint.<\/p>\n<\/div>    <\/div>\n    <div class=\"txtImg_content_image bg-blau\">\n        <img decoding=\"async\" src=\"https:\/\/seico.fr\/wp-content\/uploads\/2025\/05\/seico-services-diversifies.jpg\" alt=\"seico services diversifies\" title=\"seico services diversifies\">    <\/div>\n<\/section>\n\n\n<div class=\"inner\">\n    <\/div>\n<section id=\"\" class=\"txtImg_container  no-circle reverse_bloc ModelB  no-bg bleu\">\n\n    <div class=\"txtImg_content_text\">\n        <h2 class=\"title-deco h1\" style=\"color:#0F1C39\">Begleitung des Kunden w\u00e4hrend des gesamten Projekts<\/h2><div class=\"text-container\"><p><span class=\"h3\" style=\"color: #a7bb38;\">Die Fertigungsmittel von Cofidur SEICO:<\/span><\/p>\n<p>In jedem seiner Spezialgebiete stellt Cofidur SEICO sein industrielles Know-how in den Dienst eines auf Qualit\u00e4t und Effizienz beruhenden Unternehmenskonzeptes. Wesentlicher Bestandteil einer echten Synergiestrategie zwischen Cofidur SEICO und seinen Auftraggebern ist die Begleitung des Kunden \u00fcber den gesamten Projektverlauf hinweg \u2013 mit st\u00e4ndigem Augenmerk auf Marktprognosen und schneller Reaktionsf\u00e4higkeit bei neuen Situationen.<\/p>\n<\/div><a href=\"https:\/\/seico.fr\/de\/kontakt\/\" class=\"bouton primary\">Kontaktieren Sie uns<\/a>    <\/div>\n    <div class=\"txtImg_content_image bg-bleu\">\n        <img decoding=\"async\" src=\"https:\/\/seico.fr\/wp-content\/uploads\/2025\/05\/seico-accompagner.jpg\" alt=\"seico accompagner\" title=\"seico accompagner\">    <\/div>\n<\/section>\n\n\n\n\n","protected":false},"excerpt":{"rendered":"","protected":false},"author":2,"featured_media":0,"parent":0,"menu_order":0,"comment_status":"closed","ping_status":"closed","template":"","meta":{"_acf_changed":false,"footnotes":""},"class_list":["post-7748","page","type-page","status-publish","hentry"],"acf":[],"_links":{"self":[{"href":"https:\/\/seico.fr\/de\/wp-json\/wp\/v2\/pages\/7748","targetHints":{"allow":["GET"]}}],"collection":[{"href":"https:\/\/seico.fr\/de\/wp-json\/wp\/v2\/pages"}],"about":[{"href":"https:\/\/seico.fr\/de\/wp-json\/wp\/v2\/types\/page"}],"author":[{"embeddable":true,"href":"https:\/\/seico.fr\/de\/wp-json\/wp\/v2\/users\/2"}],"replies":[{"embeddable":true,"href":"https:\/\/seico.fr\/de\/wp-json\/wp\/v2\/comments?post=7748"}],"version-history":[{"count":4,"href":"https:\/\/seico.fr\/de\/wp-json\/wp\/v2\/pages\/7748\/revisions"}],"predecessor-version":[{"id":8160,"href":"https:\/\/seico.fr\/de\/wp-json\/wp\/v2\/pages\/7748\/revisions\/8160"}],"wp:attachment":[{"href":"https:\/\/seico.fr\/de\/wp-json\/wp\/v2\/media?parent=7748"}],"curies":[{"name":"wp","href":"https:\/\/api.w.org\/{rel}","templated":true}]}}