{"id":7787,"date":"2025-05-07T15:28:33","date_gmt":"2025-05-07T13:28:33","guid":{"rendered":"https:\/\/seico.fr\/die-loesungen-von-cofidur-seico\/leiterplatten-die-loesungen-von-seico\/"},"modified":"2025-08-14T10:42:05","modified_gmt":"2025-08-14T08:42:05","slug":"leiterplatten-die-loesungen-von-seico","status":"publish","type":"page","link":"https:\/\/seico.fr\/de\/die-loesungen-von-cofidur-seico\/leiterplatten-die-loesungen-von-seico\/","title":{"rendered":"Leiterplatten: die L\u00f6sungen von SEICO"},"content":{"rendered":"<section class=\"banner_page \"><div class=\"inner\"><div class=\"banner_page_container banner_width \"><h1 class=\"title-deco title-default\">Leiterplatten&nbsp;: <br \/>\r\ndie SEICO-L\u00f6sungen<\/h1><p class=\"\"><b>Beschaffung, Fertigung, Tests, Kundendienst und Betriebserhalt: ein breites Spektrum an Leistungen.<\/b><br \/>\r\n<br \/>\r\nDie Welt der elektronischen Baugruppen vereint klassische Verfahren mit innovativen Technologien und ist gepr\u00e4gt durch die Miniaturisierung der Bauteile und der notwendigen Einhaltung der Umweltbestimmungen.<br \/>\r\n<br \/>\r\n<\/p><\/div><\/div><\/section><div class=\"inner\">\n    <\/div>\n<section id=\"\" class=\"txtImg_container  no-circle  ModelB  blau\">\n\n    <div class=\"txtImg_content_text\">\n        <h2 class=\"title-deco h1\" style=\"color:\">Montage der Komponenten: <br>vielf\u00e4ltige Verfahren<\/h2><div class=\"text-container\"><p>Die Fertigung bei Cofidur SEICO umfasst sowohl Leiterplatten mit <strong>oberfl\u00e4chenmontierten Bauteilen (SMD)<\/strong> als auch solche mit <strong>konventionellen Durchsteckbauteilen (THT)<\/strong> oder einer Kombination beider Technologien.<\/p>\n<p>Das L\u00f6ten erfolgt in einem bleifreien Prozess (gem\u00e4\u00df ROHS-Richtlinie) mit automatisierter Sichtkontrolle und R\u00f6ntgenstrahlen.<\/p>\n<\/div>    <\/div>\n    <div class=\"txtImg_content_image bg-blau\">\n        <img decoding=\"async\" src=\"https:\/\/seico.fr\/wp-content\/uploads\/2025\/05\/cofidur-montage.jpg\" alt=\"cofidur montage\" title=\"cofidur montage\">    <\/div>\n<\/section>\n<div class=\"inner\">\n    <\/div>\n<section id=\"\" class=\"txtImg_container  no-circle reverse_bloc ModelB  no-bg gr\u00fcn\">\n\n    <div class=\"txtImg_content_text\">\n        <h2 class=\"title-deco h1\" style=\"color:#A7BB38\">Zu den<br>Fertigungseinrichtungen von Cofidur SEICO<br>z\u00e4hlen:<\/h2><div class=\"text-container\"><p>\u2013 3 automatisierte SMD-Best\u00fcckungslinien der neuesten Generation von Europlacer (ATOM3, IINEO und Vitesse 2) mit einer Produktionskapazit\u00e4t von 40.000 Bauteilen pro Stunde;<br \/>\n&#8211; 2 automatische Siebdrucklinien;<br \/>\n&#8211; 2 Reflow-\u00d6fen;<br \/>\n&#8211; 1 Wellenl\u00f6tanlage (ROHS-konform);<br \/>\n&#8211; Schichtbetrieb mit 3 \u00d7 8 Stunden.<\/p>\n<p><strong>Die Testwerkzeuge bestehen aus:<\/strong><br \/>\n&#8211; 1 2D-R\u00f6ntgenger\u00e4t;<br \/>\n&#8211; 1 TAKAYA APT 9411 Pr\u00fcfsystem mit beweglichen Sonden;<br \/>\n&#8211; 2 automatischen optischen Inspektionsmaschinen (AOI) von MIRTEC.<\/p>\n<\/div>    <\/div>\n    <div class=\"txtImg_content_image bg-gr\u00fcn\">\n        <img decoding=\"async\" src=\"https:\/\/seico.fr\/wp-content\/uploads\/2025\/05\/cofidur-outils-fabrication.jpg\" alt=\"cofidur outils fabrication\" title=\"cofidur outils fabrication\">    <\/div>\n<\/section>\n\n<section class=\"block block-galerie \">\n    <div class=\"container-fluid inner\">\n        <div class=\"row\">\n            <div class=\"col-12\">\n                <span class=\"light uppercase legend text-center\">\n                    SEICO-Fertigungseinrichtungen f\u00fcr Leiterplatten                <\/span>\n            <\/div>\n        <\/div>\n    <\/div>\n            <div class=\"galerie-grid grid-col-4\">\n                                <div class=\"galerie-item\">\n                        <a href=\"https:\/\/seico.fr\/wp-content\/uploads\/2025\/05\/seico-cablage-1.jpg\" data-lightbox=\"galerie\" data-title=\"seico cablage 1\">\n                            <img decoding=\"async\" src=\"https:\/\/seico.fr\/wp-content\/uploads\/2025\/05\/seico-cablage-1.jpg\" alt=\"seico cablage 1\" class=\"img-fluid\" \/>\n                        <\/a>\n                    <\/div>\n                                                <div class=\"galerie-item\">\n                        <a href=\"https:\/\/seico.fr\/wp-content\/uploads\/2025\/05\/seico-cablage-4.jpg\" data-lightbox=\"galerie\" data-title=\"seico cablage 4\">\n                            <img decoding=\"async\" src=\"https:\/\/seico.fr\/wp-content\/uploads\/2025\/05\/seico-cablage-4.jpg\" alt=\"seico cablage 4\" class=\"img-fluid\" \/>\n                        <\/a>\n                    <\/div>\n                                                <div class=\"galerie-item\">\n                        <a href=\"https:\/\/seico.fr\/wp-content\/uploads\/2025\/05\/seico-cablage-3.jpg\" data-lightbox=\"galerie\" data-title=\"seico cablage 3\">\n                            <img decoding=\"async\" src=\"https:\/\/seico.fr\/wp-content\/uploads\/2025\/05\/seico-cablage-3.jpg\" alt=\"seico cablage 3\" class=\"img-fluid\" \/>\n                        <\/a>\n                    <\/div>\n                                                <div class=\"galerie-item\">\n                        <a href=\"https:\/\/seico.fr\/wp-content\/uploads\/2025\/05\/seico-cablage-2.jpg\" data-lightbox=\"galerie\" data-title=\"seico cablage 2\">\n                            <img decoding=\"async\" src=\"https:\/\/seico.fr\/wp-content\/uploads\/2025\/05\/seico-cablage-2.jpg\" alt=\"seico cablage 2\" class=\"img-fluid\" \/>\n                        <\/a>\n                    <\/div>\n                                    <\/div>\n    <\/section>\n\n<style>\n    .legend {\n        font-size: 25px;\n        line-height: 25px;\n        padding-top: 30px;\n        padding-bottom: 30px;\n        display: block;\n    }\n\n    .block-galerie .inner {\n        padding: 2rem 0;\n    }\n\n    \/* Classes de grille bas\u00e9es sur le nombre d'images *\/\n    .block-galerie .galerie-grid {\n        display: grid;\n        gap: 15px;\n    }\n    \n    .block-galerie .grid-col-1 {\n        grid-template-columns: 1fr;\n    }\n    \n    .block-galerie .grid-col-2 {\n        grid-template-columns: repeat(2, 1fr);\n    }\n    \n    .block-galerie .grid-col-3 {\n        grid-template-columns: repeat(3, 1fr);\n    }\n    \n    .block-galerie .grid-col-4 {\n        grid-template-columns: repeat(4, 1fr);\n    }\n\n    .block-galerie .galerie-item {\n        overflow: hidden;\n        position: relative;\n        height: 0;\n        padding-bottom: 75%; \/* Ratio 4:3 pour les images *\/\n        background-color: #f0f0f0;\n        transform: scale(1.05);\n        border-left: 10px solid white;\n    }\n\n    .block-galerie .galerie-item:hover {\n        transform: scale(1.05);\n        transition: transform 0.3s ease;\n    }\n\n    .block-galerie .galerie-item a {\n        position: absolute;\n        width: 100%;\n        height: 100%;\n        display: block;\n    }\n\n    .block-galerie .galerie-item img {\n        width: 100%;\n        height: 100%;\n        object-fit: cover;\n        transition: transform 0.3s ease;\n    }\n\n    .block-galerie .galerie-item:hover img {\n        transform: scale(1.05);\n    }\n\n    \/* Personnalisation du lightbox *\/\n    .lb-data .lb-caption {\n        font-weight: bold;\n        font-size: 16px;\n    }\n\n    @media (max-width: 768px) {\n        .block-galerie .grid-col-4 {\n            grid-template-columns: repeat(2, 1fr);\n        }\n    }\n\n    @media (max-width: 580px){\n        .block-galerie .grid-col-3 {\n            grid-template-columns: repeat(1, 1fr);\n        }\n\n    }\n\n    @media (max-width: 480px) {\n        .block-galerie .grid-col-2,\n        .block-galerie .grid-col-3,\n        .block-galerie .grid-col-4 {\n            grid-template-columns: 1fr;\n        }\n    }\n<\/style><section class=\"banner_page section\"><div class=\"inner\"><div class=\"banner_page_container  \"><h2 class=\"title-deco title-gr\u00fcn\">Von der Produktion <br \/>\r\nbis zur Leistungspr\u00fcfung<\/h2><p class=\"\"><b>Es werden verschiedene Herstellungsprozesse angeboten:<\/b><br \/>\r\n<br \/>\r\n&#8211; Einfach- oder Doppell\u00f6ten im SMD-Verfahren, auch f\u00fcr Bauteile im Format 01005 sowie BGA mit 0,4 mm Rasterma\u00df;<br \/>\r\n&#8211; Mischbest\u00fcckung mit SMD- und konventionellen Bauteilen auf beiden Seiten der Leiterplatte.<br \/>\r\n<\/p><\/div><\/div><\/section><div class=\"inner\">\n    <\/div>\n<section id=\"\" class=\"txtImg_container  no-circle  ModelB  gr\u00fcn\">\n\n    <div class=\"txtImg_content_text\">\n        <h2 class=\"title-deco h1\" style=\"color:#A7BB38\">F\u00fcr ein optimales <br>Endprodukt<\/h2><div class=\"text-container\"><p>&#8211; F\u00fcr einen <strong>optimalen Schutz<\/strong> der Leiterplatten und elektronischen Systeme werden auf Wunsch Tropenlackierung und Verguss eingesetzt.<\/p>\n<p>&#8211; Zus\u00e4tzlich zu den ersten durchgef\u00fchrten Kontrollen wird mithilfe von<strong> elektrischen Tests<\/strong> \u00fcberpr\u00fcft, ob die Verbindungen einwandfrei funktionieren. Diese Tests werden mit <strong>Funktionstests<\/strong> kombiniert, um die \u00dcbereinstimmung zwischen den erwarteten Ergebnissen und der tats\u00e4chlichen Leistung zu best\u00e4tigen.<br \/>\nDie Funktionspr\u00fcfst\u00e4nde k\u00f6nnen von Cofidur SEICO entwickelt oder vom Kunden mit der entsprechenden Pr\u00fcfprozedur bereitgestellt werden. Zur Erkennung m\u00f6glicher Fr\u00fchausf\u00e4lle k\u00f6nnen wir diese elektrischen Tests auch mit unseren Temperaturschockpr\u00fcfungen (VRT) kombinieren.<\/p>\n<p>&#8211; Nach der Lieferung erfolgen die <strong>Diagnose<\/strong> und<strong>eventuelle Reparatur<\/strong> der Leiterplatten und elektronischen Systeme durch die Kundendienstabteilung. Unsere Teams k\u00f6nnen auch unsere VRT-Schr\u00e4nke verwenden, um intermittierende Ausf\u00e4lle zu erkennen.<\/p>\n<p>&#8211; Zur Aufrechterhaltung des Betriebszustands von Produkten, die sich im Einsatz befinden, f\u00fchren wir ein aktives Obsoleszenzmanagement durch, um rechtzeitig reagieren und \u00e4quivalente L\u00f6sungen anbieten zu k\u00f6nnen.<\/p>\n<\/div>    <\/div>\n    <div class=\"txtImg_content_image bg-gr\u00fcn\">\n        <img decoding=\"async\" src=\"https:\/\/seico.fr\/wp-content\/uploads\/2025\/05\/seico-produit-final-optimal.jpg\" alt=\"seico produit final optimal\" title=\"seico produit final optimal\">    <\/div>\n<\/section>\n","protected":false},"excerpt":{"rendered":"","protected":false},"author":2,"featured_media":0,"parent":7748,"menu_order":0,"comment_status":"closed","ping_status":"closed","template":"","meta":{"_acf_changed":false,"footnotes":""},"class_list":["post-7787","page","type-page","status-publish","hentry"],"acf":[],"_links":{"self":[{"href":"https:\/\/seico.fr\/de\/wp-json\/wp\/v2\/pages\/7787","targetHints":{"allow":["GET"]}}],"collection":[{"href":"https:\/\/seico.fr\/de\/wp-json\/wp\/v2\/pages"}],"about":[{"href":"https:\/\/seico.fr\/de\/wp-json\/wp\/v2\/types\/page"}],"author":[{"embeddable":true,"href":"https:\/\/seico.fr\/de\/wp-json\/wp\/v2\/users\/2"}],"replies":[{"embeddable":true,"href":"https:\/\/seico.fr\/de\/wp-json\/wp\/v2\/comments?post=7787"}],"version-history":[{"count":3,"href":"https:\/\/seico.fr\/de\/wp-json\/wp\/v2\/pages\/7787\/revisions"}],"predecessor-version":[{"id":7822,"href":"https:\/\/seico.fr\/de\/wp-json\/wp\/v2\/pages\/7787\/revisions\/7822"}],"up":[{"embeddable":true,"href":"https:\/\/seico.fr\/de\/wp-json\/wp\/v2\/pages\/7748"}],"wp:attachment":[{"href":"https:\/\/seico.fr\/de\/wp-json\/wp\/v2\/media?parent=7787"}],"curies":[{"name":"wp","href":"https:\/\/api.w.org\/{rel}","templated":true}]}}