{"id":7792,"date":"2025-05-07T10:32:51","date_gmt":"2025-05-07T08:32:51","guid":{"rendered":"https:\/\/seico.fr\/cofidur-seico-40-jahre-expertise\/"},"modified":"2025-08-14T11:57:18","modified_gmt":"2025-08-14T09:57:18","slug":"cofidur-seico-40-jahre-expertise","status":"publish","type":"page","link":"https:\/\/seico.fr\/de\/uber-uns\/cofidur-seico-40-jahre-expertise\/","title":{"rendered":"Cofidur SEICO: 40 Jahre Expertise"},"content":{"rendered":"<section class=\"banner_page \"><div class=\"inner\"><div class=\"banner_page_container banner_width \"><h1 class=\"title-deco title-default\">Cofidur SEICO: 40 Jahre Expertise<\/h1><p class=\"\"><b>Seit seiner Gr\u00fcndung im Jahr 1981 stellt Cofidur SEICO die Zufriedenheit seiner Kunden in den Mittelpunkt seiner Unternehmensstrategie. Um dies zu erreichen, misst das Unternehmen dem sorgf\u00e4ltigen Erfassen der Kundenbed\u00fcrfnisse hohe Bedeutung bei und betreibt gleichzeitig eine technologische Marktbeobachtung, um k\u00fcnftige Erwartungen fr\u00fchzeitig zu erkennen. In einem sich st\u00e4ndig wandelnden Umfeld hat sich das Unternehmen daf\u00fcr entschieden, Spitzentechnologien mit bew\u00e4hrten Ausstattungen zu verbinden.<\/b><br \/>\r\n<br \/>\r\nSo wurden bedeutende Investitionen get\u00e4tigt: Zwei SMD-Best\u00fcckungslinien des Herstellers Europlacer der neusten Generation, ein automatisches optisches Inspektionssystem (AOI) sowie automatische Kabelschneidemaschinen erg\u00e4nzen nun den vorhandenen Maschinenpark.<\/p><\/div><\/div><\/section>\n\n<div class=\"inner\">\n    <\/div>\n<section id=\"\" class=\"txtImg_container  no-circle reverse_bloc ModelB  no-bg bleu\">\n\n    <div class=\"txtImg_content_text\">\n        <h2 class=\"title-deco h1\" style=\"color:#3D559A\">Ein hochspezialisiertes Know-how im Dienst der kontinuierlichen Leistungsverbesserung.<\/h2><div class=\"text-container\"><p><strong><span class=\"uppercase\">SEICOs Ziele rund um die Kundenbetreuung<\/span><\/strong><\/p>\n<p><span class=\"uppercase\"><strong>01<\/strong><br \/>\n<strong>Rigorosit\u00e4t<\/strong> bei der Herstellung,<\/span><\/p>\n<p><span class=\"uppercase\"><strong>02<\/strong><br \/>\n<strong>Flexibilit\u00e4t<\/strong> bei der Anpassung an technische Anforderungen,<\/span><\/p>\n<p><span class=\"uppercase\"><strong>03<\/strong><br \/>\n<strong>Einhaltung<\/strong> der Spezifikationen,<\/span><\/p>\n<p><span class=\"uppercase\"><strong>04<\/strong><br \/>\n<strong>Reaktionsschnelligkeit<\/strong> bei der kommerziellen Betreuung,<\/span><\/p>\n<p><span class=\"uppercase\"><strong>05<\/strong><br \/>\n<strong>Genauigkeit<\/strong> in der technischen Beratung.<\/span><\/p>\n<p>Das sind die Ziele aller Mitarbeiter von Cofidur SEICO, wenn es darum geht, die Kunden bei ihren industriellen Vorhaben zu unterst\u00fctzen.<\/p>\n\n<\/div>    <\/div>\n    <div class=\"txtImg_content_image bg-bleu\">\n        <img decoding=\"async\" src=\"https:\/\/seico.fr\/wp-content\/uploads\/2025\/05\/seico-savoir-faire.jpg\" alt=\"seico savoir faire\" title=\"seico savoir faire\">    <\/div>\n<\/section>\n\n\n<div class=\"inner\">\n    <\/div>\n<section id=\"\" class=\"txtImg_container  no-circle  ModelB  no-bg vert\">\n\n    <div class=\"txtImg_content_text\">\n        <h2 class=\"title-deco h1\" style=\"color:#A7BB38\">Cofidur SEICO und die Kontrolle der Umweltauswirkungen<br> <br><\/h2><div class=\"text-container\"><p>Unternehmensintern ist das Streben nach kontinuierlicher Leistungsverbesserung mit einer Strategie zur <strong>Kontrolle der daraus resultierenden Umweltauswirkungen<\/strong> verkn\u00fcpft. Sie zielt darauf ab, die Abfallmenge zu reduzieren und das <strong>Recycling<\/strong> zu bevorzugen.<\/p>\n<\/div>    <\/div>\n    <div class=\"txtImg_content_image bg-vert\">\n        <img decoding=\"async\" src=\"https:\/\/seico.fr\/wp-content\/uploads\/2025\/05\/cofidur-environnement.jpg\" alt=\"cofidur environnement\" title=\"cofidur environnement\">    <\/div>\n<\/section>\n\n\n<section\n    class=\"block block-cta  pt-50 align  \"\n    id=\"\"\n    style=\"background-image:url(https:\/\/seico.fr\/wp-content\/uploads\/2025\/05\/cofidur-bg-cta.jpg)\">\n    <div class=\"container pt-50 pb-10\">\n        <div class=\"row\">\n            <div class=\"col-12 d-flex x-y-center flex-column\">\n                                <h2 class=\"not-lined   em text-center\">Unsere Kunden haben hohe Anspr\u00fcche, das trifft sich gut&#8230;<\/h2>\n                                <p class=\"ptb-30 text-center h2 light uppercase\">&#8230; Ihre Zufriedenheit liegt uns am Herzen!\r\n<\/p>\n                                <a href=\"https:\/\/seico.fr\/de\/kontakt\/\"\n                    class=\"bouton primary vert\">BESPRECHEN SIE IHR PROJEKT MIT UNSEREN EXPERTEN!<\/a>\n            <\/div>\n        <\/div>\n    <\/div>\n\n<\/section>\n","protected":false},"excerpt":{"rendered":"","protected":false},"author":2,"featured_media":0,"parent":8024,"menu_order":0,"comment_status":"closed","ping_status":"closed","template":"","meta":{"_acf_changed":false,"footnotes":""},"class_list":["post-7792","page","type-page","status-publish","hentry"],"acf":[],"_links":{"self":[{"href":"https:\/\/seico.fr\/de\/wp-json\/wp\/v2\/pages\/7792","targetHints":{"allow":["GET"]}}],"collection":[{"href":"https:\/\/seico.fr\/de\/wp-json\/wp\/v2\/pages"}],"about":[{"href":"https:\/\/seico.fr\/de\/wp-json\/wp\/v2\/types\/page"}],"author":[{"embeddable":true,"href":"https:\/\/seico.fr\/de\/wp-json\/wp\/v2\/users\/2"}],"replies":[{"embeddable":true,"href":"https:\/\/seico.fr\/de\/wp-json\/wp\/v2\/comments?post=7792"}],"version-history":[{"count":4,"href":"https:\/\/seico.fr\/de\/wp-json\/wp\/v2\/pages\/7792\/revisions"}],"predecessor-version":[{"id":7952,"href":"https:\/\/seico.fr\/de\/wp-json\/wp\/v2\/pages\/7792\/revisions\/7952"}],"up":[{"embeddable":true,"href":"https:\/\/seico.fr\/de\/wp-json\/wp\/v2\/pages\/8024"}],"wp:attachment":[{"href":"https:\/\/seico.fr\/de\/wp-json\/wp\/v2\/media?parent=7792"}],"curies":[{"name":"wp","href":"https:\/\/api.w.org\/{rel}","templated":true}]}}