{"id":8011,"date":"2024-07-02T14:55:38","date_gmt":"2024-07-02T12:55:38","guid":{"rendered":"https:\/\/seico.fr\/?page_id=8011"},"modified":"2025-09-10T12:15:44","modified_gmt":"2025-09-10T10:15:44","slug":"startseite","status":"publish","type":"page","link":"https:\/\/seico.fr\/de\/","title":{"rendered":"Startseite"},"content":{"rendered":"\t<section class=\"banner_home mb-5\" style=\"background-color:#01245E;\">\n\t\t<video autoplay loop muted playsinline>\n\t\t\t<source src=\"https:\/\/seico.fr\/wp-content\/uploads\/2025\/05\/cofidur_cut_720.mp4\" type=\"video\/mp4\">\n\t\t\tYour browser does not support the video tag.\n\t\t<\/video>\n\t<div class=\"inner banner_home_container\"><div class=\"cartouche bg-jaune text-blanc text-uppercase\">Agilit\u00e4t &amp; Expertise<\/div><h1>F\u00fcr ma\u00dfgeschneiderte<br \/>\nelektronische<br \/>\nL\u00f6sungen\n<\/h1><a href=\"https:\/\/seico.fr\/de\/die-loesungen-von-cofidur-seico\/\" title=\"Entdecken Sie unsere Kompetenzen\" class=\"bouton primary\">Entdecken<br>Sie unsere Kompetenzen<\/a><\/div><\/section>\n\n\n\n\n<section class=\"block block-ressources-humaines block-politique  pt-10 container-fluid\">\n    <div class=\"inner\">\n                <div class=\"row\">\n            <div class=\"col-12\">\n            <h2 class=\"title-deco h1 pb-5\">\n                Cofidur SEICO L\u00f6sungen in der<br>Elektronikauftragsfertigung            <\/h2>\n            <\/div>\n        <\/div>\n                <div class=\"row\">\n                                                <div class=\"job col-md-6 col-lg-3  even\"\n                style=\"background-image: url('https:\/\/seico.fr\/wp-content\/uploads\/2025\/05\/seico-cartes.jpg')\">\n                <a href=\"https:\/\/seico.fr\/de\/die-loesungen-von-cofidur-seico\/leiterplatten-die-loesungen-von-seico\/\" class=\"overlay\" style=\"background-color:#3d559a\" title=\"Weitere Informationen\"><\/a>\n                <div class=\"overlay overlay-anim\"><\/div>\n\n                <div class=\"col-12 title\">\n                    <h3>Leiterplatten<\/h3>\n                <\/div>\n                <div class=\"overlay-text\">\n                    \n                    <a href=\"https:\/\/seico.fr\/de\/die-loesungen-von-cofidur-seico\/leiterplatten-die-loesungen-von-seico\/\" class=\"bold uppercase\" title=\"Weitere Informationen\">\n                        Erfahren Sie mehr                    <\/a>                \n                <\/div>\n            <\/div>\n                                    <div class=\"job col-md-6 col-lg-3  odd\"\n                style=\"background-image: url('https:\/\/seico.fr\/wp-content\/uploads\/2025\/05\/seico-cablages.jpg')\">\n                <a href=\"https:\/\/seico.fr\/de\/die-loesungen-von-cofidur-seico\/kabel-und-verkabelungen-die-loesungen-von-cofidur-seico\/\" class=\"overlay\" style=\"background-color:#ffb237\" title=\"Weitere Informationen\"><\/a>\n                <div class=\"overlay overlay-anim\"><\/div>\n\n                <div class=\"col-12 title\">\n                    <h3>Kabel und Verkabelungen<\/h3>\n                <\/div>\n                <div class=\"overlay-text\">\n                    \n                    <a href=\"https:\/\/seico.fr\/de\/die-loesungen-von-cofidur-seico\/kabel-und-verkabelungen-die-loesungen-von-cofidur-seico\/\" class=\"bold uppercase\" title=\"Weitere Informationen\">\n                        Erfahren Sie mehr                    <\/a>                \n                <\/div>\n            <\/div>\n                                    <div class=\"job col-md-6 col-lg-3  even\"\n                style=\"background-image: url('https:\/\/seico.fr\/wp-content\/uploads\/2025\/05\/seico-integration.jpg')\">\n                <a href=\"https:\/\/seico.fr\/de\/die-loesungen-von-cofidur-seico\/praezisionsmontage-die-loesungen-von-cofidur-seico\/\" class=\"overlay\" style=\"background-color:#a7bb38\" title=\"Weitere Informationen\"><\/a>\n                <div class=\"overlay overlay-anim\"><\/div>\n\n                <div class=\"col-12 title\">\n                    <h3>Pr\u00e4zisionsmontage<\/h3>\n                <\/div>\n                <div class=\"overlay-text\">\n                    \n                    <a href=\"https:\/\/seico.fr\/de\/die-loesungen-von-cofidur-seico\/praezisionsmontage-die-loesungen-von-cofidur-seico\/\" class=\"bold uppercase\" title=\"Weitere Informationen\">\n                        Erfahren Sie mehr                    <\/a>                \n                <\/div>\n            <\/div>\n                                    <div class=\"job col-md-6 col-lg-3  odd\"\n                style=\"background-image: url('https:\/\/seico.fr\/wp-content\/uploads\/2025\/05\/seico-outillage-test.jpg')\">\n                <a href=\"https:\/\/seico.fr\/de\/die-loesungen-von-cofidur-seico\/schnittstellen-und-pruefstaende\/\" class=\"overlay\" style=\"background-color:#46c1db\" title=\"Weitere Informationen\"><\/a>\n                <div class=\"overlay overlay-anim\"><\/div>\n\n                <div class=\"col-12 title\">\n                    <h3>Test-Tools<\/h3>\n                <\/div>\n                <div class=\"overlay-text\">\n                    \n                    <a href=\"https:\/\/seico.fr\/de\/die-loesungen-von-cofidur-seico\/schnittstellen-und-pruefstaende\/\" class=\"bold uppercase\" title=\"Weitere Informationen\">\n                        Erfahren Sie mehr                    <\/a>                \n                <\/div>\n            <\/div>\n                                            <\/div>\n                <div class=\"row\">\n            <div class=\"col-8 offset-3\">\n            <a href=\"https:\/\/seico.fr\/de\/die-loesungen-von-cofidur-seico\/\" class=\"bouton primary vert\">Weitere Informationen<\/a>\n            <\/div>\n        <\/div>\n            <\/div>\n\n<\/section>\n\n\n<div style=\"height:100px\" aria-hidden=\"true\" class=\"wp-block-spacer\"><\/div>\n\n\n<div class=\"inner\">\n    <\/div>\n<section id=\"\" class=\"txtImg_container   ModelB  vert\">\n\n    <div class=\"txtImg_content_text\">\n        <h2 class=\"title-deco h1\" style=\"color:\">40 Jahre Expertise in der<br>Elektronikauftragsfertigung<br>f\u00fcr 5 gro\u00dfe Branchen<\/h2><div class=\"text-container\"><p>Die Vielfalt der Akteure, die seit \u00fcber 40 Jahren den Alltag von Cofidur SEICO pr\u00e4gt, hat es dem Unternehmen erm\u00f6glicht, seine Kompetenzen zu erweitern und sein Innovationspotenzial auszubauen. Cofidur SEICO erf\u00fcllt zahlreiche Anforderungen mit hochwertigen Produkten und Spitzentechnologie, die dort zum Einsatz kommt, wo eine herausragende Anpassungsf\u00e4higkeit gefordert ist. <\/p>\n<\/div>    <\/div>\n    <div class=\"txtImg_content_image bg-vert\">\n        <img decoding=\"async\" src=\"https:\/\/seico.fr\/wp-content\/uploads\/2025\/05\/seico-40-ans-expertise.jpg\" alt=\"seico 40 ans expertise\" title=\"seico 40 ans expertise\">    <\/div>\n<\/section>\n\n\n\n<section class=\"block block-ambitions  pb-15 pt-20\" style=\"background-image: url('https:\/\/seico.fr\/wp-content\/uploads\/2024\/12\/bg-accueil-1.jpg');\">\n    <div class=\"overlay\"><\/div>\n    <div class=\"container-fluid inner\">\n        <div class=\"row ambitions pb-4\">\n                                            <div class='col-md-6 col-sm-12 ambition d-flex x-y-center flex-column'>\n                                                                    <div class=\"details\">\n                        <span class=\"text-uppercase bold pb-1 h3  d-block text-white\">Industrieelektronik<\/span>\n                        <p class=\"text-white\">47 % des Gesch\u00e4ftsbereichs von Cofidur SEICO: Kontroll-, Wiege- oder Pumpsysteme, Regulierung und Automatisierung, Terminals und vernetzte Ger\u00e4te, interaktive Terminals, Leuchttafeln, Audioger\u00e4te, Drucker<\/p>\n                    <\/div>\n                <\/div>\n                                <div class='col-md-6 col-sm-12 ambition d-flex x-y-center flex-column'>\n                                                                    <div class=\"details\">\n                        <span class=\"text-uppercase bold pb-1 h3  d-block text-white\">Der Energie- <br>und Umweltsektor<\/span>\n                        <p class=\"text-white\">von der Energieumwandlung \u00fcber Batterieladeger\u00e4te, Heizkessel oder W\u00e4rmepumpen bis hin zur \u00d6lforschung&#8230;<\/p>\n                    <\/div>\n                <\/div>\n                                <div class='col-md-6 col-sm-12 ambition d-flex x-y-center flex-column'>\n                                                                    <div class=\"details\">\n                        <span class=\"text-uppercase bold pb-1 h3  d-block text-white\">Transport und <br>Spezialfahrzeuge<\/span>\n                        <p class=\"text-white\">Materialien f\u00fcr den Schienenverkehr oder Motorsport oder nachger\u00fcstete Ger\u00e4te f\u00fcr die Schifffahrt&#8230;<\/p>\n                    <\/div>\n                <\/div>\n                                <div class='col-md-6 col-sm-12 ambition d-flex x-y-center flex-column'>\n                                                                    <div class=\"details\">\n                        <span class=\"text-uppercase bold pb-1 h3  d-block text-white\">Verteidigung und Sicherheit<\/span>\n                        <p class=\"text-white\">Zugangskontrollsysteme, Zeiterfassungseinrichtungen oder Brandmeldetechnik, aber auch Gegensprechanlagen, Diebstahlschutz- und Verteidigungssysteme.<\/p>\n                    <\/div>\n                <\/div>\n                                <div class='col-md-6 col-sm-12 ambition d-flex x-y-center flex-column'>\n                                                                    <div class=\"details\">\n                        <span class=\"text-uppercase bold pb-1 h3  d-block text-white\">Medizin<\/span>\n                        <p class=\"text-white\">Ultraschall- und Infrarot-Thermographiesysteme, Analyseger\u00e4te, spezielle Ausstattungen<\/p>\n                    <\/div>\n                <\/div>\n                                    <\/div>\n        <div class=\"row\">\n            <div class=\"col-8 offset-3\">\n                <a href=\"https:\/\/seico.fr\/de\/anwendungen-die-maerkte-von-cofidur-seico\/\" class=\"bouton primary vert\">WIE K\u00d6NNEN WIR IHNEN HELFEN?<\/a>\n            <\/div>\n        <\/div>\n<\/section>\n\n\n<section class=\"block block-resultactus pb-10 pt-10 container-fluid\" id=\"nos-actus\">\n    <div class=\"inner\">\n                    <div class=\"row\">\n                                    <div class=\"pl-0 col-lg-12 col-md-12 col-sm-12\">\n                        <h2 class=\"title-deco title-violet\">\n                            Aktuelles                        <\/h2>\n                    <\/div>\n                                <div class=\"col-lg-4 col-md-4 col-sm-6\"><\/div>\n                <div class=\"col-lg-12 col-md-12 col-sm-12\">\n                                            <div class=\"container-fluid\">\n                            <div class=\"row posts results-container\">\n                                                                    <div class=\"pt-4 pb-4 pl-0 actus col-lg-12 col-md-12 col-sm-12 row\">\n                                        <div class=\"col-lg-6 col-md-6 col-sm-12 no-pl\">\n                                            <div class=\"image actus_result_image\">\n                                                                                                    <img decoding=\"async\" src=\"https:\/\/seico.fr\/wp-content\/uploads\/2025\/05\/cofidur-salon-global-industrie.jpg\" alt=\"Cofidur SEICO ist auf der Messe Global Industrie 2025 vertreten!\" title=\"Cofidur SEICO ist auf der Messe Global Industrie 2025 vertreten!\">\n                                                                                            <\/div>\n                                        <\/div>\n                                        <div class=\"col-lg-6 col-md-6 col-sm-12 d-flex x-center flex-column\">\n                                            <div class=\"uppercase light date pb-1\">07\/05\/2026<\/div>\n                                            <h3 class=\"bold h5 text-uppercase pb-2\">Cofidur SEICO ist auf der Messe Global Industrie 2025 vertreten!<\/h3>\n                                                                                        <a href=\"https:\/\/seico.fr\/de\/cofidur-seico-ist-auf-der-messe-global-industrie-2025-vertreten\/\" class=\"bouton secondary\">\n                                            Details anzeigen                                            <\/a>\n                                        <\/div>\n                                    <\/div>\n                                                                    <div class=\"pt-4 pb-4 pl-0 actus col-lg-12 col-md-12 col-sm-12 row\">\n                                        <div class=\"col-lg-6 col-md-6 col-sm-12 no-pl\">\n                                            <div class=\"image actus_result_image\">\n                                                                                                    <img decoding=\"async\" src=\"https:\/\/seico.fr\/wp-content\/uploads\/2025\/05\/cofidur-seico-immersion.jpg\" alt=\"Einblick in das industrielle Know-how von Cofidur SEICO\" title=\"Einblick in das industrielle Know-how von Cofidur SEICO\">\n                                                                                            <\/div>\n                                        <\/div>\n                                        <div class=\"col-lg-6 col-md-6 col-sm-12 d-flex x-center flex-column\">\n                                            <div class=\"uppercase light date pb-1\">07\/05\/2026<\/div>\n                                            <h3 class=\"bold h5 text-uppercase pb-2\">Einblick in das industrielle Know-how von Cofidur SEICO<\/h3>\n                                                                                        <a href=\"https:\/\/seico.fr\/de\/einblick-in-das-industrielle-know-how-von-cofidur-seico\/\" class=\"bouton secondary\">\n                                            Details anzeigen                                            <\/a>\n                                        <\/div>\n                                    <\/div>\n                                                                    <div class=\"pt-4 pb-4 pl-0 actus col-lg-12 col-md-12 col-sm-12 row\">\n                                        <div class=\"col-lg-6 col-md-6 col-sm-12 no-pl\">\n                                            <div class=\"image actus_result_image\">\n                                                                                                    <img decoding=\"async\" src=\"https:\/\/seico.fr\/wp-content\/uploads\/2025\/05\/cofidur-acteur-engage.jpg\" alt=\"Cofidur SEICO setzt sich f\u00fcr die F\u00f6rderung der Industrieberufe bei der jungen Generation ein\" title=\"Cofidur SEICO setzt sich f\u00fcr die F\u00f6rderung der Industrieberufe bei der jungen Generation ein\">\n                                                                                            <\/div>\n                                        <\/div>\n                                        <div class=\"col-lg-6 col-md-6 col-sm-12 d-flex x-center flex-column\">\n                                            <div class=\"uppercase light date pb-1\">07\/05\/2026<\/div>\n                                            <h3 class=\"bold h5 text-uppercase pb-2\">Cofidur SEICO setzt sich f\u00fcr die F\u00f6rderung der Industrieberufe bei der jungen Generation ein<\/h3>\n                                                                                        <a href=\"https:\/\/seico.fr\/de\/cofidur-seico-setzt-sich-fuer-die-foerderung-der-industrieberufe-bei-der-jungen-generation-ein\/\" class=\"bouton secondary\">\n                                            Details anzeigen                                            <\/a>\n                                        <\/div>\n                                    <\/div>\n                                                                    <div class=\"pt-4 pb-4 pl-0 actus col-lg-12 col-md-12 col-sm-12 row\">\n                                        <div class=\"col-lg-6 col-md-6 col-sm-12 no-pl\">\n                                            <div class=\"image actus_result_image\">\n                                                                                                    <img decoding=\"async\" src=\"https:\/\/seico.fr\/wp-content\/uploads\/2025\/01\/Meilleurs-voeux-2025.jpg\" alt=\"Frohes neues Jahr!\" title=\"Frohes neues Jahr!\">\n                                                                                            <\/div>\n                                        <\/div>\n                                        <div class=\"col-lg-6 col-md-6 col-sm-12 d-flex x-center flex-column\">\n                                            <div class=\"uppercase light date pb-1\">07\/05\/2026<\/div>\n                                            <h3 class=\"bold h5 text-uppercase pb-2\">Frohes neues Jahr!<\/h3>\n                                                                                        <a href=\"https:\/\/seico.fr\/de\/frohes-neues-jahr\/\" class=\"bouton secondary\">\n                                            Details anzeigen                                            <\/a>\n                                        <\/div>\n                                    <\/div>\n                                                            <\/div>\n                                                            <div class=\"row more pb-3 pt-3\">\n                                    <div class=\"col-md-8 offset-md-3\">\n                                        <a href=\"\/de\/nachrichten\/\" class=\"bouton primary vert\">\n                                            Alle unsere Nachrichten                                        <\/a>\n                                    <\/div>\n                                <\/div>\n                                                    <\/div>\n                                    <\/div>\n            <\/div>\n            <\/div>\n<\/section>\n\n\n<section class=\"carte_container bg-gris\"><div class=\"inner\"><h2 class=\"h2 bold title-carte\">Wo finden Sie uns?<\/h2><div class=\"map-container flexRow flexColTablet\"><div id=\"map_69fca0f75cd85\" class=\"map\"><\/div><div class=\"implantations-menu d-flex y-center\"><div class=\"implantation-item p-2 bg-blanc\"><h3 class=\"h5 text-bleu\">COFIDUR Seico<\/h3><div class=\"flexRow full\"><p class=\"pr-3 demi\" style=\"font-weight:500\">ZI La Croix Blanche<br \/>\r\n6 rue Jean Moulin<br \/>\r\n44260 MALVILLE<\/p><p class=\"demi light\">Montag bis Freitag: <br \/>\n08.00-16.30 Uhr<\/p><\/div><a href=\"\/contact\/\" class=\"bouton secondary\" title=\"Contacter COFIDUR Seico\">Kontaktieren Sie uns<\/a><\/div><\/div><\/div><\/div><div class=\"website-link-container\"><div class=\"website-link p-5\"><figure> <img decoding=\"async\" src=\"https:\/\/seico.fr\/wp-content\/uploads\/2024\/12\/logo_cofidur.svg\" alt=\"\" title=\"Logo Cofidur EMS\"><\/figure><p class=\"text-uppercase\">Unsere Website<\/p><a href=\"https:\/\/www.cofidur-groupe.com\/\" title=\"Entdecken Sie die COFIDUR-Gruppe\" target=\"_blank\" class=\"bouton secondary\">Entdecken Sie die COFIDUR-Gruppe<\/a><\/div><\/div><\/section><link rel=\"stylesheet\" href=\"https:\/\/unpkg.com\/leaflet@1.7.1\/dist\/leaflet.css\" \/><script src=\"https:\/\/unpkg.com\/leaflet@1.7.1\/dist\/leaflet.js\"><\/script><script>\ndocument.addEventListener(\"DOMContentLoaded\", function() {\n    const mapId = 'map_69fca0f75cd85';\n    const map = L.map(mapId).setView([43.717, -0.5], 5); \/\/ Coordonn\u00e9es et zoom par d\u00e9faut\n\n    L.tileLayer('https:\/\/{s}.tile.openstreetmap.org\/{z}\/{x}\/{y}.png', {\n        attribution: '&copy; <a href=\"https:\/\/www.openstreetmap.org\/copyright\">OpenStreetMap<\/a> contributors'\n    }).addTo(map);\n\n    \/\/ D\u00e9finir l'ic\u00f4ne personnalis\u00e9e\n    const customIcon = L.icon({\n        iconUrl: 'https:\/\/seico.fr\/wp-content\/themes\/chronos\/images\/picto-implantations.svg',\n        iconSize: [38, 38], \/\/ Taille de l'ic\u00f4ne\n        iconAnchor: [19, 38], \/\/ Point de l'ic\u00f4ne qui correspondra \u00e0 la position du marqueur\n        popupAnchor: [0, -38] \/\/ Point depuis lequel la popup doit s'ouvrir par rapport \u00e0 l'ic\u00f4ne\n    });\n\n    \/\/ Ajoutez des marqueurs pour chaque implantation\n        L.marker([47.3519052333154, -1.8686219449291357], {\n            icon: customIcon\n        }).addTo(map)\n        .bindPopup(\"COFIDUR Seico<br>ZI La Croix Blanche<br \\\/>\\r\\n6 rue Jean Moulin<br \\\/>\\r\\n44260 MALVILLE\");\n    \n    \/\/ Ajuster la hauteur de la carte en fonction de la hauteur de .implantations-menu\n    function adjustMapHeight() {\n        if (window.innerWidth > 1023) {\n            const implantationsMenu = document.querySelector('.implantations-menu');\n            const mapElement = document.getElementById(mapId);\n            if (implantationsMenu && mapElement) {\n                mapElement.style.height = implantationsMenu.offsetHeight + 'px';\n                map.invalidateSize();\n            }\n        } else {\n            const mapElement = document.getElementById(mapId);\n            if (mapElement) {\n                mapElement.style.height = '100%';\n                map.invalidateSize();\n            }\n        }\n    }\n\n    \/\/ Ajuster la hauteur de la carte au chargement et au redimensionnement de la fen\u00eatre\n    adjustMapHeight();\n    window.addEventListener('resize', adjustMapHeight);\n});\n<\/script>","protected":false},"excerpt":{"rendered":"","protected":false},"author":2,"featured_media":0,"parent":0,"menu_order":0,"comment_status":"closed","ping_status":"closed","template":"","meta":{"_acf_changed":false,"footnotes":""},"class_list":["post-8011","page","type-page","status-publish","hentry"],"acf":[],"_links":{"self":[{"href":"https:\/\/seico.fr\/de\/wp-json\/wp\/v2\/pages\/8011","targetHints":{"allow":["GET"]}}],"collection":[{"href":"https:\/\/seico.fr\/de\/wp-json\/wp\/v2\/pages"}],"about":[{"href":"https:\/\/seico.fr\/de\/wp-json\/wp\/v2\/types\/page"}],"author":[{"embeddable":true,"href":"https:\/\/seico.fr\/de\/wp-json\/wp\/v2\/users\/2"}],"replies":[{"embeddable":true,"href":"https:\/\/seico.fr\/de\/wp-json\/wp\/v2\/comments?post=8011"}],"version-history":[{"count":4,"href":"https:\/\/seico.fr\/de\/wp-json\/wp\/v2\/pages\/8011\/revisions"}],"predecessor-version":[{"id":8166,"href":"https:\/\/seico.fr\/de\/wp-json\/wp\/v2\/pages\/8011\/revisions\/8166"}],"wp:attachment":[{"href":"https:\/\/seico.fr\/de\/wp-json\/wp\/v2\/media?parent=8011"}],"curies":[{"name":"wp","href":"https:\/\/api.w.org\/{rel}","templated":true}]}}