{"id":8024,"date":"2025-04-28T14:38:28","date_gmt":"2025-04-28T12:38:28","guid":{"rendered":"https:\/\/seico.fr\/?page_id=8024"},"modified":"2025-09-09T16:00:09","modified_gmt":"2025-09-09T14:00:09","slug":"uber-uns","status":"publish","type":"page","link":"https:\/\/seico.fr\/de\/uber-uns\/","title":{"rendered":"\u00dcber uns"},"content":{"rendered":"<section class=\"banner_page \"><div class=\"inner\"><div class=\"banner_page_container banner_width \"><h1 class=\"title-deco \">\u00dcber Cofidur SEICO<\/h1><p class=\"\"><b>Die elektronische Auftragsfertigung beruht auf der Beherrschung komplement\u00e4rer Techniken: von der Entwicklung bis zur Herstellung von Leiterplatten, Baugruppen und Unterbaugruppen, von der Verdrahtung bis zur Integration der entwickelten Systeme, von den Funktionstests bis zur logistischen Abwicklung des Endprodukts \u2013 die dabei eingesetzten Kompetenzen sind sowohl branchen\u00fcbergreifend als auch voneinander abh\u00e4ngig.<\/b><\/p><\/div><\/div><\/section><div class=\"inner\">\n    <\/div>\n<section id=\"\" class=\"txtImg_container  no-circle reverse_bloc ModelB  no-bg vert\">\n\n    <div class=\"txtImg_content_text\">\n        <h2 class=\"title-deco h1\" style=\"color:#3D559A\">Die Werte von Cofidur SEICO<\/h2><div class=\"text-container\"><p><strong><span class=\"uppercase\">der Sinn f\u00fcr Zuh\u00f6ren, Innovation und Beratung<\/span><\/strong><\/p>\n<p>Die elektronische Auftragsfertigung beruht auf der <strong>Beherrschung komplement\u00e4rer Techniken<\/strong>: von der Entwicklung bis zur Herstellung von Leiterplatten, Baugruppen und Unterbaugruppen, von der Verdrahtung bis zur Integration der entwickelten Systeme, von den Funktionstests bis zur logistischen Abwicklung des Endprodukts \u2013 die dabei eingesetzten Kompetenzen sind sowohl branchen\u00fcbergreifend als auch voneinander abh\u00e4ngig.<br \/>\nDar\u00fcber hinaus m\u00fcssen jedoch neben den unverzichtbaren F\u00e4higkeiten zur Entwicklung hochwertiger Produkte auch das spezifische Umfeld jedes Kunden und seine Anforderungen pr\u00e4zise analysiert werden, um <strong>eine L\u00f6sung zu entwerfen, die auf seine spezifischen Erwartungen zugeschnitten ist.<\/strong><\/p>\n<p>Die Industrialisierung komplexer Systeme erfordert nicht nur eine <strong>einwandfreie Produktion<\/strong>, sondern auch das Verst\u00e4ndnis der Anforderungen von Auftraggebern aus unterschiedlichsten Branchen. In diesem Zusammenhang vermittelt SEICO <strong>starke Werte, die auf Zuh\u00f6ren, Innovation und Beratung basieren.<\/strong> <\/p>\n<\/div>    <\/div>\n    <div class=\"txtImg_content_image bg-vert\">\n        <img decoding=\"async\" src=\"https:\/\/seico.fr\/wp-content\/uploads\/2025\/05\/seico-valeurs.jpg\" alt=\"seico valeurs\" title=\"seico valeurs\">    <\/div>\n<\/section>\n<div class=\"inner\">\n    <\/div>\n<section id=\"\" class=\"txtImg_container  no-circle  ModelB  no-bg bleu\">\n\n    <div class=\"txtImg_content_text\">\n        <h2 class=\"title-deco h1\" style=\"color:#3D559A\">Index zur Gleichstellung von Frauen&nbsp;\/&nbsp;M\u00e4nnern<\/h2><div class=\"text-container\"><p>In diesem Jahr ist unser Gleichstellungsindex zwischen Frauen und M\u00e4nnern nicht berechenbar, da die bewertbaren Indikatoren weniger als 75 Punkte ergeben.<\/p>\n<p>Wir teilen Ihnen dennoch die Ergebnisse der berechenbaren Indikatoren mit:<\/p>\n<p>&#8211; Unterschied der Erh\u00f6hungsraten zwischen Frauen und M\u00e4nnern<br \/>\n&#8211; Anzahl der Besch\u00e4ftigten des unterrepr\u00e4sentierten Geschlechts unter den 10 h\u00f6chsten Geh\u00e4ltern<\/p>\n<p><strong>Gesamtergebnis f\u00fcr die 2 Indikatoren: 40\/45<\/strong><\/p>\n<p>Diese Ergebnisse spiegeln unser Engagement f\u00fcr die berufliche Gleichstellung wider sowie unseren Willen, unsere Bem\u00fchungen fortzusetzen, um eine dauerhafte Fairness innerhalb des Unternehmens zu gew\u00e4hrleisten.<\/p>\n\n<\/div>    <\/div>\n    <div class=\"txtImg_content_image bg-bleu\">\n        <img decoding=\"async\" src=\"https:\/\/seico.fr\/wp-content\/uploads\/2025\/05\/seico-egalite-homme-femme.jpg\" alt=\"seico egalite homme femme\" title=\"seico egalite homme femme\">    <\/div>\n<\/section>\n\n\n","protected":false},"excerpt":{"rendered":"","protected":false},"author":2,"featured_media":0,"parent":0,"menu_order":0,"comment_status":"closed","ping_status":"closed","template":"","meta":{"_acf_changed":false,"footnotes":""},"class_list":["post-8024","page","type-page","status-publish","hentry"],"acf":[],"_links":{"self":[{"href":"https:\/\/seico.fr\/de\/wp-json\/wp\/v2\/pages\/8024","targetHints":{"allow":["GET"]}}],"collection":[{"href":"https:\/\/seico.fr\/de\/wp-json\/wp\/v2\/pages"}],"about":[{"href":"https:\/\/seico.fr\/de\/wp-json\/wp\/v2\/types\/page"}],"author":[{"embeddable":true,"href":"https:\/\/seico.fr\/de\/wp-json\/wp\/v2\/users\/2"}],"replies":[{"embeddable":true,"href":"https:\/\/seico.fr\/de\/wp-json\/wp\/v2\/comments?post=8024"}],"version-history":[{"count":2,"href":"https:\/\/seico.fr\/de\/wp-json\/wp\/v2\/pages\/8024\/revisions"}],"predecessor-version":[{"id":8026,"href":"https:\/\/seico.fr\/de\/wp-json\/wp\/v2\/pages\/8024\/revisions\/8026"}],"wp:attachment":[{"href":"https:\/\/seico.fr\/de\/wp-json\/wp\/v2\/media?parent=8024"}],"curies":[{"name":"wp","href":"https:\/\/api.w.org\/{rel}","templated":true}]}}