{"id":8037,"date":"2024-12-05T11:38:21","date_gmt":"2024-12-05T10:38:21","guid":{"rendered":"https:\/\/seico.fr\/?page_id=8037"},"modified":"2025-09-10T12:18:51","modified_gmt":"2025-09-10T10:18:51","slug":"sitemap","status":"publish","type":"page","link":"https:\/\/seico.fr\/de\/sitemap\/","title":{"rendered":"Sitemap"},"content":{"rendered":"<section class=\"banner_page \"><div class=\"inner\"><div class=\"banner_page_container banner_width \"><h1 class=\"title-deco \">Sitemap<\/h1><p class=\"\">Willkommen auf der Plan-Seite der COFIDUR-Website. Hier finden Sie einen strukturierten \u00dcberblick \u00fcber alle auf unserer Website verf\u00fcgbaren Seiten und Abschnitte.<\/p><\/div><\/div><\/section>\n<div style=\"height:5rem\" aria-hidden=\"true\" class=\"wp-block-spacer\"><\/div>\n\n<div class=\"wp-block-group plan_du_site is-layout-constrained wp-block-group-is-layout-constrained\"><ul class=\"wp-block-page-list\"><li class=\"wp-block-pages-list__item\"><a class=\"wp-block-pages-list__item__link\" href=\"https:\/\/seico.fr\/de\/anwendungen-die-maerkte-von-cofidur-seico\/\">Anwendungen \u2013 Die M\u00e4rkte von Cofidur SEICO<\/a><\/li><li class=\"wp-block-pages-list__item\"><a class=\"wp-block-pages-list__item__link\" href=\"https:\/\/seico.fr\/de\/cookie-richtlinie\/\">Cookie-Richtlinie<\/a><\/li><li class=\"wp-block-pages-list__item has-child\"><a class=\"wp-block-pages-list__item__link\" href=\"https:\/\/seico.fr\/de\/die-loesungen-von-cofidur-seico\/\">Die L\u00f6sungen von Cofidur SEICO<\/a><ul class=\"wp-block-navigation__submenu-container\"><li class=\"wp-block-pages-list__item \"><a class=\"wp-block-pages-list__item__link\" href=\"https:\/\/seico.fr\/de\/die-loesungen-von-cofidur-seico\/kabel-und-verkabelungen-die-loesungen-von-cofidur-seico\/\">Kabel und Verkabelungen: die L\u00f6sungen von Cofidur SEICO<\/a><\/li><li class=\"wp-block-pages-list__item \"><a class=\"wp-block-pages-list__item__link\" href=\"https:\/\/seico.fr\/de\/die-loesungen-von-cofidur-seico\/leiterplatten-die-loesungen-von-seico\/\">Leiterplatten: die L\u00f6sungen von SEICO<\/a><\/li><li class=\"wp-block-pages-list__item \"><a class=\"wp-block-pages-list__item__link\" href=\"https:\/\/seico.fr\/de\/die-loesungen-von-cofidur-seico\/praezisionsmontage-die-loesungen-von-cofidur-seico\/\">Pr\u00e4zisionsmontage: die L\u00f6sungen von Cofidur SEICO<\/a><\/li><li class=\"wp-block-pages-list__item \"><a class=\"wp-block-pages-list__item__link\" href=\"https:\/\/seico.fr\/de\/die-loesungen-von-cofidur-seico\/schnittstellen-und-pruefstaende\/\">Schnittstellen und Pr\u00fcfst\u00e4nde<\/a><\/li><\/ul><\/li><li class=\"wp-block-pages-list__item\"><a class=\"wp-block-pages-list__item__link\" href=\"https:\/\/seico.fr\/de\/nachrichten\/\">Nachrichten<\/a><\/li><li class=\"wp-block-pages-list__item menu-item-home\"><a class=\"wp-block-pages-list__item__link\" href=\"https:\/\/seico.fr\/de\/\">Startseite<\/a><\/li><li class=\"wp-block-pages-list__item has-child\"><a class=\"wp-block-pages-list__item__link\" href=\"https:\/\/seico.fr\/de\/uber-uns\/\">\u00dcber uns<\/a><ul class=\"wp-block-navigation__submenu-container\"><li class=\"wp-block-pages-list__item \"><a class=\"wp-block-pages-list__item__link\" href=\"https:\/\/seico.fr\/de\/uber-uns\/cofidur-seico-40-jahre-expertise\/\">Cofidur SEICO: 40 Jahre Expertise<\/a><\/li><li class=\"wp-block-pages-list__item \"><a class=\"wp-block-pages-list__item__link\" href=\"https:\/\/seico.fr\/de\/uber-uns\/qualitaetsansatz\/\">Qualit\u00e4tsansatz<\/a><\/li><\/ul><\/li><li class=\"wp-block-pages-list__item\"><a class=\"wp-block-pages-list__item__link\" href=\"https:\/\/seico.fr\/de\/kontakt\/\">Kontakt<\/a><\/li><li class=\"wp-block-pages-list__item\"><a class=\"wp-block-pages-list__item__link\" href=\"https:\/\/seico.fr\/de\/impressum-und-datenschutzerklarung\/\">Impressum und Datenschutzerkl\u00e4rung<\/a><\/li><li class=\"wp-block-pages-list__item\"><a class=\"wp-block-pages-list__item__link\" href=\"https:\/\/seico.fr\/de\/sitemap\/\">Sitemap<\/a><\/li><\/ul><\/div>\n\n<div style=\"height:10rem\" aria-hidden=\"true\" class=\"wp-block-spacer\"><\/div>\n","protected":false},"excerpt":{"rendered":"","protected":false},"author":2,"featured_media":0,"parent":0,"menu_order":10,"comment_status":"closed","ping_status":"closed","template":"","meta":{"_acf_changed":false,"footnotes":""},"class_list":["post-8037","page","type-page","status-publish","hentry"],"acf":[],"_links":{"self":[{"href":"https:\/\/seico.fr\/de\/wp-json\/wp\/v2\/pages\/8037","targetHints":{"allow":["GET"]}}],"collection":[{"href":"https:\/\/seico.fr\/de\/wp-json\/wp\/v2\/pages"}],"about":[{"href":"https:\/\/seico.fr\/de\/wp-json\/wp\/v2\/types\/page"}],"author":[{"embeddable":true,"href":"https:\/\/seico.fr\/de\/wp-json\/wp\/v2\/users\/2"}],"replies":[{"embeddable":true,"href":"https:\/\/seico.fr\/de\/wp-json\/wp\/v2\/comments?post=8037"}],"version-history":[{"count":3,"href":"https:\/\/seico.fr\/de\/wp-json\/wp\/v2\/pages\/8037\/revisions"}],"predecessor-version":[{"id":8044,"href":"https:\/\/seico.fr\/de\/wp-json\/wp\/v2\/pages\/8037\/revisions\/8044"}],"wp:attachment":[{"href":"https:\/\/seico.fr\/de\/wp-json\/wp\/v2\/media?parent=8037"}],"curies":[{"name":"wp","href":"https:\/\/api.w.org\/{rel}","templated":true}]}}