{"id":8106,"date":"2024-07-02T15:00:02","date_gmt":"2024-07-02T13:00:02","guid":{"rendered":"https:\/\/seico.fr\/?page_id=8106"},"modified":"2025-09-10T12:18:44","modified_gmt":"2025-09-10T10:18:44","slug":"impressum-und-datenschutzerklarung","status":"publish","type":"page","link":"https:\/\/seico.fr\/de\/impressum-und-datenschutzerklarung\/","title":{"rendered":"Impressum und Datenschutzerkl\u00e4rung"},"content":{"rendered":"<section class=\"banner_page \"><div class=\"inner\"><div class=\"banner_page_container banner_width \"><h1 class=\"title-deco title-default\">Impressum und Datenschutzerkl\u00e4rung<\/h1><p class=\"\">Cofidur Seico hat diese Website f\u00fcr die pers\u00f6nliche Information ihrer Nutzer er\u00f6ffnet. Ihre Nutzung der Website unterliegt der Einhaltung der nachstehend detaillierten allgemeinen Zugangs- und Nutzungsbedingungen sowie s\u00e4mtlicher anwendbarer Gesetze (Allgemeine Bedingungen). Durch das Aufrufen, Durchsuchen und Verwenden der Website akzeptieren Sie die Allgemeinen Bedingungen vorbehaltlos.<\/p><\/div><\/div><\/section>\n\n\n<div style=\"height:5rem\" aria-hidden=\"true\" class=\"wp-block-spacer\"><\/div>\n\n\n\n<div class=\"wp-block-group is-layout-constrained wp-block-group-is-layout-constrained\">\n<h2 class=\"wp-block-heading\">Begriffsbestimmungen<\/h2>\n\n\n\n<p><strong>Kunde:<\/strong> Jede beruflich handelnde oder gesch\u00e4ftsf\u00e4hige nat\u00fcrliche Person im Sinne der Artikel 1123 ff. des franz\u00f6sischen Zivilgesetzbuchs oder jede juristische Person, die die in diesen Allgemeinen Gesch\u00e4ftsbedingungen genannten Website besucht.<br><strong>Leistungen und Services:<\/strong> seico.fr stellt den Kunden Folgendes zur Verf\u00fcgung:<br><strong>Inhalte:<\/strong> Gesamtheit der auf der Website bereitgestellten Informationselemente, insbesondere Texte, Bilder und Videos.<br><strong>Kundeninformationen:<\/strong> Nachstehend \u201eInformation(en)\u201c genannt, d. h. s\u00e4mtliche personenbezogenen Daten, die seico.fr zur Verwaltung Ihres Kontos, zur Kundenbeziehungsverwaltung sowie zu Analyse- und Statistikzwecken vorhalten kann.<br><strong>Nutzer:<\/strong> Internetnutzer, der sich mit der vorgenannten Website verbindet und diese nutzt.<br><strong>Personenbezogene Daten:<\/strong> \u201eAlle Informationen, die in welcher Form auch immer, direkt oder indirekt, die Identifizierung der nat\u00fcrlichen Personen erm\u00f6glichen, auf die sie sich beziehen\u201c (Artikel 4 des Gesetzes Nr. 78-17 vom 6. Januar 1978).<br>Die Begriffe \u201epersonenbezogene Daten\u201c, \u201ebetroffene Person\u201c, \u201eAuftragsverarbeiter\u201c und \u201esensible Daten\u201c haben die Bedeutung, die ihnen in der Datenschutz-Grundverordnung (DSGVO: Nr. 2016\/679) zugewiesen wird.<\/p>\n\n\n\n<h2 class=\"wp-block-heading\">1. Darstellung der Website<\/h2>\n\n\n\n<p>Gem\u00e4\u00df Artikel 6 des Gesetzes Nr. 2004-575 vom 21. Juni 2004 f\u00fcr Vertrauen in die digitale Wirtschaft werden den Nutzern der Website seico.fr die Identit\u00e4t der an ihrer Erstellung und Pflege beteiligten Akteure mitgeteilt:<br><strong>Inhaber:<\/strong> SAS SEICO<br><strong>Pr\u00e4sident:<\/strong> Herr Eric LAMBOLEY<br><strong>Sitz:<\/strong> 6, rue Jean Moulin, 44260 MALVILLE<br><strong>Kapital:<\/strong> 500 000 Euro<br><strong>SIRET-Nr.:<\/strong> 321 523 466 00027<br><strong>USt-IdNr.:<\/strong> FR82321523466<br><strong>APE-Code:<\/strong> 2612 Z<br><strong>Gr\u00fcndungsdatum:<\/strong> Juni 2025<br><strong>Verantwortlicher f\u00fcr die Ver\u00f6ffentlichung:<\/strong> SEICO \u2013 <a href=\"mailto:contact@seico.fr\">contact@seico.fr<\/a><br>Der Verantwortliche f\u00fcr die Ver\u00f6ffentlichung kann eine nat\u00fcrliche oder juristische Person sein.<br><strong>Konzeption:<\/strong> Mediapilote Laval<br><strong>Hoster:<\/strong> OVH<br><strong>Datenschutzbeauftragter:<\/strong><\/p>\n\n\n\n<h2 class=\"wp-block-heading\">2. Allgemeine Nutzungsbedingungen der Website und der angebotenen Dienste<\/h2>\n\n\n\n<p>Die Website ist ein urheberrechtlich gesch\u00fctztes Werk im Sinne des franz\u00f6sischen Gesetzbuchs \u00fcber geistiges Eigentum sowie der anwendbaren internationalen Regelwerke.<br>Der Kunde darf Elemente oder Arbeiten der Website in keiner Weise f\u00fcr eigene Zwecke wiederverwenden, \u00fcbertragen oder verwerten.<\/p>\n\n\n\n<p>Die Nutzung der Website seico.fr setzt die vollst\u00e4ndige und vorbehaltlose Annahme der nachstehend beschriebenen allgemeinen Nutzungsbedingungen voraus. Diese Nutzungsbedingungen k\u00f6nnen jederzeit ge\u00e4ndert oder erg\u00e4nzt werden; die Nutzer von seico.fr werden daher aufgefordert, sie regelm\u00e4\u00dfig einzusehen.<\/p>\n\n\n\n<p>Diese Website ist den Nutzern grunds\u00e4tzlich jederzeit zug\u00e4nglich. Eine Unterbrechung aus Gr\u00fcnden der technischen Wartung kann jedoch von seico.fr beschlossen werden; seico.fr wird sich bem\u00fchen, die Nutzer vorab \u00fcber Datum und Uhrzeit der Ma\u00dfnahme zu informieren.<br>Die Website seico.fr wird regelm\u00e4\u00dfig durch den Verantwortlichen aktualisiert. Ebenso k\u00f6nnen die rechtlichen Hinweise jederzeit ge\u00e4ndert werden; sie sind dennoch f\u00fcr den Nutzer verbindlich, der aufgefordert ist, sie so h\u00e4ufig wie m\u00f6glich zur Kenntnis zu nehmen.<\/p>\n\n\n\n<h2 class=\"wp-block-heading\">3. Beschreibung der erbrachten Dienste<\/h2>\n\n\n\n<p>Zweck der Website seico.fr ist die Bereitstellung von Informationen \u00fcber s\u00e4mtliche T\u00e4tigkeiten des Unternehmens.<br>seico.fr ist bestrebt, auf der Website seico.fr m\u00f6glichst genaue Informationen bereitzustellen. Gleichwohl kann seico.fr nicht f\u00fcr Vers\u00e4umnisse, Ungenauigkeiten oder Aktualisierungsm\u00e4ngel haftbar gemacht werden, gleichg\u00fcltig ob diese von seico.fr selbst oder von Dritten herr\u00fchren, die diese Informationen liefern.<\/p>\n\n\n\n<p>Alle auf seico.fr angegebenen Informationen dienen ausschlie\u00dflich Informationszwecken und k\u00f6nnen sich \u00e4ndern. Zudem sind die auf seico.fr aufgef\u00fchrten Angaben nicht vollst\u00e4ndig. Sie erfolgen vorbehaltlich nachtr\u00e4glicher \u00c4nderungen seit ihrer Online-Stellung.<\/p>\n\n\n\n<h2 class=\"wp-block-heading\">4. Vertragliche Beschr\u00e4nkungen technischer Daten<\/h2>\n\n\n\n<p>Die Website verwendet JavaScript-Technologie.<\/p>\n\n\n\n<p>Die Website kann nicht f\u00fcr materielle Sch\u00e4den haftbar gemacht werden, die im Zusammenhang mit der Nutzung der Website stehen. Dar\u00fcber hinaus verpflichtet sich der Nutzer, mit aktueller, virenfreier Hardware und einem aktualisierten Browser der neuesten Generation auf die Website zuzugreifen.<br>Die Website seico.fr wird bei einem Dienstleister innerhalb der Europ\u00e4ischen Union gehostet, in \u00dcbereinstimmung mit den Bestimmungen der Datenschutz-Grundverordnung (DSGVO: Nr. 2016\/679).<\/p>\n\n\n\n<p>Ziel ist die Erbringung einer Leistung mit bestm\u00f6glicher Verf\u00fcgbarkeit. Der Hoster stellt die Kontinuit\u00e4t seines Dienstes rund um die Uhr, an allen Tagen des Jahres, sicher. Er beh\u00e4lt sich jedoch das Recht vor, den Hostingdienst f\u00fcr die k\u00fcrzest m\u00f6glichen Zeitr\u00e4ume zu unterbrechen, insbesondere zu Wartungszwecken, zur Verbesserung seiner Infrastruktur, bei St\u00f6rungen seiner Infrastruktur oder wenn die Leistungen und Dienste ein als abnormal erachtetes Verkehrsaufkommen erzeugen.<\/p>\n\n\n\n<p>seico.fr und der Hoster haften nicht f\u00fcr Fehlfunktionen des Internets, Telefonleitungen oder der IT- und Telefon-Hardware, insbesondere bei Netz\u00fcberlastung, die den Zugriff auf den Server verhindert.<\/p>\n\n\n\n<h2 class=\"wp-block-heading\">5. Geistiges Eigentum und F\u00e4lschungen<\/h2>\n\n\n\n<p>seico.fr ist Inhaber der Rechte des geistigen Eigentums und verf\u00fcgt \u00fcber die Nutzungsrechte an allen auf der Website zug\u00e4nglichen Elementen, insbesondere Texte, Bilder, Grafiken, Logos, Videos, Symbole und T\u00f6ne.<br>Jegliche Vervielf\u00e4ltigung, Darstellung, \u00c4nderung, Ver\u00f6ffentlichung oder Anpassung s\u00e4mtlicher oder eines Teils der Elemente der Website, unabh\u00e4ngig von Verfahren oder Mittel, ist ohne vorherige schriftliche Genehmigung von seico.fr untersagt.<\/p>\n\n\n\n<p>Jede unbefugte Nutzung der Website oder eines ihrer Bestandteile gilt als Verletzung und wird gem\u00e4\u00df den Artikeln L.335-2 ff. des franz\u00f6sischen Gesetzbuchs \u00fcber geistiges Eigentum verfolgt.<\/p>\n\n\n\n<h2 class=\"wp-block-heading\">6. Haftungsbeschr\u00e4nkungen<\/h2>\n\n\n\n<p>seico.fr tritt als Herausgeber der Website auf. seico.fr ist f\u00fcr die Qualit\u00e4t und Richtigkeit der von ihm ver\u00f6ffentlichten Inhalte verantwortlich.<\/p>\n\n\n\n<p>seico.fr kann nicht f\u00fcr direkte oder indirekte Sch\u00e4den haftbar gemacht werden, die am Ger\u00e4t des Nutzers bei Zugriff auf die Website seico.fr entstehen und die entweder auf die Nutzung von Ger\u00e4ten zur\u00fcckzuf\u00fchren sind, die nicht den in Abschnitt 4 angegebenen Spezifikationen entsprechen, oder auf das Auftreten eines Bugs oder einer Inkompatibilit\u00e4t.<\/p>\n\n\n\n<p>seico.fr haftet ebenfalls nicht f\u00fcr indirekte Sch\u00e4den (z. B. Marktverlust oder entgangene Chancen), die sich aus der Nutzung der Website seico.fr ergeben.<br>Interaktive Bereiche (M\u00f6glichkeit zur Kontaktaufnahme \u00fcber einen Kontaktbereich) stehen den Nutzern zur Verf\u00fcgung. seico.fr beh\u00e4lt sich das Recht vor, ohne vorherige Abmahnung Inhalte zu l\u00f6schen, die in diesem Bereich eingestellt wurden und gegen die in Frankreich geltenden gesetzlichen Bestimmungen, insbesondere zum Datenschutz, versto\u00dfen. Gegebenenfalls beh\u00e4lt sich seico.fr au\u00dferdem vor, die zivil- und\/oder strafrechtliche Haftung des Nutzers geltend zu machen, insbesondere im Falle rassistischer, beleidigender, verleumderischer oder pornografischer Nachrichten, unabh\u00e4ngig vom verwendeten Medium (Text, Foto usw.).<\/p>\n\n\n\n<h2 class=\"wp-block-heading\">7. Verwaltung personenbezogener Daten<\/h2>\n\n\n\n<p>Der Kunde wird \u00fcber die f\u00fcr Marketingkommunikation geltenden Vorschriften, das Gesetz vom 21. Juni 2014 \u00fcber Vertrauen in die digitale Wirtschaft, das Datenschutzgesetz vom 6. August 2004 sowie die Datenschutz-Grundverordnung (DSGVO: Nr. 2016\/679) informiert.<\/p>\n\n\n\n<h3 class=\"wp-block-heading\">7.1 Verantwortliche f\u00fcr die Erhebung personenbezogener Daten<\/h3>\n\n\n\n<p>F\u00fcr die im Rahmen der Erstellung des pers\u00f6nlichen Kontos des Nutzers und seiner Navigation auf der Website erhobenen personenbezogenen Daten ist der Verantwortliche f\u00fcr die Verarbeitung: SEICO. seico.fr wird durch seinen gesetzlichen Vertreter Eric LAMBOLEY vertreten.<\/p>\n\n\n\n<p>Als Verantwortlicher f\u00fcr die von ihm verarbeiteten Daten verpflichtet sich seico.fr, den geltenden gesetzlichen Rahmen einzuhalten. Insbesondere obliegt es seico.fr, die Zwecke seiner Datenverarbeitungen festzulegen, seinen Interessenten und Kunden ab Einholung ihrer Einwilligungen umfassende Informationen \u00fcber die Verarbeitung ihrer personenbezogenen Daten bereitzustellen und ein Verzeichnis der Verarbeitungst\u00e4tigkeiten zu f\u00fchren, das der Realit\u00e4t entspricht.<br>Jedes Mal, wenn seico.fr personenbezogene Daten verarbeitet, ergreift seico.fr alle angemessenen Ma\u00dfnahmen, um die Richtigkeit und Relevanz der personenbezogenen Daten in Bezug auf die Zwecke sicherzustellen, f\u00fcr die seico.fr sie verarbeitet.<\/p>\n\n\n\n<h3 class=\"wp-block-heading\">7.2 Zweck der erhobenen Daten<\/h3>\n\n\n\n<p>seico.fr kann s\u00e4mtliche oder einen Teil der Daten verarbeiten, um:<\/p>\n\n\n\n<ul class=\"wp-block-list\">\n<li>die Navigation auf der Website sowie die Verwaltung und Nachverfolgbarkeit der vom Nutzer bestellten Leistungen und Dienste zu erm\u00f6glichen: Verbindungs- und Nutzungsdaten der Website usw.;<\/li>\n\n\n\n<li>Computerbetrug (Spamming, Hacking usw.) zu verhindern und zu bek\u00e4mpfen: verwendete Hardware f\u00fcr die Navigation, IP-Adresse;<\/li>\n\n\n\n<li>die Navigation auf der Website zu verbessern: Verbindungs- und Nutzungsdaten;<\/li>\n\n\n\n<li>fakultative Zufriedenheitsumfragen zu seico.fr durchzuf\u00fchren: E-Mail-Adresse;<\/li>\n\n\n\n<li>Kommunikationskampagnen (SMS, E-Mail) durchzuf\u00fchren: Telefonnummer, E-Mail-Adresse.<\/li>\n<\/ul>\n\n\n\n<p>seico.fr ver\u00e4u\u00dfert Ihre personenbezogenen Daten nicht; sie werden ausschlie\u00dflich bei Erforderlichkeit oder zu statistischen und Analysezwecken verwendet.<\/p>\n\n\n\n<h3 class=\"wp-block-heading\">7.3 Rechte auf Auskunft, Berichtigung und Widerspruch<\/h3>\n\n\n\n<p>Gem\u00e4\u00df der geltenden europ\u00e4ischen Regelung verf\u00fcgen die Nutzer von seico.fr \u00fcber die folgenden Rechte:<\/p>\n\n\n\n<ul class=\"wp-block-list\">\n<li>Recht auf Auskunft (Artikel 15 DSGVO) und Berichtigung (Artikel 16 DSGVO), Aktualisierung, Vervollst\u00e4ndigung der Nutzerdaten; Recht auf Sperrung oder L\u00f6schung personenbezogener Nutzerdaten (Artikel 17 DSGVO), wenn diese ungenau, unvollst\u00e4ndig, mehrdeutig oder veraltet sind oder deren Erhebung, Nutzung, Weitergabe oder Aufbewahrung untersagt ist;<\/li>\n\n\n\n<li>Recht, eine Einwilligung jederzeit zu widerrufen (Artikel 13-2 c DSGVO);<\/li>\n\n\n\n<li>Recht auf Einschr\u00e4nkung der Verarbeitung (Artikel 18 DSGVO);<\/li>\n\n\n\n<li>Recht auf Widerspruch gegen die Verarbeitung (Artikel 21 DSGVO);<\/li>\n\n\n\n<li>Recht auf Daten\u00fcbertragbarkeit der von den Nutzern bereitgestellten Daten, sofern diese einer automatisierten Verarbeitung auf Grundlage ihrer Einwilligung oder eines Vertrags unterliegen (Artikel 20 DSGVO);<\/li>\n\n\n\n<li>Recht, \u00fcber das Schicksal der Daten nach dem Tod zu verf\u00fcgen und zu bestimmen, wem seico.fr die Daten (nicht) mitteilen soll.<\/li>\n<\/ul>\n\n\n\n<p>Sobald seico.fr vom Tod eines Nutzers Kenntnis erlangt und sofern keine Weisungen vorliegen, verpflichtet sich seico.fr, dessen Daten zu l\u00f6schen, es sei denn, ihre Aufbewahrung ist zu Beweiszwecken oder zur Erf\u00fcllung einer gesetzlichen Pflicht erforderlich.<\/p>\n\n\n\n<p>M\u00f6chte der Nutzer erfahren, wie seico.fr seine personenbezogenen Daten verwendet, deren Berichtigung verlangen oder der Verarbeitung widersprechen, kann er seico.fr schriftlich unter folgender Adresse kontaktieren:<\/p>\n\n\n\n<p>SAS SEICO \u2013 6, rue Jean Moulin, 44260 MALVILLE<\/p>\n\n\n\n<p>In diesem Fall muss der Nutzer die personenbezogenen Daten angeben, die seico.fr berichtigen, aktualisieren oder l\u00f6schen soll, und sich durch eine Kopie eines Ausweisdokuments (Personalausweis oder Reisepass) eindeutig identifizieren.<\/p>\n\n\n\n<p>Antr\u00e4ge auf L\u00f6schung personenbezogener Daten unterliegen den gesetzlichen Pflichten von seico.fr, insbesondere hinsichtlich Aufbewahrung oder Archivierung von Dokumenten. Schlie\u00dflich k\u00f6nnen die Nutzer von seico.fr bei den Aufsichtsbeh\u00f6rden, insbesondere der CNIL (<a href=\"http:\/\/www.cnil.fr\/fr\/plaintes\">http:\/\/www.cnil.fr\/fr\/plaintes<\/a>), Beschwerde einlegen.<\/p>\n\n\n\n<h3 class=\"wp-block-heading\">7.4 Nichtweitergabe personenbezogener Daten<\/h3>\n\n\n\n<p>seico.fr verpflichtet sich, die \u00fcber seine Kunden erhobenen Informationen nicht in ein Land au\u00dferhalb der Europ\u00e4ischen Union oder in ein von der Europ\u00e4ischen Kommission als \u201enicht angemessen\u201c eingestuftes Land zu verarbeiten, zu hosten oder zu \u00fcbertragen, ohne den Kunden zuvor zu informieren. Dennoch bleibt seico.fr frei in der Wahl seiner technischen und kaufm\u00e4nnischen Auftragsverarbeiter, sofern diese ausreichende Garantien im Hinblick auf die Anforderungen der DSGVO (Nr. 2016\/679) bieten.<\/p>\n\n\n\n<p>seico.fr verpflichtet sich, alle notwendigen Vorkehrungen zu treffen, um die Sicherheit der Informationen zu gew\u00e4hrleisten und insbesondere deren Weitergabe an Unbefugte zu verhindern. Sollte seico.fr von einem Vorfall Kenntnis erlangen, der die Integrit\u00e4t oder Vertraulichkeit von Kundeninformationen beeintr\u00e4chtigt, wird seico.fr den Kunden schnellstm\u00f6glich informieren und die ergriffenen Korrekturma\u00dfnahmen mitteilen. Dar\u00fcber hinaus erhebt seico.fr keine \u201esensiblen Daten\u201c.<\/p>\n\n\n\n<p>Personenbezogene Daten des Nutzers k\u00f6nnen von Tochtergesellschaften von seico.fr sowie von Auftragsverarbeitern (Dienstleistern) ausschlie\u00dflich zur Erf\u00fcllung der Zwecke dieser Richtlinie verarbeitet werden.<\/p>\n\n\n\n<p>Im Rahmen ihrer jeweiligen Zust\u00e4ndigkeiten und f\u00fcr die oben genannten Zwecke sind die Hauptpersonen, die Zugang zu den Daten der Nutzer von seico.fr haben k\u00f6nnten, vor allem die Mitarbeiter unseres Kundendienstes.<\/p>\n\n\n\n<h3 class=\"wp-block-heading\">7.5 Arten der erhobenen Daten<\/h3>\n\n\n\n<p>F\u00fcr Nutzer einer Website von seico.fr erheben wir die folgenden, f\u00fcr das Funktionieren des Dienstes unerl\u00e4sslichen Daten, die bis zu maximal 60 Monaten nach Beendigung der Vertragsbeziehung aufbewahrt werden:<br>Name, Vorname, Postanschrift, Telefonnummer, E-Mail-Adressen, Informationen zur Barrierefreiheit der Wohnung.<\/p>\n\n\n\n<p>Dar\u00fcber hinaus erhebt seico.fr Informationen zur Verbesserung der Nutzererfahrung und zur Bereitstellung kontextbezogener Hinweise:<br>Google-Analytics-Cookies.<\/p>\n\n\n\n<p>Diese Daten werden f\u00fcr einen Zeitraum von maximal 60 Monaten nach Beendigung der Vertragsbeziehung aufbewahrt.<\/p>\n\n\n\n<h2 class=\"wp-block-heading\">8. Meldung von Sicherheitsvorf\u00e4llen<\/h2>\n\n\n\n<p>Trotz aller Bem\u00fchungen ist keine Methode der Internet\u00fcbertragung und keine Methode der elektronischen Speicherung v\u00f6llig sicher. Folglich k\u00f6nnen wir keine absolute Sicherheit garantieren.<br>Sollten wir von einer Sicherheitsl\u00fccke Kenntnis erlangen, werden wir die betroffenen Nutzer benachrichtigen, damit sie geeignete Ma\u00dfnahmen ergreifen k\u00f6nnen. Unsere Verfahren zur Meldung von Sicherheitsvorf\u00e4llen ber\u00fccksichtigen unsere gesetzlichen Verpflichtungen auf nationaler wie europ\u00e4ischer Ebene. Wir verpflichten uns, unsere Kunden umfassend \u00fcber alle Fragen zu informieren, die die Sicherheit ihres Kontos betreffen, und ihnen alle erforderlichen Informationen zur Verf\u00fcgung zu stellen, um ihnen bei der Erf\u00fcllung ihrer regulatorischen Meldepflichten zu helfen.<\/p>\n\n\n\n<p>Ohne Wissen des Nutzers werden keine personenbezogenen Daten des Nutzers der Website seico.fr ver\u00f6ffentlicht, ausgetauscht, \u00fcbertragen, abgetreten oder auf irgendeinem Medium an Dritte verkauft. Nur im Falle eines Erwerbs von seico.fr und seiner Rechte k\u00f6nnten die genannten Informationen an den potenziellen Erwerber \u00fcbertragen werden, der seinerseits an dieselben Pflichten zur Aufbewahrung und \u00c4nderung der Daten gegen\u00fcber dem Nutzer der Website seico.fr gebunden w\u00e4re.<\/p>\n\n\n\n<h3 class=\"wp-block-heading\">Sicherheit<\/h3>\n\n\n\n<p>Zur Gew\u00e4hrleistung der Sicherheit und Vertraulichkeit personenbezogener Daten sowie personenbezogener Gesundheitsdaten verwendet seico.fr durch Standardvorrichtungen gesch\u00fctzte Netzwerke wie Firewalls, Pseudonymisierung, Verschl\u00fcsselung und Passw\u00f6rter.<\/p>\n\n\n\n<p>Bei der Verarbeitung personenbezogener Daten ergreift seico.fr alle angemessenen Ma\u00dfnahmen, um sie gegen Verlust, missbr\u00e4uchliche Verwendung, unbefugten Zugriff, Offenlegung, Ver\u00e4nderung oder Zerst\u00f6rung zu sch\u00fctzen.<\/p>\n\n\n\n<h2 class=\"wp-block-heading\">9. Hyperlinks, \u201eCookies\u201c und Internet-Tags<\/h2>\n\n\n\n<p>Die Website seico.fr enth\u00e4lt eine Reihe von Hyperlinks zu anderen Websites, die mit Genehmigung von seico.fr eingerichtet wurden. seico.fr ist jedoch nicht in der Lage, die Inhalte der so besuchten Websites zu \u00fcberpr\u00fcfen und \u00fcbernimmt daher hierf\u00fcr keinerlei Verantwortung.<\/p>\n\n\n\n<p>Sofern Sie Cookies nicht deaktivieren, erkl\u00e4ren Sie sich damit einverstanden, dass die Website diese verwenden kann. Sie k\u00f6nnen diese Cookies jederzeit und kostenlos \u00fcber die nachstehend angegebenen Deaktivierungsm\u00f6glichkeiten deaktivieren; dies kann jedoch den Zugriff auf einen Teil oder alle von der Website angebotenen Dienste einschr\u00e4nken oder verhindern.<\/p>\n\n\n\n<h3 class=\"wp-block-heading\">9.1 \u201eCOOKIES\u201c<\/h3>\n\n\n\n<p>Ein \u201eCookie\u201c ist eine kleine Informationsdatei, die an den Browser des Nutzers gesendet und auf dem Endger\u00e4t des Nutzers (z. B. Computer, Smartphone) gespeichert wird (nachfolgend \u201eCookies\u201c). Diese Datei enth\u00e4lt Informationen wie den Domainnamen des Nutzers, dessen Internetdienstanbieter, dessen Betriebssystem sowie Datum und Uhrzeit des Zugriffs. Cookies k\u00f6nnen das Endger\u00e4t des Nutzers in keinem Fall besch\u00e4digen.<\/p>\n\n\n\n<p>seico.fr kann Informationen des Nutzers \u00fcber dessen Besuch auf der Website verarbeiten, etwa die aufgerufenen Seiten und durchgef\u00fchrten Suchanfragen. Diese Informationen erm\u00f6glichen es seico.fr, die Inhalte der Website und die Navigation des Nutzers zu verbessern.<\/p>\n\n\n\n<p>Da Cookies die Navigation und\/oder die Bereitstellung der auf der Website angebotenen Dienste erleichtern, kann der Nutzer seinen Browser so konfigurieren, dass er entscheidet, ob er Cookies akzeptiert, sodass Cookies auf dem Endger\u00e4t gespeichert werden, oder ob er sie ablehnt \u2013 entweder systematisch oder je nach Herausgeber. Der Nutzer kann seine Browsersoftware auch so konfigurieren, dass die Annahme oder Ablehnung von Cookies fallweise vorgeschlagen wird, bevor ein Cookie auf seinem Endger\u00e4t gespeichert wird. seico.fr weist den Nutzer darauf hin, dass in diesem Fall m\u00f6glicherweise nicht alle Funktionen seiner Browsersoftware verf\u00fcgbar sind.<\/p>\n\n\n\n<p>Lehnt der Nutzer die Speicherung von Cookies auf seinem Endger\u00e4t oder in seinem Browser ab oder l\u00f6scht er gespeicherte Cookies, wird er darauf hingewiesen, dass seine Navigation und Erfahrung auf der Website eingeschr\u00e4nkt sein k\u00f6nnen. Dies kann auch der Fall sein, wenn seico.fr oder einer seiner Dienstleister aus technischen Kompatibilit\u00e4tsgr\u00fcnden den vom Endger\u00e4t verwendeten Browsertyp, die Sprach- und Anzeigeeinstellungen oder das Land, von dem aus das Endger\u00e4t mit dem Internet verbunden scheint, nicht erkennen kann.<\/p>\n\n\n\n<p>Gegebenenfalls lehnt seico.fr jede Verantwortung f\u00fcr Folgen ab, die mit einer beeintr\u00e4chtigten Funktionsweise der Website und der ggf. angebotenen Dienste verbunden sind und die (i) aus der Ablehnung von Cookies durch den Nutzer oder (ii) aus der Unm\u00f6glichkeit f\u00fcr seico.fr resultieren, Cookies zu speichern oder einzusehen, die f\u00fcr deren Betrieb erforderlich sind, aufgrund der Wahl des Nutzers. Zur Verwaltung von Cookies und Nutzerpr\u00e4ferenzen ist die Konfiguration jedes Browsers unterschiedlich. Sie ist im Hilfemen\u00fc des Browsers beschrieben, das erl\u00e4utert, wie der Nutzer seine Cookie-Einstellungen \u00e4ndern kann.<\/p>\n\n\n\n<p>Der Nutzer kann jederzeit seine Pr\u00e4ferenzen in Bezug auf Cookies \u00e4u\u00dfern und \u00e4ndern. seico.fr kann zudem externe Dienstleister beauftragen, bei der Erhebung und Verarbeitung der in diesem Abschnitt beschriebenen Informationen zu helfen.<\/p>\n\n\n\n<p>Schlie\u00dflich k\u00f6nnen durch Anklicken der auf der Website von seico.fr oder in der mobilen Anwendung angezeigten Symbole der sozialen Netzwerke Twitter, Facebook, LinkedIn und Google Plus \u2013 und sofern der Nutzer der Speicherung von Cookies zugestimmt hat, indem er seine Navigation auf der Website oder in der mobilen Anwendung von seico.fr fortgesetzt hat \u2013 Twitter, Facebook, LinkedIn und Google Plus ebenfalls Cookies auf Ihren Endger\u00e4ten (Computer, Tablet, Mobiltelefon) speichern.<\/p>\n\n\n\n<p>Diese Arten von Cookies werden nur dann auf Ihren Endger\u00e4ten gespeichert, wenn Sie dem zustimmen, indem Sie Ihre Navigation auf der Website oder in der mobilen Anwendung von seico.fr fortsetzen. Der Nutzer kann seine Zustimmung zur Speicherung dieser Art von Cookies durch seico.fr jederzeit widerrufen.<\/p>\n\n\n\n<h3 class=\"wp-block-heading\">9.2 INTERNET-TAGS<\/h3>\n\n\n\n<p>seico.fr kann gelegentlich Internet-Tags (auch \u201eTags\u201c, Aktions-Tags, 1-Pixel-GIFs, Clear GIFs, unsichtbare GIFs, Single-Pixel-GIFs genannt) einsetzen und sie \u00fcber einen auf Webanalysen spezialisierten Partner implementieren, der sich in einem Drittland befinden kann (und somit die entsprechenden Informationen, einschlie\u00dflich der IP-Adresse des Nutzers, speichern kann).<\/p>\n\n\n\n<p>Diese Tags werden sowohl in Online-Werbeanzeigen platziert, die den Zugang zur Website erm\u00f6glichen, als auch auf den verschiedenen Seiten der Website selbst.<br>Diese Technologie erm\u00f6glicht es seico.fr, die Reaktionen der Besucher auf die Website und die Wirksamkeit seiner Ma\u00dfnahmen zu bewerten (z. B. die Anzahl der \u00d6ffnungen einer Seite und die eingesehenen Informationen) sowie die Nutzung dieser Website durch den Nutzer.<\/p>\n\n\n\n<p>Der externe Dienstleister kann mithilfe dieser Tags Informationen \u00fcber Besucher der Website und anderer Websites erheben, Berichte \u00fcber die Aktivit\u00e4t der Website f\u00fcr seico.fr erstellen und andere Dienstleistungen im Zusammenhang mit der Nutzung der Website und des Internets erbringen.<\/p>\n\n\n\n<h2 class=\"wp-block-heading\">10. Anwendbares Recht und Gerichtsstand<\/h2>\n\n\n\n<p>Jeder Streitfall im Zusammenhang mit der Nutzung der Website seico.fr unterliegt franz\u00f6sischem Recht.<br>Soweit gesetzlich zul\u00e4ssig, wird die ausschlie\u00dfliche Zust\u00e4ndigkeit den zust\u00e4ndigen Gerichten des Handels- und Gesellschaftsregisters (RCS) NANTES zugewiesen.<\/p>\n<\/div>\n\n\n\n<div style=\"height:10rem\" aria-hidden=\"true\" class=\"wp-block-spacer\"><\/div>\n","protected":false},"excerpt":{"rendered":"<p>Begriffsbestimmungen Kunde: Jede beruflich handelnde oder gesch\u00e4ftsf\u00e4hige nat\u00fcrliche Person im Sinne der Artikel 1123 ff. des franz\u00f6sischen Zivilgesetzbuchs oder jede juristische Person, die die in diesen Allgemeinen Gesch\u00e4ftsbedingungen genannten Website besucht.Leistungen und Services: seico.fr stellt den Kunden Folgendes zur Verf\u00fcgung:Inhalte: Gesamtheit der auf der Website bereitgestellten Informationselemente, insbesondere Texte, Bilder und Videos.Kundeninformationen: Nachstehend \u201eInformation(en)\u201c genannt, [&hellip;]<\/p>\n","protected":false},"author":2,"featured_media":0,"parent":0,"menu_order":7,"comment_status":"closed","ping_status":"closed","template":"","meta":{"_acf_changed":false,"footnotes":""},"class_list":["post-8106","page","type-page","status-publish","hentry"],"acf":[],"_links":{"self":[{"href":"https:\/\/seico.fr\/de\/wp-json\/wp\/v2\/pages\/8106","targetHints":{"allow":["GET"]}}],"collection":[{"href":"https:\/\/seico.fr\/de\/wp-json\/wp\/v2\/pages"}],"about":[{"href":"https:\/\/seico.fr\/de\/wp-json\/wp\/v2\/types\/page"}],"author":[{"embeddable":true,"href":"https:\/\/seico.fr\/de\/wp-json\/wp\/v2\/users\/2"}],"replies":[{"embeddable":true,"href":"https:\/\/seico.fr\/de\/wp-json\/wp\/v2\/comments?post=8106"}],"version-history":[{"count":2,"href":"https:\/\/seico.fr\/de\/wp-json\/wp\/v2\/pages\/8106\/revisions"}],"predecessor-version":[{"id":8109,"href":"https:\/\/seico.fr\/de\/wp-json\/wp\/v2\/pages\/8106\/revisions\/8109"}],"wp:attachment":[{"href":"https:\/\/seico.fr\/de\/wp-json\/wp\/v2\/media?parent=8106"}],"curies":[{"name":"wp","href":"https:\/\/api.w.org\/{rel}","templated":true}]}}