{"id":8131,"date":"2025-09-10T11:22:51","date_gmt":"2025-09-10T09:22:51","guid":{"rendered":"https:\/\/seico.fr\/?page_id=8131"},"modified":"2025-09-10T12:10:26","modified_gmt":"2025-09-10T10:10:26","slug":"cookie-richtlinie","status":"publish","type":"page","link":"https:\/\/seico.fr\/de\/cookie-richtlinie\/","title":{"rendered":"Cookie-Richtlinie"},"content":{"rendered":"<section class=\"banner_page \"><div class=\"inner\"><div class=\"banner_page_container banner_width \"><h1 class=\"title-deco title-default\">Cookie-Richtlinie<\/h1><p class=\"\">Beim Besuch der Website seico.fr k\u00f6nnen Informationen \u00fcber das Surfverhalten Ihres Endger\u00e4ts (Computer, Tablet, Smartphone usw.) in Dateien, den sogenannten \u201eCookies\u201c, gespeichert werden, die auf Ihrem Endger\u00e4t abgelegt werden \u2013 entsprechend den von Ihnen getroffenen Entscheidungen, die Sie jederzeit \u00e4ndern k\u00f6nnen.<\/p><\/div><\/div><\/section>\n\n\n<div style=\"height:5rem\" aria-hidden=\"true\" class=\"wp-block-spacer\"><\/div>\n\n\n\n<div class=\"wp-block-group is-layout-constrained wp-block-group-is-layout-constrained\">\n<h2 class=\"wp-block-heading\"><strong>1. Definition der Cookies<\/strong><\/h2>\n\n\n\n<p>Ein Cookie ist eine Textdatei, die \u2013 vorbehaltlich Ihrer Wahl \u2013 in einem daf\u00fcr vorgesehenen Bereich im Speicher Ihres Ger\u00e4ts abgelegt werden kann, wenn Sie einen Online-Dienst \u00fcber Ihren Browser nutzen. Mit Hilfe eines Cookies kann der Aussteller das Ger\u00e4t, auf dem es gespeichert ist, w\u00e4hrend der G\u00fcltigkeits- oder Speicherdauer des Cookies identifizieren.<\/p>\n\n\n\n<h2 class=\"wp-block-heading\"><strong>2. Welche Cookies werden verwendet und zu welchen Zwecken?<\/strong><\/h2>\n\n\n\n<p>Im Rahmen des Betriebs der Website informieren wir Sie dar\u00fcber, dass wir direkt oder indirekt die im Folgenden aufgef\u00fchrten Cookies einsetzen.<\/p>\n\n\n\n<h2 class=\"wp-block-heading\"><strong>2.1. Performance-Cookies zur Messung der Besucherzahl auf der Website<\/strong><\/h2>\n\n\n\n<p>Diese Cookies erm\u00f6glichen es, Informationen dar\u00fcber zu sammeln, wie Sie die Website nutzen (z. B.: die am h\u00e4ufigsten besuchten Seiten). Diese Cookies helfen uns, Statistiken und Besuchszahlen zu erstellen sowie die Nutzung verschiedener Bereiche und Inhalte unserer Website (Rubriken, besuchte Inhalte, Pfade) zu analysieren, um die Relevanz und Benutzerfreundlichkeit unserer Dienste zu verbessern.<\/p>\n\n\n\n<figure class=\"wp-block-table\"><table class=\"has-fixed-layout\"><tbody><tr><td>Cookie-Name<\/td><td>Zweck<\/td><td>Ablaufdauer<\/td><\/tr><tr><td>Google Analytics<\/td><td>Analyse der Besucherzahlen<\/td><td>13 Monate<\/td><\/tr><tr><td>Google Recaptcha<\/td><td>Sicherstellung, dass der Nutzer kein Roboter ist<\/td><td>Sitzungsl\u00e4nge<\/td><\/tr><\/tbody><\/table><\/figure>\n\n\n\n<h2 class=\"wp-block-heading\"><strong>3. Wie lange werden Cookies aufbewahrt?<\/strong><\/h2>\n\n\n\n<p>Wir informieren Sie, dass Cookies nur f\u00fcr die Dauer Ihres Besuchs auf der Website verwendet werden k\u00f6nnen und automatisch gel\u00f6scht werden, sobald Sie die Website verlassen (Session-Cookies), oder f\u00fcr einen definierten Zeitraum nach Ihrem Besuch gespeichert werden (persistente Cookies). In jedem Fall darf die Speicherdauer der Cookies dreizehn (13) Monate nicht \u00fcberschreiten.<\/p>\n\n\n\n<h2 class=\"wp-block-heading\"><strong>4. Wie k\u00f6nnen Sie Ihre Einstellungen bez\u00fcglich der Cookie-Nutzung festlegen?<\/strong><\/h2>\n\n\n\n<h3 class=\"wp-block-heading\"><strong>4.1. Zustimmung zur Verwendung von Cookies auf der Website<\/strong><\/h3>\n\n\n\n<p>Die Nutzung von Cookies ist von Ihrer ausdr\u00fccklichen Zustimmung abh\u00e4ngig, die Sie jederzeit \u00fcber die Einstellungen Ihres Browsers geben und \u00e4ndern k\u00f6nnen. Das Setzen und Auslesen von Cookies findet nicht statt:<\/p>\n\n\n\n<ul class=\"wp-block-list\">\n<li>Wenn Sie die Website aufrufen und Ihre Navigation nicht fortsetzen; oder<\/li>\n\n\n\n<li>Wenn Sie auf den Link im Banner klicken, um Cookie-Einstellungen vorzunehmen und dort ggf. die Verwendung von Cookies ablehnen.<\/li>\n<\/ul>\n\n\n\n<h3 class=\"wp-block-heading\"><strong>4.2. Allgemeine Zustimmung zur Verwendung von Cookies<\/strong><\/h3>\n\n\n\n<p>Sie k\u00f6nnen die Verwendung von Cookies jederzeit ablehnen, indem Sie Ihren Browser entsprechend konfigurieren.<br>Bitte beachten Sie, dass das Entfernen oder Ablehnen von Cookies Ihre Navigationserfahrung beeintr\u00e4chtigen und Sie m\u00f6glicherweise vom Zugriff auf bestimmte Dienste der Website ausschlie\u00dfen kann.<\/p>\n\n\n\n<p>Da die Verwaltung von Cookies je nach Browser unterschiedlich ist, finden Sie nachfolgend die Anleitungen f\u00fcr die am h\u00e4ufigsten verwendeten Browser:<\/p>\n\n\n\n<p>Windows Internet Explorer\u00ae:<br><a href=\"https:\/\/support.microsoft.com\/de-de\/help\/17442\/windows-internet-explorer-delete-manage-cookies\">https:\/\/support.microsoft.com\/de-de\/help\/17442\/windows-internet-explorer-delete-manage-cookies<\/a><\/p>\n\n\n\n<p>Mozilla Firefox:<br><a href=\"https:\/\/support.mozilla.org\/de\/kb\/cookies-erlauben-und-ablehnen\">https:\/\/support.mozilla.org\/de\/kb\/cookies-erlauben-und-ablehnen<\/a><\/p>\n\n\n\n<p>Google Chrome:<br><a href=\"https:\/\/support.google.com\/chrome\/answer\/95647?hl=de\">https:\/\/support.google.com\/chrome\/answer\/95647?hl=de<\/a><\/p>\n\n\n\n<p>Apple Safari:<br><a>https:\/\/support.apple.com\/de-de\/guide\/safari\/manage-cookies-and-website-data-sfri11471\/mac<\/a><\/p>\n\n\n\n<p>Wenn Sie weitere Informationen zu Tools zur Kontrolle von Cookies w\u00fcnschen, besuchen Sie bitte die Website der franz\u00f6sischen Datenschutzbeh\u00f6rde CNIL unter folgendem Link:<br><a href=\"https:\/\/www.cnil.fr\/fr\/cookies-et-autres-traceurs\/comment-se-proteger\/maitriser-votre-navigateur\">https:\/\/www.cnil.fr\/fr\/cookies-et-autres-traceurs\/comment-se-proteger\/maitriser-votre-navigateur<\/a><\/p>\n<\/div>\n\n\n\n<div style=\"height:10rem\" aria-hidden=\"true\" class=\"wp-block-spacer\"><\/div>\n","protected":false},"excerpt":{"rendered":"<p>1. Definition der Cookies Ein Cookie ist eine Textdatei, die \u2013 vorbehaltlich Ihrer Wahl \u2013 in einem daf\u00fcr vorgesehenen Bereich im Speicher Ihres Ger\u00e4ts abgelegt werden kann, wenn Sie einen Online-Dienst \u00fcber Ihren Browser nutzen. Mit Hilfe eines Cookies kann der Aussteller das Ger\u00e4t, auf dem es gespeichert ist, w\u00e4hrend der G\u00fcltigkeits- oder Speicherdauer des [&hellip;]<\/p>\n","protected":false},"author":2,"featured_media":0,"parent":0,"menu_order":0,"comment_status":"closed","ping_status":"closed","template":"","meta":{"_acf_changed":false,"footnotes":""},"class_list":["post-8131","page","type-page","status-publish","hentry"],"acf":[],"_links":{"self":[{"href":"https:\/\/seico.fr\/de\/wp-json\/wp\/v2\/pages\/8131","targetHints":{"allow":["GET"]}}],"collection":[{"href":"https:\/\/seico.fr\/de\/wp-json\/wp\/v2\/pages"}],"about":[{"href":"https:\/\/seico.fr\/de\/wp-json\/wp\/v2\/types\/page"}],"author":[{"embeddable":true,"href":"https:\/\/seico.fr\/de\/wp-json\/wp\/v2\/users\/2"}],"replies":[{"embeddable":true,"href":"https:\/\/seico.fr\/de\/wp-json\/wp\/v2\/comments?post=8131"}],"version-history":[{"count":5,"href":"https:\/\/seico.fr\/de\/wp-json\/wp\/v2\/pages\/8131\/revisions"}],"predecessor-version":[{"id":8136,"href":"https:\/\/seico.fr\/de\/wp-json\/wp\/v2\/pages\/8131\/revisions\/8136"}],"wp:attachment":[{"href":"https:\/\/seico.fr\/de\/wp-json\/wp\/v2\/media?parent=8131"}],"curies":[{"name":"wp","href":"https:\/\/api.w.org\/{rel}","templated":true}]}}