{"id":8008,"date":"2024-07-02T14:55:38","date_gmt":"2024-07-02T12:55:38","guid":{"rendered":"https:\/\/seico.fr\/?page_id=8008"},"modified":"2025-09-10T12:06:03","modified_gmt":"2025-09-10T10:06:03","slug":"home","status":"publish","type":"page","link":"https:\/\/seico.fr\/en\/","title":{"rendered":"Home"},"content":{"rendered":"\t<section class=\"banner_home mb-5\" style=\"background-color:#01245E;\">\n\t\t<video autoplay loop muted playsinline>\n\t\t\t<source src=\"https:\/\/seico.fr\/wp-content\/uploads\/2025\/05\/cofidur_cut_720.mp4\" type=\"video\/mp4\">\n\t\t\tYour browser does not support the video tag.\n\t\t<\/video>\n\t<div class=\"inner banner_home_container\"><div class=\"cartouche bg-jaune text-blanc text-uppercase\">Agility &amp; Expertise<\/div><h1>For Customized<br \/>\nElectronic Solutions\n<\/h1><a href=\"https:\/\/seico.fr\/en\/cofidur-seico-solutions\/\" title=\"Discover Our Expertise\" class=\"bouton primary\">Discover<br>Our Expertise<\/a><\/div><\/section>\n\n\n\n\n<section class=\"block block-ressources-humaines block-politique  pt-10 container-fluid\">\n    <div class=\"inner\">\n                <div class=\"row\">\n            <div class=\"col-12\">\n            <h2 class=\"title-deco h1 pb-5\">\n                Cofidur SEICO Solutions in<br>Electronic Subcontracting            <\/h2>\n            <\/div>\n        <\/div>\n                <div class=\"row\">\n                                                <div class=\"job col-md-6 col-lg-3  even\"\n                style=\"background-image: url('https:\/\/seico.fr\/wp-content\/uploads\/2025\/05\/seico-cartes.jpg')\">\n                <a href=\"https:\/\/seico.fr\/en\/cofidur-seico-solutions\/electronic-boards-seico-solutions\/\" class=\"overlay\" style=\"background-color:#3d559a\" title=\"Learn More\"><\/a>\n                <div class=\"overlay overlay-anim\"><\/div>\n\n                <div class=\"col-12 title\">\n                    <h3>Electronic Boards<\/h3>\n                <\/div>\n                <div class=\"overlay-text\">\n                    \n                    <a href=\"https:\/\/seico.fr\/en\/cofidur-seico-solutions\/electronic-boards-seico-solutions\/\" class=\"bold uppercase\" title=\"Learn More\">\n                        Learn more                    <\/a>                \n                <\/div>\n            <\/div>\n                                    <div class=\"job col-md-6 col-lg-3  odd\"\n                style=\"background-image: url('https:\/\/seico.fr\/wp-content\/uploads\/2025\/05\/seico-cablages.jpg')\">\n                <a href=\"https:\/\/seico.fr\/en\/cofidur-seico-solutions\/cables-and-wiring-cofidur-seico-solutions\/\" class=\"overlay\" style=\"background-color:#ffb237\" title=\"Learn More\"><\/a>\n                <div class=\"overlay overlay-anim\"><\/div>\n\n                <div class=\"col-12 title\">\n                    <h3>Cables and Wiring<\/h3>\n                <\/div>\n                <div class=\"overlay-text\">\n                    \n                    <a href=\"https:\/\/seico.fr\/en\/cofidur-seico-solutions\/cables-and-wiring-cofidur-seico-solutions\/\" class=\"bold uppercase\" title=\"Learn More\">\n                        Learn more                    <\/a>                \n                <\/div>\n            <\/div>\n                                    <div class=\"job col-md-6 col-lg-3  even\"\n                style=\"background-image: url('https:\/\/seico.fr\/wp-content\/uploads\/2025\/05\/seico-integration.jpg')\">\n                <a href=\"https:\/\/seico.fr\/en\/cofidur-seico-solutions\/precision-assembly-cofidur-seico-solutions\/\" class=\"overlay\" style=\"background-color:#a7bb38\" title=\"Learn More\"><\/a>\n                <div class=\"overlay overlay-anim\"><\/div>\n\n                <div class=\"col-12 title\">\n                    <h3>Precision assembly<\/h3>\n                <\/div>\n                <div class=\"overlay-text\">\n                    \n                    <a href=\"https:\/\/seico.fr\/en\/cofidur-seico-solutions\/precision-assembly-cofidur-seico-solutions\/\" class=\"bold uppercase\" title=\"Learn More\">\n                        Learn more                    <\/a>                \n                <\/div>\n            <\/div>\n                                    <div class=\"job col-md-6 col-lg-3  odd\"\n                style=\"background-image: url('https:\/\/seico.fr\/wp-content\/uploads\/2025\/05\/seico-outillage-test.jpg')\">\n                <a href=\"https:\/\/seico.fr\/en\/cofidur-seico-solutions\/interfaces-and-test-benches\/\" class=\"overlay\" style=\"background-color:#46c1db\" title=\"Learn More\"><\/a>\n                <div class=\"overlay overlay-anim\"><\/div>\n\n                <div class=\"col-12 title\">\n                    <h3>Test Equipment<\/h3>\n                <\/div>\n                <div class=\"overlay-text\">\n                    \n                    <a href=\"https:\/\/seico.fr\/en\/cofidur-seico-solutions\/interfaces-and-test-benches\/\" class=\"bold uppercase\" title=\"Learn More\">\n                        Learn more                    <\/a>                \n                <\/div>\n            <\/div>\n                                            <\/div>\n                <div class=\"row\">\n            <div class=\"col-8 offset-3\">\n            <a href=\"https:\/\/seico.fr\/en\/cofidur-seico-solutions\/\" class=\"bouton primary vert\">Learn More<\/a>\n            <\/div>\n        <\/div>\n            <\/div>\n\n<\/section>\n\n\n<div style=\"height:100px\" aria-hidden=\"true\" class=\"wp-block-spacer\"><\/div>\n\n\n<div class=\"inner\">\n    <\/div>\n<section id=\"\" class=\"txtImg_container   ModelB  vert\">\n\n    <div class=\"txtImg_content_text\">\n        <h2 class=\"title-deco h1\" style=\"color:\">40 Years of Expertise in<br>Electronic Subcontracting<br>for 5 Major Sectors of Activity<\/h2><div class=\"text-container\"><p>The diversity of stakeholders that have shaped Cofidur SEICO\u2019s daily operations for over 40 years has enabled the company to enhance its expertise and expand its innovation potential. Cofidur SEICO meets a wide range of needs with high-quality products featuring cutting-edge technology, delivering outstanding adaptability where it is most required. <\/p>\n<\/div>    <\/div>\n    <div class=\"txtImg_content_image bg-vert\">\n        <img decoding=\"async\" src=\"https:\/\/seico.fr\/wp-content\/uploads\/2025\/05\/seico-40-ans-expertise.jpg\" alt=\"seico 40 ans expertise\" title=\"seico 40 ans expertise\">    <\/div>\n<\/section>\n\n\n\n<section class=\"block block-ambitions  pb-15 pt-20\" style=\"background-image: url('https:\/\/seico.fr\/wp-content\/uploads\/2024\/12\/bg-accueil-1.jpg');\">\n    <div class=\"overlay\"><\/div>\n    <div class=\"container-fluid inner\">\n        <div class=\"row ambitions pb-4\">\n                                            <div class='col-md-6 col-sm-12 ambition d-flex x-y-center flex-column'>\n                                                                    <div class=\"details\">\n                        <span class=\"text-uppercase bold pb-1 h3  d-block text-white\">Industrial<br>Electronics<\/span>\n                        <p class=\"text-white\">47% of Cofidur SEICO\u2019s activity: control, weighing or pumping systems, regulation and automation, terminals and connected devices, interactive kiosks, display panels, audio equipment, printers<\/p>\n                    <\/div>\n                <\/div>\n                                <div class='col-md-6 col-sm-12 ambition d-flex x-y-center flex-column'>\n                                                                    <div class=\"details\">\n                        <span class=\"text-uppercase bold pb-1 h3  d-block text-white\">The Energy and<br>Environmental Sector<\/span>\n                        <p class=\"text-white\">from energy conversion to oil exploration, including battery chargers, boilers, and heat pumps\u2026<\/p>\n                    <\/div>\n                <\/div>\n                                <div class='col-md-6 col-sm-12 ambition d-flex x-y-center flex-column'>\n                                                                    <div class=\"details\">\n                        <span class=\"text-uppercase bold pb-1 h3  d-block text-white\">Transport and <br>Special Vehicles<\/span>\n                        <p class=\"text-white\">equipment tailored for rail transport, motorsport, or aftermarket devices designed for navigation\u2026<\/p>\n                    <\/div>\n                <\/div>\n                                <div class='col-md-6 col-sm-12 ambition d-flex x-y-center flex-column'>\n                                                                    <div class=\"details\">\n                        <span class=\"text-uppercase bold pb-1 h3  d-block text-white\">Defense &amp; Security<\/span>\n                        <p class=\"text-white\">access control, time management, or fire safety devices, as well as intercoms, anti-theft, and defense systems<\/p>\n                    <\/div>\n                <\/div>\n                                <div class='col-md-6 col-sm-12 ambition d-flex x-y-center flex-column'>\n                                                                    <div class=\"details\">\n                        <span class=\"text-uppercase bold pb-1 h3  d-block text-white\">Medical Sector<\/span>\n                        <p class=\"text-white\">ultrasound and infrared thermography systems, analysis equipment, specialized devices<\/p>\n                    <\/div>\n                <\/div>\n                                    <\/div>\n        <div class=\"row\">\n            <div class=\"col-8 offset-3\">\n                <a href=\"https:\/\/seico.fr\/en\/applications-cofidur-seico-markets\/\" class=\"bouton primary vert\">HOW CAN WE HELP YOU?<\/a>\n            <\/div>\n        <\/div>\n<\/section>\n\n\n<section class=\"block block-resultactus pb-10 pt-10 container-fluid\" id=\"nos-actus\">\n    <div class=\"inner\">\n                    <div class=\"row\">\n                                    <div class=\"pl-0 col-lg-12 col-md-12 col-sm-12\">\n                        <h2 class=\"title-deco title-violet\">\n                            News                        <\/h2>\n                    <\/div>\n                                <div class=\"col-lg-4 col-md-4 col-sm-6\"><\/div>\n                <div class=\"col-lg-12 col-md-12 col-sm-12\">\n                                            <div class=\"container-fluid\">\n                            <div class=\"row posts results-container\">\n                                                                    <div class=\"pt-4 pb-4 pl-0 actus col-lg-12 col-md-12 col-sm-12 row\">\n                                        <div class=\"col-lg-6 col-md-6 col-sm-12 no-pl\">\n                                            <div class=\"image actus_result_image\">\n                                                                                                    <img decoding=\"async\" src=\"https:\/\/seico.fr\/wp-content\/uploads\/2025\/05\/cofidur-salon-global-industrie.jpg\" alt=\"Cofidur SEICO at Global Industrie 2025!\" title=\"Cofidur SEICO at Global Industrie 2025!\">\n                                                                                            <\/div>\n                                        <\/div>\n                                        <div class=\"col-lg-6 col-md-6 col-sm-12 d-flex x-center flex-column\">\n                                            <div class=\"uppercase light date pb-1\">07\/05\/2025<\/div>\n                                            <h3 class=\"bold h5 text-uppercase pb-2\">Cofidur SEICO at Global Industrie 2025!<\/h3>\n                                                                                        <a href=\"https:\/\/seico.fr\/en\/cofidur-seico-at-global-industrie-2025\/\" class=\"bouton secondary\">\n                                            See details                                            <\/a>\n                                        <\/div>\n                                    <\/div>\n                                                                    <div class=\"pt-4 pb-4 pl-0 actus col-lg-12 col-md-12 col-sm-12 row\">\n                                        <div class=\"col-lg-6 col-md-6 col-sm-12 no-pl\">\n                                            <div class=\"image actus_result_image\">\n                                                                                                    <img decoding=\"async\" src=\"https:\/\/seico.fr\/wp-content\/uploads\/2025\/05\/cofidur-seico-immersion.jpg\" alt=\"Immersion in the heart of Cofidur SEICO&#8217;s industrial know-how\" title=\"Immersion in the heart of Cofidur SEICO&#8217;s industrial know-how\">\n                                                                                            <\/div>\n                                        <\/div>\n                                        <div class=\"col-lg-6 col-md-6 col-sm-12 d-flex x-center flex-column\">\n                                            <div class=\"uppercase light date pb-1\">16\/03\/2025<\/div>\n                                            <h3 class=\"bold h5 text-uppercase pb-2\">Immersion in the heart of Cofidur SEICO&#8217;s industrial know-how<\/h3>\n                                                                                        <a href=\"https:\/\/seico.fr\/en\/immersion-in-the-heart-of-cofidur-seicos-industrial-know-how\/\" class=\"bouton secondary\">\n                                            See details                                            <\/a>\n                                        <\/div>\n                                    <\/div>\n                                                                    <div class=\"pt-4 pb-4 pl-0 actus col-lg-12 col-md-12 col-sm-12 row\">\n                                        <div class=\"col-lg-6 col-md-6 col-sm-12 no-pl\">\n                                            <div class=\"image actus_result_image\">\n                                                                                                    <img decoding=\"async\" src=\"https:\/\/seico.fr\/wp-content\/uploads\/2025\/05\/cofidur-acteur-engage.jpg\" alt=\"Cofidur SEICO, committed to promoting industrial professions to the younger generation\" title=\"Cofidur SEICO, committed to promoting industrial professions to the younger generation\">\n                                                                                            <\/div>\n                                        <\/div>\n                                        <div class=\"col-lg-6 col-md-6 col-sm-12 d-flex x-center flex-column\">\n                                            <div class=\"uppercase light date pb-1\">02\/02\/2025<\/div>\n                                            <h3 class=\"bold h5 text-uppercase pb-2\">Cofidur SEICO, committed to promoting industrial professions to the younger generation<\/h3>\n                                                                                        <a href=\"https:\/\/seico.fr\/en\/cofidur-seico-committed-to-promoting-industrial-professions-to-the-younger-generation\/\" class=\"bouton secondary\">\n                                            See details                                            <\/a>\n                                        <\/div>\n                                    <\/div>\n                                                                    <div class=\"pt-4 pb-4 pl-0 actus col-lg-12 col-md-12 col-sm-12 row\">\n                                        <div class=\"col-lg-6 col-md-6 col-sm-12 no-pl\">\n                                            <div class=\"image actus_result_image\">\n                                                                                                    <img decoding=\"async\" src=\"https:\/\/seico.fr\/wp-content\/uploads\/2025\/01\/Meilleurs-voeux-2025.jpg\" alt=\"Best wishes\" title=\"Best wishes\">\n                                                                                            <\/div>\n                                        <\/div>\n                                        <div class=\"col-lg-6 col-md-6 col-sm-12 d-flex x-center flex-column\">\n                                            <div class=\"uppercase light date pb-1\">01\/01\/2025<\/div>\n                                            <h3 class=\"bold h5 text-uppercase pb-2\">Best wishes<\/h3>\n                                                                                        <a href=\"https:\/\/seico.fr\/en\/best-wishes\/\" class=\"bouton secondary\">\n                                            See details                                            <\/a>\n                                        <\/div>\n                                    <\/div>\n                                                            <\/div>\n                                                            <div class=\"row more pb-3 pt-3\">\n                                    <div class=\"col-md-8 offset-md-3\">\n                                        <a href=\"\/en\/news\/\" class=\"bouton primary vert\">\n                                            All our news                                        <\/a>\n                                    <\/div>\n                                <\/div>\n                                                    <\/div>\n                                    <\/div>\n            <\/div>\n            <\/div>\n<\/section>\n\n\n<section class=\"carte_container bg-gris\"><div class=\"inner\"><h2 class=\"h2 bold title-carte\">Where to Find Us?<\/h2><div class=\"map-container flexRow flexColTablet\"><div id=\"map_69fca10d06ef3\" class=\"map\"><\/div><div class=\"implantations-menu d-flex y-center\"><div class=\"implantation-item p-2 bg-blanc\"><h3 class=\"h5 text-bleu\">COFIDUR Seico<\/h3><div class=\"flexRow full\"><p class=\"pr-3 demi\" style=\"font-weight:500\">ZI La Croix Blanche<br \/>\r\n6 rue Jean Moulin<br \/>\r\n44260 MALVILLE<\/p><p class=\"demi light\">Monday to Friday: <br \/>\n8:00 am to 4:30 pm<\/p><\/div><a href=\"\/contact\/\" class=\"bouton secondary\" title=\"Contacter COFIDUR Seico\">Contact us<\/a><\/div><\/div><\/div><\/div><div class=\"website-link-container\"><div class=\"website-link p-5\"><figure> <img decoding=\"async\" src=\"https:\/\/seico.fr\/wp-content\/uploads\/2024\/12\/logo_cofidur.svg\" alt=\"\" title=\"Logo Cofidur EMS\"><\/figure><p class=\"text-uppercase\">Our Website<\/p><a href=\"https:\/\/www.cofidur-groupe.com\/\" title=\"Come Discover the COFIDUR Group\" target=\"_blank\" class=\"bouton secondary\">Come Discover the COFIDUR Group<\/a><\/div><\/div><\/section><link rel=\"stylesheet\" href=\"https:\/\/unpkg.com\/leaflet@1.7.1\/dist\/leaflet.css\" \/><script src=\"https:\/\/unpkg.com\/leaflet@1.7.1\/dist\/leaflet.js\"><\/script><script>\ndocument.addEventListener(\"DOMContentLoaded\", function() {\n    const mapId = 'map_69fca10d06ef3';\n    const map = L.map(mapId).setView([43.717, -0.5], 5); \/\/ Coordonn\u00e9es et zoom par d\u00e9faut\n\n    L.tileLayer('https:\/\/{s}.tile.openstreetmap.org\/{z}\/{x}\/{y}.png', {\n        attribution: '&copy; <a href=\"https:\/\/www.openstreetmap.org\/copyright\">OpenStreetMap<\/a> contributors'\n    }).addTo(map);\n\n    \/\/ D\u00e9finir l'ic\u00f4ne personnalis\u00e9e\n    const customIcon = L.icon({\n        iconUrl: 'https:\/\/seico.fr\/wp-content\/themes\/chronos\/images\/picto-implantations.svg',\n        iconSize: [38, 38], \/\/ Taille de l'ic\u00f4ne\n        iconAnchor: [19, 38], \/\/ Point de l'ic\u00f4ne qui correspondra \u00e0 la position du marqueur\n        popupAnchor: [0, -38] \/\/ Point depuis lequel la popup doit s'ouvrir par rapport \u00e0 l'ic\u00f4ne\n    });\n\n    \/\/ Ajoutez des marqueurs pour chaque implantation\n        L.marker([47.3519052333154, -1.8686219449291357], {\n            icon: customIcon\n        }).addTo(map)\n        .bindPopup(\"COFIDUR Seico<br>ZI La Croix Blanche<br \\\/>\\r\\n6 rue Jean Moulin<br \\\/>\\r\\n44260 MALVILLE\");\n    \n    \/\/ Ajuster la hauteur de la carte en fonction de la hauteur de .implantations-menu\n    function adjustMapHeight() {\n        if (window.innerWidth > 1023) {\n            const implantationsMenu = document.querySelector('.implantations-menu');\n            const mapElement = document.getElementById(mapId);\n            if (implantationsMenu && mapElement) {\n                mapElement.style.height = implantationsMenu.offsetHeight + 'px';\n                map.invalidateSize();\n            }\n        } else {\n            const mapElement = document.getElementById(mapId);\n            if (mapElement) {\n                mapElement.style.height = '100%';\n                map.invalidateSize();\n            }\n        }\n    }\n\n    \/\/ Ajuster la hauteur de la carte au chargement et au redimensionnement de la fen\u00eatre\n    adjustMapHeight();\n    window.addEventListener('resize', adjustMapHeight);\n});\n<\/script>","protected":false},"excerpt":{"rendered":"","protected":false},"author":2,"featured_media":0,"parent":0,"menu_order":0,"comment_status":"closed","ping_status":"closed","template":"","meta":{"_acf_changed":false,"footnotes":""},"class_list":["post-8008","page","type-page","status-publish","hentry"],"acf":[],"_links":{"self":[{"href":"https:\/\/seico.fr\/en\/wp-json\/wp\/v2\/pages\/8008","targetHints":{"allow":["GET"]}}],"collection":[{"href":"https:\/\/seico.fr\/en\/wp-json\/wp\/v2\/pages"}],"about":[{"href":"https:\/\/seico.fr\/en\/wp-json\/wp\/v2\/types\/page"}],"author":[{"embeddable":true,"href":"https:\/\/seico.fr\/en\/wp-json\/wp\/v2\/users\/2"}],"replies":[{"embeddable":true,"href":"https:\/\/seico.fr\/en\/wp-json\/wp\/v2\/comments?post=8008"}],"version-history":[{"count":3,"href":"https:\/\/seico.fr\/en\/wp-json\/wp\/v2\/pages\/8008\/revisions"}],"predecessor-version":[{"id":8157,"href":"https:\/\/seico.fr\/en\/wp-json\/wp\/v2\/pages\/8008\/revisions\/8157"}],"wp:attachment":[{"href":"https:\/\/seico.fr\/en\/wp-json\/wp\/v2\/media?parent=8008"}],"curies":[{"name":"wp","href":"https:\/\/api.w.org\/{rel}","templated":true}]}}