{"id":7843,"date":"2025-05-07T11:14:00","date_gmt":"2025-05-07T09:14:00","guid":{"rendered":"https:\/\/seico.fr\/aplicaciones-mercados-cofidur-seico\/"},"modified":"2025-09-10T14:21:49","modified_gmt":"2025-09-10T12:21:49","slug":"aplicaciones-mercados-cofidur-seico","status":"publish","type":"page","link":"https:\/\/seico.fr\/es\/aplicaciones-mercados-cofidur-seico\/","title":{"rendered":"Aplicaciones, mercados cofidur SEICO"},"content":{"rendered":"<section class=\"banner_page \"><div class=\"inner\"><div class=\"banner_page_container banner_width \"><h1 class=\"title-deco \">Aplicaciones, mercados cofidur SEICO<\/h1><p class=\"\"><b>Cofidur SEICO es capaz de satisfacer una amplia gama de requisitos en t\u00e9rminos de especificaciones.<br \/>\r\n<br \/>\r\nYa se trate de electr\u00f3nica industrial, energ\u00eda, seguridad, transporte o equipos m\u00e9dicos, Cofidur SEICO responde a estas necesidades con productos de calidad que cumplen las normas m\u00e1s exigentes.<br \/>\r\n<\/b><\/p><\/div><\/div><\/section>\n\n<div class=\"inner\">\n    <\/div>\n<section id=\"\" class=\"txtImg_container  no-circle reverse_bloc ModelB  no-bg azul\">\n\n    <div class=\"txtImg_content_text\">\n        <h2 class=\"title-deco h1\" style=\"color:#3D559A\">Electr\u00f3nica<br> industrial<\/h2><div class=\"text-container\"><p>El primer gran sector en el que Cofidur SEICO despliega sus competencias. Representa el 47% de su actividad.<\/p>\n<p>Los campos de aplicaci\u00f3n son muy diversos: <strong>sistemas de control, pesaje o bombeo, regulaci\u00f3n y automatizaci\u00f3n, terminales y objetos comunicantes, terminales interactivos, r\u00f3tulos luminosos, equipos de audio, impresoras<\/strong>. .. Todas estas herramientas requieren una experiencia probada.<\/p>\n<\/div>    <\/div>\n    <div class=\"txtImg_content_image bg-azul\">\n        <img decoding=\"async\" src=\"https:\/\/seico.fr\/wp-content\/uploads\/2025\/05\/seico-electronique-e1747731543203.jpg\" alt=\"seico electronique\" title=\"seico electronique\">    <\/div>\n<\/section>\n\n\n<div class=\"inner\">\n    <\/div>\n<section id=\"\" class=\"txtImg_container  no-circle  ModelB  no-bg cian\">\n\n    <div class=\"txtImg_content_text\">\n        <h2 class=\"title-deco h1\" style=\"color:\">El sector de la energ\u00eda y el medio ambiente<\/h2><div class=\"text-container\"><p>tambi\u00e9n representa el 26% de los contratos de Cofidur SEICO.<\/p>\n<p>Desde la conversi\u00f3n de energ\u00eda y la prospecci\u00f3n de petr\u00f3leo hasta los cargadores de bater\u00edas, las calderas y las bombas de calor, el gran n\u00famero de aplicaciones nos obliga a ser extremadamente adaptables.<\/p>\n<\/div>    <\/div>\n    <div class=\"txtImg_content_image bg-cian\">\n        <img decoding=\"async\" src=\"https:\/\/seico.fr\/wp-content\/uploads\/2025\/05\/seico-energie.jpg\" alt=\"seico energie\" title=\"seico energie\">    <\/div>\n<\/section>\n\n\n<div class=\"inner\">\n    <\/div>\n<section id=\"\" class=\"txtImg_container  no-circle reverse_bloc ModelB  no-bg verde\">\n\n    <div class=\"txtImg_content_text\">\n        <h2 class=\"title-deco h1\" style=\"color:\">Defensa de la seguridad<\/h2><div class=\"text-container\"><p>representa el 13% del ejercicio de la empresa.<\/p>\n<p>Las solicitudes se refieren a<strong> sistemas de control de acceso<\/strong>, horarios y de seguridad contra incendios, as\u00ed como a interfonos y <strong>sistemas antirrobo y de defensa<\/strong>. La piedra angular de todas estas herramientas de vigilancia y protecci\u00f3n es una fiabilidad ejemplar.<\/p>\n\n<\/div>    <\/div>\n    <div class=\"txtImg_content_image bg-verde\">\n        <img decoding=\"async\" src=\"https:\/\/seico.fr\/wp-content\/uploads\/2025\/05\/seico-securite.jpg\" alt=\"seico securite\" title=\"seico securite\">    <\/div>\n<\/section>\n\n\n<section\n    class=\"block block-cta  pt-50 align  \"\n    id=\"\"\n    style=\"background-image:url(https:\/\/seico.fr\/wp-content\/uploads\/2025\/05\/cofidur-bg-cta.jpg)\">\n    <div class=\"container pt-50 pb-10\">\n        <div class=\"row\">\n            <div class=\"col-12 d-flex x-y-center flex-column\">\n                                <h2 class=\"not-lined   em text-center\">Cortar, pelar, engarzar y marcar cordones y cables en cordones o en hojas..<\/h2>\n                                <p class=\"ptb-30 text-center h2 light uppercase\">Los especialistas de SEICO est\u00e1n a su servicio\r\n<\/p>\n                                <a href=\"https:\/\/seico.fr\/es\/contacto\/\"\n                    class=\"bouton primary vert\">Necesito un estudio de proyecto<\/a>\n            <\/div>\n        <\/div>\n    <\/div>\n\n<\/section>\n\n\n<div class=\"inner\">\n    <\/div>\n<section id=\"\" class=\"txtImg_container  no-circle  ModelB  no-bg amarillo\">\n\n    <div class=\"txtImg_content_text\">\n        <h2 class=\"title-deco h1\" style=\"color:#FFB237\">El sector m\u00e9dico<\/h2><div class=\"text-container\"><p><strong>Sistemas de ultrasonidos y termograf\u00eda por infrarrojos, equipos de an\u00e1lisis bacteriol\u00f3gico y biotecnol\u00f3gico, equipos espec\u00edficos para camas m\u00e9dicas, etc.:<\/strong> el 7% de los pedidos proceden del sector m\u00e9dico.<\/p>\n<p>Cofidur SEICO responde a estas necesidades con productos de calidad dotados de tecnolog\u00eda punta que cumple las normas m\u00e1s estrictas.<\/p>\n<\/div>    <\/div>\n    <div class=\"txtImg_content_image bg-amarillo\">\n        <img decoding=\"async\" src=\"https:\/\/seico.fr\/wp-content\/uploads\/2025\/05\/seico-medical.jpg\" alt=\"seico medical\" title=\"seico medical\">    <\/div>\n<\/section>\n\n\n<div class=\"inner\">\n    <\/div>\n<section id=\"\" class=\"txtImg_container  no-circle reverse_bloc ModelB  no-bg gris oscuro\">\n\n    <div class=\"txtImg_content_text\">\n        <h2 class=\"title-deco h1\" style=\"color:#0F1C39\">El mundo del transporte y los veh\u00edculos especiales<\/h2><div class=\"text-container\"><p>(7% de las ventas) es la quinta parte de la cartera de clientes de Cofidur SEICO.<\/p>\n<p>Tanto si se trata de equipos <strong>para el transporte ferroviario<\/strong> como para <strong>el automovilismo<\/strong> o<strong>de equipos posventa para la navegaci\u00f3n<\/strong>, todos tienen la obligaci\u00f3n de ofrecer resultados acordes con las especificaciones definidas por el cliente.<\/p>\n<\/div>    <\/div>\n    <div class=\"txtImg_content_image bg-gris oscuro\">\n        <img decoding=\"async\" src=\"https:\/\/seico.fr\/wp-content\/uploads\/2025\/05\/seico-transport.jpg\" alt=\"seico transport\" title=\"seico transport\">    <\/div>\n<\/section>\n\n\n<section class=\"banner_page section\"><div class=\"inner\"><div class=\"banner_page_container  \"><h2 class=\"title-deco \">Una din\u00e1mica <br>colaboraci\u00f3n y asesoramiento<\/h2><p class=\"\"><b>Para hacer frente al reto de satisfacer exigencias contrapuestas, ha desarrollado su potencial de innovaci\u00f3n.<\/b><br \/>\r\n<br \/>\r\nGracias a la experiencia acumulada, se ha convertido en una aut\u00e9ntica fuente de propuestas y asesoramiento. En el marco de una colaboraci\u00f3n din\u00e1mica, Cofidur SEICO se esfuerza por desarrollar los productos de sus clientes tratando de mejorar su relaci\u00f3n coste\/precio.<\/p><\/div><\/div><\/section>\n\n\n<script src=\"https:\/\/cdn.jsdelivr.net\/npm\/chart.js\"><\/script>\n<script src=\"https:\/\/cdn.jsdelivr.net\/npm\/chartjs-plugin-datalabels\"><\/script>\n<section class=\"block block-chart container-fluid chart_left\">\n    <div class=\"inner row\">\n                <div class=\"col-lg-6 col-md-12\">\n                                                <div style=\"position: relative; height:50vh; width:100%\">\n                <!-- Ajustez les dimensions ici -->\n                <canvas id=\"chart-block_6ac7ec1f2aad5193fd3853558d86a11c\"><\/canvas>\n            <\/div>\n            \n        <\/div>\n        <div class=\"col-lg-6 col-md-12 d-flex y-center\">\n                <!-- Section pour la l\u00e9gende personnalis\u00e9e -->\n                <div id=\"custom-legend-chart-block_6ac7ec1f2aad5193fd3853558d86a11c\" class=\"custom-legend\">\n                                            <div style=\"display: flex; align-items: center; margin-bottom: 8px;\">\n                            <span style=\"display: inline-block; width: 12px; height: 12px; border-radius: 50%; background-color: #3d559a; margin-right: 8px;\"><\/span>\n                            <span style=\"flex-grow: 1;\">Electr\u00f3nica industrial<\/span>\n                            <span class=\"ml-3\">47%<\/span>\n                        <\/div>\n                                            <div style=\"display: flex; align-items: center; margin-bottom: 8px;\">\n                            <span style=\"display: inline-block; width: 12px; height: 12px; border-radius: 50%; background-color: #46c1db; margin-right: 8px;\"><\/span>\n                            <span style=\"flex-grow: 1;\">Energ\u00eda<\/span>\n                            <span class=\"ml-3\">26%<\/span>\n                        <\/div>\n                                            <div style=\"display: flex; align-items: center; margin-bottom: 8px;\">\n                            <span style=\"display: inline-block; width: 12px; height: 12px; border-radius: 50%; background-color: #bac800; margin-right: 8px;\"><\/span>\n                            <span style=\"flex-grow: 1;\">Defensa, seguridad<\/span>\n                            <span class=\"ml-3\">16%<\/span>\n                        <\/div>\n                                            <div style=\"display: flex; align-items: center; margin-bottom: 8px;\">\n                            <span style=\"display: inline-block; width: 12px; height: 12px; border-radius: 50%; background-color: #f8b814; margin-right: 8px;\"><\/span>\n                            <span style=\"flex-grow: 1;\">Medicina<\/span>\n                            <span class=\"ml-3\">7%<\/span>\n                        <\/div>\n                                            <div style=\"display: flex; align-items: center; margin-bottom: 8px;\">\n                            <span style=\"display: inline-block; width: 12px; height: 12px; border-radius: 50%; background-color: #707070; margin-right: 8px;\"><\/span>\n                            <span style=\"flex-grow: 1;\">Transporte<\/span>\n                            <span class=\"ml-3\">7%<\/span>\n                        <\/div>\n                                    <\/div>\n            <\/div>\n\n        <script>\n        document.addEventListener('DOMContentLoaded', function() {\n            const canvas = document.getElementById('chart-block_6ac7ec1f2aad5193fd3853558d86a11c');\n            const ctx = canvas.getContext('2d');\n\n            const data = {\n                labels: [\"Electr\\u00f3nica industrial\",\"Energ\\u00eda\",\"Defensa, seguridad\",\"Medicina\",\"Transporte\"],\n                datasets: [{\n                    data: [47,26,16,7,7], \/\/ Les pourcentages\n                    backgroundColor: [\"#3d559a\",\"#46c1db\",\"#bac800\",\"#f8b814\",\"#707070\"],\n                    hoverOffset: 4,\n                    borderWidth: 0 \/\/ Supprimer les bordures entre chaque partie du donut\n                }]\n            };\n\n            function getLegendPosition() {\n                if (window.innerWidth < 768) {\n                    return 'bottom';\n                } else {\n                    return 'right';\n                }\n            }\n            function getFontSize() {\n                if (window.innerWidth < 768) {\n                    return '11';\n                } else {\n                    return '14';\n                }\n            }\n            function getLegendAlign() {\n                if (window.innerWidth < 768) {\n                    return 'start';\n                } else {\n                    return 'center';\n                }\n            }\n            function getBoxWidth() {\n                if (window.innerWidth < 768) {\n                    return 20;\n                } else {\n                    return 40;\n                }\n            }\n\n            const options = {\n                responsive: true,\n                cutout: '70%', \/\/ Ajustez cette valeur pour rendre les segments moins larges\n                maintainAspectRatio: false, \/\/ Permet de contr\u00f4ler les dimensions du canvas\n                plugins: {\n                    legend: {\n                        display: false,\n                        position: getLegendPosition(), \/\/ Position de la l\u00e9gende\n                        align: getLegendAlign(),\n                        labels: {\n                            font: {\n                                family: 'WorkSans', \/\/ Changez la famille de polices ici\n                                size: getFontSize(), \/\/ Changez la taille de la police ici\n                            },\n                            boxWidth: getBoxWidth(),\n                            generateLabels: function(chart) {\n                                const data = chart.data;\n                                if (data.labels.length) {\n                                    if (data.datasets.length) {\n                                        return data.labels.map((label, i) => {\n                                            const ds = data.datasets[0];\n                                            const value = ds.data[i];\n                                            \/\/const percentage = (value * 100 \/ ds.data.reduce((a, b) => a + b, 0)).toFixed(2) + '%';\n                                            const percentage = ((value * 100 \/ ds.data.reduce((a, b) => a + b, 0)).toFixed(2)) + '%'; \/\/ Ne pas arrondir les pourcentages\n                                            \/\/const percentage = Math.round(value * 100 \/ ds.data.reduce((a, b) => a + b, 0)) + '%'; \/\/ Arrondir les pourcentages\n\n                                            return {\n                                                text: label + ': ' + percentage,\n                                                fillStyle: ds.backgroundColor[i],\n                                                strokeStyle: ds.backgroundColor[i], \/\/ Utiliser la m\u00eame couleur pour la bordure\n                                                lineWidth: 0, \/\/ Supprimer la bordure\n                                                hidden: isNaN(ds.data[i]),\n                                                index: i\n                                            };\n                                        });\n                                    }\n                                }\n                                return [];\n                            },\n                            padding: 10,\n                            textAlign: 'left'\n                        }\n                    },\n                    tooltip: {\n                        enabled: false \/\/ D\u00e9sactiver les tooltips\n                        \/\/ callbacks: {\n                        \/\/     label: function(tooltipItem) {\n                        \/\/         return `${tooltipItem.label}: ${tooltipItem.raw}%`;\n                        \/\/     }\n                        \/\/ }\n                    }\n                },\n                hover: {\n                    mode: null \/\/ D\u00e9sactiver le hover\n                },\n                onClick: null,\n                events: [] \n            };\n\n            const observer = new IntersectionObserver((entries) => {\n                entries.forEach(entry => {\n                    if (entry.isIntersecting) {\n                        new Chart(ctx, {\n                            type: 'doughnut', \/\/ Type de graphique dynamique\n                            data: data,\n                            options: options\n                        });\n                        observer.unobserve(canvas); \/\/ Arr\u00eater d'observer une fois le graphique initialis\u00e9\n                    }\n                });\n            },{ rootMargin: '0px 0px -50% 0px' });\n\n            observer.observe(canvas);\n        });\n        <\/script>\n            <\/div>\n<\/section>\n\n\n<div style=\"height:100px\" aria-hidden=\"true\" class=\"wp-block-spacer\"><\/div>\n","protected":false},"excerpt":{"rendered":"","protected":false},"author":2,"featured_media":0,"parent":0,"menu_order":0,"comment_status":"closed","ping_status":"closed","template":"","meta":{"_acf_changed":false,"footnotes":""},"class_list":["post-7843","page","type-page","status-publish","hentry"],"acf":[],"_links":{"self":[{"href":"https:\/\/seico.fr\/es\/wp-json\/wp\/v2\/pages\/7843","targetHints":{"allow":["GET"]}}],"collection":[{"href":"https:\/\/seico.fr\/es\/wp-json\/wp\/v2\/pages"}],"about":[{"href":"https:\/\/seico.fr\/es\/wp-json\/wp\/v2\/types\/page"}],"author":[{"embeddable":true,"href":"https:\/\/seico.fr\/es\/wp-json\/wp\/v2\/users\/2"}],"replies":[{"embeddable":true,"href":"https:\/\/seico.fr\/es\/wp-json\/wp\/v2\/comments?post=7843"}],"version-history":[{"count":3,"href":"https:\/\/seico.fr\/es\/wp-json\/wp\/v2\/pages\/7843\/revisions"}],"predecessor-version":[{"id":8182,"href":"https:\/\/seico.fr\/es\/wp-json\/wp\/v2\/pages\/7843\/revisions\/8182"}],"wp:attachment":[{"href":"https:\/\/seico.fr\/es\/wp-json\/wp\/v2\/media?parent=7843"}],"curies":[{"name":"wp","href":"https:\/\/api.w.org\/{rel}","templated":true}]}}