{"id":7854,"date":"2025-05-07T12:09:03","date_gmt":"2025-05-07T10:09:03","guid":{"rendered":"https:\/\/seico.fr\/cables-y-cableado-soluciones-cofidur-seico\/"},"modified":"2025-09-10T14:28:18","modified_gmt":"2025-09-10T12:28:18","slug":"cables-y-cableado-soluciones-cofidur-seico","status":"publish","type":"page","link":"https:\/\/seico.fr\/es\/soluciones-seico-cofidur\/cables-y-cableado-soluciones-cofidur-seico\/","title":{"rendered":"Cables y cableado: soluciones Cofidur SEICO"},"content":{"rendered":"<section class=\"banner_page \"><div class=\"inner\"><div class=\"banner_page_container banner_width \"><h1 class=\"title-deco title-por defecto\">Cables y cableado&nbsp;: <br \/>\r\nsoluciones Cofidur SEICO<\/h1><\/div><\/div><\/section>\n\n<div class=\"inner\">\n    <\/div>\n<section id=\"\" class=\"txtImg_container  no-circle  ModelB  amarillo\">\n\n    <div class=\"txtImg_content_text\">\n        <h2 class=\"title-deco h1\" style=\"color:#3D559A\">Un enfoque<br>validado por<br>controla<br>eficacia.<\/h2><div class=\"text-container\"><p>Hasta 2.500 componentes por producto: es f\u00e1cil ver que conectar los conductores de un conjunto el\u00e9ctrico o electr\u00f3nico es cosa de especialistas, que requiere m\u00e9todo y meticulosidad. Con el m\u00e1ximo rigor, Cofidur SEICO prepara autom\u00e1ticamente las operaciones de corte, pelado, prensado y marcado de cables trenzados o planos. Estas etapas preceden a la producci\u00f3n de cajas, armarios y cableados espec\u00edficos mediante t\u00e9cnicas de uni\u00f3n de cables, envoltura, tropicalizaci\u00f3n y encapsulado.<\/p>\n<p>Se realizan pruebas de continuidad y aislamiento seg\u00fan las especificaciones concretas de cada cliente, para comprobar que las unidades producidas funcionan perfectamente.<\/p>\n<\/div>    <\/div>\n    <div class=\"txtImg_content_image bg-amarillo\">\n        <img decoding=\"async\" src=\"https:\/\/seico.fr\/wp-content\/uploads\/2025\/06\/1903-SEICO-01_1.jpg\" alt=\"1903 SEICO 01 (1)\" title=\"1903 SEICO 01 (1)\">    <\/div>\n<\/section>\n\n\n<section\n    class=\"block block-cta  pt-50 align  \"\n    id=\"\"\n    style=\"background-image:url(https:\/\/seico.fr\/wp-content\/uploads\/2025\/05\/cofidur-bg-cta.jpg)\">\n    <div class=\"container pt-50 pb-10\">\n        <div class=\"row\">\n            <div class=\"col-12 d-flex x-y-center flex-column\">\n                                <h2 class=\"not-lined   em text-center\">Cortar, pelar, engarzar y marcar cordones y cables en cordones o en hojas..<\/h2>\n                                <p class=\"ptb-30 text-center h2 light uppercase\">Los especialistas de Cofidur SEICO est\u00e1n a su servicio<\/p>\n                                <a href=\"https:\/\/seico.fr\/es\/contacto\/\"\n                    class=\"bouton primary vert\">Necesito un estudio de proyecto<\/a>\n            <\/div>\n        <\/div>\n    <\/div>\n\n<\/section>\n\n\n<section class=\"banner_page section\"><div class=\"inner\"><div class=\"banner_page_container  \"><h2 class=\"title-deco \">Recursos disponibles<\/h2><p class=\"\">Adem\u00e1s de herramientas y equipos espec\u00edficos (envoltorio manual, alicates de engaste, etc.), los talleres y las islas especializadas disponen de :<br \/>\r\n<br \/>\r\n&#8211; 6 m\u00e1quinas autom\u00e1ticas de preparaci\u00f3n (corte, pelado, engarzado y marcado)<br \/>\r\n&#8211; 2 comprobadores de continuidad y aislamiento :  SYNOR 4200 y 5000.<\/p><\/div><\/div><\/section>\n\n\n<section class=\"block block-galerie \">\n    <div class=\"container-fluid inner\">\n        <div class=\"row\">\n            <div class=\"col-12\">\n                <span class=\"light uppercase legend text-center\">\n                                    <\/span>\n            <\/div>\n        <\/div>\n    <\/div>\n            <div class=\"galerie-grid grid-col-4\">\n                                <div class=\"galerie-item\">\n                        <a href=\"https:\/\/seico.fr\/wp-content\/uploads\/2025\/05\/seico-cablage-1.jpg\" data-lightbox=\"galerie\" data-title=\"seico cablage 1\">\n                            <img decoding=\"async\" src=\"https:\/\/seico.fr\/wp-content\/uploads\/2025\/05\/seico-cablage-1.jpg\" alt=\"seico cablage 1\" class=\"img-fluid\" \/>\n                        <\/a>\n                    <\/div>\n                                                <div class=\"galerie-item\">\n                        <a href=\"https:\/\/seico.fr\/wp-content\/uploads\/2025\/05\/seico-cablage-2.jpg\" data-lightbox=\"galerie\" data-title=\"seico cablage 2\">\n                            <img decoding=\"async\" src=\"https:\/\/seico.fr\/wp-content\/uploads\/2025\/05\/seico-cablage-2.jpg\" alt=\"seico cablage 2\" class=\"img-fluid\" \/>\n                        <\/a>\n                    <\/div>\n                                                <div class=\"galerie-item\">\n                        <a href=\"https:\/\/seico.fr\/wp-content\/uploads\/2025\/05\/seico-cablage-3.jpg\" data-lightbox=\"galerie\" data-title=\"seico cablage 3\">\n                            <img decoding=\"async\" src=\"https:\/\/seico.fr\/wp-content\/uploads\/2025\/05\/seico-cablage-3.jpg\" alt=\"seico cablage 3\" class=\"img-fluid\" \/>\n                        <\/a>\n                    <\/div>\n                                                <div class=\"galerie-item\">\n                        <a href=\"https:\/\/seico.fr\/wp-content\/uploads\/2025\/05\/seico-cablage-4.jpg\" data-lightbox=\"galerie\" data-title=\"seico cablage 4\">\n                            <img decoding=\"async\" src=\"https:\/\/seico.fr\/wp-content\/uploads\/2025\/05\/seico-cablage-4.jpg\" alt=\"seico cablage 4\" class=\"img-fluid\" \/>\n                        <\/a>\n                    <\/div>\n                                    <\/div>\n    <\/section>\n\n<style>\n    .legend {\n        font-size: 25px;\n        line-height: 25px;\n        padding-top: 30px;\n        padding-bottom: 30px;\n        display: block;\n    }\n\n    .block-galerie .inner {\n        padding: 2rem 0;\n    }\n\n    \/* Classes de grille bas\u00e9es sur le nombre d'images *\/\n    .block-galerie .galerie-grid {\n        display: grid;\n        gap: 15px;\n    }\n    \n    .block-galerie .grid-col-1 {\n        grid-template-columns: 1fr;\n    }\n    \n    .block-galerie .grid-col-2 {\n        grid-template-columns: repeat(2, 1fr);\n    }\n    \n    .block-galerie .grid-col-3 {\n        grid-template-columns: repeat(3, 1fr);\n    }\n    \n    .block-galerie .grid-col-4 {\n        grid-template-columns: repeat(4, 1fr);\n    }\n\n    .block-galerie .galerie-item {\n        overflow: hidden;\n        position: relative;\n        height: 0;\n        padding-bottom: 75%; \/* Ratio 4:3 pour les images *\/\n        background-color: #f0f0f0;\n        transform: scale(1.05);\n        border-left: 10px solid white;\n    }\n\n    .block-galerie .galerie-item:hover {\n        transform: scale(1.05);\n        transition: transform 0.3s ease;\n    }\n\n    .block-galerie .galerie-item a {\n        position: absolute;\n        width: 100%;\n        height: 100%;\n        display: block;\n    }\n\n    .block-galerie .galerie-item img {\n        width: 100%;\n        height: 100%;\n        object-fit: cover;\n        transition: transform 0.3s ease;\n    }\n\n    .block-galerie .galerie-item:hover img {\n        transform: scale(1.05);\n    }\n\n    \/* Personnalisation du lightbox *\/\n    .lb-data .lb-caption {\n        font-weight: bold;\n        font-size: 16px;\n    }\n\n    @media (max-width: 768px) {\n        .block-galerie .grid-col-4 {\n            grid-template-columns: repeat(2, 1fr);\n        }\n    }\n\n    @media (max-width: 580px){\n        .block-galerie .grid-col-3 {\n            grid-template-columns: repeat(1, 1fr);\n        }\n\n    }\n\n    @media (max-width: 480px) {\n        .block-galerie .grid-col-2,\n        .block-galerie .grid-col-3,\n        .block-galerie .grid-col-4 {\n            grid-template-columns: 1fr;\n        }\n    }\n<\/style>","protected":false},"excerpt":{"rendered":"","protected":false},"author":2,"featured_media":0,"parent":7885,"menu_order":0,"comment_status":"closed","ping_status":"closed","template":"","meta":{"_acf_changed":false,"footnotes":""},"class_list":["post-7854","page","type-page","status-publish","hentry"],"acf":[],"_links":{"self":[{"href":"https:\/\/seico.fr\/es\/wp-json\/wp\/v2\/pages\/7854","targetHints":{"allow":["GET"]}}],"collection":[{"href":"https:\/\/seico.fr\/es\/wp-json\/wp\/v2\/pages"}],"about":[{"href":"https:\/\/seico.fr\/es\/wp-json\/wp\/v2\/types\/page"}],"author":[{"embeddable":true,"href":"https:\/\/seico.fr\/es\/wp-json\/wp\/v2\/users\/2"}],"replies":[{"embeddable":true,"href":"https:\/\/seico.fr\/es\/wp-json\/wp\/v2\/comments?post=7854"}],"version-history":[{"count":2,"href":"https:\/\/seico.fr\/es\/wp-json\/wp\/v2\/pages\/7854\/revisions"}],"predecessor-version":[{"id":8189,"href":"https:\/\/seico.fr\/es\/wp-json\/wp\/v2\/pages\/7854\/revisions\/8189"}],"up":[{"embeddable":true,"href":"https:\/\/seico.fr\/es\/wp-json\/wp\/v2\/pages\/7885"}],"wp:attachment":[{"href":"https:\/\/seico.fr\/es\/wp-json\/wp\/v2\/media?parent=7854"}],"curies":[{"name":"wp","href":"https:\/\/api.w.org\/{rel}","templated":true}]}}