{"id":7863,"date":"2025-05-07T12:31:12","date_gmt":"2025-05-07T10:31:12","guid":{"rendered":"https:\/\/seico.fr\/montaje-de-precision-soluciones-cofidur-seico\/"},"modified":"2025-09-10T14:28:58","modified_gmt":"2025-09-10T12:28:58","slug":"montaje-de-precision-soluciones-cofidur-seico","status":"publish","type":"page","link":"https:\/\/seico.fr\/es\/soluciones-seico-cofidur\/montaje-de-precision-soluciones-cofidur-seico\/","title":{"rendered":"Montaje de precisi\u00f3n: soluciones Cofidur SEICO"},"content":{"rendered":"<section class=\"banner_page \"><div class=\"inner\"><div class=\"banner_page_container banner_width \"><h1 class=\"title-deco title-por defecto\">Montaje de precisi\u00f3n : <br \/>\r\nsoluciones Cofidur SEICO<\/h1><\/div><\/div><\/section>\n\n<div class=\"inner\">\n    <\/div>\n<section id=\"\" class=\"txtImg_container  no-circle  ModelB  verde\">\n\n    <div class=\"txtImg_content_text\">\n        <h2 class=\"title-deco h1\" style=\"color:#3D559A\">Un an\u00e1lisis<br> sistematizado <br>resistencia y fiabilidad<\/h2><div class=\"text-container\"><p>Para realizar una integraci\u00f3n mec\u00e1nica de precisi\u00f3n dedicada a cada especialidad, es necesario combinar varios \u00e1mbitos de especializaci\u00f3n: los talleres de montaje, parametrizaci\u00f3n y ajuste, integraci\u00f3n de placas electr\u00f3nicas, temperatura y pruebas funcionales se complementan entre s\u00ed.<\/p>\n<p>Se ofrecen soluciones de envasado espec\u00edficas previa solicitud.<\/p>\n<p>No dude en ponerse en contacto con nosotros<\/p>\n<\/div>    <\/div>\n    <div class=\"txtImg_content_image bg-verde\">\n        <img decoding=\"async\" src=\"https:\/\/seico.fr\/wp-content\/uploads\/2025\/06\/1903-SEICO-14.jpg\" alt=\"1903 SEICO 14\" title=\"1903 SEICO 14\">    <\/div>\n<\/section>\n\n\n<section\n    class=\"block block-cta  pt-50 align  \"\n    id=\"\"\n    style=\"background-image:url(https:\/\/seico.fr\/wp-content\/uploads\/2025\/05\/cofidur-bg-cta.jpg)\">\n    <div class=\"container pt-50 pb-10\">\n        <div class=\"row\">\n            <div class=\"col-12 d-flex x-y-center flex-column\">\n                                <h2 class=\"not-lined   em text-center\">\u00a1En Cofidur SEICO, nos apasionan las soluciones espec\u00edficas&nbsp;!<\/h2>\n                                <p class=\"ptb-30 text-center h2 light uppercase\">P\u00f3ngase en contacto con nosotros y estaremos encantados de ayudarle \r\nsoluciones&nbsp;<\/p>\n                                <a href=\"https:\/\/seico.fr\/es\/contacto\/\"\n                    class=\"bouton primary vert\">Tengo una petici\u00f3n<\/a>\n            <\/div>\n        <\/div>\n    <\/div>\n\n<\/section>\n\n\n\n<section class=\"block block-galerie \">\n    <div class=\"container-fluid inner\">\n        <div class=\"row\">\n            <div class=\"col-12\">\n                <span class=\"light uppercase legend text-center\">\n                    Integraci\u00f3n                <\/span>\n            <\/div>\n        <\/div>\n    <\/div>\n            <div class=\"galerie-grid grid-col-3\">\n                                <div class=\"galerie-item\">\n                        <a href=\"https:\/\/seico.fr\/wp-content\/uploads\/2025\/05\/seico-integration-1.jpg\" data-lightbox=\"galerie\" data-title=\"seico integration 1\">\n                            <img decoding=\"async\" src=\"https:\/\/seico.fr\/wp-content\/uploads\/2025\/05\/seico-integration-1.jpg\" alt=\"seico integration 1\" class=\"img-fluid\" \/>\n                        <\/a>\n                    <\/div>\n                                                <div class=\"galerie-item\">\n                        <a href=\"https:\/\/seico.fr\/wp-content\/uploads\/2025\/05\/seico-integration-2.jpg\" data-lightbox=\"galerie\" data-title=\"seico integration 2\">\n                            <img decoding=\"async\" src=\"https:\/\/seico.fr\/wp-content\/uploads\/2025\/05\/seico-integration-2.jpg\" alt=\"seico integration 2\" class=\"img-fluid\" \/>\n                        <\/a>\n                    <\/div>\n                                                <div class=\"galerie-item\">\n                        <a href=\"https:\/\/seico.fr\/wp-content\/uploads\/2025\/05\/seico-integration-3.jpg\" data-lightbox=\"galerie\" data-title=\"seico integration 3\">\n                            <img decoding=\"async\" src=\"https:\/\/seico.fr\/wp-content\/uploads\/2025\/05\/seico-integration-3.jpg\" alt=\"seico integration 3\" class=\"img-fluid\" \/>\n                        <\/a>\n                    <\/div>\n                                    <\/div>\n    <\/section>\n\n<style>\n    .legend {\n        font-size: 25px;\n        line-height: 25px;\n        padding-top: 30px;\n        padding-bottom: 30px;\n        display: block;\n    }\n\n    .block-galerie .inner {\n        padding: 2rem 0;\n    }\n\n    \/* Classes de grille bas\u00e9es sur le nombre d'images *\/\n    .block-galerie .galerie-grid {\n        display: grid;\n        gap: 15px;\n    }\n    \n    .block-galerie .grid-col-1 {\n        grid-template-columns: 1fr;\n    }\n    \n    .block-galerie .grid-col-2 {\n        grid-template-columns: repeat(2, 1fr);\n    }\n    \n    .block-galerie .grid-col-3 {\n        grid-template-columns: repeat(3, 1fr);\n    }\n    \n    .block-galerie .grid-col-4 {\n        grid-template-columns: repeat(4, 1fr);\n    }\n\n    .block-galerie .galerie-item {\n        overflow: hidden;\n        position: relative;\n        height: 0;\n        padding-bottom: 75%; \/* Ratio 4:3 pour les images *\/\n        background-color: #f0f0f0;\n        transform: scale(1.05);\n        border-left: 10px solid white;\n    }\n\n    .block-galerie .galerie-item:hover {\n        transform: scale(1.05);\n        transition: transform 0.3s ease;\n    }\n\n    .block-galerie .galerie-item a {\n        position: absolute;\n        width: 100%;\n        height: 100%;\n        display: block;\n    }\n\n    .block-galerie .galerie-item img {\n        width: 100%;\n        height: 100%;\n        object-fit: cover;\n        transition: transform 0.3s ease;\n    }\n\n    .block-galerie .galerie-item:hover img {\n        transform: scale(1.05);\n    }\n\n    \/* Personnalisation du lightbox *\/\n    .lb-data .lb-caption {\n        font-weight: bold;\n        font-size: 16px;\n    }\n\n    @media (max-width: 768px) {\n        .block-galerie .grid-col-4 {\n            grid-template-columns: repeat(2, 1fr);\n        }\n    }\n\n    @media (max-width: 580px){\n        .block-galerie .grid-col-3 {\n            grid-template-columns: repeat(1, 1fr);\n        }\n\n    }\n\n    @media (max-width: 480px) {\n        .block-galerie .grid-col-2,\n        .block-galerie .grid-col-3,\n        .block-galerie .grid-col-4 {\n            grid-template-columns: 1fr;\n        }\n    }\n<\/style>\n\n<section class=\"banner_page section\"><div class=\"inner\"><div class=\"banner_page_container  \"><h2 class=\"title-deco \">Montaje e integraci\u00f3n de precisi\u00f3n: los recursos disponibles<\/h2><p class=\"\">Cada equipo utiliza herramientas y equipos espec\u00edficos.<br \/>\r\nLos <b>hornos de pruebas de temperatura<\/b> se utilizan para comprobar la resistencia de los productos. Las islas de pruebas funcionales espec\u00edficas garantizan la fiabilidad de los sistemas integrados.<br \/>\r\n<\/p><\/div><\/div><\/section>","protected":false},"excerpt":{"rendered":"","protected":false},"author":2,"featured_media":0,"parent":7885,"menu_order":0,"comment_status":"closed","ping_status":"closed","template":"","meta":{"_acf_changed":false,"footnotes":""},"class_list":["post-7863","page","type-page","status-publish","hentry"],"acf":[],"_links":{"self":[{"href":"https:\/\/seico.fr\/es\/wp-json\/wp\/v2\/pages\/7863","targetHints":{"allow":["GET"]}}],"collection":[{"href":"https:\/\/seico.fr\/es\/wp-json\/wp\/v2\/pages"}],"about":[{"href":"https:\/\/seico.fr\/es\/wp-json\/wp\/v2\/types\/page"}],"author":[{"embeddable":true,"href":"https:\/\/seico.fr\/es\/wp-json\/wp\/v2\/users\/2"}],"replies":[{"embeddable":true,"href":"https:\/\/seico.fr\/es\/wp-json\/wp\/v2\/comments?post=7863"}],"version-history":[{"count":2,"href":"https:\/\/seico.fr\/es\/wp-json\/wp\/v2\/pages\/7863\/revisions"}],"predecessor-version":[{"id":8191,"href":"https:\/\/seico.fr\/es\/wp-json\/wp\/v2\/pages\/7863\/revisions\/8191"}],"up":[{"embeddable":true,"href":"https:\/\/seico.fr\/es\/wp-json\/wp\/v2\/pages\/7885"}],"wp:attachment":[{"href":"https:\/\/seico.fr\/es\/wp-json\/wp\/v2\/media?parent=7863"}],"curies":[{"name":"wp","href":"https:\/\/api.w.org\/{rel}","templated":true}]}}