{"id":7869,"date":"2025-05-07T15:28:33","date_gmt":"2025-05-07T13:28:33","guid":{"rendered":"https:\/\/seico.fr\/placas-electronicas-soluciones-seico\/"},"modified":"2025-08-14T11:00:31","modified_gmt":"2025-08-14T09:00:31","slug":"placas-electronicas-soluciones-seico","status":"publish","type":"page","link":"https:\/\/seico.fr\/es\/soluciones-seico-cofidur\/placas-electronicas-soluciones-seico\/","title":{"rendered":"Placas electr\u00f3nicas: soluciones SEICO"},"content":{"rendered":"<section class=\"banner_page \"><div class=\"inner\"><div class=\"banner_page_container banner_width \"><h1 class=\"title-deco title-por defecto\">Tarjetas electr\u00f3nicas&nbsp;: <br \/>\r\nsoluciones SEICO<\/h1><p class=\"\"><b>Compras, fabricaci\u00f3n, pruebas, servicio posventa y mantenimiento en condiciones operativas: una amplia gama de servicios.<\/b><br \/>\r\n<br \/>\r\nEl mundo de las placas electr\u00f3nicas combina t\u00e9cnicas tradicionales con tecnolog\u00edas innovadoras vinculadas a la miniaturizaci\u00f3n de los componentes y a la necesidad de cumplir normas m\u00e1s respetuosas con el medio ambiente.<br \/>\r\n<br \/>\r\n<\/p><\/div><\/div><\/section><div class=\"inner\">\n    <\/div>\n<section id=\"\" class=\"txtImg_container  no-circle  ModelB  azul\">\n\n    <div class=\"txtImg_content_text\">\n        <h2 class=\"title-deco h1\" style=\"color:\">Montaje de componentes : <br>m\u00faltiples procesos<\/h2><div class=\"text-container\"><p>La producci\u00f3n de Cofidur SEICO incluye placas fabricadas con <strong>componentes montados en superficie (SMD)<\/strong>, as\u00ed como <strong>componentes convencionales con orificios pasantes<\/strong> o una combinaci\u00f3n de ambos procesos.<\/p>\n<p>La soldadura se realiza mediante un proceso sin plomo (conforme a la directiva ROHS), con control visual y por rayos X automatizado.<\/p>\n<\/div>    <\/div>\n    <div class=\"txtImg_content_image bg-azul\">\n        <img decoding=\"async\" src=\"https:\/\/seico.fr\/wp-content\/uploads\/2025\/05\/cofidur-montage.jpg\" alt=\"cofidur montage\" title=\"cofidur montage\">    <\/div>\n<\/section>\n<div class=\"inner\">\n    <\/div>\n<section id=\"\" class=\"txtImg_container  no-circle reverse_bloc ModelB  no-bg verde\">\n\n    <div class=\"txtImg_content_text\">\n        <h2 class=\"title-deco h1\" style=\"color:#A7BB38\">Entre sus herramientas<br>fabricaci\u00f3n, Cofidur SEICO<br>cuenta :<\/h2><div class=\"text-container\"><p>&#8211; 3 l\u00edneas SMT automatizadas Europlacer de \u00faltima generaci\u00f3n (ATOM3, IINEO y Vitesse 2) con una capacidad de producci\u00f3n de 40.000 componentes por hora;<br \/>\n&#8211; 2 l\u00edneas autom\u00e1ticas de serigraf\u00eda;<br \/>\n&#8211; 2 hornos de reflujo;<br \/>\n&#8211; 1 onda de soldadura (ROHS);<br \/>\n&#8211; Capacidad para trabajar en turnos de 3\u00d78.<\/p>\n<p><strong>Las herramientas de prueba consisten en :<\/strong><br \/>\n&#8211; 1 aparato de rayos X 2D;<br \/>\n&#8211; 1 Comprobador de sondas m\u00f3viles TAKAYA APT 9411;<br \/>\n&#8211; 2 m\u00e1quinas de inspecci\u00f3n \u00f3ptica autom\u00e1tica (AOI) MIRTEC.<\/p>\n<\/div>    <\/div>\n    <div class=\"txtImg_content_image bg-verde\">\n        <img decoding=\"async\" src=\"https:\/\/seico.fr\/wp-content\/uploads\/2025\/05\/cofidur-outils-fabrication.jpg\" alt=\"cofidur outils fabrication\" title=\"cofidur outils fabrication\">    <\/div>\n<\/section>\n\n<section class=\"block block-galerie \">\n    <div class=\"container-fluid inner\">\n        <div class=\"row\">\n            <div class=\"col-12\">\n                <span class=\"light uppercase legend text-center\">\n                    Herramientas de fabricaci\u00f3n Seico para placas electr\u00f3nicas                <\/span>\n            <\/div>\n        <\/div>\n    <\/div>\n            <div class=\"galerie-grid grid-col-4\">\n                                <div class=\"galerie-item\">\n                        <a href=\"https:\/\/seico.fr\/wp-content\/uploads\/2025\/05\/seico-cablage-1.jpg\" data-lightbox=\"galerie\" data-title=\"seico cablage 1\">\n                            <img decoding=\"async\" src=\"https:\/\/seico.fr\/wp-content\/uploads\/2025\/05\/seico-cablage-1.jpg\" alt=\"seico cablage 1\" class=\"img-fluid\" \/>\n                        <\/a>\n                    <\/div>\n                                                <div class=\"galerie-item\">\n                        <a href=\"https:\/\/seico.fr\/wp-content\/uploads\/2025\/05\/seico-cablage-4.jpg\" data-lightbox=\"galerie\" data-title=\"seico cablage 4\">\n                            <img decoding=\"async\" src=\"https:\/\/seico.fr\/wp-content\/uploads\/2025\/05\/seico-cablage-4.jpg\" alt=\"seico cablage 4\" class=\"img-fluid\" \/>\n                        <\/a>\n                    <\/div>\n                                                <div class=\"galerie-item\">\n                        <a href=\"https:\/\/seico.fr\/wp-content\/uploads\/2025\/05\/seico-cablage-3.jpg\" data-lightbox=\"galerie\" data-title=\"seico cablage 3\">\n                            <img decoding=\"async\" src=\"https:\/\/seico.fr\/wp-content\/uploads\/2025\/05\/seico-cablage-3.jpg\" alt=\"seico cablage 3\" class=\"img-fluid\" \/>\n                        <\/a>\n                    <\/div>\n                                                <div class=\"galerie-item\">\n                        <a href=\"https:\/\/seico.fr\/wp-content\/uploads\/2025\/05\/seico-cablage-2.jpg\" data-lightbox=\"galerie\" data-title=\"seico cablage 2\">\n                            <img decoding=\"async\" src=\"https:\/\/seico.fr\/wp-content\/uploads\/2025\/05\/seico-cablage-2.jpg\" alt=\"seico cablage 2\" class=\"img-fluid\" \/>\n                        <\/a>\n                    <\/div>\n                                    <\/div>\n    <\/section>\n\n<style>\n    .legend {\n        font-size: 25px;\n        line-height: 25px;\n        padding-top: 30px;\n        padding-bottom: 30px;\n        display: block;\n    }\n\n    .block-galerie .inner {\n        padding: 2rem 0;\n    }\n\n    \/* Classes de grille bas\u00e9es sur le nombre d'images *\/\n    .block-galerie .galerie-grid {\n        display: grid;\n        gap: 15px;\n    }\n    \n    .block-galerie .grid-col-1 {\n        grid-template-columns: 1fr;\n    }\n    \n    .block-galerie .grid-col-2 {\n        grid-template-columns: repeat(2, 1fr);\n    }\n    \n    .block-galerie .grid-col-3 {\n        grid-template-columns: repeat(3, 1fr);\n    }\n    \n    .block-galerie .grid-col-4 {\n        grid-template-columns: repeat(4, 1fr);\n    }\n\n    .block-galerie .galerie-item {\n        overflow: hidden;\n        position: relative;\n        height: 0;\n        padding-bottom: 75%; \/* Ratio 4:3 pour les images *\/\n        background-color: #f0f0f0;\n        transform: scale(1.05);\n        border-left: 10px solid white;\n    }\n\n    .block-galerie .galerie-item:hover {\n        transform: scale(1.05);\n        transition: transform 0.3s ease;\n    }\n\n    .block-galerie .galerie-item a {\n        position: absolute;\n        width: 100%;\n        height: 100%;\n        display: block;\n    }\n\n    .block-galerie .galerie-item img {\n        width: 100%;\n        height: 100%;\n        object-fit: cover;\n        transition: transform 0.3s ease;\n    }\n\n    .block-galerie .galerie-item:hover img {\n        transform: scale(1.05);\n    }\n\n    \/* Personnalisation du lightbox *\/\n    .lb-data .lb-caption {\n        font-weight: bold;\n        font-size: 16px;\n    }\n\n    @media (max-width: 768px) {\n        .block-galerie .grid-col-4 {\n            grid-template-columns: repeat(2, 1fr);\n        }\n    }\n\n    @media (max-width: 580px){\n        .block-galerie .grid-col-3 {\n            grid-template-columns: repeat(1, 1fr);\n        }\n\n    }\n\n    @media (max-width: 480px) {\n        .block-galerie .grid-col-2,\n        .block-galerie .grid-col-3,\n        .block-galerie .grid-col-4 {\n            grid-template-columns: 1fr;\n        }\n    }\n<\/style><section class=\"banner_page section\"><div class=\"inner\"><div class=\"banner_page_container  \"><h2 class=\"title-deco title-verde\">Procesos de fabricaci\u00f3n <br \/>\r\npruebas de rendimiento<\/h2><p class=\"\"><b>Existen distintos procesos de fabricaci\u00f3n:<\/b><br \/>\r\n<br \/>\r\n&#8211; reflujo simple o doble en tecnolog\u00eda SMD hasta 01005 y componentes de tecnolog\u00eda BGA en paso de 0,4 mm;<br \/>\r\n&#8211; componentes mixtos SMD y tradicionales de doble cara.<br \/>\r\n<\/p><\/div><\/div><\/section><div class=\"inner\">\n    <\/div>\n<section id=\"\" class=\"txtImg_container  no-circle  ModelB  verde\">\n\n    <div class=\"txtImg_content_text\">\n        <h2 class=\"title-deco h1\" style=\"color:#A7BB38\">Para un producto final <br>\u00f3ptimo<\/h2><div class=\"text-container\"><p>&#8211; Para <strong>una protecci\u00f3n \u00f3ptima<\/strong> de las placas y sistemas electr\u00f3nicos, se aplican barnices y revestimientos de tropicalizaci\u00f3n bajo pedido.<\/p>\n<p>&#8211; Adem\u00e1s de los controles iniciales, se realizan<strong> pruebas el\u00e9ctricas<\/strong> para comprobar que las conexiones funcionan correctamente. Se combinan con <strong>pruebas funcionales<\/strong> dise\u00f1adas para validar la correspondencia entre el resultado esperado y el rendimiento real.<br \/>\nLos bancos de pruebas funcionales pueden ser desarrollados por Cofidur SEICO o suministrados por el cliente con el procedimiento a seguir. Podemos combinar estas pruebas el\u00e9ctricas con nuestros hornos de cambio r\u00e1pido de temperatura (RTC) para detectar cualquier problema inicial.<\/p>\n<p>&#8211; Despu\u00e9s de la entrega, el servicio posventa se encarga <strong>del diagn\u00f3stico<\/strong> y<strong>las posibles reparaciones de<\/strong> las placas y los sistemas electr\u00f3nicos. Nuestros equipos tambi\u00e9n pueden utilizar nuestros hornos VRT para detectar fallos intermitentes.<\/p>\n<p>&#8211; Para el mantenimiento en condiciones operativas (MCO) de los productos en uso, una vigilancia activa de la obsolescencia nos permite reaccionar para proponer soluciones equivalentes.<\/p>\n<\/div>    <\/div>\n    <div class=\"txtImg_content_image bg-verde\">\n        <img decoding=\"async\" src=\"https:\/\/seico.fr\/wp-content\/uploads\/2025\/05\/seico-produit-final-optimal.jpg\" alt=\"seico produit final optimal\" title=\"seico produit final optimal\">    <\/div>\n<\/section>\n","protected":false},"excerpt":{"rendered":"","protected":false},"author":2,"featured_media":0,"parent":7885,"menu_order":0,"comment_status":"closed","ping_status":"closed","template":"","meta":{"_acf_changed":false,"footnotes":""},"class_list":["post-7869","page","type-page","status-publish","hentry"],"acf":[],"_links":{"self":[{"href":"https:\/\/seico.fr\/es\/wp-json\/wp\/v2\/pages\/7869","targetHints":{"allow":["GET"]}}],"collection":[{"href":"https:\/\/seico.fr\/es\/wp-json\/wp\/v2\/pages"}],"about":[{"href":"https:\/\/seico.fr\/es\/wp-json\/wp\/v2\/types\/page"}],"author":[{"embeddable":true,"href":"https:\/\/seico.fr\/es\/wp-json\/wp\/v2\/users\/2"}],"replies":[{"embeddable":true,"href":"https:\/\/seico.fr\/es\/wp-json\/wp\/v2\/comments?post=7869"}],"version-history":[{"count":1,"href":"https:\/\/seico.fr\/es\/wp-json\/wp\/v2\/pages\/7869\/revisions"}],"predecessor-version":[{"id":7873,"href":"https:\/\/seico.fr\/es\/wp-json\/wp\/v2\/pages\/7869\/revisions\/7873"}],"up":[{"embeddable":true,"href":"https:\/\/seico.fr\/es\/wp-json\/wp\/v2\/pages\/7885"}],"wp:attachment":[{"href":"https:\/\/seico.fr\/es\/wp-json\/wp\/v2\/media?parent=7869"}],"curies":[{"name":"wp","href":"https:\/\/api.w.org\/{rel}","templated":true}]}}