{"id":7885,"date":"2025-05-07T11:46:46","date_gmt":"2025-05-07T09:46:46","guid":{"rendered":"https:\/\/seico.fr\/soluciones-seico-cofidur\/"},"modified":"2025-09-10T14:27:47","modified_gmt":"2025-09-10T12:27:47","slug":"soluciones-seico-cofidur","status":"publish","type":"page","link":"https:\/\/seico.fr\/es\/soluciones-seico-cofidur\/","title":{"rendered":"Soluciones SEICO cofidur"},"content":{"rendered":"<section class=\"banner_page \"><div class=\"inner\"><div class=\"banner_page_container banner_width \"><h1 class=\"title-deco title-por defecto\">Acerca de cofidur SEICO<\/h1><p class=\"\"><b>Centr\u00e1ndose en el mercado de prototipos, as\u00ed como en series de producci\u00f3n peque\u00f1as y medianas (hasta 5.000 piezas al mes), SEICO apoya a sus clientes a medida que avanzan hacia mayores vol\u00famenes de producci\u00f3n.<\/b><\/p><\/div><\/div><\/section>\n\n\n<section class=\"block block-ressources-humaines block-politique  pt-10 container-fluid\">\n    <div class=\"inner\">\n                <div class=\"row\">\n                                                <div class=\"job col-md-6 col-lg-3  even\"\n                style=\"background-image: url('https:\/\/seico.fr\/wp-content\/uploads\/2025\/05\/seico-cartes.jpg')\">\n                <a href=\"https:\/\/seico.fr\/es\/soluciones-seico-cofidur\/placas-electronicas-soluciones-seico\/\" class=\"overlay\" style=\"background-color:#3d559a\" title=\"M\u00e1s informaci\u00f3n\"><\/a>\n                <div class=\"overlay overlay-anim\"><\/div>\n\n                <div class=\"col-12 title\">\n                    <h3>Tarjetas electr\u00f3nicas<\/h3>\n                <\/div>\n                <div class=\"overlay-text\">\n                    \n                    <a href=\"https:\/\/seico.fr\/es\/soluciones-seico-cofidur\/placas-electronicas-soluciones-seico\/\" class=\"bold uppercase\" title=\"M\u00e1s informaci\u00f3n\">\n                        Saber m\u00e1s                    <\/a>                \n                <\/div>\n            <\/div>\n                                    <div class=\"job col-md-6 col-lg-3  odd\"\n                style=\"background-image: url('https:\/\/seico.fr\/wp-content\/uploads\/2025\/05\/seico-cablages.jpg')\">\n                <a href=\"https:\/\/seico.fr\/es\/soluciones-seico-cofidur\/cables-y-cableado-soluciones-cofidur-seico\/\" class=\"overlay\" style=\"background-color:#ffb237\" title=\"M\u00e1s informaci\u00f3n\"><\/a>\n                <div class=\"overlay overlay-anim\"><\/div>\n\n                <div class=\"col-12 title\">\n                    <h3>Cables y cableado<\/h3>\n                <\/div>\n                <div class=\"overlay-text\">\n                    \n                    <a href=\"https:\/\/seico.fr\/es\/soluciones-seico-cofidur\/cables-y-cableado-soluciones-cofidur-seico\/\" class=\"bold uppercase\" title=\"M\u00e1s informaci\u00f3n\">\n                        Saber m\u00e1s                    <\/a>                \n                <\/div>\n            <\/div>\n                                    <div class=\"job col-md-6 col-lg-3  even\"\n                style=\"background-image: url('https:\/\/seico.fr\/wp-content\/uploads\/2025\/05\/seico-integration.jpg')\">\n                <a href=\"https:\/\/seico.fr\/es\/soluciones-seico-cofidur\/montaje-de-precision-soluciones-cofidur-seico\/\" class=\"overlay\" style=\"background-color:#a7bb38\" title=\"M\u00e1s informaci\u00f3n\"><\/a>\n                <div class=\"overlay overlay-anim\"><\/div>\n\n                <div class=\"col-12 title\">\n                    <h3>Montaje de precisi\u00f3n<\/h3>\n                <\/div>\n                <div class=\"overlay-text\">\n                    \n                    <a href=\"https:\/\/seico.fr\/es\/soluciones-seico-cofidur\/montaje-de-precision-soluciones-cofidur-seico\/\" class=\"bold uppercase\" title=\"M\u00e1s informaci\u00f3n\">\n                        Saber m\u00e1s                    <\/a>                \n                <\/div>\n            <\/div>\n                                    <div class=\"job col-md-6 col-lg-3  odd\"\n                style=\"background-image: url('https:\/\/seico.fr\/wp-content\/uploads\/2025\/05\/seico-outillage-test.jpg')\">\n                <a href=\"https:\/\/seico.fr\/es\/soluciones-seico-cofidur\/interfaces-y-bancos-de-pruebas\/\" class=\"overlay\" style=\"background-color:#46c1db\" title=\"M\u00e1s informaci\u00f3n\"><\/a>\n                <div class=\"overlay overlay-anim\"><\/div>\n\n                <div class=\"col-12 title\">\n                    <h3>Herramientas de prueba<\/h3>\n                <\/div>\n                <div class=\"overlay-text\">\n                    \n                    <a href=\"https:\/\/seico.fr\/es\/soluciones-seico-cofidur\/interfaces-y-bancos-de-pruebas\/\" class=\"bold uppercase\" title=\"M\u00e1s informaci\u00f3n\">\n                        Saber m\u00e1s                    <\/a>                \n                <\/div>\n            <\/div>\n                                            <\/div>\n            <\/div>\n\n<\/section>\n\n\n<div style=\"height:100px\" aria-hidden=\"true\" class=\"wp-block-spacer\"><\/div>\n\n\n<div class=\"inner\">\n    <\/div>\n<section id=\"\" class=\"txtImg_container  no-circle  ModelB  azul\">\n\n    <div class=\"txtImg_content_text\">\n        <h2 class=\"title-deco h1\" style=\"color:#3D559A\">Un \u00e1rea de servicios <br>diversificada para <br>producci\u00f3n global<\/h2><div class=\"text-container\"><p>Con experiencia en toda la cadena de subcontrataci\u00f3n, la actividad de la empresa incluye el <strong>seguimiento de proyectos de desarrollo y la asistencia en el dise\u00f1o de sistemas<\/strong>, con :<\/p>\n<p>&#8211; la posibilidad de gestionar proyectos,<br \/>\n&#8211; industrializaci\u00f3n de productos,<br \/>\n&#8211; la compra y el almacenamiento de componentes,<br \/>\n&#8211; log\u00edstica final,<br \/>\n&#8211; y servicio posventa.<\/p>\n<p>Todas estas operaciones se llevan a cabo en sus instalaciones de 4.500 m\u00b2, que combinan producci\u00f3n e ingenier\u00eda.<\/p>\n<\/div>    <\/div>\n    <div class=\"txtImg_content_image bg-azul\">\n        <img decoding=\"async\" src=\"https:\/\/seico.fr\/wp-content\/uploads\/2025\/05\/seico-services-diversifies.jpg\" alt=\"seico services diversifies\" title=\"seico services diversifies\">    <\/div>\n<\/section>\n\n\n<div class=\"inner\">\n    <\/div>\n<section id=\"\" class=\"txtImg_container  no-circle reverse_bloc ModelB  no-bg bleu\">\n\n    <div class=\"txtImg_content_text\">\n        <h2 class=\"title-deco h1\" style=\"color:#0F1C39\">Apoyo al cliente durante todo el proyecto<\/h2><div class=\"text-container\"><p><span class=\"h3\" style=\"color: #a7bb38;\">Las herramientas de fabricaci\u00f3n de Cofidur SEICO incluyen:<\/span><\/p>\n<p>En cada una de sus especialidades, Cofidur SEICO pone su saber hacer industrial al servicio de un esp\u00edritu empresarial basado en la calidad y la eficacia. Elemento esencial de una verdadera estrategia de sinergia entre Cofidur SEICO y sus comitentes, el acompa\u00f1amiento del cliente tiene lugar a lo largo de todo el proyecto, con una preocupaci\u00f3n constante por anticiparse a los mercados y reaccionar r\u00e1pidamente ante las nuevas situaciones.<\/p>\n<\/div><a href=\"https:\/\/seico.fr\/es\/contacto\/\" class=\"bouton primary\">Contacte con nosotros<\/a>    <\/div>\n    <div class=\"txtImg_content_image bg-bleu\">\n        <img decoding=\"async\" src=\"https:\/\/seico.fr\/wp-content\/uploads\/2025\/05\/seico-accompagner.jpg\" alt=\"seico accompagner\" title=\"seico accompagner\">    <\/div>\n<\/section>\n\n\n\n\n","protected":false},"excerpt":{"rendered":"","protected":false},"author":2,"featured_media":0,"parent":0,"menu_order":0,"comment_status":"closed","ping_status":"closed","template":"","meta":{"_acf_changed":false,"footnotes":""},"class_list":["post-7885","page","type-page","status-publish","hentry"],"acf":[],"_links":{"self":[{"href":"https:\/\/seico.fr\/es\/wp-json\/wp\/v2\/pages\/7885","targetHints":{"allow":["GET"]}}],"collection":[{"href":"https:\/\/seico.fr\/es\/wp-json\/wp\/v2\/pages"}],"about":[{"href":"https:\/\/seico.fr\/es\/wp-json\/wp\/v2\/types\/page"}],"author":[{"embeddable":true,"href":"https:\/\/seico.fr\/es\/wp-json\/wp\/v2\/users\/2"}],"replies":[{"embeddable":true,"href":"https:\/\/seico.fr\/es\/wp-json\/wp\/v2\/comments?post=7885"}],"version-history":[{"count":4,"href":"https:\/\/seico.fr\/es\/wp-json\/wp\/v2\/pages\/7885\/revisions"}],"predecessor-version":[{"id":8188,"href":"https:\/\/seico.fr\/es\/wp-json\/wp\/v2\/pages\/7885\/revisions\/8188"}],"wp:attachment":[{"href":"https:\/\/seico.fr\/es\/wp-json\/wp\/v2\/media?parent=7885"}],"curies":[{"name":"wp","href":"https:\/\/api.w.org\/{rel}","templated":true}]}}