{"id":7897,"date":"2025-05-07T10:32:51","date_gmt":"2025-05-07T08:32:51","guid":{"rendered":"https:\/\/seico.fr\/cofidur-seico-40-anos-de-experiencia\/"},"modified":"2025-09-10T14:26:25","modified_gmt":"2025-09-10T12:26:25","slug":"cofidur-seico-40-anos-de-experiencia","status":"publish","type":"page","link":"https:\/\/seico.fr\/es\/sobre-nosotros\/cofidur-seico-40-anos-de-experiencia\/","title":{"rendered":"Cofidur SEICO : 40 a\u00f1os de experiencia"},"content":{"rendered":"<section class=\"banner_page \"><div class=\"inner\"><div class=\"banner_page_container banner_width \"><h1 class=\"title-deco title-por defecto\">Cofidur SEICO : 40 a\u00f1os de experiencia<\/h1><p class=\"\"><b>Desde su creaci\u00f3n en 1981, Cofidur SEICO ha situado la satisfacci\u00f3n del cliente en el centro de su estrategia empresarial. Para ello, su prioridad es escuchar las necesidades expresadas, al tiempo que mantiene una vigilancia tecnol\u00f3gica para anticiparse a las expectativas. En un mundo en constante evoluci\u00f3n, la empresa ha optado por combinar tecnolog\u00edas de vanguardia con equipos tradicionales.<\/b><br \/>\r\n<br \/>\r\nSe han realizado importantes inversiones: a los equipos existentes se han a\u00f1adido dos nuevas l\u00edneas SMT Europlacer de \u00faltima generaci\u00f3n, un sistema autom\u00e1tico de inspecci\u00f3n \u00f3ptica AOI y m\u00e1quinas autom\u00e1ticas de corte de cables.<\/p><\/div><\/div><\/section>\n\n<div class=\"inner\">\n    <\/div>\n<section id=\"\" class=\"txtImg_container  no-circle reverse_bloc ModelB  no-bg azul\">\n\n    <div class=\"txtImg_content_text\">\n        <h2 class=\"title-deco h1\" style=\"color:\">Experiencia de vanguardia para la mejora continua del rendimiento<\/h2><div class=\"text-container\"><p><strong><span class=\"uppercase\">Objetivos de SEICO en materia de atenci\u00f3n al cliente<\/span><\/strong><\/p>\n<p><span class=\"uppercase\"><strong>01<\/strong><br \/>\nFabricaci\u00f3n <strong>rigurosa<\/strong>,<\/span><\/p>\n<p><span class=\"uppercase\"><strong>02<\/strong><br \/>\n<strong>flexibilidad<\/strong> para adaptarse a las exigencias t\u00e9cnicas,<\/span><\/p>\n<p><span class=\"uppercase\"><strong>03<\/strong><br \/>\n<strong>cumplimiento de las<\/strong> especificaciones,<\/span><\/p>\n<p><span class=\"uppercase\"><strong>04<\/strong><br \/>\n<strong>reactividad<\/strong> en el seguimiento comercial,<\/span><\/p>\n<p><span class=\"uppercase\"><strong>05<\/strong><br \/>\n<strong>precisi\u00f3n<\/strong> en el asesoramiento t\u00e9cnico.<\/span><\/p>\n<p>estos son los objetivos que unen a todos los empleados de Cofidur SEICO en su compromiso de apoyar a los clientes en su planteamiento industrial.<\/p>\n\n<\/div>    <\/div>\n    <div class=\"txtImg_content_image bg-azul\">\n        <img decoding=\"async\" src=\"https:\/\/seico.fr\/wp-content\/uploads\/2025\/05\/seico-savoir-faire.jpg\" alt=\"seico savoir faire\" title=\"seico savoir faire\">    <\/div>\n<\/section>\n\n\n<div class=\"inner\">\n    <\/div>\n<section id=\"\" class=\"txtImg_container  no-circle  ModelB  no-bg verde\">\n\n    <div class=\"txtImg_content_text\">\n        <h2 class=\"title-deco h1\" style=\"color:3D559A\">Cofidur SEICO y<br>control de impactos <br>medio ambiente<\/h2><div class=\"text-container\"><p>Internamente, el af\u00e1n de mejora continua del rendimiento se combina con una pol\u00edtica de <strong>control del impacto medioambiental<\/strong> de nuestras actividades. Su objetivo es reducir la cantidad de residuos y fomentar el <strong>reciclaje<\/strong>.<\/p>\n<\/div>    <\/div>\n    <div class=\"txtImg_content_image bg-verde\">\n        <img decoding=\"async\" src=\"https:\/\/seico.fr\/wp-content\/uploads\/2025\/05\/cofidur-environnement.jpg\" alt=\"cofidur environnement\" title=\"cofidur environnement\">    <\/div>\n<\/section>\n\n\n<section\n    class=\"block block-cta  pt-50 align  \"\n    id=\"\"\n    style=\"background-image:url(https:\/\/seico.fr\/wp-content\/uploads\/2025\/05\/cofidur-bg-cta.jpg)\">\n    <div class=\"container pt-50 pb-10\">\n        <div class=\"row\">\n            <div class=\"col-12 d-flex x-y-center flex-column\">\n                                <h2 class=\"not-lined   em text-center\">Nuestros clientes tienen un alto nivel de exigencia..<\/h2>\n                                <p class=\"ptb-30 text-center h2 light uppercase\">&#8230; \u00a1Su satisfacci\u00f3n est\u00e1 en el centro de nuestras preocupaciones!\r\n<\/p>\n                                <a href=\"https:\/\/seico.fr\/es\/contacto\/\"\n                    class=\"bouton primary vert\">HABLE CON NUESTROS EXPERTOS SOBRE SU PROYECTO<\/a>\n            <\/div>\n        <\/div>\n    <\/div>\n\n<\/section>\n","protected":false},"excerpt":{"rendered":"","protected":false},"author":2,"featured_media":0,"parent":8031,"menu_order":0,"comment_status":"closed","ping_status":"closed","template":"","meta":{"_acf_changed":false,"footnotes":""},"class_list":["post-7897","page","type-page","status-publish","hentry"],"acf":[],"_links":{"self":[{"href":"https:\/\/seico.fr\/es\/wp-json\/wp\/v2\/pages\/7897","targetHints":{"allow":["GET"]}}],"collection":[{"href":"https:\/\/seico.fr\/es\/wp-json\/wp\/v2\/pages"}],"about":[{"href":"https:\/\/seico.fr\/es\/wp-json\/wp\/v2\/types\/page"}],"author":[{"embeddable":true,"href":"https:\/\/seico.fr\/es\/wp-json\/wp\/v2\/users\/2"}],"replies":[{"embeddable":true,"href":"https:\/\/seico.fr\/es\/wp-json\/wp\/v2\/comments?post=7897"}],"version-history":[{"count":2,"href":"https:\/\/seico.fr\/es\/wp-json\/wp\/v2\/pages\/7897\/revisions"}],"predecessor-version":[{"id":8185,"href":"https:\/\/seico.fr\/es\/wp-json\/wp\/v2\/pages\/7897\/revisions\/8185"}],"up":[{"embeddable":true,"href":"https:\/\/seico.fr\/es\/wp-json\/wp\/v2\/pages\/8031"}],"wp:attachment":[{"href":"https:\/\/seico.fr\/es\/wp-json\/wp\/v2\/media?parent=7897"}],"curies":[{"name":"wp","href":"https:\/\/api.w.org\/{rel}","templated":true}]}}