{"id":7932,"date":"2025-05-07T10:23:19","date_gmt":"2025-05-07T08:23:19","guid":{"rendered":"https:\/\/seico.fr\/enfoque-de-calidad\/"},"modified":"2025-09-10T14:26:52","modified_gmt":"2025-09-10T12:26:52","slug":"enfoque-de-calidad","status":"publish","type":"page","link":"https:\/\/seico.fr\/es\/sobre-nosotros\/enfoque-de-calidad\/","title":{"rendered":"Enfoque de calidad"},"content":{"rendered":"<section class=\"banner_page \"><div class=\"inner\"><div class=\"banner_page_container banner_width \"><h1 class=\"title-deco \">Enfoque de calidad<\/h1><p class=\"\"><b>Como punta de lanza de la satisfacci\u00f3n del cliente, la norma internacional ISO 9001 se utiliza en 175 pa\u00edses para validar la capacidad de los sistemas de gesti\u00f3n de las empresas para garantizar un aut\u00e9ntico enfoque de calidad.<\/b><br \/>\r\n<br \/>\r\nEn 2003, Cofidur SEICO solicit\u00f3 y obtuvo esta certificaci\u00f3n. En 2008, para garantizar la coherencia con la norma ISO 14001 aplicable a los sistemas de gesti\u00f3n medioambiental, se introdujeron nuevos requisitos que complementaban los iniciales. La conformidad de los procedimientos de Cofidur SEICO con las normas ISO 9001:2008 ha confirmado el compromiso de la empresa en su b\u00fasqueda constante de la optimizaci\u00f3n de la calidad.<\/p><\/div><\/div><\/section>\n\n<div class=\"inner\">\n    <\/div>\n<section id=\"\" class=\"txtImg_container  no-circle reverse_bloc ModelB  no-bg verde\">\n\n    <div class=\"txtImg_content_text\">\n        <h2 class=\"title-deco h1\" style=\"color:\">Procedimientos operativos reconocidos en cofidur SEICO<\/h2><div class=\"text-container\"><p>Se han reconocido m\u00e9todos operativos concluyentes, como :<\/p>\n<ul>\n<li><strong>planes de mejora<\/strong> respaldados por procesos formalizados e indicadores contabilizados<\/li>\n<li><strong>an\u00e1lisis del rendimiento de<\/strong> productos y procesos<\/li>\n<li><strong>una matriz de competencias m\u00faltiples<\/strong> para identificar las necesidades de formaci\u00f3n del personal, apoyada por el control de calidad de los PPM internos\/externos y los rechazos.<\/li>\n<\/ul>\n<\/div>    <\/div>\n    <div class=\"txtImg_content_image bg-verde\">\n        <img decoding=\"async\" src=\"https:\/\/seico.fr\/wp-content\/uploads\/2025\/05\/seico-modes-operatoires.jpg\" alt=\"seico modes operatoires\" title=\"seico modes operatoires\">    <\/div>\n<\/section>\n\n\n<div class=\"inner\">\n    <\/div>\n<section id=\"\" class=\"txtImg_container  no-circle  ModelB  no-bg azul\">\n\n    <div class=\"txtImg_content_text\">\n        <h2 class=\"title-deco h1\" style=\"color:#3D559A\">Montaje <br>sEICO electr\u00f3nica<br> cumplir la<br> IPC A610<\/h2><div class=\"text-container\"><p>Del mismo modo, el<strong> cumplimiento de las normas<\/strong> inherentes a la profesi\u00f3n es un principio soberano que contribuye a reforzar la<strong> fiabilidad de los productos<\/strong> y la<strong> protecci\u00f3n del personal<\/strong>.<\/p>\n<p><strong>Los conjuntos electr\u00f3nicos de SEICO cumplen con IPC A610 (clases 2 y 3)<\/strong> y sus componentes cumplen con las aprobaciones UL de inflamabilidad y resistencia al fuego. Adem\u00e1s, los riesgos relacionados con las explosiones est\u00e1n cubiertos por la conformidad de las instalaciones con la normativa ATEX.<\/p>\n<p>Por \u00faltimo, los entornos con graves limitaciones est\u00e1n sujetos a normas espec\u00edficas que los clientes piden a la empresa que respete.<\/p>\n<\/div><div class=\"row\"><div class=\"col-md-12\"><a href=\"https:\/\/seico.fr\/wp-content\/uploads\/2025\/05\/SEICO_Certificat-AFAQ-21393.9_ISO-9001-2015_Validite-280212_.pdf\" class=\"button outline pdf\" target=\"_blank\">Certificado ISO<\/a><\/div><\/div>    <\/div>\n    <div class=\"txtImg_content_image bg-azul\">\n        <img decoding=\"async\" src=\"https:\/\/seico.fr\/wp-content\/uploads\/2025\/05\/seico-conformite-e1746606026695.jpg\" alt=\"seico conformite\" title=\"seico conformite\">    <\/div>\n<\/section>\n\n\n<section\n    class=\"block block-cta  pt-50 align  \"\n    id=\"\"\n    style=\"background-image:url(https:\/\/seico.fr\/wp-content\/uploads\/2025\/05\/cofidur-bg-cta.jpg)\">\n    <div class=\"container pt-50 pb-10\">\n        <div class=\"row\">\n            <div class=\"col-12 d-flex x-y-center flex-column\">\n                                <h2 class=\"not-lined  pb-30   em text-center\">40 a\u00f1os de experiencia<br> para mejorar <br> rendimiento continuo<\/h2>\n                                <a href=\"https:\/\/seico.fr\/es\/sobre-nosotros\/cofidur-seico-40-anos-de-experiencia\/\"\n                    class=\"bouton primary vert\">Descubrir los objetivos<\/a>\n            <\/div>\n        <\/div>\n    <\/div>\n\n<\/section>\n","protected":false},"excerpt":{"rendered":"","protected":false},"author":2,"featured_media":0,"parent":8031,"menu_order":0,"comment_status":"closed","ping_status":"closed","template":"","meta":{"_acf_changed":false,"footnotes":""},"class_list":["post-7932","page","type-page","status-publish","hentry"],"acf":[],"_links":{"self":[{"href":"https:\/\/seico.fr\/es\/wp-json\/wp\/v2\/pages\/7932","targetHints":{"allow":["GET"]}}],"collection":[{"href":"https:\/\/seico.fr\/es\/wp-json\/wp\/v2\/pages"}],"about":[{"href":"https:\/\/seico.fr\/es\/wp-json\/wp\/v2\/types\/page"}],"author":[{"embeddable":true,"href":"https:\/\/seico.fr\/es\/wp-json\/wp\/v2\/users\/2"}],"replies":[{"embeddable":true,"href":"https:\/\/seico.fr\/es\/wp-json\/wp\/v2\/comments?post=7932"}],"version-history":[{"count":2,"href":"https:\/\/seico.fr\/es\/wp-json\/wp\/v2\/pages\/7932\/revisions"}],"predecessor-version":[{"id":8186,"href":"https:\/\/seico.fr\/es\/wp-json\/wp\/v2\/pages\/7932\/revisions\/8186"}],"up":[{"embeddable":true,"href":"https:\/\/seico.fr\/es\/wp-json\/wp\/v2\/pages\/8031"}],"wp:attachment":[{"href":"https:\/\/seico.fr\/es\/wp-json\/wp\/v2\/media?parent=7932"}],"curies":[{"name":"wp","href":"https:\/\/api.w.org\/{rel}","templated":true}]}}