{"id":8017,"date":"2024-07-02T14:55:38","date_gmt":"2024-07-02T12:55:38","guid":{"rendered":"https:\/\/seico.fr\/?page_id=8017"},"modified":"2025-09-10T14:24:41","modified_gmt":"2025-09-10T12:24:41","slug":"inicio","status":"publish","type":"page","link":"https:\/\/seico.fr\/es\/","title":{"rendered":"Inicio"},"content":{"rendered":"\t<section class=\"banner_home mb-5\" style=\"background-color:#01245E;\">\n\t\t<video autoplay loop muted playsinline>\n\t\t\t<source src=\"https:\/\/seico.fr\/wp-content\/uploads\/2025\/05\/cofidur_cut_720.mp4\" type=\"video\/mp4\">\n\t\t\tYour browser does not support the video tag.\n\t\t<\/video>\n\t<div class=\"inner banner_home_container\"><div class=\"cartouche bg-jaune text-blanc text-uppercase\">Agilidad &amp; Experiencia<\/div><h1>Para soluciones<br \/>\nelectr\u00f3nico en<br \/>\nmedir\n<\/h1><a href=\"https:\/\/seico.fr\/es\/soluciones-seico-cofidur\/\" title=\"Descubra nuestra experiencia\" class=\"bouton primary\">Descubra<br>nuestra experiencia<\/a><\/div><\/section>\n\n\n\n\n<section class=\"block block-ressources-humaines block-politique  pt-10 container-fluid\">\n    <div class=\"inner\">\n                <div class=\"row\">\n            <div class=\"col-12\">\n            <h2 class=\"title-deco h1 pb-5\">\n                Soluciones Cofidur SEICO en<br>subcontrataci\u00f3n electr\u00f3nica            <\/h2>\n            <\/div>\n        <\/div>\n                <div class=\"row\">\n                                                <div class=\"job col-md-6 col-lg-3  even\"\n                style=\"background-image: url('https:\/\/seico.fr\/wp-content\/uploads\/2025\/05\/seico-cartes.jpg')\">\n                <a href=\"https:\/\/seico.fr\/es\/soluciones-seico-cofidur\/placas-electronicas-soluciones-seico\/\" class=\"overlay\" style=\"background-color:#3d559a\" title=\"M\u00e1s informaci\u00f3n\"><\/a>\n                <div class=\"overlay overlay-anim\"><\/div>\n\n                <div class=\"col-12 title\">\n                    <h3>Tarjetas electr\u00f3nicas<\/h3>\n                <\/div>\n                <div class=\"overlay-text\">\n                    \n                    <a href=\"https:\/\/seico.fr\/es\/soluciones-seico-cofidur\/placas-electronicas-soluciones-seico\/\" class=\"bold uppercase\" title=\"M\u00e1s informaci\u00f3n\">\n                        Saber m\u00e1s                    <\/a>                \n                <\/div>\n            <\/div>\n                                    <div class=\"job col-md-6 col-lg-3  odd\"\n                style=\"background-image: url('https:\/\/seico.fr\/wp-content\/uploads\/2025\/05\/seico-cablages.jpg')\">\n                <a href=\"https:\/\/seico.fr\/es\/soluciones-seico-cofidur\/cables-y-cableado-soluciones-cofidur-seico\/\" class=\"overlay\" style=\"background-color:#ffb237\" title=\"M\u00e1s informaci\u00f3n\"><\/a>\n                <div class=\"overlay overlay-anim\"><\/div>\n\n                <div class=\"col-12 title\">\n                    <h3>Cables y cableado<\/h3>\n                <\/div>\n                <div class=\"overlay-text\">\n                    \n                    <a href=\"https:\/\/seico.fr\/es\/soluciones-seico-cofidur\/cables-y-cableado-soluciones-cofidur-seico\/\" class=\"bold uppercase\" title=\"M\u00e1s informaci\u00f3n\">\n                        Saber m\u00e1s                    <\/a>                \n                <\/div>\n            <\/div>\n                                    <div class=\"job col-md-6 col-lg-3  even\"\n                style=\"background-image: url('https:\/\/seico.fr\/wp-content\/uploads\/2025\/05\/seico-integration.jpg')\">\n                <a href=\"https:\/\/seico.fr\/es\/soluciones-seico-cofidur\/montaje-de-precision-soluciones-cofidur-seico\/\" class=\"overlay\" style=\"background-color:#a7bb38\" title=\"M\u00e1s informaci\u00f3n\"><\/a>\n                <div class=\"overlay overlay-anim\"><\/div>\n\n                <div class=\"col-12 title\">\n                    <h3>Montaje de precisi\u00f3n<\/h3>\n                <\/div>\n                <div class=\"overlay-text\">\n                    \n                    <a href=\"https:\/\/seico.fr\/es\/soluciones-seico-cofidur\/montaje-de-precision-soluciones-cofidur-seico\/\" class=\"bold uppercase\" title=\"M\u00e1s informaci\u00f3n\">\n                        Saber m\u00e1s                    <\/a>                \n                <\/div>\n            <\/div>\n                                    <div class=\"job col-md-6 col-lg-3  odd\"\n                style=\"background-image: url('https:\/\/seico.fr\/wp-content\/uploads\/2025\/05\/seico-outillage-test.jpg')\">\n                <a href=\"https:\/\/seico.fr\/es\/soluciones-seico-cofidur\/interfaces-y-bancos-de-pruebas\/\" class=\"overlay\" style=\"background-color:#46c1db\" title=\"M\u00e1s informaci\u00f3n\"><\/a>\n                <div class=\"overlay overlay-anim\"><\/div>\n\n                <div class=\"col-12 title\">\n                    <h3>Herramientas de prueba<\/h3>\n                <\/div>\n                <div class=\"overlay-text\">\n                    \n                    <a href=\"https:\/\/seico.fr\/es\/soluciones-seico-cofidur\/interfaces-y-bancos-de-pruebas\/\" class=\"bold uppercase\" title=\"M\u00e1s informaci\u00f3n\">\n                        Saber m\u00e1s                    <\/a>                \n                <\/div>\n            <\/div>\n                                            <\/div>\n                <div class=\"row\">\n            <div class=\"col-8 offset-3\">\n            <a href=\"https:\/\/seico.fr\/es\/soluciones-seico-cofidur\/\" class=\"bouton primary vert\">M\u00e1s informaci\u00f3n<\/a>\n            <\/div>\n        <\/div>\n            <\/div>\n\n<\/section>\n\n\n<div style=\"height:100px\" aria-hidden=\"true\" class=\"wp-block-spacer\"><\/div>\n\n\n<div class=\"inner\">\n    <\/div>\n<section id=\"\" class=\"txtImg_container   ModelB  vert\">\n\n    <div class=\"txtImg_content_text\">\n        <h2 class=\"title-deco h1\" style=\"color:\">40 a\u00f1os de experiencia en<br>subcontrataci\u00f3n electr\u00f3nica<br>para 5 grandes sectores de actividad<\/h2><div class=\"text-container\"><p>La diversidad de los actores que han formado parte del d\u00eda a d\u00eda de Cofidur SEICO durante m\u00e1s de 40 a\u00f1os le ha permitido enriquecer sus competencias y desarrollar su potencial de innovaci\u00f3n. Cofidur SEICO responde a m\u00faltiples necesidades con productos de calidad dotados de tecnolog\u00eda de vanguardia, ofreciendo una excelente capacidad de adaptaci\u00f3n all\u00ed donde se requiere. <\/p>\n<\/div>    <\/div>\n    <div class=\"txtImg_content_image bg-vert\">\n        <img decoding=\"async\" src=\"https:\/\/seico.fr\/wp-content\/uploads\/2025\/05\/seico-40-ans-expertise.jpg\" alt=\"seico 40 ans expertise\" title=\"seico 40 ans expertise\">    <\/div>\n<\/section>\n\n\n\n<section class=\"block block-ambitions  pb-15 pt-20\" style=\"background-image: url('https:\/\/seico.fr\/wp-content\/uploads\/2024\/12\/bg-accueil-1.jpg');\">\n    <div class=\"overlay\"><\/div>\n    <div class=\"container-fluid inner\">\n        <div class=\"row ambitions pb-4\">\n                                            <div class='col-md-6 col-sm-12 ambition d-flex x-y-center flex-column'>\n                                                                    <div class=\"details\">\n                        <span class=\"text-uppercase bold pb-1 h3  d-block text-white\">Electr\u00f3nica<br>industrial<\/span>\n                        <p class=\"text-white\">47% de la actividad de Cofidur SEICO: sistemas de control, pesaje o bombeo, regulaci\u00f3n y automatizaci\u00f3n, terminales y objetos comunicantes, terminales interactivos, paneles luminosos, equipos de audio, impresoras, etc<\/p>\n                    <\/div>\n                <\/div>\n                                <div class='col-md-6 col-sm-12 ambition d-flex x-y-center flex-column'>\n                                                                    <div class=\"details\">\n                        <span class=\"text-uppercase bold pb-1 h3  d-block text-white\">El sector de la energ\u00eda <br>y el medioambiente<\/span>\n                        <p class=\"text-white\">desde conversi\u00f3n de energ\u00eda a prospecci\u00f3n petrol\u00edfera, cargadores de bater\u00edas, calderas y bombas de calor..<\/p>\n                    <\/div>\n                <\/div>\n                                <div class='col-md-6 col-sm-12 ambition d-flex x-y-center flex-column'>\n                                                                    <div class=\"details\">\n                        <span class=\"text-uppercase bold pb-1 h3  d-block text-white\">Transporte y veh\u00edculos <br>especiales<\/span>\n                        <p class=\"text-white\">equipos adaptados para el transporte ferroviario, el deporte automovil\u00edstico o los equipos posventa para la navegaci\u00f3n..<\/p>\n                    <\/div>\n                <\/div>\n                                <div class='col-md-6 col-sm-12 ambition d-flex x-y-center flex-column'>\n                                                                    <div class=\"details\">\n                        <span class=\"text-uppercase bold pb-1 h3  d-block text-white\">Defensa de la seguridad<\/span>\n                        <p class=\"text-white\">sistemas de control de acceso, horarios y de seguridad contra incendios, as\u00ed como interfonos y sistemas antirrobo y de defensa<\/p>\n                    <\/div>\n                <\/div>\n                                <div class='col-md-6 col-sm-12 ambition d-flex x-y-center flex-column'>\n                                                                    <div class=\"details\">\n                        <span class=\"text-uppercase bold pb-1 h3  d-block text-white\">Sector m\u00e9dico<\/span>\n                        <p class=\"text-white\">Sistemas de ultrasonidos y termograf\u00eda infrarroja, equipos de an\u00e1lisis, equipos espec\u00edficos)<\/p>\n                    <\/div>\n                <\/div>\n                                    <\/div>\n        <div class=\"row\">\n            <div class=\"col-8 offset-3\">\n                <a href=\"https:\/\/seico.fr\/es\/aplicaciones-mercados-cofidur-seico\/\" class=\"bouton primary vert\">\u00bfC\u00d3MO PODEMOS AYUDARLE?<\/a>\n            <\/div>\n        <\/div>\n<\/section>\n\n\n<section class=\"block block-resultactus pb-10 pt-10 container-fluid\" id=\"nos-actus\">\n    <div class=\"inner\">\n                    <div class=\"row\">\n                                    <div class=\"pl-0 col-lg-12 col-md-12 col-sm-12\">\n                        <h2 class=\"title-deco title-violet\">\n                            Actualidades                        <\/h2>\n                    <\/div>\n                                <div class=\"col-lg-4 col-md-4 col-sm-6\"><\/div>\n                <div class=\"col-lg-12 col-md-12 col-sm-12\">\n                                            <div class=\"container-fluid\">\n                            <div class=\"row posts results-container\">\n                                                                    <div class=\"pt-4 pb-4 pl-0 actus col-lg-12 col-md-12 col-sm-12 row\">\n                                        <div class=\"col-lg-6 col-md-6 col-sm-12 no-pl\">\n                                            <div class=\"image actus_result_image\">\n                                                                                                    <img decoding=\"async\" src=\"https:\/\/seico.fr\/wp-content\/uploads\/2025\/05\/cofidur-salon-global-industrie.jpg\" alt=\"\u00a1Cofidur SEICO en Global Industrie 2025!\" title=\"\u00a1Cofidur SEICO en Global Industrie 2025!\">\n                                                                                            <\/div>\n                                        <\/div>\n                                        <div class=\"col-lg-6 col-md-6 col-sm-12 d-flex x-center flex-column\">\n                                            <div class=\"uppercase light date pb-1\">07\/05\/2026<\/div>\n                                            <h3 class=\"bold h5 text-uppercase pb-2\">\u00a1Cofidur SEICO en Global Industrie 2025!<\/h3>\n                                                                                        <a href=\"https:\/\/seico.fr\/es\/cofidur-seico-en-global-industrie-2025\/\" class=\"bouton secondary\">\n                                            Ver detalles                                            <\/a>\n                                        <\/div>\n                                    <\/div>\n                                                                    <div class=\"pt-4 pb-4 pl-0 actus col-lg-12 col-md-12 col-sm-12 row\">\n                                        <div class=\"col-lg-6 col-md-6 col-sm-12 no-pl\">\n                                            <div class=\"image actus_result_image\">\n                                                                                                    <img decoding=\"async\" src=\"https:\/\/seico.fr\/wp-content\/uploads\/2025\/05\/cofidur-seico-immersion.jpg\" alt=\"La inmersi\u00f3n en el coraz\u00f3n del saber hacer industrial de Cofidur SEICO\" title=\"La inmersi\u00f3n en el coraz\u00f3n del saber hacer industrial de Cofidur SEICO\">\n                                                                                            <\/div>\n                                        <\/div>\n                                        <div class=\"col-lg-6 col-md-6 col-sm-12 d-flex x-center flex-column\">\n                                            <div class=\"uppercase light date pb-1\">07\/05\/2026<\/div>\n                                            <h3 class=\"bold h5 text-uppercase pb-2\">La inmersi\u00f3n en el coraz\u00f3n del saber hacer industrial de Cofidur SEICO<\/h3>\n                                                                                        <a href=\"https:\/\/seico.fr\/es\/la-inmersion-en-el-corazon-del-saber-hacer-industrial-de-cofidur-seico\/\" class=\"bouton secondary\">\n                                            Ver detalles                                            <\/a>\n                                        <\/div>\n                                    <\/div>\n                                                                    <div class=\"pt-4 pb-4 pl-0 actus col-lg-12 col-md-12 col-sm-12 row\">\n                                        <div class=\"col-lg-6 col-md-6 col-sm-12 no-pl\">\n                                            <div class=\"image actus_result_image\">\n                                                                                                    <img decoding=\"async\" src=\"https:\/\/seico.fr\/wp-content\/uploads\/2025\/05\/cofidur-acteur-engage.jpg\" alt=\"Cofidur SEICO, un actor comprometido en la promoci\u00f3n de las profesiones industriales entre los m\u00e1s j\u00f3venes\" title=\"Cofidur SEICO, un actor comprometido en la promoci\u00f3n de las profesiones industriales entre los m\u00e1s j\u00f3venes\">\n                                                                                            <\/div>\n                                        <\/div>\n                                        <div class=\"col-lg-6 col-md-6 col-sm-12 d-flex x-center flex-column\">\n                                            <div class=\"uppercase light date pb-1\">07\/05\/2026<\/div>\n                                            <h3 class=\"bold h5 text-uppercase pb-2\">Cofidur SEICO, un actor comprometido en la promoci\u00f3n de las profesiones industriales entre los m\u00e1s j\u00f3venes<\/h3>\n                                                                                        <a href=\"https:\/\/seico.fr\/es\/cofidur-seico-un-actor-comprometido-en-la-promocion-de-las-profesiones-industriales-entre-los-mas-jovenes\/\" class=\"bouton secondary\">\n                                            Ver detalles                                            <\/a>\n                                        <\/div>\n                                    <\/div>\n                                                                    <div class=\"pt-4 pb-4 pl-0 actus col-lg-12 col-md-12 col-sm-12 row\">\n                                        <div class=\"col-lg-6 col-md-6 col-sm-12 no-pl\">\n                                            <div class=\"image actus_result_image\">\n                                                                                                    <img decoding=\"async\" src=\"https:\/\/seico.fr\/wp-content\/uploads\/2025\/01\/Meilleurs-voeux-2025.jpg\" alt=\"Mis mejores deseos\" title=\"Mis mejores deseos\">\n                                                                                            <\/div>\n                                        <\/div>\n                                        <div class=\"col-lg-6 col-md-6 col-sm-12 d-flex x-center flex-column\">\n                                            <div class=\"uppercase light date pb-1\">07\/05\/2026<\/div>\n                                            <h3 class=\"bold h5 text-uppercase pb-2\">Mis mejores deseos<\/h3>\n                                                                                        <a href=\"https:\/\/seico.fr\/es\/mis-mejores-deseos\/\" class=\"bouton secondary\">\n                                            Ver detalles                                            <\/a>\n                                        <\/div>\n                                    <\/div>\n                                                            <\/div>\n                                                            <div class=\"row more pb-3 pt-3\">\n                                    <div class=\"col-md-8 offset-md-3\">\n                                        <a href=\"\/es\/noticias\/\" class=\"bouton primary vert\">\n                                            Todas nuestras noticias                                        <\/a>\n                                    <\/div>\n                                <\/div>\n                                                    <\/div>\n                                    <\/div>\n            <\/div>\n            <\/div>\n<\/section>\n\n\n<section class=\"carte_container bg-gris\"><div class=\"inner\"><h2 class=\"h2 bold title-carte\">\u00bfD\u00f3nde puede encontrarnos?<\/h2><div class=\"map-container flexRow flexColTablet\"><div id=\"map_69fcbe1532af0\" class=\"map\"><\/div><div class=\"implantations-menu d-flex y-center\"><div class=\"implantation-item p-2 bg-blanc\"><h3 class=\"h5 text-bleu\">COFIDUR Seico<\/h3><div class=\"flexRow full\"><p class=\"pr-3 demi\" style=\"font-weight:500\">ZI La Croix Blanche<br \/>\r\n6 rue Jean Moulin<br \/>\r\n44260 MALVILLE<\/p><p class=\"demi light\">De lunes a viernes : <br \/>\n08h00-16h30<\/p><\/div><a href=\"\/contact\/\" class=\"bouton secondary\" title=\"Contacter COFIDUR Seico\">Cont\u00e1ctenos<\/a><\/div><\/div><\/div><\/div><div class=\"website-link-container\"><div class=\"website-link p-5\"><figure> <img decoding=\"async\" src=\"https:\/\/seico.fr\/wp-content\/uploads\/2024\/12\/logo_cofidur.svg\" alt=\"\" title=\"Logo Cofidur EMS\"><\/figure><p class=\"text-uppercase\">Nuestro sitio web<\/p><a href=\"https:\/\/www.cofidur-groupe.com\/\" title=\"Venga a descubrir el Grupo COFIDUR\" target=\"_blank\" class=\"bouton secondary\">Venga a descubrir el Grupo COFIDUR<\/a><\/div><\/div><\/section><link rel=\"stylesheet\" href=\"https:\/\/unpkg.com\/leaflet@1.7.1\/dist\/leaflet.css\" \/><script src=\"https:\/\/unpkg.com\/leaflet@1.7.1\/dist\/leaflet.js\"><\/script><script>\ndocument.addEventListener(\"DOMContentLoaded\", function() {\n    const mapId = 'map_69fcbe1532af0';\n    const map = L.map(mapId).setView([43.717, -0.5], 5); \/\/ Coordonn\u00e9es et zoom par d\u00e9faut\n\n    L.tileLayer('https:\/\/{s}.tile.openstreetmap.org\/{z}\/{x}\/{y}.png', {\n        attribution: '&copy; <a href=\"https:\/\/www.openstreetmap.org\/copyright\">OpenStreetMap<\/a> contributors'\n    }).addTo(map);\n\n    \/\/ D\u00e9finir l'ic\u00f4ne personnalis\u00e9e\n    const customIcon = L.icon({\n        iconUrl: 'https:\/\/seico.fr\/wp-content\/themes\/chronos\/images\/picto-implantations.svg',\n        iconSize: [38, 38], \/\/ Taille de l'ic\u00f4ne\n        iconAnchor: [19, 38], \/\/ Point de l'ic\u00f4ne qui correspondra \u00e0 la position du marqueur\n        popupAnchor: [0, -38] \/\/ Point depuis lequel la popup doit s'ouvrir par rapport \u00e0 l'ic\u00f4ne\n    });\n\n    \/\/ Ajoutez des marqueurs pour chaque implantation\n        L.marker([47.3519052333154, -1.8686219449291357], {\n            icon: customIcon\n        }).addTo(map)\n        .bindPopup(\"COFIDUR Seico<br>ZI La Croix Blanche<br \\\/>\\r\\n6 rue Jean Moulin<br \\\/>\\r\\n44260 MALVILLE\");\n    \n    \/\/ Ajuster la hauteur de la carte en fonction de la hauteur de .implantations-menu\n    function adjustMapHeight() {\n        if (window.innerWidth > 1023) {\n            const implantationsMenu = document.querySelector('.implantations-menu');\n            const mapElement = document.getElementById(mapId);\n            if (implantationsMenu && mapElement) {\n                mapElement.style.height = implantationsMenu.offsetHeight + 'px';\n                map.invalidateSize();\n            }\n        } else {\n            const mapElement = document.getElementById(mapId);\n            if (mapElement) {\n                mapElement.style.height = '100%';\n                map.invalidateSize();\n            }\n        }\n    }\n\n    \/\/ Ajuster la hauteur de la carte au chargement et au redimensionnement de la fen\u00eatre\n    adjustMapHeight();\n    window.addEventListener('resize', adjustMapHeight);\n});\n<\/script>","protected":false},"excerpt":{"rendered":"","protected":false},"author":2,"featured_media":0,"parent":0,"menu_order":0,"comment_status":"closed","ping_status":"closed","template":"","meta":{"_acf_changed":false,"footnotes":""},"class_list":["post-8017","page","type-page","status-publish","hentry"],"acf":[],"_links":{"self":[{"href":"https:\/\/seico.fr\/es\/wp-json\/wp\/v2\/pages\/8017","targetHints":{"allow":["GET"]}}],"collection":[{"href":"https:\/\/seico.fr\/es\/wp-json\/wp\/v2\/pages"}],"about":[{"href":"https:\/\/seico.fr\/es\/wp-json\/wp\/v2\/types\/page"}],"author":[{"embeddable":true,"href":"https:\/\/seico.fr\/es\/wp-json\/wp\/v2\/users\/2"}],"replies":[{"embeddable":true,"href":"https:\/\/seico.fr\/es\/wp-json\/wp\/v2\/comments?post=8017"}],"version-history":[{"count":3,"href":"https:\/\/seico.fr\/es\/wp-json\/wp\/v2\/pages\/8017\/revisions"}],"predecessor-version":[{"id":8184,"href":"https:\/\/seico.fr\/es\/wp-json\/wp\/v2\/pages\/8017\/revisions\/8184"}],"wp:attachment":[{"href":"https:\/\/seico.fr\/es\/wp-json\/wp\/v2\/media?parent=8017"}],"curies":[{"name":"wp","href":"https:\/\/api.w.org\/{rel}","templated":true}]}}