{"id":8031,"date":"2025-04-28T14:38:28","date_gmt":"2025-04-28T12:38:28","guid":{"rendered":"https:\/\/seico.fr\/?page_id=8031"},"modified":"2025-09-09T16:18:07","modified_gmt":"2025-09-09T14:18:07","slug":"sobre-nosotros","status":"publish","type":"page","link":"https:\/\/seico.fr\/es\/sobre-nosotros\/","title":{"rendered":"Sobre nosotros"},"content":{"rendered":"<section class=\"banner_page \"><div class=\"inner\"><div class=\"banner_page_container banner_width \"><h1 class=\"title-deco \">Sobre Cofidur SEICO<\/h1><p class=\"\"><b>La subcontrataci\u00f3n electr\u00f3nica se basa en el dominio de t\u00e9cnicas complementarias: desde el dise\u00f1o hasta la fabricaci\u00f3n de placas, conjuntos y subconjuntos electr\u00f3nicos; desde el cableado hasta la integraci\u00f3n de los sistemas desarrollados; y desde las pruebas funcionales hasta la gesti\u00f3n log\u00edstica del producto final. Los conocimientos aplicados son a la vez multisectoriales e interdependientes.<\/b><\/p><\/div><\/div><\/section><div class=\"inner\">\n    <\/div>\n<section id=\"\" class=\"txtImg_container  no-circle reverse_bloc ModelB  no-bg vert\">\n\n    <div class=\"txtImg_content_text\">\n        <h2 class=\"title-deco h1\" style=\"color:#3D559A\">Los valores de Cofidur SEICO<\/h2><div class=\"text-container\"><p><strong><span class=\"uppercase\">la capacidad de escuchar, innovar y asesorar<\/span><\/strong><\/p>\n<p>La subcontrataci\u00f3n electr\u00f3nica se apoya en <strong>el dominio de t\u00e9cnicas<\/strong> complementarias: desde el dise\u00f1o hasta la fabricaci\u00f3n de placas, conjuntos y subconjuntos electr\u00f3nicos; desde el cableado hasta la integraci\u00f3n de los sistemas desarrollados; y desde las pruebas funcionales hasta la gesti\u00f3n log\u00edstica del producto final. Un conjunto de competencias que combina experiencia multisectorial e interdependencia.<br \/>\nPero m\u00e1s all\u00e1 de las capacidades indispensables para crear productos de calidad, el entorno particular de cada cliente y sus limitaciones deben analizarse con precisi\u00f3n para <strong>dise\u00f1ar una soluci\u00f3n plenamente adaptada<\/strong> a sus necesidades espec\u00edficas.<\/p>\n<p>La industrializaci\u00f3n de sistemas complejos exige <strong>una producci\u00f3n impecable<\/strong>, pero tambi\u00e9n la comprensi\u00f3n de los requisitos de clientes procedentes de sectores de actividad muy diversos. En esta perspectiva, SEICO transmite <strong>valores s\u00f3lidos basados en la capacidad de escuchar, innovar y asesorar<\/strong>. <\/p>\n<\/div>    <\/div>\n    <div class=\"txtImg_content_image bg-vert\">\n        <img decoding=\"async\" src=\"https:\/\/seico.fr\/wp-content\/uploads\/2025\/05\/seico-valeurs.jpg\" alt=\"seico valeurs\" title=\"seico valeurs\">    <\/div>\n<\/section>\n<div class=\"inner\">\n    <\/div>\n<section id=\"\" class=\"txtImg_container  no-circle  ModelB  no-bg bleu\">\n\n    <div class=\"txtImg_content_text\">\n        <h2 class=\"title-deco h1\" style=\"color:#3D559A\">\u00cdndice de igualdad entre mujeres y hombres<\/h2><div class=\"text-container\"><p>Este a\u00f1o, nuestro \u00edndice de igualdad entre mujeres y hombres es incalculable, ya que los indicadores evaluables representan menos de 75 puntos.<br \/>\nNo obstante, compartimos el resultado obtenido en los indicadores calculables :<\/p>\n<p>&#8211; Diferencia en la tasa de aumentos salariales entre mujeres y hombres<br \/>\n&#8211; N\u00famero de empleados del sexo subrepresentado entre las 10 remuneraciones m\u00e1s altas<\/p>\n<p><strong>Total de los 2 indicadores: 40\/45<\/strong><\/p>\n<p>Estos resultados reflejan nuestro compromiso con la igualdad profesional y nuestra voluntad de seguir trabajando para garantizar una equidad duradera dentro de la empresa.<\/p>\n\n<\/div>    <\/div>\n    <div class=\"txtImg_content_image bg-bleu\">\n        <img decoding=\"async\" src=\"https:\/\/seico.fr\/wp-content\/uploads\/2025\/05\/seico-egalite-homme-femme.jpg\" alt=\"seico egalite homme femme\" title=\"seico egalite homme femme\">    <\/div>\n<\/section>\n\n\n","protected":false},"excerpt":{"rendered":"","protected":false},"author":2,"featured_media":0,"parent":0,"menu_order":0,"comment_status":"closed","ping_status":"closed","template":"","meta":{"_acf_changed":false,"footnotes":""},"class_list":["post-8031","page","type-page","status-publish","hentry"],"acf":[],"_links":{"self":[{"href":"https:\/\/seico.fr\/es\/wp-json\/wp\/v2\/pages\/8031","targetHints":{"allow":["GET"]}}],"collection":[{"href":"https:\/\/seico.fr\/es\/wp-json\/wp\/v2\/pages"}],"about":[{"href":"https:\/\/seico.fr\/es\/wp-json\/wp\/v2\/types\/page"}],"author":[{"embeddable":true,"href":"https:\/\/seico.fr\/es\/wp-json\/wp\/v2\/users\/2"}],"replies":[{"embeddable":true,"href":"https:\/\/seico.fr\/es\/wp-json\/wp\/v2\/comments?post=8031"}],"version-history":[{"count":2,"href":"https:\/\/seico.fr\/es\/wp-json\/wp\/v2\/pages\/8031\/revisions"}],"predecessor-version":[{"id":8033,"href":"https:\/\/seico.fr\/es\/wp-json\/wp\/v2\/pages\/8031\/revisions\/8033"}],"wp:attachment":[{"href":"https:\/\/seico.fr\/es\/wp-json\/wp\/v2\/media?parent=8031"}],"curies":[{"name":"wp","href":"https:\/\/api.w.org\/{rel}","templated":true}]}}