{"id":8041,"date":"2024-12-05T11:38:21","date_gmt":"2024-12-05T10:38:21","guid":{"rendered":"https:\/\/seico.fr\/?page_id=8041"},"modified":"2025-09-10T14:33:07","modified_gmt":"2025-09-10T12:33:07","slug":"mapa-del-sitio","status":"publish","type":"page","link":"https:\/\/seico.fr\/es\/mapa-del-sitio\/","title":{"rendered":"Mapa del sitio"},"content":{"rendered":"<section class=\"banner_page \"><div class=\"inner\"><div class=\"banner_page_container banner_width \"><h1 class=\"title-deco \">Mapa del sitio<\/h1><p class=\"\">Bienvenido a la p\u00e1gina del Mapa Web de COFIDUR. Esta secci\u00f3n le ofrece una visi\u00f3n estructurada de todas las p\u00e1ginas y secciones disponibles en nuestro sitio.<\/p><\/div><\/div><\/section>\n<div style=\"height:5rem\" aria-hidden=\"true\" class=\"wp-block-spacer\"><\/div>\n\n<div class=\"wp-block-group plan_du_site is-layout-constrained wp-block-group-is-layout-constrained\"><ul class=\"wp-block-page-list\"><li class=\"wp-block-pages-list__item\"><a class=\"wp-block-pages-list__item__link\" href=\"https:\/\/seico.fr\/es\/aplicaciones-mercados-cofidur-seico\/\">Aplicaciones, mercados cofidur SEICO<\/a><\/li><li class=\"wp-block-pages-list__item menu-item-home\"><a class=\"wp-block-pages-list__item__link\" href=\"https:\/\/seico.fr\/es\/\">Inicio<\/a><\/li><li class=\"wp-block-pages-list__item\"><a class=\"wp-block-pages-list__item__link\" href=\"https:\/\/seico.fr\/es\/noticias\/\">Noticias<\/a><\/li><li class=\"wp-block-pages-list__item\"><a class=\"wp-block-pages-list__item__link\" href=\"https:\/\/seico.fr\/es\/politica-de-cookies\/\">Pol\u00edtica de Cookies<\/a><\/li><li class=\"wp-block-pages-list__item has-child\"><a class=\"wp-block-pages-list__item__link\" href=\"https:\/\/seico.fr\/es\/sobre-nosotros\/\">Sobre nosotros<\/a><ul class=\"wp-block-navigation__submenu-container\"><li class=\"wp-block-pages-list__item \"><a class=\"wp-block-pages-list__item__link\" href=\"https:\/\/seico.fr\/es\/sobre-nosotros\/cofidur-seico-40-anos-de-experiencia\/\">Cofidur SEICO : 40 a\u00f1os de experiencia<\/a><\/li><li class=\"wp-block-pages-list__item \"><a class=\"wp-block-pages-list__item__link\" href=\"https:\/\/seico.fr\/es\/sobre-nosotros\/enfoque-de-calidad\/\">Enfoque de calidad<\/a><\/li><\/ul><\/li><li class=\"wp-block-pages-list__item has-child\"><a class=\"wp-block-pages-list__item__link\" href=\"https:\/\/seico.fr\/es\/soluciones-seico-cofidur\/\">Soluciones SEICO cofidur<\/a><ul class=\"wp-block-navigation__submenu-container\"><li class=\"wp-block-pages-list__item \"><a class=\"wp-block-pages-list__item__link\" href=\"https:\/\/seico.fr\/es\/soluciones-seico-cofidur\/cables-y-cableado-soluciones-cofidur-seico\/\">Cables y cableado: soluciones Cofidur SEICO<\/a><\/li><li class=\"wp-block-pages-list__item \"><a class=\"wp-block-pages-list__item__link\" href=\"https:\/\/seico.fr\/es\/soluciones-seico-cofidur\/interfaces-y-bancos-de-pruebas\/\">Interfaces y bancos de pruebas<\/a><\/li><li class=\"wp-block-pages-list__item \"><a class=\"wp-block-pages-list__item__link\" href=\"https:\/\/seico.fr\/es\/soluciones-seico-cofidur\/montaje-de-precision-soluciones-cofidur-seico\/\">Montaje de precisi\u00f3n: soluciones Cofidur SEICO<\/a><\/li><li class=\"wp-block-pages-list__item \"><a class=\"wp-block-pages-list__item__link\" href=\"https:\/\/seico.fr\/es\/soluciones-seico-cofidur\/placas-electronicas-soluciones-seico\/\">Placas electr\u00f3nicas: soluciones SEICO<\/a><\/li><\/ul><\/li><li class=\"wp-block-pages-list__item\"><a class=\"wp-block-pages-list__item__link\" href=\"https:\/\/seico.fr\/es\/contacto\/\">Contacto<\/a><\/li><li class=\"wp-block-pages-list__item\"><a class=\"wp-block-pages-list__item__link\" href=\"https:\/\/seico.fr\/es\/aviso-legal-y-politica-de-privacidad\/\">Aviso legal y pol\u00edtica de privacidad<\/a><\/li><li class=\"wp-block-pages-list__item\"><a class=\"wp-block-pages-list__item__link\" href=\"https:\/\/seico.fr\/es\/mapa-del-sitio\/\">Mapa del sitio<\/a><\/li><\/ul><\/div>\n\n<div style=\"height:10rem\" aria-hidden=\"true\" class=\"wp-block-spacer\"><\/div>\n","protected":false},"excerpt":{"rendered":"","protected":false},"author":2,"featured_media":0,"parent":0,"menu_order":10,"comment_status":"closed","ping_status":"closed","template":"","meta":{"_acf_changed":false,"footnotes":""},"class_list":["post-8041","page","type-page","status-publish","hentry"],"acf":[],"_links":{"self":[{"href":"https:\/\/seico.fr\/es\/wp-json\/wp\/v2\/pages\/8041","targetHints":{"allow":["GET"]}}],"collection":[{"href":"https:\/\/seico.fr\/es\/wp-json\/wp\/v2\/pages"}],"about":[{"href":"https:\/\/seico.fr\/es\/wp-json\/wp\/v2\/types\/page"}],"author":[{"embeddable":true,"href":"https:\/\/seico.fr\/es\/wp-json\/wp\/v2\/users\/2"}],"replies":[{"embeddable":true,"href":"https:\/\/seico.fr\/es\/wp-json\/wp\/v2\/comments?post=8041"}],"version-history":[{"count":2,"href":"https:\/\/seico.fr\/es\/wp-json\/wp\/v2\/pages\/8041\/revisions"}],"predecessor-version":[{"id":8046,"href":"https:\/\/seico.fr\/es\/wp-json\/wp\/v2\/pages\/8041\/revisions\/8046"}],"wp:attachment":[{"href":"https:\/\/seico.fr\/es\/wp-json\/wp\/v2\/media?parent=8041"}],"curies":[{"name":"wp","href":"https:\/\/api.w.org\/{rel}","templated":true}]}}