{"id":8056,"date":"2025-04-28T10:29:09","date_gmt":"2025-04-28T08:29:09","guid":{"rendered":"https:\/\/seico.fr\/?page_id=8056"},"modified":"2025-10-22T17:35:00","modified_gmt":"2025-10-22T15:35:00","slug":"noticias","status":"publish","type":"page","link":"https:\/\/seico.fr\/es\/noticias\/","title":{"rendered":"Noticias"},"content":{"rendered":"<section class=\"banner_page \"><div class=\"inner\"><div class=\"banner_page_container banner_width \"><h1 class=\"title-deco title-default\">Noticias vistas por Cofidur Seico<\/h1><\/div><\/div><\/section>\n<section class=\"block block-resultactus pb-10  container-fluid\" id=\"nos-actus\">\n    <div class=\"inner\">\n                    <div class=\"row\">\n                <div class=\"col-md-6 col-sm-12\">\n                    <div  class=\"search-filter-base search-filter-field search-filter-field--id-33 search-filter-field--type-choice search-filter-field--input-type-button search-filter-style--id-1 search-filter-style--choice-button\"  data-search-filter-id=\"33\" ><\/div>                <\/div>\n                <div class=\"col-md-6 col-sm-12\">\n                    <div  class=\"search-filter-base search-filter-field search-filter-field--id-34 search-filter-field--type-control search-filter-field--control-type-reset search-filter-style--id-1 search-filter-style--control-reset reset\"  data-search-filter-id=\"34\" ><\/div>                <\/div>\n            <\/div>\n            <div class=\"search-filter-query search-filter-query--id-4\">\n<div class=\"row\">\n    <div class=\"col-lg-12 col-md-12 col-sm-12\">\n        <div class=\"container-fluid\">\n            <div class=\"row posts results-container\">\n                                <div class=\"pt-4 pb-4 pl-0 actus col-lg-12 col-md-12 col-sm-12 row\">\n                    <div class=\"col-lg-6 col-md-6 col-sm-12 no-pl\">\n                        <div class=\"image actus_result_image\">\n                                                        <img decoding=\"async\" src=\"https:\/\/seico.fr\/wp-content\/uploads\/2025\/05\/cofidur-salon-global-industrie.jpg\" alt=\"\u00a1Cofidur SEICO en Global Industrie 2025!\"\n                                title=\"\u00a1Cofidur SEICO en Global Industrie 2025!\">\n                                                    <\/div>\n                    <\/div>\n                    <div class=\"col-lg-6 col-md-6 col-sm-12 d-flex x-center flex-column\">\n                        <div class=\"uppercase light date pb-1\">\n                            07\/05\/2025                        <\/div>\n                        <h3 class=\"bold h5 text-uppercase pb-2\">\u00a1Cofidur SEICO en Global Industrie 2025!<\/h3>\n                                                <a href=\"https:\/\/seico.fr\/es\/cofidur-seico-en-global-industrie-2025\/\" class=\"bouton secondary\">\n                            Ver detalles                        <\/a>\n                    <\/div>\n                <\/div>\n                                <div class=\"pt-4 pb-4 pl-0 actus col-lg-12 col-md-12 col-sm-12 row\">\n                    <div class=\"col-lg-6 col-md-6 col-sm-12 no-pl\">\n                        <div class=\"image actus_result_image\">\n                                                        <img decoding=\"async\" src=\"https:\/\/seico.fr\/wp-content\/uploads\/2025\/05\/cofidur-seico-immersion.jpg\" alt=\"La inmersi\u00f3n en el coraz\u00f3n del saber hacer industrial de Cofidur SEICO\"\n                                title=\"La inmersi\u00f3n en el coraz\u00f3n del saber hacer industrial de Cofidur SEICO\">\n                                                    <\/div>\n                    <\/div>\n                    <div class=\"col-lg-6 col-md-6 col-sm-12 d-flex x-center flex-column\">\n                        <div class=\"uppercase light date pb-1\">\n                            16\/03\/2025                        <\/div>\n                        <h3 class=\"bold h5 text-uppercase pb-2\">La inmersi\u00f3n en el coraz\u00f3n del saber hacer industrial de Cofidur SEICO<\/h3>\n                                                <a href=\"https:\/\/seico.fr\/es\/la-inmersion-en-el-corazon-del-saber-hacer-industrial-de-cofidur-seico\/\" class=\"bouton secondary\">\n                            Ver detalles                        <\/a>\n                    <\/div>\n                <\/div>\n                                <div class=\"pt-4 pb-4 pl-0 actus col-lg-12 col-md-12 col-sm-12 row\">\n                    <div class=\"col-lg-6 col-md-6 col-sm-12 no-pl\">\n                        <div class=\"image actus_result_image\">\n                                                        <img decoding=\"async\" src=\"https:\/\/seico.fr\/wp-content\/uploads\/2025\/05\/cofidur-acteur-engage.jpg\" alt=\"Cofidur SEICO, un actor comprometido en la promoci\u00f3n de las profesiones industriales entre los m\u00e1s j\u00f3venes\"\n                                title=\"Cofidur SEICO, un actor comprometido en la promoci\u00f3n de las profesiones industriales entre los m\u00e1s j\u00f3venes\">\n                                                    <\/div>\n                    <\/div>\n                    <div class=\"col-lg-6 col-md-6 col-sm-12 d-flex x-center flex-column\">\n                        <div class=\"uppercase light date pb-1\">\n                            02\/02\/2025                        <\/div>\n                        <h3 class=\"bold h5 text-uppercase pb-2\">Cofidur SEICO, un actor comprometido en la promoci\u00f3n de las profesiones industriales entre los m\u00e1s j\u00f3venes<\/h3>\n                                                <a href=\"https:\/\/seico.fr\/es\/cofidur-seico-un-actor-comprometido-en-la-promocion-de-las-profesiones-industriales-entre-los-mas-jovenes\/\" class=\"bouton secondary\">\n                            Ver detalles                        <\/a>\n                    <\/div>\n                <\/div>\n                                <div class=\"pt-4 pb-4 pl-0 actus col-lg-12 col-md-12 col-sm-12 row\">\n                    <div class=\"col-lg-6 col-md-6 col-sm-12 no-pl\">\n                        <div class=\"image actus_result_image\">\n                                                        <img decoding=\"async\" src=\"https:\/\/seico.fr\/wp-content\/uploads\/2025\/01\/Meilleurs-voeux-2025.jpg\" alt=\"Mis mejores deseos\"\n                                title=\"Mis mejores deseos\">\n                                                    <\/div>\n                    <\/div>\n                    <div class=\"col-lg-6 col-md-6 col-sm-12 d-flex x-center flex-column\">\n                        <div class=\"uppercase light date pb-1\">\n                            01\/01\/2025                        <\/div>\n                        <h3 class=\"bold h5 text-uppercase pb-2\">Mis mejores deseos<\/h3>\n                                                <a href=\"https:\/\/seico.fr\/es\/mis-mejores-deseos\/\" class=\"bouton secondary\">\n                            Ver detalles                        <\/a>\n                    <\/div>\n                <\/div>\n                            <\/div>\n            <div class=\"pagination ptb-50 text-center\">\n                            <\/div>\n        <\/div>\n    <\/div>\n<\/div>\n<\/div>            <\/div>\n<\/section>\n","protected":false},"excerpt":{"rendered":"","protected":false},"author":2,"featured_media":0,"parent":0,"menu_order":0,"comment_status":"closed","ping_status":"closed","template":"","meta":{"_acf_changed":false,"footnotes":""},"class_list":["post-8056","page","type-page","status-publish","hentry"],"acf":[],"_links":{"self":[{"href":"https:\/\/seico.fr\/es\/wp-json\/wp\/v2\/pages\/8056","targetHints":{"allow":["GET"]}}],"collection":[{"href":"https:\/\/seico.fr\/es\/wp-json\/wp\/v2\/pages"}],"about":[{"href":"https:\/\/seico.fr\/es\/wp-json\/wp\/v2\/types\/page"}],"author":[{"embeddable":true,"href":"https:\/\/seico.fr\/es\/wp-json\/wp\/v2\/users\/2"}],"replies":[{"embeddable":true,"href":"https:\/\/seico.fr\/es\/wp-json\/wp\/v2\/comments?post=8056"}],"version-history":[{"count":2,"href":"https:\/\/seico.fr\/es\/wp-json\/wp\/v2\/pages\/8056\/revisions"}],"predecessor-version":[{"id":8059,"href":"https:\/\/seico.fr\/es\/wp-json\/wp\/v2\/pages\/8056\/revisions\/8059"}],"wp:attachment":[{"href":"https:\/\/seico.fr\/es\/wp-json\/wp\/v2\/media?parent=8056"}],"curies":[{"name":"wp","href":"https:\/\/api.w.org\/{rel}","templated":true}]}}