{"id":8140,"date":"2025-09-10T11:22:51","date_gmt":"2025-09-10T09:22:51","guid":{"rendered":"https:\/\/seico.fr\/?page_id=8140"},"modified":"2025-10-22T17:20:00","modified_gmt":"2025-10-22T15:20:00","slug":"politica-de-cookies","status":"publish","type":"page","link":"https:\/\/seico.fr\/es\/politica-de-cookies\/","title":{"rendered":"Pol\u00edtica de Cookies"},"content":{"rendered":"<section class=\"banner_page \"><div class=\"inner\"><div class=\"banner_page_container banner_width \"><h1 class=\"title-deco title-default\">Pol\u00edtica de Cookies<\/h1><p class=\"\">Al visitar el sitio web seico.fr, la informaci\u00f3n relativa a la navegaci\u00f3n de su dispositivo (ordenador, tableta, smartphone, etc.) puede almacenarse en archivos denominados \u201ccookies\u201d instalados en su dispositivo, de acuerdo con las elecciones que usted haya realizado y que puede modificar en cualquier momento.<\/p><\/div><\/div><\/section>\n\n\n<div style=\"height:5rem\" aria-hidden=\"true\" class=\"wp-block-spacer\"><\/div>\n\n\n\n<div class=\"wp-block-group is-layout-constrained wp-block-group-is-layout-constrained\">\n<h1 class=\"wp-block-heading\">Pol\u00edtica de Cookies<\/h1>\n\n\n\n<h2 class=\"wp-block-heading\">1. Definici\u00f3n de las Cookies<\/h2>\n\n\n\n<p>Una cookie es un archivo de texto que puede almacenarse, seg\u00fan sus elecciones, en un espacio dedicado de la memoria de su dispositivo cuando consulta un servicio en l\u00ednea a trav\u00e9s de su navegador. Una cookie permite a su emisor identificar el dispositivo en el que est\u00e1 almacenada, durante el per\u00edodo de validez o de almacenamiento de la cookie.<\/p>\n\n\n\n<h2 class=\"wp-block-heading\">2. \u00bfQu\u00e9 Cookies se utilizan y con qu\u00e9 finalidad?<\/h2>\n\n\n\n<p>En el marco del funcionamiento del Sitio, le informamos de que implementamos, directa o indirectamente, las cookies que se enumeran a continuaci\u00f3n.<\/p>\n\n\n\n<h3 class=\"wp-block-heading\">2.1. Cookies de rendimiento para medir la audiencia del Sitio<\/h3>\n\n\n\n<p>Estas cookies permiten recopilar informaci\u00f3n sobre c\u00f3mo utiliza usted el Sitio (por ejemplo: las p\u00e1ginas m\u00e1s visitadas). Estas cookies permiten elaborar estad\u00edsticas y vol\u00famenes de tr\u00e1fico y de utilizaci\u00f3n de los distintos elementos que componen nuestro Sitio (secciones y contenidos visitados, recorrido), ayud\u00e1ndonos a mejorar el inter\u00e9s y la ergonom\u00eda de nuestros servicios.<\/p>\n\n\n\n<figure class=\"wp-block-table\"><table class=\"has-fixed-layout\"><tbody><tr><td>Nombre de la Cookie<\/td><td>Finalidad<\/td><td>Duraci\u00f3n<\/td><\/tr><tr><td>Google Analytics<\/td><td>An\u00e1lisis del tr\u00e1fico<\/td><td>13 meses<\/td><\/tr><tr><td>Google Recaptcha<\/td><td>Verificar que el usuario no es un robot<\/td><td>Duraci\u00f3n de la sesi\u00f3n<\/td><\/tr><\/tbody><\/table><\/figure>\n\n\n\n<h2 class=\"wp-block-heading\">3. \u00bfCu\u00e1nto tiempo se conservan las Cookies?<\/h2>\n\n\n\n<p>Le informamos que el uso de cookies puede limitarse a la duraci\u00f3n de su navegaci\u00f3n en el Sitio, con eliminaci\u00f3n autom\u00e1tica cuando abandone el Sitio (cookies de sesi\u00f3n), o conservarse durante un per\u00edodo definido tras su visita (cookies persistentes). En cualquier caso, la duraci\u00f3n de conservaci\u00f3n de las cookies no podr\u00e1 superar los trece (13) meses.<\/p>\n\n\n\n<h2 class=\"wp-block-heading\">4. \u00bfC\u00f3mo expresar sus elecciones respecto al uso de Cookies?<\/h2>\n\n\n\n<h3 class=\"wp-block-heading\">4.1. Consentimiento para el uso de las Cookies del Sitio web<\/h3>\n\n\n\n<p>El uso de cookies est\u00e1 sujeto al consentimiento expreso del Usuario, que puede expresar y modificar en cualquier momento a trav\u00e9s de las opciones que le ofrece su navegador. La instalaci\u00f3n y lectura de cookies no se llevar\u00e1 a cabo:<\/p>\n\n\n\n<ul class=\"wp-block-list\">\n<li>Si el Usuario accede al Sitio (p\u00e1gina de inicio o directamente a otra p\u00e1gina del Sitio) y no contin\u00faa navegando; o<\/li>\n\n\n\n<li>Si el Usuario hace clic en el enlace presente en el banner que le permite configurar las cookies y, en su caso, rechaza su instalaci\u00f3n.<\/li>\n<\/ul>\n\n\n\n<h3 class=\"wp-block-heading\">4.2. Consentimiento general para el uso de Cookies<\/h3>\n\n\n\n<p>Puede rechazar en cualquier momento el uso de cookies configurando su navegador.<br>Le informamos de que desinstalar una cookie o negarse a la instalaci\u00f3n de cookies en sus dispositivos puede modificar su experiencia de navegaci\u00f3n e impedirle beneficiarse de ciertos servicios del Sitio.<\/p>\n\n\n\n<p>Dado que la gesti\u00f3n de cookies y de sus elecciones var\u00eda seg\u00fan el navegador, a continuaci\u00f3n encontrar\u00e1 las instrucciones relativas a los navegadores m\u00e1s com\u00fanmente utilizados:<\/p>\n\n\n\n<p>Windows Internet Explorer\u00ae:<br><a href=\"https:\/\/support.microsoft.com\/es-es\/help\/17442\/windows-internet-explorer-delete-manage-cookies\">https:\/\/support.microsoft.com\/es-es\/help\/17442\/windows-internet-explorer-delete-manage-cookies<\/a><\/p>\n\n\n\n<p>Mozilla Firefox:<br><a href=\"https:\/\/support.mozilla.org\/es\/kb\/habilitar-y-deshabilitar-cookies-sitios-web-rastrear-preferencias\">https:\/\/support.mozilla.org\/es\/kb\/habilitar-y-deshabilitar-cookies-sitios-web-rastrear-preferencias<\/a><\/p>\n\n\n\n<p>Google Chrome:<br><a href=\"https:\/\/support.google.com\/chrome\/answer\/95647?hl=es\">https:\/\/support.google.com\/chrome\/answer\/95647?hl=es<\/a><\/p>\n\n\n\n<p>Apple Safari:<br><a href=\"https:\/\/support.apple.com\/es-es\/guide\/safari\/manage-cookies-and-website-data-sfri11471\/mac\">https:\/\/support.apple.com\/es-es\/guide\/safari\/manage-cookies-and-website-data-sfri11471\/mac<\/a><\/p>\n\n\n\n<p>Para m\u00e1s informaci\u00f3n sobre las herramientas de gesti\u00f3n de cookies, le invitamos a consultar el sitio web de la Comisi\u00f3n Nacional de Inform\u00e1tica y Libertades (CNIL) en el siguiente enlace:<br><a href=\"https:\/\/www.cnil.fr\/es\/cookies-y-otros-rastreadores\">https:\/\/www.cnil.fr\/fr\/cookies-et-autres-traceurs\/comment-se-proteger\/maitriser-votre-navigateur<\/a><\/p>\n<\/div>\n\n\n\n<div style=\"height:10rem\" aria-hidden=\"true\" class=\"wp-block-spacer\"><\/div>\n","protected":false},"excerpt":{"rendered":"<p>Pol\u00edtica de Cookies 1. Definici\u00f3n de las Cookies Una cookie es un archivo de texto que puede almacenarse, seg\u00fan sus elecciones, en un espacio dedicado de la memoria de su dispositivo cuando consulta un servicio en l\u00ednea a trav\u00e9s de su navegador. Una cookie permite a su emisor identificar el dispositivo en el que est\u00e1 [&hellip;]<\/p>\n","protected":false},"author":2,"featured_media":0,"parent":0,"menu_order":0,"comment_status":"closed","ping_status":"closed","template":"","meta":{"_acf_changed":false,"footnotes":""},"class_list":["post-8140","page","type-page","status-publish","hentry"],"acf":[],"_links":{"self":[{"href":"https:\/\/seico.fr\/es\/wp-json\/wp\/v2\/pages\/8140","targetHints":{"allow":["GET"]}}],"collection":[{"href":"https:\/\/seico.fr\/es\/wp-json\/wp\/v2\/pages"}],"about":[{"href":"https:\/\/seico.fr\/es\/wp-json\/wp\/v2\/types\/page"}],"author":[{"embeddable":true,"href":"https:\/\/seico.fr\/es\/wp-json\/wp\/v2\/users\/2"}],"replies":[{"embeddable":true,"href":"https:\/\/seico.fr\/es\/wp-json\/wp\/v2\/comments?post=8140"}],"version-history":[{"count":3,"href":"https:\/\/seico.fr\/es\/wp-json\/wp\/v2\/pages\/8140\/revisions"}],"predecessor-version":[{"id":9172,"href":"https:\/\/seico.fr\/es\/wp-json\/wp\/v2\/pages\/8140\/revisions\/9172"}],"wp:attachment":[{"href":"https:\/\/seico.fr\/es\/wp-json\/wp\/v2\/media?parent=8140"}],"curies":[{"name":"wp","href":"https:\/\/api.w.org\/{rel}","templated":true}]}}