{"id":7489,"date":"2025-05-07T12:09:03","date_gmt":"2025-05-07T10:09:03","guid":{"rendered":"https:\/\/seico.fr\/cavi-e-cablaggi-le-soluzioni-cofidur-seico\/"},"modified":"2025-09-10T14:11:23","modified_gmt":"2025-09-10T12:11:23","slug":"cavi-e-cablaggi-le-soluzioni-cofidur-seico","status":"publish","type":"page","link":"https:\/\/seico.fr\/it\/le-soluzioni-seico-cofidur\/cavi-e-cablaggi-le-soluzioni-cofidur-seico\/","title":{"rendered":"Cavi e cablaggi: le soluzioni Cofidur SEICO"},"content":{"rendered":"<section class=\"banner_page \"><div class=\"inner\"><div class=\"banner_page_container banner_width \"><h1 class=\"title-deco title-predefinito\">Cavi e cablaggi&nbsp;: <br \/>\r\nle soluzioni Cofidur SEICO<\/h1><\/div><\/div><\/section>\n\n<div class=\"inner\">\n    <\/div>\n<section id=\"\" class=\"txtImg_container  no-circle  ModelB  giallo\">\n\n    <div class=\"txtImg_content_text\">\n        <h2 class=\"title-deco h1\" style=\"color:#3D559A\">Un approccio<br>rigoroso convalidato da<br>controlli<br>di efficienza.<\/h2><div class=\"text-container\"><p>Fino a 2.500 componenti per prodotto: \u00e8 facile intuire che la connessione dei conduttori di un gruppo elettrico o elettronico \u00e8 un lavoro da specialisti, che richiede metodo e meticolosit\u00e0. Con il massimo rigore, Cofidur SEICO effettua la preparazione automatica delle operazioni di taglio, spelatura, crimpatura e marcatura dei cordoni e dei cavi a trefolo o piatti. Queste fasi precedono la produzione di scatole, armadi e cablaggi specifici utilizzando tecniche di wire bonding, wrapping, tropicalizzazione e potting.<\/p>\n<p>Vengono eseguiti test di continuit\u00e0 e isolamento in base alle specifiche di ogni cliente, per verificare il perfetto funzionamento delle unit\u00e0 prodotte.<\/p>\n<\/div>    <\/div>\n    <div class=\"txtImg_content_image bg-giallo\">\n        <img decoding=\"async\" src=\"https:\/\/seico.fr\/wp-content\/uploads\/2025\/06\/1903-SEICO-01_1.jpg\" alt=\"1903 SEICO 01 (1)\" title=\"1903 SEICO 01 (1)\">    <\/div>\n<\/section>\n\n\n<section\n    class=\"block block-cta  pt-50 align  \"\n    id=\"\"\n    style=\"background-image:url(https:\/\/seico.fr\/wp-content\/uploads\/2025\/05\/cofidur-bg-cta.jpg)\">\n    <div class=\"container pt-50 pb-10\">\n        <div class=\"row\">\n            <div class=\"col-12 d-flex x-y-center flex-column\">\n                                <h2 class=\"not-lined   em text-center\">Taglio, spelatura, crimpatura e marcatura di cavi e fili in trefoli o piatti&#8230;<\/h2>\n                                <p class=\"ptb-30 text-center h2 light uppercase\">Gli specialisti di Cofidur SEICO sono a vostra disposizione!<\/p>\n                                <a href=\"https:\/\/seico.fr\/it\/contatto\/\"\n                    class=\"bouton primary vert\">Ho bisogno dello studio di un progetto<\/a>\n            <\/div>\n        <\/div>\n    <\/div>\n\n<\/section>\n\n\n<section class=\"banner_page section\"><div class=\"inner\"><div class=\"banner_page_container  \"><h2 class=\"title-deco \">Le risorse disponibili<\/h2><p class=\"\">Oltre a strumenti e attrezzature specifiche (avvolgitore manuale, pinze per crimpare, ecc.), le officine e le isole dedicate hanno a disposizione:<br \/>\r\n<br \/>\r\n&#8211; 6 macchine automatiche di preparazione (taglio, spellatura, crimpatura e marcatura)<br \/>\r\n&#8211; 2 Tester di continuit\u00e0 e di isolamento :  SYNOR 4200 e 5000.<\/p><\/div><\/div><\/section>\n\n\n<section class=\"block block-galerie \">\n    <div class=\"container-fluid inner\">\n        <div class=\"row\">\n            <div class=\"col-12\">\n                <span class=\"light uppercase legend text-center\">\n                                    <\/span>\n            <\/div>\n        <\/div>\n    <\/div>\n            <div class=\"galerie-grid grid-col-4\">\n                                <div class=\"galerie-item\">\n                        <a href=\"https:\/\/seico.fr\/wp-content\/uploads\/2025\/05\/seico-cablage-1.jpg\" data-lightbox=\"galerie\" data-title=\"seico cablage 1\">\n                            <img decoding=\"async\" src=\"https:\/\/seico.fr\/wp-content\/uploads\/2025\/05\/seico-cablage-1.jpg\" alt=\"seico cablage 1\" class=\"img-fluid\" \/>\n                        <\/a>\n                    <\/div>\n                                                <div class=\"galerie-item\">\n                        <a href=\"https:\/\/seico.fr\/wp-content\/uploads\/2025\/05\/seico-cablage-2.jpg\" data-lightbox=\"galerie\" data-title=\"seico cablage 2\">\n                            <img decoding=\"async\" src=\"https:\/\/seico.fr\/wp-content\/uploads\/2025\/05\/seico-cablage-2.jpg\" alt=\"seico cablage 2\" class=\"img-fluid\" \/>\n                        <\/a>\n                    <\/div>\n                                                <div class=\"galerie-item\">\n                        <a href=\"https:\/\/seico.fr\/wp-content\/uploads\/2025\/05\/seico-cablage-3.jpg\" data-lightbox=\"galerie\" data-title=\"seico cablage 3\">\n                            <img decoding=\"async\" src=\"https:\/\/seico.fr\/wp-content\/uploads\/2025\/05\/seico-cablage-3.jpg\" alt=\"seico cablage 3\" class=\"img-fluid\" \/>\n                        <\/a>\n                    <\/div>\n                                                <div class=\"galerie-item\">\n                        <a href=\"https:\/\/seico.fr\/wp-content\/uploads\/2025\/05\/seico-cablage-4.jpg\" data-lightbox=\"galerie\" data-title=\"seico cablage 4\">\n                            <img decoding=\"async\" src=\"https:\/\/seico.fr\/wp-content\/uploads\/2025\/05\/seico-cablage-4.jpg\" alt=\"seico cablage 4\" class=\"img-fluid\" \/>\n                        <\/a>\n                    <\/div>\n                                    <\/div>\n    <\/section>\n\n<style>\n    .legend {\n        font-size: 25px;\n        line-height: 25px;\n        padding-top: 30px;\n        padding-bottom: 30px;\n        display: block;\n    }\n\n    .block-galerie .inner {\n        padding: 2rem 0;\n    }\n\n    \/* Classes de grille bas\u00e9es sur le nombre d'images *\/\n    .block-galerie .galerie-grid {\n        display: grid;\n        gap: 15px;\n    }\n    \n    .block-galerie .grid-col-1 {\n        grid-template-columns: 1fr;\n    }\n    \n    .block-galerie .grid-col-2 {\n        grid-template-columns: repeat(2, 1fr);\n    }\n    \n    .block-galerie .grid-col-3 {\n        grid-template-columns: repeat(3, 1fr);\n    }\n    \n    .block-galerie .grid-col-4 {\n        grid-template-columns: repeat(4, 1fr);\n    }\n\n    .block-galerie .galerie-item {\n        overflow: hidden;\n        position: relative;\n        height: 0;\n        padding-bottom: 75%; \/* Ratio 4:3 pour les images *\/\n        background-color: #f0f0f0;\n        transform: scale(1.05);\n        border-left: 10px solid white;\n    }\n\n    .block-galerie .galerie-item:hover {\n        transform: scale(1.05);\n        transition: transform 0.3s ease;\n    }\n\n    .block-galerie .galerie-item a {\n        position: absolute;\n        width: 100%;\n        height: 100%;\n        display: block;\n    }\n\n    .block-galerie .galerie-item img {\n        width: 100%;\n        height: 100%;\n        object-fit: cover;\n        transition: transform 0.3s ease;\n    }\n\n    .block-galerie .galerie-item:hover img {\n        transform: scale(1.05);\n    }\n\n    \/* Personnalisation du lightbox *\/\n    .lb-data .lb-caption {\n        font-weight: bold;\n        font-size: 16px;\n    }\n\n    @media (max-width: 768px) {\n        .block-galerie .grid-col-4 {\n            grid-template-columns: repeat(2, 1fr);\n        }\n    }\n\n    @media (max-width: 580px){\n        .block-galerie .grid-col-3 {\n            grid-template-columns: repeat(1, 1fr);\n        }\n\n    }\n\n    @media (max-width: 480px) {\n        .block-galerie .grid-col-2,\n        .block-galerie .grid-col-3,\n        .block-galerie .grid-col-4 {\n            grid-template-columns: 1fr;\n        }\n    }\n<\/style>","protected":false},"excerpt":{"rendered":"","protected":false},"author":2,"featured_media":0,"parent":7498,"menu_order":0,"comment_status":"closed","ping_status":"closed","template":"","meta":{"_acf_changed":false,"footnotes":""},"class_list":["post-7489","page","type-page","status-publish","hentry"],"acf":[],"_links":{"self":[{"href":"https:\/\/seico.fr\/it\/wp-json\/wp\/v2\/pages\/7489","targetHints":{"allow":["GET"]}}],"collection":[{"href":"https:\/\/seico.fr\/it\/wp-json\/wp\/v2\/pages"}],"about":[{"href":"https:\/\/seico.fr\/it\/wp-json\/wp\/v2\/types\/page"}],"author":[{"embeddable":true,"href":"https:\/\/seico.fr\/it\/wp-json\/wp\/v2\/users\/2"}],"replies":[{"embeddable":true,"href":"https:\/\/seico.fr\/it\/wp-json\/wp\/v2\/comments?post=7489"}],"version-history":[{"count":4,"href":"https:\/\/seico.fr\/it\/wp-json\/wp\/v2\/pages\/7489\/revisions"}],"predecessor-version":[{"id":8177,"href":"https:\/\/seico.fr\/it\/wp-json\/wp\/v2\/pages\/7489\/revisions\/8177"}],"up":[{"embeddable":true,"href":"https:\/\/seico.fr\/it\/wp-json\/wp\/v2\/pages\/7498"}],"wp:attachment":[{"href":"https:\/\/seico.fr\/it\/wp-json\/wp\/v2\/media?parent=7489"}],"curies":[{"name":"wp","href":"https:\/\/api.w.org\/{rel}","templated":true}]}}