{"id":7563,"date":"2025-05-07T10:32:51","date_gmt":"2025-05-07T08:32:51","guid":{"rendered":"https:\/\/seico.fr\/cofidur-seico-40-anni-di-esperienza\/"},"modified":"2025-09-10T14:05:57","modified_gmt":"2025-09-10T12:05:57","slug":"cofidur-seico-40-anni-di-esperienza","status":"publish","type":"page","link":"https:\/\/seico.fr\/it\/chi-siamo\/cofidur-seico-40-anni-di-esperienza\/","title":{"rendered":"Cofidur SEICO: 40 anni di esperienza"},"content":{"rendered":"<section class=\"banner_page \"><div class=\"inner\"><div class=\"banner_page_container banner_width \"><h1 class=\"title-deco title-predefinito\">Cofidur SEICO: 40 anni di esperienza<\/h1><p class=\"\"><b>Sin dalla sua creazione nel 1981, Cofidur SEICO ha posto la soddisfazione del cliente al centro della sua strategia aziendale. Per raggiungere questo obiettivo d\u00e0 la priorit\u00e0 all\u2019ascolto delle esigenze espresse dal cliente e al tempo stesso mantiene una vigilanza tecnologica per anticipare le aspettative. In un settore in continua evoluzione, l&#8217;azienda ha scelto di abbinare tecnologie all&#8217;avanguardia con attrezzature tradizionali.<\/b><br \/>\r\n<br \/>\r\nDi conseguenza ha effettuato importanti investimenti: due nuove linee SMT Europlacer di ultima generazione, un sistema di ispezione ottica automatica AOI e macchine automatiche per il taglio dei cavi sono state aggiunte alle attrezzature esistenti.<\/p><\/div><\/div><\/section>\n\n<div class=\"inner\">\n    <\/div>\n<section id=\"\" class=\"txtImg_container  no-circle reverse_bloc ModelB  no-bg blu\">\n\n    <div class=\"txtImg_content_text\">\n        <h2 class=\"title-deco h1\" style=\"color:\">Un know-how all&#8217;avanguardia al servizio del miglioramento continuo delle performance<\/h2><div class=\"text-container\"><p><strong><span class=\"uppercase\">Gli obiettivi di SEICO per l&#8217;assistenza ai clienti<\/span><\/strong><\/p>\n<p><span class=\"uppercase\"><strong>01<\/strong><br \/>\n<strong>Precisione<\/strong> nella produzione,<\/span><\/p>\n<p><span class=\"uppercase\"><strong>02<\/strong><br \/>\n<strong>flessibilit\u00e0<\/strong> nell&#8217;adattarsi alle esigenze tecniche,<\/span><\/p>\n<p><span class=\"uppercase\"><strong>03<\/strong><br \/>\n<strong>conformit\u00e0 alle<\/strong> specifiche,<\/span><\/p>\n<p><span class=\"uppercase\"><strong>04<\/strong><br \/>\n<strong>reattivit\u00e0<\/strong> nel follow-up commerciale,<\/span><\/p>\n<p><span class=\"uppercase\"><strong>05<\/strong><br \/>\n<strong>precisione<\/strong> nella consulenza tecnica.<\/span><\/p>\n<p>questi sono gli obiettivi che accomunano tutti i collaboratori di Cofidur SEICO nel loro impegno a sostenere i clienti nel loro approccio industriale.<\/p>\n\n<\/div>    <\/div>\n    <div class=\"txtImg_content_image bg-blu\">\n        <img decoding=\"async\" src=\"https:\/\/seico.fr\/wp-content\/uploads\/2025\/05\/seico-savoir-faire.jpg\" alt=\"seico savoir faire\" title=\"seico savoir faire\">    <\/div>\n<\/section>\n\n\n<div class=\"inner\">\n    <\/div>\n<section id=\"\" class=\"txtImg_container  no-circle  ModelB  no-bg verde\">\n\n    <div class=\"txtImg_content_text\">\n        <h2 class=\"title-deco h1\" style=\"color:3D559A\">Cofidur SEICO e<br>il controllo dell&#8217;impatto <br>ambientale<\/h2><div class=\"text-container\"><p>Sul piano interno, la ricerca del miglioramento continuo delle performances va di pari passo con una politica di <strong>controllo dell&#8217;impatto ambientale<\/strong> delle nostre attivit\u00e0. L&#8217;obiettivo \u00e8 ridurre la quantit\u00e0 di rifiuti e incoraggiare il <strong>riciclaggio<\/strong>.<\/p>\n<\/div>    <\/div>\n    <div class=\"txtImg_content_image bg-verde\">\n        <img decoding=\"async\" src=\"https:\/\/seico.fr\/wp-content\/uploads\/2025\/05\/cofidur-environnement.jpg\" alt=\"cofidur environnement\" title=\"cofidur environnement\">    <\/div>\n<\/section>\n\n\n<section\n    class=\"block block-cta  pt-50 align  \"\n    id=\"\"\n    style=\"background-image:url(https:\/\/seico.fr\/wp-content\/uploads\/2025\/05\/cofidur-bg-cta.jpg)\">\n    <div class=\"container pt-50 pb-10\">\n        <div class=\"row\">\n            <div class=\"col-12 d-flex x-y-center flex-column\">\n                                <h2 class=\"not-lined   em text-center\">I nostri clienti hanno standard elevati, ed \u00e8 giusto cos\u00ec..<\/h2>\n                                <p class=\"ptb-30 text-center h2 light uppercase\">&#8230; La loro soddisfazione \u00e8 al centro delle nostre preoccupazioni!\r\n<\/p>\n                                <a href=\"https:\/\/seico.fr\/it\/contatto\/\"\n                    class=\"bouton primary vert\">PERCH\u00c9 NON PARLARE DEL VOSTRO PROGETTO CON I NOSTRI ESPERTI?<\/a>\n            <\/div>\n        <\/div>\n    <\/div>\n\n<\/section>\n","protected":false},"excerpt":{"rendered":"","protected":false},"author":2,"featured_media":0,"parent":8028,"menu_order":0,"comment_status":"closed","ping_status":"closed","template":"","meta":{"_acf_changed":false,"footnotes":""},"class_list":["post-7563","page","type-page","status-publish","hentry"],"acf":[],"_links":{"self":[{"href":"https:\/\/seico.fr\/it\/wp-json\/wp\/v2\/pages\/7563","targetHints":{"allow":["GET"]}}],"collection":[{"href":"https:\/\/seico.fr\/it\/wp-json\/wp\/v2\/pages"}],"about":[{"href":"https:\/\/seico.fr\/it\/wp-json\/wp\/v2\/types\/page"}],"author":[{"embeddable":true,"href":"https:\/\/seico.fr\/it\/wp-json\/wp\/v2\/users\/2"}],"replies":[{"embeddable":true,"href":"https:\/\/seico.fr\/it\/wp-json\/wp\/v2\/comments?post=7563"}],"version-history":[{"count":2,"href":"https:\/\/seico.fr\/it\/wp-json\/wp\/v2\/pages\/7563\/revisions"}],"predecessor-version":[{"id":8171,"href":"https:\/\/seico.fr\/it\/wp-json\/wp\/v2\/pages\/7563\/revisions\/8171"}],"up":[{"embeddable":true,"href":"https:\/\/seico.fr\/it\/wp-json\/wp\/v2\/pages\/8028"}],"wp:attachment":[{"href":"https:\/\/seico.fr\/it\/wp-json\/wp\/v2\/media?parent=7563"}],"curies":[{"name":"wp","href":"https:\/\/api.w.org\/{rel}","templated":true}]}}