{"id":7568,"date":"2025-05-07T10:23:19","date_gmt":"2025-05-07T08:23:19","guid":{"rendered":"https:\/\/seico.fr\/approccio-qualita\/"},"modified":"2025-09-10T14:05:11","modified_gmt":"2025-09-10T12:05:11","slug":"approccio-qualita","status":"publish","type":"page","link":"https:\/\/seico.fr\/it\/chi-siamo\/approccio-qualita\/","title":{"rendered":"Approccio qualit\u00e0"},"content":{"rendered":"<section class=\"banner_page \"><div class=\"inner\"><div class=\"banner_page_container banner_width \"><h1 class=\"title-deco \">Approccio qualit\u00e0<\/h1><p class=\"\"><b>Punta di diamante della politica per la soddisfazione dei clienti, la norma internazionale ISO 9001 \u00e8 il riferimento usato in 175 Paesi per convalidare la capacit\u00e0 del sistema manageriale delle aziende di garantire un reale approccio per la qualit\u00e0.<\/b><br \/>\r\n<br \/>\r\nNel 2003, Cofidur SEICO ha richiesto e ottenuto questa certificazione. Nel 2008, per garantire la coerenza con la norma ISO 14001 applicabile ai sistemi di gestione ambientale, sono stati introdotti nuovi requisiti a integrazione di quelli iniziali. La conformit\u00e0 delle procedure di Cofidur SEICO agli standard ISO 9001:2008 ha sancito l&#8217;impegno dell&#8217;azienda nella costante ricerca dell&#8217;ottimizzazione della qualit\u00e0.<\/p><\/div><\/div><\/section>\n\n<div class=\"inner\">\n    <\/div>\n<section id=\"\" class=\"txtImg_container  no-circle reverse_bloc ModelB  no-bg verde\">\n\n    <div class=\"txtImg_content_text\">\n        <h2 class=\"title-deco h1\" style=\"color:\">Procedure operative riconosciute in Cofidur SEICO<\/h2><div class=\"text-container\"><p>Sono stati riconosciuti metodi operativi validi, tra cui:<\/p>\n<ul>\n<li><strong>i piani di miglioramento<\/strong> sostenuti da processi formalizzati e da indicatori dichiarati<\/li>\n<li><strong>l\u2019analisi delle prestazioni<\/strong> dei prodotti e dei processi<\/li>\n<li><strong>la matrice multi-competenze<\/strong> che consente di identificare le esigenze di formazione del personale, avvalendosi del monitoraggio della qualit\u00e0 del PPM interno\/esterno e degli scarti.<\/li>\n<\/ul>\n<\/div>    <\/div>\n    <div class=\"txtImg_content_image bg-verde\">\n        <img decoding=\"async\" src=\"https:\/\/seico.fr\/wp-content\/uploads\/2025\/05\/seico-modes-operatoires.jpg\" alt=\"seico modes operatoires\" title=\"seico modes operatoires\">    <\/div>\n<\/section>\n\n\n<div class=\"inner\">\n    <\/div>\n<section id=\"\" class=\"txtImg_container  no-circle  ModelB  no-bg blu\">\n\n    <div class=\"txtImg_content_text\">\n        <h2 class=\"title-deco h1\" style=\"color:#3D559A\">Gli assemblaggi <br>elettronici SEICO<br> sono conformi alla norma<br> IPC A610<\/h2><div class=\"text-container\"><p>Ugualmente, <strong> il rispetto dei riferimenti<\/strong> inerenti alla professione \u00e8 un principio molto importante che contribuisce a rafforzare l&#8217;<strong> affidabilit\u00e0 dei prodotti<\/strong> e la<strong> protezione del personale<\/strong>.<\/p>\n<p><strong>Gli assemblaggi elettronici di SEICO sono conformi alla norma IPC A610 (classi 2 e 3)<\/strong> e i loro componenti soddisfano le omologazioni UL di infiammabilit\u00e0 e resistenza al fuoco. Inoltre, i rischi relativi all&#8217;esplosione sono coperti dalla conformit\u00e0 degli impianti alle normative ATEX.<\/p>\n<p>Infine, gli ambienti con vincoli severi sono soggetti a standard specifici che i clienti chiedono all&#8217;azienda di rispettare.<\/p>\n<\/div><div class=\"row\"><div class=\"col-md-12\"><a href=\"https:\/\/seico.fr\/wp-content\/uploads\/2025\/05\/SEICO_Certificat-AFAQ-21393.9_ISO-9001-2015_Validite-280212_.pdf\" class=\"button outline pdf\" target=\"_blank\">Certificato ISO<\/a><\/div><\/div>    <\/div>\n    <div class=\"txtImg_content_image bg-blu\">\n        <img decoding=\"async\" src=\"https:\/\/seico.fr\/wp-content\/uploads\/2025\/05\/seico-conformite-e1746606026695.jpg\" alt=\"seico conformite\" title=\"seico conformite\">    <\/div>\n<\/section>\n\n\n<section\n    class=\"block block-cta  pt-50 align  \"\n    id=\"\"\n    style=\"background-image:url(https:\/\/seico.fr\/wp-content\/uploads\/2025\/05\/cofidur-bg-cta.jpg)\">\n    <div class=\"container pt-50 pb-10\">\n        <div class=\"row\">\n            <div class=\"col-12 d-flex x-y-center flex-column\">\n                                <h2 class=\"not-lined  pb-30   em text-center\">40 anni di esperienza<br> al servizio del miglioramento <br> continuo delle performance<\/h2>\n                                <a href=\"https:\/\/seico.fr\/it\/chi-siamo\/cofidur-seico-40-anni-di-esperienza\/\"\n                    class=\"bouton primary vert\">Scopri gli obiettivi<\/a>\n            <\/div>\n        <\/div>\n    <\/div>\n\n<\/section>\n","protected":false},"excerpt":{"rendered":"","protected":false},"author":2,"featured_media":0,"parent":8028,"menu_order":0,"comment_status":"closed","ping_status":"closed","template":"","meta":{"_acf_changed":false,"footnotes":""},"class_list":["post-7568","page","type-page","status-publish","hentry"],"acf":[],"_links":{"self":[{"href":"https:\/\/seico.fr\/it\/wp-json\/wp\/v2\/pages\/7568","targetHints":{"allow":["GET"]}}],"collection":[{"href":"https:\/\/seico.fr\/it\/wp-json\/wp\/v2\/pages"}],"about":[{"href":"https:\/\/seico.fr\/it\/wp-json\/wp\/v2\/types\/page"}],"author":[{"embeddable":true,"href":"https:\/\/seico.fr\/it\/wp-json\/wp\/v2\/users\/2"}],"replies":[{"embeddable":true,"href":"https:\/\/seico.fr\/it\/wp-json\/wp\/v2\/comments?post=7568"}],"version-history":[{"count":2,"href":"https:\/\/seico.fr\/it\/wp-json\/wp\/v2\/pages\/7568\/revisions"}],"predecessor-version":[{"id":8170,"href":"https:\/\/seico.fr\/it\/wp-json\/wp\/v2\/pages\/7568\/revisions\/8170"}],"up":[{"embeddable":true,"href":"https:\/\/seico.fr\/it\/wp-json\/wp\/v2\/pages\/8028"}],"wp:attachment":[{"href":"https:\/\/seico.fr\/it\/wp-json\/wp\/v2\/media?parent=7568"}],"curies":[{"name":"wp","href":"https:\/\/api.w.org\/{rel}","templated":true}]}}