{"id":8014,"date":"2024-07-02T14:55:38","date_gmt":"2024-07-02T12:55:38","guid":{"rendered":"https:\/\/seico.fr\/?page_id=8014"},"modified":"2025-09-10T14:08:07","modified_gmt":"2025-09-10T12:08:07","slug":"home","status":"publish","type":"page","link":"https:\/\/seico.fr\/it\/","title":{"rendered":"Home"},"content":{"rendered":"\t<section class=\"banner_home mb-5\" style=\"background-color:#01245E;\">\n\t\t<video autoplay loop muted playsinline>\n\t\t\t<source src=\"https:\/\/seico.fr\/wp-content\/uploads\/2025\/05\/cofidur_cut_720.mp4\" type=\"video\/mp4\">\n\t\t\tYour browser does not support the video tag.\n\t\t<\/video>\n\t<div class=\"inner banner_home_container\"><div class=\"cartouche bg-jaune text-blanc text-uppercase\">Agilit\u00e0 &amp; Competenza<\/div><h1>Per soluzioni<br \/>\nelettroniche su<br \/>\nmisura\n<\/h1><a href=\"https:\/\/seico.fr\/it\/le-soluzioni-seico-cofidur\/\" title=\"Scoprite il nostro know-how\" class=\"bouton primary\">Scoprite<br>il nostro know-how<\/a><\/div><\/section>\n\n\n\n\n<section class=\"block block-ressources-humaines block-politique  pt-10 container-fluid\">\n    <div class=\"inner\">\n                <div class=\"row\">\n            <div class=\"col-12\">\n            <h2 class=\"title-deco h1 pb-5\">\n                Soluzioni Cofidur SEICO in<br>subfornitura elettronica            <\/h2>\n            <\/div>\n        <\/div>\n                <div class=\"row\">\n                                                <div class=\"job col-md-6 col-lg-3  even\"\n                style=\"background-image: url('https:\/\/seico.fr\/wp-content\/uploads\/2025\/05\/seico-cartes.jpg')\">\n                <a href=\"https:\/\/seico.fr\/it\/le-soluzioni-seico-cofidur\/schede-elettroniche-le-soluzioni-seico\/\" class=\"overlay\" style=\"background-color:#3d559a\" title=\"Per saperne di pi\u00f9\"><\/a>\n                <div class=\"overlay overlay-anim\"><\/div>\n\n                <div class=\"col-12 title\">\n                    <h3>Schede elettroniche<\/h3>\n                <\/div>\n                <div class=\"overlay-text\">\n                    \n                    <a href=\"https:\/\/seico.fr\/it\/le-soluzioni-seico-cofidur\/schede-elettroniche-le-soluzioni-seico\/\" class=\"bold uppercase\" title=\"Per saperne di pi\u00f9\">\n                        Scopri di pi\u00f9                    <\/a>                \n                <\/div>\n            <\/div>\n                                    <div class=\"job col-md-6 col-lg-3  odd\"\n                style=\"background-image: url('https:\/\/seico.fr\/wp-content\/uploads\/2025\/05\/seico-cablages.jpg')\">\n                <a href=\"https:\/\/seico.fr\/it\/le-soluzioni-seico-cofidur\/cavi-e-cablaggi-le-soluzioni-cofidur-seico\/\" class=\"overlay\" style=\"background-color:#ffb237\" title=\"Per saperne di pi\u00f9\"><\/a>\n                <div class=\"overlay overlay-anim\"><\/div>\n\n                <div class=\"col-12 title\">\n                    <h3>Cavi e cablaggi<\/h3>\n                <\/div>\n                <div class=\"overlay-text\">\n                    \n                    <a href=\"https:\/\/seico.fr\/it\/le-soluzioni-seico-cofidur\/cavi-e-cablaggi-le-soluzioni-cofidur-seico\/\" class=\"bold uppercase\" title=\"Per saperne di pi\u00f9\">\n                        Scopri di pi\u00f9                    <\/a>                \n                <\/div>\n            <\/div>\n                                    <div class=\"job col-md-6 col-lg-3  even\"\n                style=\"background-image: url('https:\/\/seico.fr\/wp-content\/uploads\/2025\/05\/seico-integration.jpg')\">\n                <a href=\"https:\/\/seico.fr\/it\/le-soluzioni-seico-cofidur\/assemblaggio-di-precisione-le-soluzioni-cofidur-seico\/\" class=\"overlay\" style=\"background-color:#a7bb38\" title=\"Per saperne di pi\u00f9\"><\/a>\n                <div class=\"overlay overlay-anim\"><\/div>\n\n                <div class=\"col-12 title\">\n                    <h3>Assemblaggio di precisione<\/h3>\n                <\/div>\n                <div class=\"overlay-text\">\n                    \n                    <a href=\"https:\/\/seico.fr\/it\/le-soluzioni-seico-cofidur\/assemblaggio-di-precisione-le-soluzioni-cofidur-seico\/\" class=\"bold uppercase\" title=\"Per saperne di pi\u00f9\">\n                        Scopri di pi\u00f9                    <\/a>                \n                <\/div>\n            <\/div>\n                                    <div class=\"job col-md-6 col-lg-3  odd\"\n                style=\"background-image: url('https:\/\/seico.fr\/wp-content\/uploads\/2025\/05\/seico-outillage-test.jpg')\">\n                <a href=\"https:\/\/seico.fr\/it\/le-soluzioni-seico-cofidur\/interfacce-e-banchi-di-prova\/\" class=\"overlay\" style=\"background-color:#46c1db\" title=\"Per saperne di pi\u00f9\"><\/a>\n                <div class=\"overlay overlay-anim\"><\/div>\n\n                <div class=\"col-12 title\">\n                    <h3>Strumenti di test<\/h3>\n                <\/div>\n                <div class=\"overlay-text\">\n                    \n                    <a href=\"https:\/\/seico.fr\/it\/le-soluzioni-seico-cofidur\/interfacce-e-banchi-di-prova\/\" class=\"bold uppercase\" title=\"Per saperne di pi\u00f9\">\n                        Scopri di pi\u00f9                    <\/a>                \n                <\/div>\n            <\/div>\n                                            <\/div>\n                <div class=\"row\">\n            <div class=\"col-8 offset-3\">\n            <a href=\"https:\/\/seico.fr\/it\/le-soluzioni-seico-cofidur\/\" class=\"bouton primary vert\">Per saperne di pi\u00f9<\/a>\n            <\/div>\n        <\/div>\n            <\/div>\n\n<\/section>\n\n\n<div style=\"height:100px\" aria-hidden=\"true\" class=\"wp-block-spacer\"><\/div>\n\n\n<div class=\"inner\">\n    <\/div>\n<section id=\"\" class=\"txtImg_container   ModelB  vert\">\n\n    <div class=\"txtImg_content_text\">\n        <h2 class=\"title-deco h1\" style=\"color:\">40 anni di esperienza nella<br>subfornitura elettronica<br>per 5 grandi settori di attivit\u00e0<\/h2><div class=\"text-container\"><p>La diversit\u00e0 degli attori che da oltre 40 anni accompagnano la quotidianit\u00e0 di Cofidur SEICO ha permesso all\u2019azienda di arricchire le proprie competenze e sviluppare il proprio potenziale di innovazione. Cofidur SEICO risponde a molteplici esigenze con prodotti di qualit\u00e0 dotati di tecnologia all\u2019avanguardia, offrendo un\u2019eccellente capacit\u00e0 di adattamento ovunque sia richiesta. <\/p>\n<\/div>    <\/div>\n    <div class=\"txtImg_content_image bg-vert\">\n        <img decoding=\"async\" src=\"https:\/\/seico.fr\/wp-content\/uploads\/2025\/05\/seico-40-ans-expertise.jpg\" alt=\"seico 40 ans expertise\" title=\"seico 40 ans expertise\">    <\/div>\n<\/section>\n\n\n\n<section class=\"block block-ambitions  pb-15 pt-20\" style=\"background-image: url('https:\/\/seico.fr\/wp-content\/uploads\/2024\/12\/bg-accueil-1.jpg');\">\n    <div class=\"overlay\"><\/div>\n    <div class=\"container-fluid inner\">\n        <div class=\"row ambitions pb-4\">\n                                            <div class='col-md-6 col-sm-12 ambition d-flex x-y-center flex-column'>\n                                                                    <div class=\"details\">\n                        <span class=\"text-uppercase bold pb-1 h3  d-block text-white\">Elettronica<br>industriale<\/span>\n                        <p class=\"text-white\">47% dell&#8217;attivit\u00e0 di Cofidur SEICO: sistemi di controllo, pesatura, pompaggio, regolazione e automazione, terminali e oggetti comunicanti, colonnine o totem interattivi, insegne luminose, apparecchiature audio, stampanti<\/p>\n                    <\/div>\n                <\/div>\n                                <div class='col-md-6 col-sm-12 ambition d-flex x-y-center flex-column'>\n                                                                    <div class=\"details\">\n                        <span class=\"text-uppercase bold pb-1 h3  d-block text-white\">Il settore dell\u2019energia <br>e dell\u2019ambiente<\/span>\n                        <p class=\"text-white\">dalla conversione energetica alla ricerca petrolifera, passando per i caricabatterie, le caldaie e le pompe di calore&#8230;<\/p>\n                    <\/div>\n                <\/div>\n                                <div class='col-md-6 col-sm-12 ambition d-flex x-y-center flex-column'>\n                                                                    <div class=\"details\">\n                        <span class=\"text-uppercase bold pb-1 h3  d-block text-white\">Trasporti e veicoli<br>speciali<\/span>\n                        <p class=\"text-white\">attrezzature adattate per il trasporto ferroviario, lo sport automobilistico o attrezzature after-market per la navigazione..<\/p>\n                    <\/div>\n                <\/div>\n                                <div class='col-md-6 col-sm-12 ambition d-flex x-y-center flex-column'>\n                                                                    <div class=\"details\">\n                        <span class=\"text-uppercase bold pb-1 h3  d-block text-white\">Difesa e sicurezza<\/span>\n                        <p class=\"text-white\">dispositivi di controllo degli accessi, sistemi di sicurezza temporizzati e antincendio, oltre a citofoni e sistemi antifurto e di difesa<\/p>\n                    <\/div>\n                <\/div>\n                                <div class='col-md-6 col-sm-12 ambition d-flex x-y-center flex-column'>\n                                                                    <div class=\"details\">\n                        <span class=\"text-uppercase bold pb-1 h3  d-block text-white\">Settore sanitario<\/span>\n                        <p class=\"text-white\">Sistemi di ecografia e termografia a infrarossi, apparecchiature per analisi batteriologiche e biotecnologiche, strumenti specifici)<\/p>\n                    <\/div>\n                <\/div>\n                                    <\/div>\n        <div class=\"row\">\n            <div class=\"col-8 offset-3\">\n                <a href=\"https:\/\/seico.fr\/it\/applicazioni-i-mercati-cofidur-seico\/\" class=\"bouton primary vert\">COME POSSIAMO AIUTARVI?<\/a>\n            <\/div>\n        <\/div>\n<\/section>\n\n\n<section class=\"block block-resultactus pb-10 pt-10 container-fluid\" id=\"nos-actus\">\n    <div class=\"inner\">\n                    <div class=\"row\">\n                                    <div class=\"pl-0 col-lg-12 col-md-12 col-sm-12\">\n                        <h2 class=\"title-deco title-violet\">\n                            Notizie                        <\/h2>\n                    <\/div>\n                                <div class=\"col-lg-4 col-md-4 col-sm-6\"><\/div>\n                <div class=\"col-lg-12 col-md-12 col-sm-12\">\n                                            <div class=\"container-fluid\">\n                            <div class=\"row posts results-container\">\n                                                                    <div class=\"pt-4 pb-4 pl-0 actus col-lg-12 col-md-12 col-sm-12 row\">\n                                        <div class=\"col-lg-6 col-md-6 col-sm-12 no-pl\">\n                                            <div class=\"image actus_result_image\">\n                                                                                                    <img decoding=\"async\" src=\"https:\/\/seico.fr\/wp-content\/uploads\/2025\/05\/cofidur-salon-global-industrie.jpg\" alt=\"Cofidur SEICO presente al Global Industrie 2025!\" title=\"Cofidur SEICO presente al Global Industrie 2025!\">\n                                                                                            <\/div>\n                                        <\/div>\n                                        <div class=\"col-lg-6 col-md-6 col-sm-12 d-flex x-center flex-column\">\n                                            <div class=\"uppercase light date pb-1\">07\/05\/2026<\/div>\n                                            <h3 class=\"bold h5 text-uppercase pb-2\">Cofidur SEICO presente al Global Industrie 2025!<\/h3>\n                                                                                        <a href=\"https:\/\/seico.fr\/it\/cofidur-seico-presente-al-global-industrie-2025\/\" class=\"bouton secondary\">\n                                            Vedi i dettagli                                            <\/a>\n                                        <\/div>\n                                    <\/div>\n                                                                    <div class=\"pt-4 pb-4 pl-0 actus col-lg-12 col-md-12 col-sm-12 row\">\n                                        <div class=\"col-lg-6 col-md-6 col-sm-12 no-pl\">\n                                            <div class=\"image actus_result_image\">\n                                                                                                    <img decoding=\"async\" src=\"https:\/\/seico.fr\/wp-content\/uploads\/2025\/05\/cofidur-seico-immersion.jpg\" alt=\"Incontro al cuore del know-how industriale di Cofidur SEICO\" title=\"Incontro al cuore del know-how industriale di Cofidur SEICO\">\n                                                                                            <\/div>\n                                        <\/div>\n                                        <div class=\"col-lg-6 col-md-6 col-sm-12 d-flex x-center flex-column\">\n                                            <div class=\"uppercase light date pb-1\">07\/05\/2026<\/div>\n                                            <h3 class=\"bold h5 text-uppercase pb-2\">Incontro al cuore del know-how industriale di Cofidur SEICO<\/h3>\n                                                                                        <a href=\"https:\/\/seico.fr\/it\/incontro-al-cuore-del-know-how-industriale-di-cofidur-seico\/\" class=\"bouton secondary\">\n                                            Vedi i dettagli                                            <\/a>\n                                        <\/div>\n                                    <\/div>\n                                                                    <div class=\"pt-4 pb-4 pl-0 actus col-lg-12 col-md-12 col-sm-12 row\">\n                                        <div class=\"col-lg-6 col-md-6 col-sm-12 no-pl\">\n                                            <div class=\"image actus_result_image\">\n                                                                                                    <img decoding=\"async\" src=\"https:\/\/seico.fr\/wp-content\/uploads\/2025\/05\/cofidur-acteur-engage.jpg\" alt=\"Cofidur SEICO, un attore impegnato nella promozione delle professioni industriali alle giovani generazioni\" title=\"Cofidur SEICO, un attore impegnato nella promozione delle professioni industriali alle giovani generazioni\">\n                                                                                            <\/div>\n                                        <\/div>\n                                        <div class=\"col-lg-6 col-md-6 col-sm-12 d-flex x-center flex-column\">\n                                            <div class=\"uppercase light date pb-1\">07\/05\/2026<\/div>\n                                            <h3 class=\"bold h5 text-uppercase pb-2\">Cofidur SEICO, un attore impegnato nella promozione delle professioni industriali alle giovani generazioni<\/h3>\n                                                                                        <a href=\"https:\/\/seico.fr\/it\/cofidur-seico-un-attore-impegnato-nella-promozione-delle-professioni-industriali-alle-giovani-generazioni\/\" class=\"bouton secondary\">\n                                            Vedi i dettagli                                            <\/a>\n                                        <\/div>\n                                    <\/div>\n                                                                    <div class=\"pt-4 pb-4 pl-0 actus col-lg-12 col-md-12 col-sm-12 row\">\n                                        <div class=\"col-lg-6 col-md-6 col-sm-12 no-pl\">\n                                            <div class=\"image actus_result_image\">\n                                                                                                    <img decoding=\"async\" src=\"https:\/\/seico.fr\/wp-content\/uploads\/2025\/01\/Meilleurs-voeux-2025.jpg\" alt=\"Auguri di Buon Anno!\" title=\"Auguri di Buon Anno!\">\n                                                                                            <\/div>\n                                        <\/div>\n                                        <div class=\"col-lg-6 col-md-6 col-sm-12 d-flex x-center flex-column\">\n                                            <div class=\"uppercase light date pb-1\">07\/05\/2026<\/div>\n                                            <h3 class=\"bold h5 text-uppercase pb-2\">Auguri di Buon Anno!<\/h3>\n                                                                                        <a href=\"https:\/\/seico.fr\/it\/auguri-di-buon-anno\/\" class=\"bouton secondary\">\n                                            Vedi i dettagli                                            <\/a>\n                                        <\/div>\n                                    <\/div>\n                                                            <\/div>\n                                                            <div class=\"row more pb-3 pt-3\">\n                                    <div class=\"col-md-8 offset-md-3\">\n                                        <a href=\"\/it\/notizie\/\" class=\"bouton primary vert\">\n                                            Tutte le nostre notizie                                        <\/a>\n                                    <\/div>\n                                <\/div>\n                                                    <\/div>\n                                    <\/div>\n            <\/div>\n            <\/div>\n<\/section>\n\n\n<section class=\"carte_container bg-gris\"><div class=\"inner\"><h2 class=\"h2 bold title-carte\">Dove siamo?<\/h2><div class=\"map-container flexRow flexColTablet\"><div id=\"map_69fca0ad6108e\" class=\"map\"><\/div><div class=\"implantations-menu d-flex y-center\"><div class=\"implantation-item p-2 bg-blanc\"><h3 class=\"h5 text-bleu\">COFIDUR Seico<\/h3><div class=\"flexRow full\"><p class=\"pr-3 demi\" style=\"font-weight:500\">ZI La Croix Blanche<br \/>\r\n6 rue Jean Moulin<br \/>\r\n44260 MALVILLE<\/p><p class=\"demi light\">Da luned\u00ec a venerd\u00ec: <br \/>\n08:00-16:30<\/p><\/div><a href=\"\/contact\/\" class=\"bouton secondary\" title=\"Contacter COFIDUR Seico\">Contattaci<\/a><\/div><\/div><\/div><\/div><div class=\"website-link-container\"><div class=\"website-link p-5\"><figure> <img decoding=\"async\" src=\"https:\/\/seico.fr\/wp-content\/uploads\/2024\/12\/logo_cofidur.svg\" alt=\"\" title=\"Logo Cofidur EMS\"><\/figure><p class=\"text-uppercase\">Il nostro sito web<\/p><a href=\"https:\/\/www.cofidur-groupe.com\/\" title=\"Venite a scoprire il Gruppo COFIDUR\" target=\"_blank\" class=\"bouton secondary\">Venite a scoprire il Gruppo COFIDUR<\/a><\/div><\/div><\/section><link rel=\"stylesheet\" href=\"https:\/\/unpkg.com\/leaflet@1.7.1\/dist\/leaflet.css\" \/><script src=\"https:\/\/unpkg.com\/leaflet@1.7.1\/dist\/leaflet.js\"><\/script><script>\ndocument.addEventListener(\"DOMContentLoaded\", function() {\n    const mapId = 'map_69fca0ad6108e';\n    const map = L.map(mapId).setView([43.717, -0.5], 5); \/\/ Coordonn\u00e9es et zoom par d\u00e9faut\n\n    L.tileLayer('https:\/\/{s}.tile.openstreetmap.org\/{z}\/{x}\/{y}.png', {\n        attribution: '&copy; <a href=\"https:\/\/www.openstreetmap.org\/copyright\">OpenStreetMap<\/a> contributors'\n    }).addTo(map);\n\n    \/\/ D\u00e9finir l'ic\u00f4ne personnalis\u00e9e\n    const customIcon = L.icon({\n        iconUrl: 'https:\/\/seico.fr\/wp-content\/themes\/chronos\/images\/picto-implantations.svg',\n        iconSize: [38, 38], \/\/ Taille de l'ic\u00f4ne\n        iconAnchor: [19, 38], \/\/ Point de l'ic\u00f4ne qui correspondra \u00e0 la position du marqueur\n        popupAnchor: [0, -38] \/\/ Point depuis lequel la popup doit s'ouvrir par rapport \u00e0 l'ic\u00f4ne\n    });\n\n    \/\/ Ajoutez des marqueurs pour chaque implantation\n        L.marker([47.3519052333154, -1.8686219449291357], {\n            icon: customIcon\n        }).addTo(map)\n        .bindPopup(\"COFIDUR Seico<br>ZI La Croix Blanche<br \\\/>\\r\\n6 rue Jean Moulin<br \\\/>\\r\\n44260 MALVILLE\");\n    \n    \/\/ Ajuster la hauteur de la carte en fonction de la hauteur de .implantations-menu\n    function adjustMapHeight() {\n        if (window.innerWidth > 1023) {\n            const implantationsMenu = document.querySelector('.implantations-menu');\n            const mapElement = document.getElementById(mapId);\n            if (implantationsMenu && mapElement) {\n                mapElement.style.height = implantationsMenu.offsetHeight + 'px';\n                map.invalidateSize();\n            }\n        } else {\n            const mapElement = document.getElementById(mapId);\n            if (mapElement) {\n                mapElement.style.height = '100%';\n                map.invalidateSize();\n            }\n        }\n    }\n\n    \/\/ Ajuster la hauteur de la carte au chargement et au redimensionnement de la fen\u00eatre\n    adjustMapHeight();\n    window.addEventListener('resize', adjustMapHeight);\n});\n<\/script>","protected":false},"excerpt":{"rendered":"","protected":false},"author":2,"featured_media":0,"parent":0,"menu_order":0,"comment_status":"closed","ping_status":"closed","template":"","meta":{"_acf_changed":false,"footnotes":""},"class_list":["post-8014","page","type-page","status-publish","hentry"],"acf":[],"_links":{"self":[{"href":"https:\/\/seico.fr\/it\/wp-json\/wp\/v2\/pages\/8014","targetHints":{"allow":["GET"]}}],"collection":[{"href":"https:\/\/seico.fr\/it\/wp-json\/wp\/v2\/pages"}],"about":[{"href":"https:\/\/seico.fr\/it\/wp-json\/wp\/v2\/types\/page"}],"author":[{"embeddable":true,"href":"https:\/\/seico.fr\/it\/wp-json\/wp\/v2\/users\/2"}],"replies":[{"embeddable":true,"href":"https:\/\/seico.fr\/it\/wp-json\/wp\/v2\/comments?post=8014"}],"version-history":[{"count":3,"href":"https:\/\/seico.fr\/it\/wp-json\/wp\/v2\/pages\/8014\/revisions"}],"predecessor-version":[{"id":8173,"href":"https:\/\/seico.fr\/it\/wp-json\/wp\/v2\/pages\/8014\/revisions\/8173"}],"wp:attachment":[{"href":"https:\/\/seico.fr\/it\/wp-json\/wp\/v2\/media?parent=8014"}],"curies":[{"name":"wp","href":"https:\/\/api.w.org\/{rel}","templated":true}]}}