{"id":8028,"date":"2025-04-28T14:38:28","date_gmt":"2025-04-28T12:38:28","guid":{"rendered":"https:\/\/seico.fr\/?page_id=8028"},"modified":"2025-09-09T16:14:17","modified_gmt":"2025-09-09T14:14:17","slug":"chi-siamo","status":"publish","type":"page","link":"https:\/\/seico.fr\/it\/chi-siamo\/","title":{"rendered":"Chi siamo"},"content":{"rendered":"<section class=\"banner_page \"><div class=\"inner\"><div class=\"banner_page_container banner_width \"><h1 class=\"title-deco \">Informazioni su Cofidur SEICO<\/h1><p class=\"\"><b>La subfornitura elettronica si basa sulla padronanza di tecniche complementari: dalla progettazione alla produzione di schede, assiemi e sottoassiemi elettronici, dal cablaggio all\u2019integrazione dei sistemi sviluppati, dai test funzionali alla gestione logistica del prodotto finale. Le competenze messe in atto sono al tempo stesso multisettoriali e interdipendenti.<\/b><\/p><\/div><\/div><\/section><div class=\"inner\">\n    <\/div>\n<section id=\"\" class=\"txtImg_container  no-circle reverse_bloc ModelB  no-bg vert\">\n\n    <div class=\"txtImg_content_text\">\n        <h2 class=\"title-deco h1\" style=\"color:#3D559A\">I valori di Cofidur SEICO<\/h2><div class=\"text-container\"><p><strong><span class=\"uppercase\">il senso dell\u2019ascolto, dell\u2019innovazione e della consulenza<\/span><\/strong><\/p>\n<p>La subfornitura elettronica si basa sulla <strong>padronanza di tecniche complementari<\/strong>: dalla progettazione alla produzione di schede, assiemi e sottoassiemi elettronici, dal cablaggio all\u2019integrazione dei sistemi sviluppati, dai test funzionali alla gestione logistica del prodotto finale. Le competenze messe in atto sono al tempo stesso multisettoriali e interdipendenti.<br \/>\nTuttavia, oltre alle competenze indispensabili per lo sviluppo di prodotti di qualit\u00e0, l\u2019ambiente specifico di ciascun cliente e i suoi vincoli devono essere analizzati con precisione per <strong>progettare una soluzione adeguata<\/strong> alle sue esigenze specifiche.<\/p>\n<p>L\u2019industrializzazione di sistemi complessi richiede non solo una <strong>produzione impeccabile<\/strong>, ma anche la comprensione delle esigenze di committenti provenienti da diversi settori di attivit\u00e0. In quest\u2019ottica, SEICO trasmette <strong>valori forti basati sul senso dell\u2019ascolto, dell\u2019innovazione e della consulenza.<\/strong> <\/p>\n<\/div>    <\/div>\n    <div class=\"txtImg_content_image bg-vert\">\n        <img decoding=\"async\" src=\"https:\/\/seico.fr\/wp-content\/uploads\/2025\/05\/seico-valeurs.jpg\" alt=\"seico valeurs\" title=\"seico valeurs\">    <\/div>\n<\/section>\n<div class=\"inner\">\n    <\/div>\n<section id=\"\" class=\"txtImg_container  no-circle  ModelB  no-bg bleu\">\n\n    <div class=\"txtImg_content_text\">\n        <h2 class=\"title-deco h1\" style=\"color:#3D559A\">Indice di parit\u00e0 Donne&nbsp;\/&nbsp;Uomini:<\/h2><div class=\"text-container\"><p>Quest\u2019anno il nostro indice di parit\u00e0 tra donne e uomini non \u00e8 calcolabile, poich\u00e9 gli indicatori valutabili rappresentano meno di 75 punti.<\/p>\n<p>Comunichiamo comunque il risultato ottenuto per gli indicatori calcolabili:<\/p>\n<p>&#8211; Differenza nei tassi di aumento tra donne e uomini<br \/>\n&#8211; Numero di dipendenti del sesso sottorappresentato tra le 10 retribuzioni pi\u00f9 alte<\/p>\n<p><strong>Totale per i 2 indicatori: 40\/45<\/strong><\/p>\n<p>Questi risultati riflettono il nostro impegno a favore della parit\u00e0 professionale e la nostra volont\u00e0 di proseguire gli sforzi per garantire un\u2019equit\u00e0 duratura all\u2019interno dell\u2019azienda.<\/p>\n\n<\/div>    <\/div>\n    <div class=\"txtImg_content_image bg-bleu\">\n        <img decoding=\"async\" src=\"https:\/\/seico.fr\/wp-content\/uploads\/2025\/05\/seico-egalite-homme-femme.jpg\" alt=\"seico egalite homme femme\" title=\"seico egalite homme femme\">    <\/div>\n<\/section>\n\n\n","protected":false},"excerpt":{"rendered":"","protected":false},"author":2,"featured_media":0,"parent":0,"menu_order":0,"comment_status":"closed","ping_status":"closed","template":"","meta":{"_acf_changed":false,"footnotes":""},"class_list":["post-8028","page","type-page","status-publish","hentry"],"acf":[],"_links":{"self":[{"href":"https:\/\/seico.fr\/it\/wp-json\/wp\/v2\/pages\/8028","targetHints":{"allow":["GET"]}}],"collection":[{"href":"https:\/\/seico.fr\/it\/wp-json\/wp\/v2\/pages"}],"about":[{"href":"https:\/\/seico.fr\/it\/wp-json\/wp\/v2\/types\/page"}],"author":[{"embeddable":true,"href":"https:\/\/seico.fr\/it\/wp-json\/wp\/v2\/users\/2"}],"replies":[{"embeddable":true,"href":"https:\/\/seico.fr\/it\/wp-json\/wp\/v2\/comments?post=8028"}],"version-history":[{"count":2,"href":"https:\/\/seico.fr\/it\/wp-json\/wp\/v2\/pages\/8028\/revisions"}],"predecessor-version":[{"id":8030,"href":"https:\/\/seico.fr\/it\/wp-json\/wp\/v2\/pages\/8028\/revisions\/8030"}],"wp:attachment":[{"href":"https:\/\/seico.fr\/it\/wp-json\/wp\/v2\/media?parent=8028"}],"curies":[{"name":"wp","href":"https:\/\/api.w.org\/{rel}","templated":true}]}}