{"id":8065,"date":"2024-12-04T15:23:22","date_gmt":"2024-12-04T14:23:22","guid":{"rendered":"https:\/\/seico.fr\/?page_id=8065"},"modified":"2025-09-09T17:21:40","modified_gmt":"2025-09-09T15:21:40","slug":"contatto","status":"publish","type":"page","link":"https:\/\/seico.fr\/it\/contatto\/","title":{"rendered":"Contatto"},"content":{"rendered":"<section class=\"banner_page \"><div class=\"inner\"><div class=\"banner_page_container banner_width \"><h1 class=\"title-deco \">Contattateci<\/h1><\/div><\/div><\/section>\n<div style=\"height:50px\" aria-hidden=\"true\" class=\"wp-block-spacer\"><\/div>\n\n<section\n    class=\"block block-contact  container-fluid background-violet  main\">\n    \n    <div class=\"row\">\n        <div class=\"col-lg-4 col-sm-12 col-md-4 p-0\">\n                        <div class=\"image\">\n                <img decoding=\"async\" src=\"https:\/\/seico.fr\/wp-content\/uploads\/2025\/05\/seico-circuit-imprime-e1746625068556.jpg\" alt=\"seico circuit imprime\"\n                    title=\"seico circuit imprime\">\n            <\/div>\n                    <\/div>\n        <div class=\"offset-lg-1  col-lg-6 col-sm-12 offset-md-1 col-md-6 mr-auto pb-6 pt-6 pl-1 pr-2\">\n            \n<div class=\"wpcf7 no-js\" id=\"wpcf7-f8099-o1\" lang=\"it-IT\" dir=\"ltr\" data-wpcf7-id=\"8099\">\n<div class=\"screen-reader-response\"><p role=\"status\" aria-live=\"polite\" aria-atomic=\"true\"><\/p> <ul><\/ul><\/div>\n<form action=\"\/it\/wp-json\/wp\/v2\/pages\/8065#wpcf7-f8099-o1\" method=\"post\" class=\"wpcf7-form init\" aria-label=\"Modulo di contatto\" novalidate=\"novalidate\" data-status=\"init\">\n<fieldset class=\"hidden-fields-container\"><input type=\"hidden\" name=\"_wpcf7\" value=\"8099\" \/><input type=\"hidden\" name=\"_wpcf7_version\" value=\"6.1.5\" \/><input type=\"hidden\" name=\"_wpcf7_locale\" value=\"it_IT\" \/><input type=\"hidden\" name=\"_wpcf7_unit_tag\" value=\"wpcf7-f8099-o1\" \/><input type=\"hidden\" name=\"_wpcf7_container_post\" value=\"0\" \/><input type=\"hidden\" name=\"_wpcf7_posted_data_hash\" value=\"\" \/>\n<\/fieldset>\n<label>Nome*<span class=\"wpcf7-form-control-wrap\" data-name=\"nom\"><input size=\"40\" maxlength=\"400\" class=\"wpcf7-form-control wpcf7-text wpcf7-validates-as-required\" aria-required=\"true\" aria-invalid=\"false\" placeholder=\"Inserisci il tuo nome ...\" value=\"\" type=\"text\" name=\"nom\" \/><\/span><\/label>\n<label>Cognome*<span class=\"wpcf7-form-control-wrap\" data-name=\"prenom\"><input size=\"40\" maxlength=\"400\" class=\"wpcf7-form-control wpcf7-text wpcf7-validates-as-required\" aria-required=\"true\" aria-invalid=\"false\" placeholder=\"Inserisci il tuo cognome ...\" value=\"\" type=\"text\" name=\"prenom\" \/><\/span><\/label>\n<label>E-mail*<span class=\"wpcf7-form-control-wrap\" data-name=\"email\"><input size=\"40\" maxlength=\"400\" class=\"wpcf7-form-control wpcf7-email wpcf7-validates-as-required wpcf7-text wpcf7-validates-as-email\" aria-required=\"true\" aria-invalid=\"false\" placeholder=\"Inserisci la tua e-mail ...\" value=\"\" type=\"email\" name=\"email\" \/><\/span><\/label>\n<label>Telefono*<span class=\"wpcf7-form-control-wrap\" data-name=\"telephone\"><input size=\"40\" maxlength=\"400\" class=\"wpcf7-form-control wpcf7-tel wpcf7-validates-as-required wpcf7-text wpcf7-validates-as-tel\" aria-required=\"true\" aria-invalid=\"false\" placeholder=\"Inserisci il tuo numero di telefono ...\" value=\"\" type=\"tel\" name=\"telephone\" \/><\/span><\/label>\n<label>CAP*<span class=\"wpcf7-form-control-wrap\" data-name=\"codepostal\"><input size=\"40\" maxlength=\"400\" class=\"wpcf7-form-control wpcf7-text wpcf7-validates-as-required\" aria-required=\"true\" aria-invalid=\"false\" placeholder=\"Inserisci il tuo codice postale ...\" value=\"\" type=\"text\" name=\"codepostal\" \/><\/span><\/label>\n<label class=\"mt-2 mb-2\">La tua richiesta riguarda\n<span class=\"wpcf7-form-control-wrap\" data-name=\"objet\"><select class=\"wpcf7-form-control wpcf7-select\" aria-invalid=\"false\" name=\"objet\"><option value=\"Desidero essere contattato da un commerciale\">Desidero essere contattato da un commerciale<\/option><option value=\"Desidero informazioni per avviare un nuovo progetto\">Desidero informazioni per avviare un nuovo progetto<\/option><option value=\"Cerco consulenza e supporto per lo sviluppo di un nuovo prodotto\">Cerco consulenza e supporto per lo sviluppo di un nuovo prodotto<\/option><option value=\"Altro argomento?\">Altro argomento?<\/option><\/select><\/span><\/label>\n<label class=\"mt-2 mb-2\">Messaggio*<span class=\"wpcf7-form-control-wrap\" data-name=\"message\"><textarea cols=\"40\" rows=\"10\" maxlength=\"2000\" class=\"wpcf7-form-control wpcf7-textarea wpcf7-validates-as-required\" aria-required=\"true\" aria-invalid=\"false\" name=\"message\">Buongiorno,<\/textarea><\/span><\/label>\n<span class=\"wpcf7-form-control-wrap\" data-name=\"acceptance\"><span class=\"wpcf7-form-control wpcf7-acceptance\"><span class=\"wpcf7-list-item\"><label><input type=\"checkbox\" name=\"acceptance\" value=\"1\" aria-invalid=\"false\" \/><span class=\"wpcf7-list-item-label\">Selezionando questa casella, acconsenti all\u2019utilizzo dei tuoi dati personali da parte di Cofidur per l\u2019elaborazione della tua richiesta. Hai il diritto di accedere, rettificare o cancellare questi dati. Per saperne di pi\u00f9, clicca <a href=\"https:\/\/seico.fr\/it\/note-legali-e-informativa-sulla-privacy\/\">qui<\/a>.<\/span><\/label><\/span><\/span><\/span>\n<div class=\"pt-2\"><span class=\"wpcf7-form-control-wrap\" data-name=\"hcap-cf7\">\t\t<input\n\t\t\t\ttype=\"hidden\"\n\t\t\t\tclass=\"hcaptcha-widget-id\"\n\t\t\t\tname=\"hcaptcha-widget-id\"\n\t\t\t\tvalue=\"eyJzb3VyY2UiOlsiY29udGFjdC1mb3JtLTdcL3dwLWNvbnRhY3QtZm9ybS03LnBocCJdLCJmb3JtX2lkIjowfQ==-96a6f71efc56fdf77dfb60ee0553c945\">\n\t\t\t\t<span id=\"hcap_cf7-69fcd72da923e7.69910659\" class=\"wpcf7-form-control h-captcha \"\n\t\t\tdata-sitekey=\"ab60f4ea-08c4-44c4-977e-1e729e54321c\"\n\t\t\tdata-theme=\"light\"\n\t\t\tdata-size=\"normal\"\n\t\t\tdata-auto=\"false\"\n\t\t\tdata-ajax=\"false\"\n\t\t\tdata-force=\"false\">\n\t\t<\/span>\n\t\t<input type=\"hidden\" id=\"_wpnonce\" name=\"_wpnonce\" value=\"58d2e31742\" \/><input type=\"hidden\" name=\"_wp_http_referer\" value=\"\/it\/wp-json\/wp\/v2\/pages\/8065\" \/><\/span><\/div>\n<input class=\"wpcf7-form-control wpcf7-submit has-spinner btn_send_mail btn\" type=\"submit\" value=\"Invia\" \/><div class=\"wpcf7-response-output\" aria-hidden=\"true\"><\/div>\n<\/form>\n<\/div>\n        <\/div>\n    <\/div>\n<\/section><section class=\"carte_container bg-gris\"><div class=\"inner\"><h2 class=\"h2 bold title-carte\">Dove siamo?<\/h2><div class=\"map-container flexRow flexColTablet\"><div id=\"map_69fcd72dab071\" class=\"map\"><\/div><div class=\"implantations-menu d-flex y-center\"><div class=\"implantation-item p-2 bg-blanc\"><h3 class=\"h5 text-bleu\">COFIDUR Seico<\/h3><div class=\"flexRow full\"><p class=\"pr-3 demi\" style=\"font-weight:500\">ZI La Croix Blanche<br \/>\r\n6 rue Jean Moulin<br \/>\r\n44260 MALVILLE<\/p><p class=\"demi light\">Da luned\u00ec a venerd\u00ec: <br \/>\n08:00-16:30<\/p><\/div><a href=\"\/contact\/\" class=\"bouton secondary\" title=\"Contacter COFIDUR Seico\">Contattaci<\/a><\/div><\/div><\/div><\/div><div class=\"website-link-container\"><div class=\"website-link p-5\"><figure> <img decoding=\"async\" src=\"https:\/\/seico.fr\/wp-content\/uploads\/2024\/12\/logo_cofidur.svg\" alt=\"\" title=\"Logo Cofidur EMS\"><\/figure><p class=\"text-uppercase\">Il nostro sito web<\/p><a href=\"https:\/\/www.cofidur-groupe.com\/\" title=\"Venite a scoprire il Gruppo COFIDUR\" target=\"_blank\" class=\"bouton secondary\">Venite a scoprire il Gruppo COFIDUR<\/a><\/div><\/div><\/section><link rel=\"stylesheet\" href=\"https:\/\/unpkg.com\/leaflet@1.7.1\/dist\/leaflet.css\" \/><script src=\"https:\/\/unpkg.com\/leaflet@1.7.1\/dist\/leaflet.js\"><\/script><script>\ndocument.addEventListener(\"DOMContentLoaded\", function() {\n    const mapId = 'map_69fcd72dab071';\n    const map = L.map(mapId).setView([43.717, -0.5], 5); \/\/ Coordonn\u00e9es et zoom par d\u00e9faut\n\n    L.tileLayer('https:\/\/{s}.tile.openstreetmap.org\/{z}\/{x}\/{y}.png', {\n        attribution: '&copy; <a href=\"https:\/\/www.openstreetmap.org\/copyright\">OpenStreetMap<\/a> contributors'\n    }).addTo(map);\n\n    \/\/ D\u00e9finir l'ic\u00f4ne personnalis\u00e9e\n    const customIcon = L.icon({\n        iconUrl: 'https:\/\/seico.fr\/wp-content\/themes\/chronos\/images\/picto-implantations.svg',\n        iconSize: [38, 38], \/\/ Taille de l'ic\u00f4ne\n        iconAnchor: [19, 38], \/\/ Point de l'ic\u00f4ne qui correspondra \u00e0 la position du marqueur\n        popupAnchor: [0, -38] \/\/ Point depuis lequel la popup doit s'ouvrir par rapport \u00e0 l'ic\u00f4ne\n    });\n\n    \/\/ Ajoutez des marqueurs pour chaque implantation\n        L.marker([47.3519052333154, -1.8686219449291357], {\n            icon: customIcon\n        }).addTo(map)\n        .bindPopup(\"COFIDUR Seico<br>ZI La Croix Blanche<br \\\/>\\r\\n6 rue Jean Moulin<br \\\/>\\r\\n44260 MALVILLE\");\n    \n    \/\/ Ajuster la hauteur de la carte en fonction de la hauteur de .implantations-menu\n    function adjustMapHeight() {\n        if (window.innerWidth > 1023) {\n            const implantationsMenu = document.querySelector('.implantations-menu');\n            const mapElement = document.getElementById(mapId);\n            if (implantationsMenu && mapElement) {\n                mapElement.style.height = implantationsMenu.offsetHeight + 'px';\n                map.invalidateSize();\n            }\n        } else {\n            const mapElement = document.getElementById(mapId);\n            if (mapElement) {\n                mapElement.style.height = '100%';\n                map.invalidateSize();\n            }\n        }\n    }\n\n    \/\/ Ajuster la hauteur de la carte au chargement et au redimensionnement de la fen\u00eatre\n    adjustMapHeight();\n    window.addEventListener('resize', adjustMapHeight);\n});\n<\/script>","protected":false},"excerpt":{"rendered":"","protected":false},"author":2,"featured_media":0,"parent":0,"menu_order":5,"comment_status":"closed","ping_status":"closed","template":"","meta":{"_acf_changed":false,"footnotes":""},"class_list":["post-8065","page","type-page","status-publish","hentry"],"acf":[],"_links":{"self":[{"href":"https:\/\/seico.fr\/it\/wp-json\/wp\/v2\/pages\/8065","targetHints":{"allow":["GET"]}}],"collection":[{"href":"https:\/\/seico.fr\/it\/wp-json\/wp\/v2\/pages"}],"about":[{"href":"https:\/\/seico.fr\/it\/wp-json\/wp\/v2\/types\/page"}],"author":[{"embeddable":true,"href":"https:\/\/seico.fr\/it\/wp-json\/wp\/v2\/users\/2"}],"replies":[{"embeddable":true,"href":"https:\/\/seico.fr\/it\/wp-json\/wp\/v2\/comments?post=8065"}],"version-history":[{"count":6,"href":"https:\/\/seico.fr\/it\/wp-json\/wp\/v2\/pages\/8065\/revisions"}],"predecessor-version":[{"id":8085,"href":"https:\/\/seico.fr\/it\/wp-json\/wp\/v2\/pages\/8065\/revisions\/8085"}],"wp:attachment":[{"href":"https:\/\/seico.fr\/it\/wp-json\/wp\/v2\/media?parent=8065"}],"curies":[{"name":"wp","href":"https:\/\/api.w.org\/{rel}","templated":true}]}}