{"id":8111,"date":"2024-07-02T15:00:02","date_gmt":"2024-07-02T13:00:02","guid":{"rendered":"https:\/\/seico.fr\/?page_id=8111"},"modified":"2025-09-10T14:20:04","modified_gmt":"2025-09-10T12:20:04","slug":"note-legali-e-informativa-sulla-privacy","status":"publish","type":"page","link":"https:\/\/seico.fr\/it\/note-legali-e-informativa-sulla-privacy\/","title":{"rendered":"Note legali e Informativa sulla privacy"},"content":{"rendered":"<section class=\"banner_page \"><div class=\"inner\"><div class=\"banner_page_container banner_width \"><h1 class=\"title-deco title-default\">Note legali e Informativa sulla privacy<\/h1><p class=\"\">Cofidur Seico ha aperto questo sito Internet per l\u2019informazione personale dei suoi utenti. L\u2019utilizzo del sito \u00e8 soggetto al rispetto delle condizioni generali di accesso e di utilizzo riportate di seguito, nonch\u00e9 di tutte le leggi applicabili (condizioni generali). Accedendo al sito, navigandolo e utilizzandolo, accettate senza riserve le condizioni generali.<\/p><\/div><\/div><\/section>\n\n\n<div style=\"height:5rem\" aria-hidden=\"true\" class=\"wp-block-spacer\"><\/div>\n\n\n\n<div class=\"wp-block-group is-layout-constrained wp-block-group-is-layout-constrained\">\n<h2 class=\"wp-block-heading\">Definizioni<\/h2>\n\n\n\n<p><strong>Cliente<\/strong>: qualsiasi professionista o persona fisica capace ai sensi degli articoli 1123 e seguenti del Codice civile, o persona giuridica, che visita il Sito oggetto delle presenti condizioni generali.<br><strong>Prestazioni e Servizi<\/strong>: seico.fr mette a disposizione dei Clienti:<br><strong>Contenuto<\/strong>: l\u2019insieme degli elementi che costituiscono le informazioni presenti sul Sito, in particolare testi \u2013 immagini \u2013 video.<br><strong>Informazioni dei clienti<\/strong>: di seguito denominate \u201cInformazione\/i\u201d, corrispondono all\u2019insieme dei dati personali che possono essere detenuti da seico.fr per la gestione del tuo account, della relazione con il cliente e a fini di analisi e statistiche.<br><strong>Utente<\/strong>: Internauta che si connette e utilizza il suddetto Sito.<br><strong>Informazioni personali<\/strong>: \u201cLe informazioni che permettono, in qualsiasi forma, direttamente o indirettamente, l\u2019identificazione delle persone fisiche cui si riferiscono\u201d (articolo 4 della legge n. 78-17 del 6 gennaio 1978).<br>I termini \u201cdati personali\u201d, \u201cinteressato\u201d, \u201cresponsabile del trattamento per conto del titolare (sub-responsabile)\u201d e \u201cdati sensibili\u201d hanno il significato definito dal Regolamento Generale sulla Protezione dei Dati (RGPD\/GDPR: n. 2016\/679).<\/p>\n\n\n\n<h2 class=\"wp-block-heading\">1. Presentazione del sito internet<\/h2>\n\n\n\n<p>In virt\u00f9 dell\u2019articolo 6 della legge n. 2004-575 del 21 giugno 2004 per la fiducia nell\u2019economia digitale, si precisa agli utenti del sito internet seico.fr l\u2019identit\u00e0 dei diversi soggetti coinvolti nella sua realizzazione e nel suo monitoraggio:<\/p>\n\n\n\n<p><strong>Proprietario:<\/strong> SAS SEICO<br><strong>Presidente:<\/strong> Sig. Eric LAMBOLEY<br><strong>Sede legale:<\/strong> 6, rue Jean Moulin \u2013 44260 MALVILLE<br><strong>Capitale:<\/strong> 500.000 Euro<br><strong>N. SIRET:<\/strong> 321 523 466 00027<br><strong>N. IVA intracomunitaria:<\/strong> FR82321523466<br><strong>Codice APE:<\/strong> 2612 Z<br><strong>Data di creazione:<\/strong> giugno 2025<br><strong>Responsabile della pubblicazione:<\/strong> SEICO \u2013 <a href=\"mailto:contact@seico.fr\">contact@seico.fr<\/a><br>Il responsabile della pubblicazione \u00e8 una persona fisica o una persona giuridica.<br><strong>Ideazione:<\/strong> Mediapilote Laval<br><strong>Hosting provider:<\/strong> OVH<br><strong>Responsabile della protezione dei dati (DPO):<\/strong><\/p>\n\n\n\n<h2 class=\"wp-block-heading\">2. Condizioni generali d\u2019uso del sito e dei servizi offerti<\/h2>\n\n\n\n<p>Il Sito costituisce un\u2019opera dell\u2019ingegno protetta dalle disposizioni del Codice della Propriet\u00e0 Intellettuale e dalle normative internazionali applicabili.<br>Il Cliente non pu\u00f2 in alcun modo riutilizzare, cedere o sfruttare per proprio conto, in tutto o in parte, gli elementi o i lavori del Sito.<\/p>\n\n\n\n<p>L\u2019utilizzo del sito seico.fr implica la piena e integrale accettazione delle condizioni generali d\u2019uso di seguito descritte. Tali condizioni d\u2019uso possono essere modificate o integrate in qualsiasi momento; gli utenti del sito seico.fr sono pertanto invitati a consultarle regolarmente.<\/p>\n\n\n\n<p>Questo sito internet \u00e8 normalmente accessibile in ogni momento agli utenti. Tuttavia, seico.fr pu\u00f2 decidere un\u2019interruzione per ragioni di manutenzione tecnica, cercando di comunicare preventivamente agli utenti le date e gli orari dell\u2019intervento.<br>Il sito web seico.fr \u00e8 aggiornato regolarmente dal responsabile seico.fr. Allo stesso modo, le note legali possono essere modificate in qualsiasi momento: esse sono vincolanti per l\u2019utente, che \u00e8 invitato a farvi riferimento il pi\u00f9 spesso possibile per prenderne conoscenza.<\/p>\n\n\n\n<h2 class=\"wp-block-heading\">3. Descrizione dei servizi forniti<\/h2>\n\n\n\n<p>Il sito internet seico.fr ha per oggetto fornire informazioni riguardanti l\u2019insieme delle attivit\u00e0 della societ\u00e0.<br>seico.fr si sforza di fornire sul sito seico.fr informazioni il pi\u00f9 precise possibile. Tuttavia, non potr\u00e0 essere ritenuta responsabile di omissioni, inesattezze o carenze nell\u2019aggiornamento, siano esse dovute a propria colpa o a quella di terzi partner che le forniscono tali informazioni.<\/p>\n\n\n\n<p>Tutte le informazioni indicate sul sito seico.fr sono fornite a titolo indicativo e sono suscettibili di evoluzione. Inoltre, le informazioni presenti sul sito seico.fr non sono esaustive. Sono fornite con riserva di modifiche intervenute dalla loro messa online.<\/p>\n\n\n\n<h2 class=\"wp-block-heading\">4. Limitazioni contrattuali sui dati tecnici<\/h2>\n\n\n\n<p>Il sito utilizza la tecnologia JavaScript.<\/p>\n\n\n\n<p>Il sito Internet non potr\u00e0 essere ritenuto responsabile di danni materiali legati all\u2019utilizzo del sito. Inoltre, l\u2019utente del sito si impegna ad accedere al sito utilizzando un hardware recente, privo di virus e con un browser di ultima generazione aggiornato.<br>Il sito seico.fr \u00e8 ospitato presso un fornitore situato nel territorio dell\u2019Unione Europea conformemente alle disposizioni del Regolamento Generale sulla Protezione dei Dati (RGPD\/GDPR: n. 2016\/679).<\/p>\n\n\n\n<p>L\u2019obiettivo \u00e8 fornire un servizio che garantisca il miglior tasso di accessibilit\u00e0. L\u2019hosting provider assicura la continuit\u00e0 del servizio 24 ore su 24, tutti i giorni dell\u2019anno. Si riserva tuttavia la possibilit\u00e0 di interrompere il servizio di hosting per i periodi pi\u00f9 brevi possibili, in particolare per manutenzione, miglioramento delle infrastrutture, guasti alle infrastrutture o se le Prestazioni e i Servizi generano un traffico ritenuto anomalo.<\/p>\n\n\n\n<p>seico.fr e l\u2019hosting provider non potranno essere ritenuti responsabili in caso di malfunzionamento della rete Internet, delle linee telefoniche o dell\u2019hardware informatico e di telefonia, in particolare dovuto alla congestione della rete che impedisce l\u2019accesso al server.<\/p>\n\n\n\n<h2 class=\"wp-block-heading\">5. Propriet\u00e0 intellettuale e contraffazione<\/h2>\n\n\n\n<p>seico.fr \u00e8 titolare dei diritti di propriet\u00e0 intellettuale e detiene i diritti d\u2019uso su tutti gli elementi accessibili sul sito internet, in particolare testi, immagini, grafica, loghi, video, icone e suoni.<br>Qualsiasi riproduzione, rappresentazione, modifica, pubblicazione o adattamento di tutto o parte degli elementi del sito, qualunque sia il mezzo o il procedimento utilizzato, \u00e8 vietata, salvo previa autorizzazione scritta di seico.fr.<\/p>\n\n\n\n<p>Qualsiasi sfruttamento non autorizzato del sito o di uno qualunque degli elementi in esso contenuti sar\u00e0 considerato come contraffazione e perseguito conformemente alle disposizioni degli articoli L.335-2 e seguenti del Codice della Propriet\u00e0 Intellettuale.<\/p>\n\n\n\n<h2 class=\"wp-block-heading\">6. Limitazioni di responsabilit\u00e0<\/h2>\n\n\n\n<p>seico.fr agisce in qualit\u00e0 di editore del sito ed \u00e8 responsabile della qualit\u00e0 e della veridicit\u00e0 del Contenuto che pubblica.<\/p>\n\n\n\n<p>seico.fr non potr\u00e0 essere ritenuta responsabile dei danni diretti e indiretti causati all\u2019hardware dell\u2019utente durante l\u2019accesso al sito internet seico.fr, risultanti dall\u2019utilizzo di hardware non conforme alle specifiche indicate al punto 4 o dal manifestarsi di un bug o di un\u2019incompatibilit\u00e0.<\/p>\n\n\n\n<p>seico.fr non potr\u00e0 inoltre essere ritenuta responsabile dei danni indiretti (quali, ad esempio, perdita di mercato o perdita di opportunit\u00e0) conseguenti all\u2019utilizzo del sito seico.fr.<br>Sono a disposizione degli utenti spazi interattivi (possibilit\u00e0 di porre domande nell\u2019area contatti). seico.fr si riserva il diritto di eliminare, senza preavviso, qualsiasi contenuto pubblicato in questo spazio che contravvenga alla legislazione applicabile in Francia, in particolare alle disposizioni relative alla protezione dei dati. Se del caso, seico.fr si riserva anche la possibilit\u00e0 di chiamare in causa la responsabilit\u00e0 civile e\/o penale dell\u2019utente, in particolare in caso di messaggi a carattere razzista, ingiurioso, diffamatorio o pornografico, qualunque sia il supporto utilizzato (testo, fotografia, ecc.).<\/p>\n\n\n\n<h2 class=\"wp-block-heading\">7. Gestione dei dati personali<\/h2>\n\n\n\n<p>Il Cliente \u00e8 informato della normativa riguardante la comunicazione di marketing, la legge del 21 giugno 2014 per la fiducia nell\u2019Economia Digitale, la Legge \u201cInformatica e Libert\u00e0\u201d del 6 agosto 2004, nonch\u00e9 del Regolamento Generale sulla Protezione dei Dati (RGPD\/GDPR: n. 2016\/679).<\/p>\n\n\n\n<h3 class=\"wp-block-heading\">7.1 Responsabili della raccolta dei dati personali<\/h3>\n\n\n\n<p>Per i Dati Personali raccolti nell\u2019ambito della creazione dell\u2019account personale dell\u2019Utente e della sua navigazione sul Sito, il titolare del trattamento dei Dati Personali \u00e8: <strong>SEICO<\/strong>. seico.fr \u00e8 rappresentata da <strong>Eric LAMBOLEY<\/strong>, suo rappresentante legale.<\/p>\n\n\n\n<p>In qualit\u00e0 di titolare del trattamento dei dati che raccoglie, seico.fr si impegna a rispettare il quadro delle disposizioni legali in vigore. Spetta in particolare al Cliente stabilire le finalit\u00e0 dei propri trattamenti, fornire ai propri prospect e clienti, a partire dalla raccolta del loro consenso, un\u2019informazione completa sul trattamento dei loro dati personali e mantenere un registro dei trattamenti conforme alla realt\u00e0.<br>Ogni volta che seico.fr tratta Dati Personali, essa adotta tutte le misure ragionevoli per assicurare l\u2019esattezza e la pertinenza dei Dati Personali rispetto alle finalit\u00e0 per le quali li tratta.<\/p>\n\n\n\n<h3 class=\"wp-block-heading\">7.2 Finalit\u00e0 dei dati raccolti<\/h3>\n\n\n\n<p>seico.fr pu\u00f2 trattare tutti o parte dei dati:<\/p>\n\n\n\n<ul class=\"wp-block-list\">\n<li>per consentire la navigazione sul Sito e la gestione e tracciabilit\u00e0 delle prestazioni e dei servizi ordinati dall\u2019utente: dati di connessione e di utilizzo del Sito, ecc.;<\/li>\n\n\n\n<li>per prevenire e combattere le frodi informatiche (spamming, hacking\u2026): hardware utilizzato per la navigazione, indirizzo IP;<\/li>\n\n\n\n<li>per migliorare la navigazione sul Sito: dati di connessione e di utilizzo;<\/li>\n\n\n\n<li>per condurre sondaggi di soddisfazione facoltativi su seico.fr: indirizzo e-mail;<\/li>\n\n\n\n<li>per realizzare campagne di comunicazione (SMS, e-mail): numero di telefono, indirizzo e-mail.<\/li>\n<\/ul>\n\n\n\n<p>seico.fr non commercializza i tuoi dati personali, che sono quindi utilizzati unicamente per necessit\u00e0 o a fini statistici e di analisi.<\/p>\n\n\n\n<h3 class=\"wp-block-heading\">7.3 Diritto di accesso, rettifica e opposizione<\/h3>\n\n\n\n<p>Conformemente alla normativa europea in vigore, gli Utenti di seico.fr dispongono dei seguenti diritti:<\/p>\n\n\n\n<ul class=\"wp-block-list\">\n<li>diritto di accesso (articolo 15 GDPR) e di rettifica (articolo 16 GDPR), di aggiornamento e di completamento dei dati degli Utenti; diritto al blocco o alla cancellazione dei dati personali degli Utenti (articolo 17 GDPR) quando siano inesatti, incompleti, equivoci, obsoleti o la cui raccolta, uso, comunicazione o conservazione sia vietata;<\/li>\n\n\n\n<li>diritto di revocare in qualsiasi momento il consenso (articolo 13-2c GDPR);<\/li>\n\n\n\n<li>diritto alla limitazione del trattamento dei dati degli Utenti (articolo 18 GDPR);<\/li>\n\n\n\n<li>diritto di opposizione al trattamento dei dati degli Utenti (articolo 21 GDPR);<\/li>\n\n\n\n<li>diritto alla portabilit\u00e0 dei dati forniti dagli Utenti, quando tali dati siano oggetto di trattamenti automatizzati basati sul consenso o su un contratto (articolo 20 GDPR);<\/li>\n\n\n\n<li>diritto di definire la sorte dei dati degli Utenti dopo la loro morte e di scegliere a chi seico.fr dovr\u00e0 comunicare (o meno) tali dati a un terzo precedentemente designato.<\/li>\n<\/ul>\n\n\n\n<p>Non appena seico.fr viene a conoscenza del decesso di un Utente e in assenza di sue istruzioni, seico.fr si impegna a distruggerne i dati, salvo che la loro conservazione risulti necessaria a fini probatori o per adempiere a un obbligo legale.<\/p>\n\n\n\n<p>Se l\u2019Utente desidera sapere come seico.fr utilizza i suoi Dati Personali, chiederne la rettifica o opporsi al loro trattamento, pu\u00f2 contattare seico.fr per iscritto al seguente indirizzo:<\/p>\n\n\n\n<p><strong>SAS SEICO \u2013 6, rue Jean Moulin \u2013 44260 MALVILLE<\/strong><\/p>\n\n\n\n<p>In tal caso, l\u2019Utente deve indicare i Dati Personali che desidera che seico.fr corregga, aggiorni o elimini, identificandosi precisamente con una copia di un documento d\u2019identit\u00e0 (carta d\u2019identit\u00e0 o passaporto).<\/p>\n\n\n\n<p>Le richieste di cancellazione dei Dati Personali saranno soggette agli obblighi imposti a seico.fr dalla legge, in particolare in materia di conservazione o archiviazione dei documenti. Infine, gli Utenti di seico.fr possono presentare un reclamo alle autorit\u00e0 di controllo, in particolare alla <strong>CNIL<\/strong> (<a href=\"http:\/\/www.cnil.fr\/fr\/plaintes\">http:\/\/www.cnil.fr\/fr\/plaintes<\/a>).<\/p>\n\n\n\n<h3 class=\"wp-block-heading\">7.4 Non comunicazione dei dati personali<\/h3>\n\n\n\n<p>seico.fr si impegna a non trattare, ospitare o trasferire le Informazioni raccolte sui propri Clienti verso un paese situato al di fuori dell\u2019Unione Europea o riconosciuto come \u201cnon adeguato\u201d dalla Commissione Europea senza informarne preventivamente il cliente. Tuttavia, seico.fr rimane libera di scegliere i propri sub-responsabili tecnici e commerciali, a condizione che presentino garanzie sufficienti rispetto ai requisiti del Regolamento Generale sulla Protezione dei Dati (RGPD\/GDPR: n. 2016\/679).<\/p>\n\n\n\n<p>seico.fr si impegna ad adottare tutte le precauzioni necessarie per preservare la sicurezza delle Informazioni e, in particolare, affinch\u00e9 non siano comunicate a persone non autorizzate. Tuttavia, qualora seico.fr venga a conoscenza di un incidente che incida sull\u2019integrit\u00e0 o la riservatezza delle Informazioni del Cliente, essa dovr\u00e0 informare il Cliente nel pi\u00f9 breve tempo possibile e comunicare le misure correttive adottate. Inoltre, seico.fr non raccoglie alcun \u201cdato sensibile\u201d.<\/p>\n\n\n\n<p>I Dati Personali dell\u2019Utente possono essere trattati da filiali di seico.fr e da sub-responsabili (fornitori di servizi), esclusivamente al fine di realizzare le finalit\u00e0 della presente politica.<\/p>\n\n\n\n<p>Nei limiti delle rispettive attribuzioni e per le finalit\u00e0 sopra ricordate, le principali persone che possono avere accesso ai dati degli Utenti di seico.fr sono principalmente gli operatori del nostro servizio clienti.<\/p>\n\n\n\n<h3 class=\"wp-block-heading\">7.5 Tipologie di dati raccolti<\/h3>\n\n\n\n<p>Per quanto riguarda gli utenti di un Sito seico.fr, raccogliamo i seguenti dati, indispensabili al funzionamento del servizio, che saranno conservati per un periodo massimo di <strong>60 mesi<\/strong> dopo la fine del rapporto contrattuale:<br>Nome, cognome, indirizzo postale, numero di telefono, indirizzi e-mail, informazioni sull\u2019accessibilit\u00e0 dell\u2019abitazione.<\/p>\n\n\n\n<p>seico.fr raccoglie inoltre informazioni che permettono di migliorare l\u2019esperienza utente e di proporre consigli contestualizzati:<br>cookie di Google Analytics.<\/p>\n\n\n\n<p>Tali dati sono conservati per un periodo massimo di <strong>60 mesi<\/strong> dopo la fine del rapporto contrattuale.<\/p>\n\n\n\n<h2 class=\"wp-block-heading\">8. Notifica di incidenti<\/h2>\n\n\n\n<p>Per quanto si faccia ogni sforzo, nessun metodo di trasmissione su Internet e nessun metodo di archiviazione elettronica \u00e8 completamente sicuro. Non possiamo di conseguenza garantire una sicurezza assoluta.<br>Se venissimo a conoscenza di una violazione della sicurezza, informeremmo gli utenti interessati affinch\u00e9 possano adottare le misure appropriate. Le nostre procedure di notifica degli incidenti tengono conto dei nostri obblighi legali, a livello nazionale o europeo. Ci impegniamo a informare pienamente i nostri clienti su tutte le questioni relative alla sicurezza del loro account e a fornire tutte le informazioni necessarie per aiutarli a rispettare i propri obblighi regolamentari in materia di reporting.<\/p>\n\n\n\n<p>Nessuna informazione personale dell\u2019utente del sito seico.fr \u00e8 pubblicata a sua insaputa, scambiata, trasferita, ceduta o venduta su qualsiasi supporto a terzi. Solo l\u2019ipotesi di acquisizione di seico.fr e dei suoi diritti consentirebbe la trasmissione delle suddette informazioni al potenziale acquirente, che sarebbe a sua volta tenuto al medesimo obbligo di conservazione e modifica dei dati nei confronti dell\u2019utente del sito seico.fr.<\/p>\n\n\n\n<h3 class=\"wp-block-heading\">Sicurezza<\/h3>\n\n\n\n<p>Per garantire la sicurezza e la riservatezza dei Dati Personali e dei Dati Personali Sanitari, seico.fr utilizza reti protette da dispositivi standard quali firewall, pseudonimizzazione, cifratura e password.<\/p>\n\n\n\n<p>Nel trattamento dei Dati Personali, seico.fr adotta tutte le misure ragionevoli volte a proteggerli contro qualsiasi perdita, uso improprio, accesso non autorizzato, divulgazione, alterazione o distruzione.<\/p>\n\n\n\n<h2 class=\"wp-block-heading\">9. Collegamenti ipertestuali, \u201ccookie\u201d e tag internet<\/h2>\n\n\n\n<p>Il sito seico.fr contiene un certo numero di collegamenti ipertestuali verso altri siti, predisposti con l\u2019autorizzazione di seico.fr. Tuttavia, seico.fr non ha la possibilit\u00e0 di verificare il contenuto dei siti cos\u00ec visitati e, di conseguenza, non si assumer\u00e0 alcuna responsabilit\u00e0 al riguardo.<\/p>\n\n\n\n<p>Salvo tua decisione di disattivare i cookie, accetti che il sito possa utilizzarli. Puoi disattivare tali cookie in qualsiasi momento e gratuitamente tramite le opzioni di disattivazione indicate di seguito; sappi per\u00f2 che ci\u00f2 pu\u00f2 ridurre o impedire l\u2019accessibilit\u00e0 a tutti o parte dei Servizi offerti dal sito.<\/p>\n\n\n\n<h3 class=\"wp-block-heading\">9.1. \u201cCOOKIE\u201d<\/h3>\n\n\n\n<p>Un \u201ccookie\u201d \u00e8 un piccolo file informativo inviato al browser dell\u2019Utente e memorizzato sul terminale dell\u2019Utente (es.: computer, smartphone) (di seguito \u201cCookie\u201d). Questo file comprende informazioni come il nome di dominio dell\u2019Utente, il provider di accesso a Internet dell\u2019Utente, il sistema operativo dell\u2019Utente, nonch\u00e9 la data e l\u2019ora di accesso. I Cookie non rischiano in alcun caso di danneggiare il terminale dell\u2019Utente.<\/p>\n\n\n\n<p>seico.fr pu\u00f2 trattare le informazioni dell\u2019Utente relative alla sua visita al Sito, come le pagine consultate e le ricerche effettuate. Tali informazioni permettono a seico.fr di migliorare il contenuto del Sito e la navigazione dell\u2019Utente.<\/p>\n\n\n\n<p>Poich\u00e9 i Cookie facilitano la navigazione e\/o la fornitura dei servizi offerti dal Sito, l\u2019Utente pu\u00f2 configurare il proprio browser affinch\u00e9 consenta di decidere se accettarli o meno, in modo che i Cookie siano registrati nel terminale o, al contrario, rifiutati, sistematicamente o in base al loro emittente. L\u2019Utente pu\u00f2 anche configurare il proprio software di navigazione affinch\u00e9 l\u2019accettazione o il rifiuto dei Cookie gli siano proposti di volta in volta, prima che un Cookie possa essere registrato nel suo terminale. seico.fr informa l\u2019Utente che, in tal caso, \u00e8 possibile che alcune funzionalit\u00e0 del software di navigazione non siano disponibili.<\/p>\n\n\n\n<p>Se l\u2019Utente rifiuta la registrazione dei Cookie nel proprio terminale o browser, o se elimina quelli registrati, l\u2019Utente \u00e8 informato che la sua navigazione e la sua esperienza sul Sito possono risultarne limitate. Ci\u00f2 potrebbe verificarsi anche quando seico.fr o uno dei suoi fornitori non riesce a riconoscere, per compatibilit\u00e0 tecnica, il tipo di browser utilizzato dal terminale, i parametri di lingua e visualizzazione o il paese da cui il terminale sembra connesso a Internet.<\/p>\n\n\n\n<p>Se del caso, seico.fr declina ogni responsabilit\u00e0 per le conseguenze legate al funzionamento degradato del Sito e dei servizi eventualmente offerti da seico.fr, risultante (i) dal rifiuto dei Cookie da parte dell\u2019Utente, (ii) dall\u2019impossibilit\u00e0 per seico.fr di registrare o consultare i Cookie necessari al loro funzionamento a causa della scelta dell\u2019Utente. Per la gestione dei Cookie e delle scelte dell\u2019Utente, la configurazione di ciascun browser \u00e8 diversa. \u00c8 descritta nel menu di aiuto del browser, che indica come l\u2019Utente pu\u00f2 modificare le proprie preferenze in materia di Cookie.<\/p>\n\n\n\n<p>In qualsiasi momento, l\u2019Utente pu\u00f2 esprimere e modificare le proprie preferenze in materia di Cookie. seico.fr potr\u00e0 inoltre avvalersi di fornitori esterni per aiutarla a raccogliere e trattare le informazioni descritte nella presente sezione.<\/p>\n\n\n\n<p>Infine, cliccando sulle icone dedicate ai social network <strong>Twitter, Facebook, LinkedIn e Google Plus<\/strong> presenti sul Sito di seico.fr o nella sua applicazione mobile, e se l\u2019Utente ha accettato il deposito di cookie proseguendo la navigazione sul Sito Internet o sull\u2019applicazione mobile di seico.fr, <strong>Twitter, Facebook, LinkedIn e Google Plus<\/strong> possono anche depositare cookie sui tuoi terminali (computer, tablet, telefono cellulare).<\/p>\n\n\n\n<p>Tali tipologie di cookie sono depositate sui tuoi terminali solo a condizione che tu vi acconsenta, continuando la navigazione sul Sito Internet o sull\u2019applicazione mobile di seico.fr. In qualsiasi momento, l\u2019Utente pu\u00f2 tuttavia revocare il proprio consenso affinch\u00e9 seico.fr depositi tale tipologia di cookie.<\/p>\n\n\n\n<h3 class=\"wp-block-heading\">9.2. TAG (\u201cTAGS\u201d) INTERNET<\/h3>\n\n\n\n<p>seico.fr pu\u00f2 occasionalmente utilizzare tag Internet (detti anche \u201ctags\u201d, o action tags, GIF a un pixel, GIF trasparenti, GIF invisibili) e distribuirli tramite un partner specializzato in analisi web, che pu\u00f2 trovarsi (e quindi archiviare le informazioni corrispondenti, compreso l\u2019indirizzo IP dell\u2019Utente) in un paese estero.<\/p>\n\n\n\n<p>Questi tag sono collocati sia nelle pubblicit\u00e0 online che consentono agli internauti di accedere al Sito, sia nelle diverse pagine dello stesso.<br>Questa tecnologia consente a seico.fr di valutare le risposte dei visitatori al Sito e l\u2019efficacia delle sue azioni (ad esempio, il numero di volte in cui una pagina \u00e8 stata aperta e le informazioni consultate), nonch\u00e9 l\u2019utilizzo del Sito da parte dell\u2019Utente.<\/p>\n\n\n\n<p>Il fornitore esterno potr\u00e0 eventualmente raccogliere informazioni sui visitatori del Sito e di altri siti Internet tramite questi tag, redigere rapporti sull\u2019attivit\u00e0 del Sito per seico.fr e fornire altri servizi relativi al suo utilizzo e a Internet.<\/p>\n\n\n\n<h2 class=\"wp-block-heading\">10. Legge applicabile e foro competente<\/h2>\n\n\n\n<p>Qualsiasi controversia in relazione all\u2019utilizzo del sito seico.fr \u00e8 soggetta al diritto francese.<br>Salvo i casi in cui la legge non lo consenta, \u00e8 attribuita competenza esclusiva ai tribunali competenti del <strong>RCS di NANTES<\/strong>.<\/p>\n<\/div>\n\n\n\n<div style=\"height:10rem\" aria-hidden=\"true\" class=\"wp-block-spacer\"><\/div>\n","protected":false},"excerpt":{"rendered":"<p>Definizioni Cliente: qualsiasi professionista o persona fisica capace ai sensi degli articoli 1123 e seguenti del Codice civile, o persona giuridica, che visita il Sito oggetto delle presenti condizioni generali.Prestazioni e Servizi: seico.fr mette a disposizione dei Clienti:Contenuto: l\u2019insieme degli elementi che costituiscono le informazioni presenti sul Sito, in particolare testi \u2013 immagini \u2013 video.Informazioni [&hellip;]<\/p>\n","protected":false},"author":2,"featured_media":0,"parent":0,"menu_order":7,"comment_status":"closed","ping_status":"closed","template":"","meta":{"_acf_changed":false,"footnotes":""},"class_list":["post-8111","page","type-page","status-publish","hentry"],"acf":[],"_links":{"self":[{"href":"https:\/\/seico.fr\/it\/wp-json\/wp\/v2\/pages\/8111","targetHints":{"allow":["GET"]}}],"collection":[{"href":"https:\/\/seico.fr\/it\/wp-json\/wp\/v2\/pages"}],"about":[{"href":"https:\/\/seico.fr\/it\/wp-json\/wp\/v2\/types\/page"}],"author":[{"embeddable":true,"href":"https:\/\/seico.fr\/it\/wp-json\/wp\/v2\/users\/2"}],"replies":[{"embeddable":true,"href":"https:\/\/seico.fr\/it\/wp-json\/wp\/v2\/comments?post=8111"}],"version-history":[{"count":6,"href":"https:\/\/seico.fr\/it\/wp-json\/wp\/v2\/pages\/8111\/revisions"}],"predecessor-version":[{"id":8119,"href":"https:\/\/seico.fr\/it\/wp-json\/wp\/v2\/pages\/8111\/revisions\/8119"}],"wp:attachment":[{"href":"https:\/\/seico.fr\/it\/wp-json\/wp\/v2\/media?parent=8111"}],"curies":[{"name":"wp","href":"https:\/\/api.w.org\/{rel}","templated":true}]}}